{"id":78327,"date":"2023-08-30T08:16:44","date_gmt":"2023-08-30T08:16:44","guid":{"rendered":"https:\/\/aurumbikes.com\/privacy-policy\/"},"modified":"2025-08-04T10:20:51","modified_gmt":"2025-08-04T10:20:51","slug":"datenschutzbestimmungen","status":"publish","type":"page","link":"https:\/\/aurumbikes.com\/de\/datenschutzbestimmungen\/","title":{"rendered":"Datenschutzbestimmungen"},"content":{"rendered":"\t\t<div data-elementor-type=\"wp-page\" data-elementor-id=\"78327\" class=\"elementor elementor-78327 elementor-13877\" data-elementor-post-type=\"page\">\n\t\t\t\t\t\t<section class=\"elementor-section elementor-top-section elementor-element elementor-element-914130b elementor-section-boxed elementor-section-height-default elementor-section-height-default qodef-elementor-content-no\" data-id=\"914130b\" data-element_type=\"section\">\n\t\t\t\t\t\t<div class=\"elementor-container elementor-column-gap-default\">\n\t\t\t\t\t<div class=\"elementor-column elementor-col-100 elementor-top-column elementor-element elementor-element-9d86a5c\" data-id=\"9d86a5c\" data-element_type=\"column\">\n\t\t\t<div class=\"elementor-widget-wrap elementor-element-populated\">\n\t\t\t\t\t\t<div class=\"elementor-element elementor-element-3df5310 elementor-widget elementor-widget-text-editor\" data-id=\"3df5310\" data-element_type=\"widget\" data-widget_type=\"text-editor.default\">\n\t\t\t\t<div class=\"elementor-widget-container\">\n\t\t\t<style>\/*! elementor - v3.21.0 - 08-05-2024 *\/\n.elementor-widget-text-editor.elementor-drop-cap-view-stacked .elementor-drop-cap{background-color:#69727d;color:#fff}.elementor-widget-text-editor.elementor-drop-cap-view-framed .elementor-drop-cap{color:#69727d;border:3px solid;background-color:transparent}.elementor-widget-text-editor:not(.elementor-drop-cap-view-default) .elementor-drop-cap{margin-top:8px}.elementor-widget-text-editor:not(.elementor-drop-cap-view-default) .elementor-drop-cap-letter{width:1em;height:1em}.elementor-widget-text-editor .elementor-drop-cap{float:left;text-align:center;line-height:1;font-size:50px}.elementor-widget-text-editor .elementor-drop-cap-letter{display:inline-block}<\/style>\t\t\t\t<p>Contador &amp; Basso Group, SL (nachfolgend \u201e <strong>Verantwortlicher <\/strong>\u201c oder \u201e <strong>AURUM <\/strong>\u201c) m\u00f6chte Ihnen alle Einzelheiten dar\u00fcber mitteilen, wie wir die personenbezogenen Daten verarbeiten, die Sie uns bei der Interaktion mit uns \u00fcbermitteln. Daher gilt diese Datenschutzrichtlinie f\u00fcr alle Personen, die uns auf irgendeine Weise personenbezogene Daten zur Verf\u00fcgung stellen oder zur Verf\u00fcgung gestellt haben, insbesondere dort, wo auf diese Richtlinie verwiesen wird, beispielsweise auf einem Formular, dieser Website usw.<\/p><p>Nachfolgend informieren wir Sie \u00fcber unsere Datenschutzrichtlinie und ber\u00fccksichtigen dabei, dass f\u00fcr uns die Gew\u00e4hrleistung der Vertraulichkeit der personenbezogenen Daten unserer Kunden und Nutzer unserer Dienste ein wesentlicher Wert ist. Gem\u00e4\u00df den Bestimmungen der VERORDNUNG (EU) 2016\/679 DES EUROP\u00c4ISCHEN PARLAMENTS UND DES RATES vom 27. April 2016 zum Schutz nat\u00fcrlicher Personen bei der Verarbeitung personenbezogener Daten, zum freien Datenverkehr und zur Aufhebung der Richtlinie 95\/46\/EG (Datenschutz-Grundverordnung) und des spanischen Organgesetzes 3\/2018 vom 5. Dezember zum Schutz personenbezogener Daten und zur Gew\u00e4hrleistung digitaler Rechte finden Sie hier detaillierte Informationen zur Verarbeitung Ihrer personenbezogenen Daten:<\/p><ol><li><strong>Identit\u00e4t des Verantwortlichen<\/strong><\/li><\/ol><ul><li>Name: Contador &amp; Basso Group, SL<\/li><li>Eingetragener Sitz: Calle Milanos 8 \u2013 28320, Pinto, Madrid.<\/li><li>NIF: B-88553292<\/li><li>Kontakt-E-Mail: <a href=\"mailto:lpd@aurumbikes.com\">lpd@aurumbikes.com<\/a><\/li><\/ul><p>\u00a0<\/p><ol start=\"2\"><li><strong>Zwecke der Behandlung<\/strong><\/li><\/ol><p>Nachfolgend geben wir an, zu welchen Zwecken Ihre personenbezogenen Daten verarbeitet werden k\u00f6nnen:<\/p><ul><li>Formalisieren und pflegen Sie Gesch\u00e4ftsbeziehungen mit unseren Kunden und Benutzern, um unsere Dienste bereitzustellen und unsere Produkte zu verkaufen.<\/li><\/ul><ul><li>Verwaltung von Anfragen und Informationsanforderungen, die \u00fcber die zu diesem Zweck bereitgestellten Formulare oder die Kontaktm\u00f6glichkeiten auf der Website \u00fcbermittelt werden.<\/li><\/ul><ul><li>Die Verwaltung, Administration, Bereitstellung und Verbesserung unserer Dienste sowie die Wartung und Verbesserung unserer Website.<\/li><li>Die Zusendung von Newslettern durch AURUM oder mit uns verbundene Unternehmen mit Informationen \u00fcber Neuigkeiten oder Dienstleistungen von uns oder von Unternehmen aus unserem Umfeld.<\/li><li>Kommunikation zu rein administrativen oder internen Organisationszwecken mit anderen Unternehmen in unserem Umfeld. Zur Klarstellung: Zu diesen Unternehmen k\u00f6nnen geh\u00f6ren: Hayf Sports, SL, der Alberto Contador Cycling Sports Club, die Alberto Contador Foundation, SCIO Procycling, SL sowie alle anderen Unternehmen, an denen diese Unternehmen eine Mehrheitsbeteiligung halten.<\/li><\/ul><ol start=\"3\"><li><strong>Rechtsgrundlage der Verarbeitung<\/strong><\/li><\/ol><p>Die Rechtsgrundlage f\u00fcr die Verarbeitung Ihrer Daten h\u00e4ngt vom Zweck ab, zu dem die personenbezogenen Daten verarbeitet werden:<\/p><ol><li>Im Hinblick auf die Formalisierung und Aufrechterhaltung unserer vertraglichen oder gesch\u00e4ftlichen Beziehung ist die legitime Grundlage f\u00fcr die Verarbeitung Ihrer Daten die Notwendigkeit, diese in \u00dcbereinstimmung mit einem Vertrag oder zur Durchf\u00fchrung vorvertraglicher Ma\u00dfnahmen zu verarbeiten (Art. 6.1.b) DSGVO).<\/li><li>In allen anderen F\u00e4llen verarbeiten wir Ihre personenbezogenen Daten, wenn Sie uns gem\u00e4\u00df Artikel 6.1.a) DSGVO Ihre ausdr\u00fcckliche, freiwillige und eindeutige Einwilligung zur Verwendung Ihrer Daten in einer bestimmten Weise erteilt haben, indem Sie beim Ausf\u00fcllen eines Formulars ausdr\u00fccklich ein entsprechendes Einwilligungsk\u00e4stchen angekreuzt haben.<\/li><li>Im berechtigten Interesse von AURUM in Bezug auf die Kommunikation mit den \u00fcbrigen Unternehmen in seinem Umfeld zu rein administrativen, internen und finanziellen Verwaltungszwecken gem\u00e4\u00df den Bestimmungen der Artikel 6.1.f) DSGVO und 19 LOPDGDD.<\/li><\/ol><p>Die von uns angeforderten Daten sind angemessen, relevant und zur Erf\u00fcllung der beschriebenen Zwecke unbedingt erforderlich. Sie m\u00fcssen Ihrerseits die Echtheit, Genauigkeit und Wahrhaftigkeit aller Informationen garantieren, die Sie uns zur Verf\u00fcgung stellen, und Sie verpflichten sich, die Daten auf dem neuesten Stand zu halten, sodass sie jederzeit Ihre tats\u00e4chliche Situation widerspiegeln.<\/p><ol start=\"4\"><li><strong>Mit wem teilen wir Ihre Daten?<\/strong><\/li><\/ol><p>Ihre personenbezogenen Daten k\u00f6nnen an Beh\u00f6rden weitergegeben werden, wenn wir einer gesetzlichen Verpflichtung nachkommen m\u00fcssen oder eine Anfrage von solchen Beh\u00f6rden erhalten.<\/p><p>Dar\u00fcber hinaus kann der Anbieter, der unsere Website verwaltet, irgendwann auf die durch Ihr Surfverhalten gewonnenen Informationen zugreifen, wenn dies f\u00fcr die Bereitstellung seiner Dienste und die Wartung oder Verbesserung unserer Website erforderlich ist.<\/p><p>Dar\u00fcber hinaus k\u00f6nnen wir Ihre Daten an die oben genannten mit uns verbundenen Unternehmen zur administrativen und finanziellen Kontrolle und Verwaltung von AURUM und den \u00fcbrigen verbundenen Unternehmen oder zum Versenden von Newslettern weitergeben, wenn Sie dem ausdr\u00fccklich zustimmen.<\/p><p>Im Zusammenhang mit dem Kauf unserer Produkte ist eine Reihe von Mitteilungen Ihrer personenbezogenen Daten notwendig:<\/p><ul><li>Zun\u00e4chst werden Ihre Daten an die Stelle \u00fcbermittelt, \u00fcber die die Zahlung abgewickelt wird:<ul><li>Bei einer Bank\u00fcberweisung muss die Bank, \u00fcber die das Geld eingezahlt wird, sofern sie sich in einem Drittland au\u00dferhalb der Europ\u00e4ischen Union befindet, ihre Daten an die Bank weitergeben, \u00fcber die AURUM t\u00e4tig ist, um die Zahlung abzuwickeln.<\/li><li>Bei der Bezahlung \u00fcber PayPal werden die Daten auch an dieses System \u00fcbermittelt.<\/li><li>Sie werden au\u00dferdem, soweit erforderlich, der Santander-Gruppe mitgeteilt, um die Zahlung \u00fcber die Redsys-Plattform zu erm\u00f6glichen, wenn sie per Kredit-\/Debitkarte erfolgt.<\/li><li>Wenn die Zahlung \u00fcber die Banco Cetelem finanziert wird, m\u00fcssen Ihre Daten schlie\u00dflich auch diesem Unternehmen zur Verf\u00fcgung gestellt werden, soweit dies f\u00fcr die Finanzierung der Zahlung erforderlich ist.<\/li><\/ul><\/li><li>Dar\u00fcber hinaus geben wir Ihre Informationen an die f\u00fcr die Nachrichten\u00fcbermittlung, den Versand und die Logistik unserer Produkte zust\u00e4ndigen Stellen weiter, damit Sie das Produkt an die von Ihnen angegebene Adresse erhalten k\u00f6nnen.<\/li><\/ul><p>Wir informieren Sie au\u00dferdem dar\u00fcber, dass die oben genannten Daten\u00fcbermittlungen die \u00dcbertragung von Daten in Drittl\u00e4nder beinhalten k\u00f6nnen, die m\u00f6glicherweise keinen gleichwertigen Schutz wie wir bieten. Wir m\u00f6chten Sie jedoch dar\u00fcber informieren, dass wir mit allen diesen Dritten das entsprechende Dokument unterzeichnet haben, das diesen Datenzugriff regelt und die Einf\u00fchrung ausreichender Sicherheitsma\u00dfnahmen regelt, um Ihr Recht auf Schutz personenbezogener Daten zu gew\u00e4hrleisten. In jedem Fall stehen wir Ihnen gerne zur Verf\u00fcgung, um Fragen zur Verarbeitung Ihrer Daten durch uns oder diese Dritten zu kl\u00e4ren.<\/p><ol start=\"5\"><li><strong>Wie lange speichern wir Ihre Daten?<\/strong><\/li><\/ol><p>Wir bewahren Ihre Daten so lange auf, wie es f\u00fcr die Erf\u00fcllung des Zwecks, f\u00fcr den sie erhoben wurden, zur Sicherstellung der Leistungserbringung und zur Erf\u00fcllung unserer gesetzlichen Verpflichtungen erforderlich ist oder bis Sie Ihre Einwilligung widerrufen. Nach der L\u00f6schung unter Anwendung angemessener Sicherheitsma\u00dfnahmen halten wir sie f\u00fcr die erforderliche Zeit gesperrt, um auf m\u00f6gliche k\u00fcnftige Anspr\u00fcche reagieren und unsere Interessen verteidigen zu k\u00f6nnen.<\/p><p>Sie k\u00f6nnen den Newsletter, sofern Sie ihn abonniert haben, jederzeit \u00fcber den daf\u00fcr vorgesehenen Link im Newsletter selbst oder per E-Mail an <a href=\"mailto:lpd@aurumbikes.com\">lpd@aurumbikes.com abbestellen <\/a>.<\/p><ol start=\"6\"><li><strong>Wie sch\u00fctzen wir Ihre Daten?<\/strong><\/li><\/ol><p>Im Einklang mit unserer Verpflichtung, die Vertraulichkeit der erhobenen personenbezogenen Daten zu wahren und diese zu sch\u00fctzen, verpflichten wir uns, die erforderlichen Sicherheitsma\u00dfnahmen zu ergreifen, um deren \u00c4nderung, Ver\u00e4nderung, Verlust, Verarbeitung oder unbefugten Zugriff gem\u00e4\u00df den Bestimmungen der DSGVO zu verhindern.<\/p><p>AURUM garantiert, dass es geeignete technische und organisatorische Richtlinien implementiert hat, um die in der DSGVO und dem LOPDGDD (Datenschutz-Grundverordnung) festgelegten Sicherheitsma\u00dfnahmen zum Schutz der Rechte und Freiheiten der Benutzer anzuwenden und ihnen die entsprechenden Informationen zur Verf\u00fcgung gestellt hat, damit sie diese aus\u00fcben k\u00f6nnen.<\/p><p>Wir bei AURUM sind uns unserer Verantwortung zum Schutz Ihrer personenbezogenen Daten bewusst und nehmen diese ernst. Aus diesem Grund halten wir die Sicherheitsstufen f\u00fcr den Schutz personenbezogener Daten gem\u00e4\u00df der DSGVO ein und haben alle uns zur Verf\u00fcgung stehenden technischen Mittel implementiert, um den Verlust, Missbrauch, die Ver\u00e4nderung, den unbefugten Zugriff und den Diebstahl der Daten, die Sie uns zur Verf\u00fcgung gestellt haben, zu verhindern. Wir m\u00f6chten Sie darauf hinweisen, dass Sicherheitsma\u00dfnahmen im Internet nicht zu 100 % un\u00fcberwindbar sind.<\/p><ol start=\"7\"><li><strong>Wie k\u00f6nnen Sie die Verarbeitung Ihrer Daten verwalten?<\/strong><\/li><\/ol><p>Wir erinnern Sie erneut daran, dass Sie Ihre Rechte auf Zugriff, Berichtigung, L\u00f6schung und Widerspruch sowie Einschr\u00e4nkung und Portabilit\u00e4t aus\u00fcben k\u00f6nnen, indem Sie eine E-Mail an <a href=\"mailto:lpd@aurumbikes.com\">lpd@aurumbikes.com senden <\/a>und dabei angeben, welche Ma\u00dfnahme Sie von uns w\u00fcnschen.<\/p><p>Die Aus\u00fcbung aller dieser Rechte ist kostenlos. Aus Gr\u00fcnden der Transparenz stellen wir Ihnen hier weitere Informationen zu diesen Rechten zur Verf\u00fcgung:<\/p><table width=\"586\"><tbody><tr><td width=\"104\"><p><strong>Rechts<\/strong><\/p><\/td><td width=\"482\"><p><strong>Inhalt<\/strong><\/p><\/td><\/tr><tr><td width=\"104\"><p><strong>Zugang<\/strong><\/p><\/td><td width=\"482\"><p>Sie k\u00f6nnen Auskunft dar\u00fcber verlangen, welche Daten wir \u00fcber Sie verarbeiten, und zwar sowohl hinsichtlich aller Informationen als auch hinsichtlich einzelner Daten.<\/p><\/td><\/tr><tr><td width=\"104\"><p><strong>Berichtigung<\/strong><\/p><\/td><td width=\"482\"><p>\u00c4nderung der bereitgestellten personenbezogenen Daten jederzeit m\u00f6glich, um sie stets auf dem neuesten Stand zu halten.<\/p><\/td><\/tr><tr><td width=\"104\"><p><strong>Unterdr\u00fcckung<\/strong><\/p><\/td><td width=\"482\"><p>Sie k\u00f6nnen die L\u00f6schung Ihrer personenbezogenen Daten verlangen. Die L\u00f6schung erfolgt auch dann, wenn die Daten f\u00fcr die Erreichung des Zweckes ihrer Erhebung nicht mehr erforderlich sind. Dies gilt nicht, wenn dies zur Erf\u00fcllung einer rechtlichen Verpflichtung, im \u00f6ffentlichen Interesse oder zur Geltendmachung oder Verteidigung m\u00f6glicher Anspr\u00fcche erforderlich ist.<\/p><p>Die L\u00f6schung Ihrer Daten hat zur Folge, dass AURUM seine Dienste nicht mehr ordnungsgem\u00e4\u00df erbringen kann.<\/p><\/td><\/tr><tr><td width=\"104\"><p><strong>Opposition<\/strong><\/p><\/td><td width=\"482\"><p>Unter bestimmten Umst\u00e4nden und aus Gr\u00fcnden, die mit Ihrer besonderen Situation zusammenh\u00e4ngen, k\u00f6nnen Sie der Verarbeitung Ihrer Daten widersprechen. AURUM wird die Verarbeitung dieser Informationen einstellen, sofern nicht zwingende berechtigte Interessen \u00fcberwiegen, etwa die Aus\u00fcbung oder Verteidigung potenzieller Anspr\u00fcche oder die Erf\u00fcllung unserer gesetzlichen Verpflichtungen.<\/p><\/td><\/tr><tr><td width=\"104\"><p><strong>Einschr\u00e4nkung der Behandlung<\/strong><\/p><\/td><td width=\"482\"><p>Unter bestimmten Umst\u00e4nden k\u00f6nnen Sie verlangen, dass wir die Verarbeitung Ihrer Daten einschr\u00e4nken. In diesem Fall behalten wir die Daten nur, um unseren gesetzlichen Verpflichtungen nachzukommen.<\/p><\/td><\/tr><tr><td width=\"104\"><p><strong>Portabilit\u00e4t<\/strong><\/p><\/td><td width=\"482\"><p>Gegebenenfalls k\u00f6nnen Sie die personenbezogenen Daten, die Sie uns bereitgestellt haben, in elektronischem Format erhalten, um sie an einen anderen Verantwortlichen weiterzugeben.<\/p><\/td><\/tr><tr><td width=\"104\"><p><strong>Widerruf der Einwilligung<\/strong><\/p><\/td><td width=\"482\"><p>Sie k\u00f6nnen Ihre Einwilligung jederzeit widerrufen, ohne dass die Rechtm\u00e4\u00dfigkeit der Verarbeitung dadurch ber\u00fchrt wird. Wenn Sie einen Widerruf der Einwilligung zur Verarbeitung Ihrer Daten beantragen, werden wir die Verarbeitung Ihrer Daten einstellen. Bitte beachten Sie jedoch, dass wir Ihnen dann keine Dienste mehr anbieten k\u00f6nnen und dass wir in bestimmten F\u00e4llen, in denen wir \u00fcber die entsprechende Rechtsgrundlage verf\u00fcgen, Ihre Daten auch dann noch verarbeiten, wenn Sie Ihre Einwilligung widerrufen und die L\u00f6schung Ihrer Daten beantragt haben.<\/p><\/td><\/tr><\/tbody><\/table><p>Sie k\u00f6nnen Ihre Rechte gegen\u00fcber den Stellen, die Ihre personenbezogenen Daten erhalten und \u00fcber die wir Sie zuvor informiert haben, auch aus\u00fcben, indem Sie sich direkt an diese Stellen wenden.<\/p><p>Wir informieren Sie au\u00dferdem dar\u00fcber, dass Sie das Recht haben, bei der spanischen Datenschutzbeh\u00f6rde <a href=\"http:\/\/www.aepd.es\/\">www.aepd.es Beschwerde einzulegen <\/a>. Aufgrund unseres starken Engagements f\u00fcr den Datenschutz bitten wir Sie jedoch, sich zur L\u00f6sung aller Probleme im Zusammenhang mit Ihren personenbezogenen Daten direkt an uns zu wenden. Wir helfen Ihnen gerne weiter.<\/p><ol start=\"8\"><li><strong>\u00c4nderung dieser Datenschutzrichtlinie<\/strong><\/li><\/ol><p>AURUM beh\u00e4lt sich das Recht vor, diese Richtlinie zu \u00e4ndern, um sie an zuk\u00fcnftige Entwicklungen in der Gesetzgebung oder Rechtsprechung sowie an Branchenpraktiken anzupassen. Die Benutzer werden hier\u00fcber vorab \u00fcber unsere Website informiert. Wir empfehlen Ihnen, diese Seite regelm\u00e4\u00dfig zu besuchen, um die neueste Version zu lesen. Oben in diesem Dokument geben wir das Datum der letzten Aktualisierung an.<\/p><p>Die neue Datenschutzerkl\u00e4rung tritt mit ihrer Ver\u00f6ffentlichung in Kraft. Wenn Sie mit den \u00c4nderungen in der neuen Mitteilung nicht einverstanden sind, k\u00f6nnen Sie alle Ihre Rechte aus\u00fcben oder die Nutzung unseres Dienstes einstellen. Indem Sie nach dem Inkrafttreten dieser \u00c4nderungen weiterhin auf unsere Dienste zugreifen oder diese nutzen, erkl\u00e4ren Sie sich mit den neuen Datenschutzrichtlinien einverstanden.<\/p><p>Unter keinen Umst\u00e4nden haben diese \u00c4nderungen Auswirkungen auf die Entscheidungen, die Sie hinsichtlich der Verarbeitung Ihrer personenbezogenen Daten durch AURUM getroffen haben. Wenn wir Ihre Daten zu irgendeinem Zeitpunkt f\u00fcr einen anderen als den zum Zeitpunkt der Erfassung angegebenen Zweck verwenden m\u00f6chten, werden wir Sie per E-Mail benachrichtigen und um Ihre Zustimmung bitten.<\/p><p>AURUM beh\u00e4lt sich au\u00dferdem das Recht vor, die von ihr bereitgestellten Dienste f\u00fcr Benutzer zu beenden, die die gesetzlichen Nutzungsbedingungen sowie die geltende Gesetzgebung nicht einhalten.<\/p><p>Zuletzt ge\u00e4ndert im April 2025.<\/p>\t\t\t\t\t\t<\/div>\n\t\t\t\t<\/div>\n\t\t\t\t\t<\/div>\n\t\t<\/div>\n\t\t\t\t\t<\/div>\n\t\t<\/section>\n\t\t\t\t<\/div>\n\t\t","protected":false},"excerpt":{"rendered":"<p>Contador &amp; Basso Group, SL (nachfolgend \u201e Verantwortlicher \u201c oder \u201e AURUM \u201c) m\u00f6chte Ihnen alle Einzelheiten dar\u00fcber mitteilen, wie wir die personenbezogenen Daten verarbeiten, die Sie uns bei der Interaktion mit uns \u00fcbermitteln. Daher gilt diese Datenschutzrichtlinie f\u00fcr alle Personen, die uns auf irgendeine Weise personenbezogene Daten zur Verf\u00fcgung stellen oder zur Verf\u00fcgung gestellt [&hellip;]<\/p>\n","protected":false},"author":1,"featured_media":0,"parent":0,"menu_order":0,"comment_status":"closed","ping_status":"closed","template":"","meta":{"footnotes":""},"yoast_head":"<!-- This site is optimized with the Yoast SEO plugin v22.6 - https:\/\/yoast.com\/wordpress\/plugins\/seo\/ -->\n<title>Datenschutzbestimmungen - Aurum Bikes<\/title>\n<meta name=\"description\" content=\"Contador &amp; Basso Group, SL (nachfolgend \u201e Verantwortlicher \u201c oder \u201e AURUM \u201c) m\u00f6chte Ihnen alle Einzelheiten dar\u00fcber mitteilen, wie wir die\" \/>\n<meta name=\"robots\" content=\"index, follow, max-snippet:-1, max-image-preview:large, max-video-preview:-1\" \/>\n<link rel=\"canonical\" href=\"https:\/\/aurumbikes.com\/de\/datenschutzbestimmungen\/\" \/>\n<meta property=\"og:locale\" content=\"de_DE\" \/>\n<meta property=\"og:type\" content=\"article\" \/>\n<meta property=\"og:title\" content=\"Datenschutzbestimmungen - Aurum Bikes\" \/>\n<meta property=\"og:description\" content=\"Contador &amp; Basso Group, SL (nachfolgend \u201e Verantwortlicher \u201c oder \u201e AURUM \u201c) m\u00f6chte Ihnen alle Einzelheiten dar\u00fcber mitteilen, wie wir die\" \/>\n<meta property=\"og:url\" content=\"https:\/\/aurumbikes.com\/de\/datenschutzbestimmungen\/\" \/>\n<meta property=\"og:site_name\" content=\"Aurum Bikes\" \/>\n<meta property=\"article:publisher\" content=\"https:\/\/www.facebook.com\/AURUMbikes\" \/>\n<meta property=\"article:modified_time\" content=\"2025-08-04T10:20:51+00:00\" \/>\n<meta name=\"twitter:card\" content=\"summary_large_image\" \/>\n<meta name=\"twitter:label1\" content=\"Gesch\u00e4tzte Lesezeit\" \/>\n\t<meta name=\"twitter:data1\" content=\"8\u00a0Minuten\" \/>\n<script type=\"application\/ld+json\" class=\"yoast-schema-graph\">{\"@context\":\"https:\/\/schema.org\",\"@graph\":[{\"@type\":\"WebPage\",\"@id\":\"https:\/\/aurumbikes.com\/de\/datenschutzbestimmungen\/\",\"url\":\"https:\/\/aurumbikes.com\/de\/datenschutzbestimmungen\/\",\"name\":\"Datenschutzbestimmungen - Aurum Bikes\",\"isPartOf\":{\"@id\":\"https:\/\/aurumbikes.com\/de\/#website\"},\"datePublished\":\"2023-08-30T08:16:44+00:00\",\"dateModified\":\"2025-08-04T10:20:51+00:00\",\"description\":\"Contador &amp; Basso Group, SL (nachfolgend \u201e Verantwortlicher \u201c oder \u201e AURUM \u201c) m\u00f6chte Ihnen alle Einzelheiten dar\u00fcber mitteilen, wie wir die\",\"breadcrumb\":{\"@id\":\"https:\/\/aurumbikes.com\/de\/datenschutzbestimmungen\/#breadcrumb\"},\"inLanguage\":\"de\",\"potentialAction\":[{\"@type\":\"ReadAction\",\"target\":[\"https:\/\/aurumbikes.com\/de\/datenschutzbestimmungen\/\"]}]},{\"@type\":\"BreadcrumbList\",\"@id\":\"https:\/\/aurumbikes.com\/de\/datenschutzbestimmungen\/#breadcrumb\",\"itemListElement\":[{\"@type\":\"ListItem\",\"position\":1,\"name\":\"Home\",\"item\":\"https:\/\/aurumbikes.com\/de\/\"},{\"@type\":\"ListItem\",\"position\":2,\"name\":\"Datenschutzbestimmungen\"}]},{\"@type\":\"WebSite\",\"@id\":\"https:\/\/aurumbikes.com\/de\/#website\",\"url\":\"https:\/\/aurumbikes.com\/de\/\",\"name\":\"Aurum Bikes\",\"description\":\"Born From Experience\",\"potentialAction\":[{\"@type\":\"SearchAction\",\"target\":{\"@type\":\"EntryPoint\",\"urlTemplate\":\"https:\/\/aurumbikes.com\/de\/?s={search_term_string}\"},\"query-input\":\"required name=search_term_string\"}],\"inLanguage\":\"de\"}]}<\/script>\n<!-- \/ Yoast SEO plugin. -->","yoast_head_json":{"title":"Datenschutzbestimmungen - Aurum Bikes","description":"Contador &amp; Basso Group, SL (nachfolgend \u201e Verantwortlicher \u201c oder \u201e AURUM \u201c) m\u00f6chte Ihnen alle Einzelheiten dar\u00fcber mitteilen, wie wir die","robots":{"index":"index","follow":"follow","max-snippet":"max-snippet:-1","max-image-preview":"max-image-preview:large","max-video-preview":"max-video-preview:-1"},"canonical":"https:\/\/aurumbikes.com\/de\/datenschutzbestimmungen\/","og_locale":"de_DE","og_type":"article","og_title":"Datenschutzbestimmungen - Aurum Bikes","og_description":"Contador &amp; Basso Group, SL (nachfolgend \u201e Verantwortlicher \u201c oder \u201e AURUM \u201c) m\u00f6chte Ihnen alle Einzelheiten dar\u00fcber mitteilen, wie wir die","og_url":"https:\/\/aurumbikes.com\/de\/datenschutzbestimmungen\/","og_site_name":"Aurum Bikes","article_publisher":"https:\/\/www.facebook.com\/AURUMbikes","article_modified_time":"2025-08-04T10:20:51+00:00","twitter_card":"summary_large_image","twitter_misc":{"Gesch\u00e4tzte Lesezeit":"8\u00a0Minuten"},"schema":{"@context":"https:\/\/schema.org","@graph":[{"@type":"WebPage","@id":"https:\/\/aurumbikes.com\/de\/datenschutzbestimmungen\/","url":"https:\/\/aurumbikes.com\/de\/datenschutzbestimmungen\/","name":"Datenschutzbestimmungen - Aurum Bikes","isPartOf":{"@id":"https:\/\/aurumbikes.com\/de\/#website"},"datePublished":"2023-08-30T08:16:44+00:00","dateModified":"2025-08-04T10:20:51+00:00","description":"Contador &amp; Basso Group, SL (nachfolgend \u201e Verantwortlicher \u201c oder \u201e AURUM \u201c) m\u00f6chte Ihnen alle Einzelheiten dar\u00fcber mitteilen, wie wir die","breadcrumb":{"@id":"https:\/\/aurumbikes.com\/de\/datenschutzbestimmungen\/#breadcrumb"},"inLanguage":"de","potentialAction":[{"@type":"ReadAction","target":["https:\/\/aurumbikes.com\/de\/datenschutzbestimmungen\/"]}]},{"@type":"BreadcrumbList","@id":"https:\/\/aurumbikes.com\/de\/datenschutzbestimmungen\/#breadcrumb","itemListElement":[{"@type":"ListItem","position":1,"name":"Home","item":"https:\/\/aurumbikes.com\/de\/"},{"@type":"ListItem","position":2,"name":"Datenschutzbestimmungen"}]},{"@type":"WebSite","@id":"https:\/\/aurumbikes.com\/de\/#website","url":"https:\/\/aurumbikes.com\/de\/","name":"Aurum Bikes","description":"Born From Experience","potentialAction":[{"@type":"SearchAction","target":{"@type":"EntryPoint","urlTemplate":"https:\/\/aurumbikes.com\/de\/?s={search_term_string}"},"query-input":"required name=search_term_string"}],"inLanguage":"de"}]}},"_links":{"self":[{"href":"https:\/\/aurumbikes.com\/de\/wp-json\/wp\/v2\/pages\/78327"}],"collection":[{"href":"https:\/\/aurumbikes.com\/de\/wp-json\/wp\/v2\/pages"}],"about":[{"href":"https:\/\/aurumbikes.com\/de\/wp-json\/wp\/v2\/types\/page"}],"author":[{"embeddable":true,"href":"https:\/\/aurumbikes.com\/de\/wp-json\/wp\/v2\/users\/1"}],"replies":[{"embeddable":true,"href":"https:\/\/aurumbikes.com\/de\/wp-json\/wp\/v2\/comments?post=78327"}],"version-history":[{"count":4,"href":"https:\/\/aurumbikes.com\/de\/wp-json\/wp\/v2\/pages\/78327\/revisions"}],"predecessor-version":[{"id":82186,"href":"https:\/\/aurumbikes.com\/de\/wp-json\/wp\/v2\/pages\/78327\/revisions\/82186"}],"wp:attachment":[{"href":"https:\/\/aurumbikes.com\/de\/wp-json\/wp\/v2\/media?parent=78327"}],"curies":[{"name":"wp","href":"https:\/\/api.w.org\/{rel}","templated":true}]}}