{"id":78361,"date":"2023-08-02T09:28:01","date_gmt":"2023-08-02T09:28:01","guid":{"rendered":"https:\/\/aurumbikes.com\/cart\/"},"modified":"2025-01-27T12:51:00","modified_gmt":"2025-01-27T12:51:00","slug":"warenkorb","status":"publish","type":"page","link":"https:\/\/aurumbikes.com\/de\/warenkorb\/","title":{"rendered":"Warenkorb"},"content":{"rendered":"\n\n\n\n<style>.qodef-grid > .qodef-grid-inner > .qodef-grid-item\n{\n  padding: 0;\n}<\/style>\n","protected":false},"excerpt":{"rendered":"","protected":false},"author":1,"featured_media":0,"parent":0,"menu_order":0,"comment_status":"closed","ping_status":"closed","template":"","meta":{"footnotes":""},"yoast_head":"<!-- This site is optimized with the Yoast SEO plugin v22.6 - https:\/\/yoast.com\/wordpress\/plugins\/seo\/ -->\n<title>AURUM Bikes - Warenkorb<\/title>\n<meta name=\"description\" content=\"\u00dcberpr\u00fcfen Sie die Zusammenfassung Ihrer Bestellung und geben Sie Ihre Daten ein, um Ihren Einkauf abzuschlie\u00dfen. Melden Sie sich bei Ihrem Konto an, um Ihre Bestellung zu \u00fcberpr\u00fcfen.\" \/>\n<meta name=\"robots\" content=\"noindex, follow\" \/>\n<meta property=\"og:locale\" content=\"de_DE\" \/>\n<meta property=\"og:type\" content=\"article\" \/>\n<meta property=\"og:title\" content=\"AURUM Bikes - Warenkorb\" \/>\n<meta property=\"og:description\" content=\"\u00dcberpr\u00fcfen Sie die Zusammenfassung Ihrer Bestellung und geben Sie Ihre Daten ein, um Ihren Einkauf abzuschlie\u00dfen. Melden Sie sich bei Ihrem Konto an, um Ihre Bestellung zu \u00fcberpr\u00fcfen.\" \/>\n<meta property=\"og:url\" content=\"https:\/\/aurumbikes.com\/de\/warenkorb\/\" \/>\n<meta property=\"og:site_name\" content=\"Aurum Bikes\" \/>\n<meta property=\"article:publisher\" content=\"https:\/\/www.facebook.com\/AURUMbikes\" \/>\n<meta property=\"article:modified_time\" content=\"2025-01-27T12:51:00+00:00\" \/>\n<meta name=\"twitter:card\" content=\"summary_large_image\" \/>\n<meta name=\"twitter:label1\" content=\"Gesch\u00e4tzte Lesezeit\" \/>\n\t<meta name=\"twitter:data1\" content=\"1\u00a0Minute\" \/>\n<script type=\"application\/ld+json\" class=\"yoast-schema-graph\">{\"@context\":\"https:\/\/schema.org\",\"@graph\":[{\"@type\":\"WebPage\",\"@id\":\"https:\/\/aurumbikes.com\/de\/warenkorb\/\",\"url\":\"https:\/\/aurumbikes.com\/de\/warenkorb\/\",\"name\":\"AURUM Bikes - Warenkorb\",\"isPartOf\":{\"@id\":\"https:\/\/aurumbikes.com\/de\/#website\"},\"datePublished\":\"2023-08-02T09:28:01+00:00\",\"dateModified\":\"2025-01-27T12:51:00+00:00\",\"description\":\"\u00dcberpr\u00fcfen Sie die Zusammenfassung Ihrer Bestellung und geben Sie Ihre Daten ein, um Ihren Einkauf abzuschlie\u00dfen. Melden Sie sich bei Ihrem Konto an, um Ihre Bestellung zu \u00fcberpr\u00fcfen.\",\"breadcrumb\":{\"@id\":\"https:\/\/aurumbikes.com\/de\/warenkorb\/#breadcrumb\"},\"inLanguage\":\"de\",\"potentialAction\":[{\"@type\":\"ReadAction\",\"target\":[\"https:\/\/aurumbikes.com\/de\/warenkorb\/\"]}]},{\"@type\":\"BreadcrumbList\",\"@id\":\"https:\/\/aurumbikes.com\/de\/warenkorb\/#breadcrumb\",\"itemListElement\":[{\"@type\":\"ListItem\",\"position\":1,\"name\":\"Home\",\"item\":\"https:\/\/aurumbikes.com\/de\/\"},{\"@type\":\"ListItem\",\"position\":2,\"name\":\"Warenkorb\"}]},{\"@type\":\"WebSite\",\"@id\":\"https:\/\/aurumbikes.com\/de\/#website\",\"url\":\"https:\/\/aurumbikes.com\/de\/\",\"name\":\"Aurum Bikes\",\"description\":\"Born From Experience\",\"potentialAction\":[{\"@type\":\"SearchAction\",\"target\":{\"@type\":\"EntryPoint\",\"urlTemplate\":\"https:\/\/aurumbikes.com\/de\/?s={search_term_string}\"},\"query-input\":\"required name=search_term_string\"}],\"inLanguage\":\"de\"}]}<\/script>\n<!-- \/ Yoast SEO plugin. -->","yoast_head_json":{"title":"AURUM Bikes - Warenkorb","description":"\u00dcberpr\u00fcfen Sie die Zusammenfassung Ihrer Bestellung und geben Sie Ihre Daten ein, um Ihren Einkauf abzuschlie\u00dfen. Melden Sie sich bei Ihrem Konto an, um Ihre Bestellung zu \u00fcberpr\u00fcfen.","robots":{"index":"noindex","follow":"follow"},"og_locale":"de_DE","og_type":"article","og_title":"AURUM Bikes - Warenkorb","og_description":"\u00dcberpr\u00fcfen Sie die Zusammenfassung Ihrer Bestellung und geben Sie Ihre Daten ein, um Ihren Einkauf abzuschlie\u00dfen. Melden Sie sich bei Ihrem Konto an, um Ihre Bestellung zu \u00fcberpr\u00fcfen.","og_url":"https:\/\/aurumbikes.com\/de\/warenkorb\/","og_site_name":"Aurum Bikes","article_publisher":"https:\/\/www.facebook.com\/AURUMbikes","article_modified_time":"2025-01-27T12:51:00+00:00","twitter_card":"summary_large_image","twitter_misc":{"Gesch\u00e4tzte Lesezeit":"1\u00a0Minute"},"schema":{"@context":"https:\/\/schema.org","@graph":[{"@type":"WebPage","@id":"https:\/\/aurumbikes.com\/de\/warenkorb\/","url":"https:\/\/aurumbikes.com\/de\/warenkorb\/","name":"AURUM Bikes - Warenkorb","isPartOf":{"@id":"https:\/\/aurumbikes.com\/de\/#website"},"datePublished":"2023-08-02T09:28:01+00:00","dateModified":"2025-01-27T12:51:00+00:00","description":"\u00dcberpr\u00fcfen Sie die Zusammenfassung Ihrer Bestellung und geben Sie Ihre Daten ein, um Ihren Einkauf abzuschlie\u00dfen. Melden Sie sich bei Ihrem Konto an, um Ihre Bestellung zu \u00fcberpr\u00fcfen.","breadcrumb":{"@id":"https:\/\/aurumbikes.com\/de\/warenkorb\/#breadcrumb"},"inLanguage":"de","potentialAction":[{"@type":"ReadAction","target":["https:\/\/aurumbikes.com\/de\/warenkorb\/"]}]},{"@type":"BreadcrumbList","@id":"https:\/\/aurumbikes.com\/de\/warenkorb\/#breadcrumb","itemListElement":[{"@type":"ListItem","position":1,"name":"Home","item":"https:\/\/aurumbikes.com\/de\/"},{"@type":"ListItem","position":2,"name":"Warenkorb"}]},{"@type":"WebSite","@id":"https:\/\/aurumbikes.com\/de\/#website","url":"https:\/\/aurumbikes.com\/de\/","name":"Aurum Bikes","description":"Born From Experience","potentialAction":[{"@type":"SearchAction","target":{"@type":"EntryPoint","urlTemplate":"https:\/\/aurumbikes.com\/de\/?s={search_term_string}"},"query-input":"required name=search_term_string"}],"inLanguage":"de"}]}},"_links":{"self":[{"href":"https:\/\/aurumbikes.com\/de\/wp-json\/wp\/v2\/pages\/78361"}],"collection":[{"href":"https:\/\/aurumbikes.com\/de\/wp-json\/wp\/v2\/pages"}],"about":[{"href":"https:\/\/aurumbikes.com\/de\/wp-json\/wp\/v2\/types\/page"}],"author":[{"embeddable":true,"href":"https:\/\/aurumbikes.com\/de\/wp-json\/wp\/v2\/users\/1"}],"replies":[{"embeddable":true,"href":"https:\/\/aurumbikes.com\/de\/wp-json\/wp\/v2\/comments?post=78361"}],"version-history":[{"count":1,"href":"https:\/\/aurumbikes.com\/de\/wp-json\/wp\/v2\/pages\/78361\/revisions"}],"predecessor-version":[{"id":78362,"href":"https:\/\/aurumbikes.com\/de\/wp-json\/wp\/v2\/pages\/78361\/revisions\/78362"}],"wp:attachment":[{"href":"https:\/\/aurumbikes.com\/de\/wp-json\/wp\/v2\/media?parent=78361"}],"curies":[{"name":"wp","href":"https:\/\/api.w.org\/{rel}","templated":true}]}}