{"id":78394,"date":"2023-12-13T18:59:21","date_gmt":"2023-12-13T18:59:21","guid":{"rendered":"https:\/\/aurumbikes.com\/aurum-news\/"},"modified":"2025-12-17T17:38:38","modified_gmt":"2025-12-17T17:38:38","slug":"aurum-news","status":"publish","type":"page","link":"https:\/\/aurumbikes.com\/de\/aurum-news\/","title":{"rendered":"Aurum News"},"content":{"rendered":"\t\t<div data-elementor-type=\"wp-page\" data-elementor-id=\"78394\" class=\"elementor elementor-78394 elementor-18529\" data-elementor-post-type=\"page\">\n\t\t\t\t\t\t<section class=\"elementor-section elementor-top-section elementor-element elementor-element-23b34bf elementor-section-full_width elementor-section-height-min-height elementor-section-items-bottom elementor-section-height-default qodef-elementor-content-no\" data-id=\"23b34bf\" data-element_type=\"section\" data-settings=\"{&quot;background_background&quot;:&quot;classic&quot;}\">\n\t\t\t\t\t\t<div class=\"elementor-container elementor-column-gap-default\">\n\t\t\t\t\t<div class=\"elementor-column elementor-col-100 elementor-top-column elementor-element elementor-element-d638c96\" data-id=\"d638c96\" data-element_type=\"column\">\n\t\t\t<div class=\"elementor-widget-wrap elementor-element-populated\">\n\t\t\t\t\t\t<div class=\"elementor-element elementor-element-6c140b3 elementor-widget elementor-widget-image\" data-id=\"6c140b3\" data-element_type=\"widget\" data-widget_type=\"image.default\">\n\t\t\t\t<div class=\"elementor-widget-container\">\n\t\t\t<style>\/*! elementor - v3.21.0 - 08-05-2024 *\/\n.elementor-widget-image{text-align:center}.elementor-widget-image a{display:inline-block}.elementor-widget-image a img[src$=\".svg\"]{width:48px}.elementor-widget-image img{vertical-align:middle;display:inline-block}<\/style>\t\t\t\t\t\t\t\t\t\t<img decoding=\"async\" width=\"226\" height=\"36\" src=\"https:\/\/aurumbikes.com\/wp-content\/uploads\/2023\/08\/logo-web-light.png\" class=\"attachment-full size-full wp-image-13070\" alt=\"Aurum\" \/>\t\t\t\t\t\t\t\t\t\t\t\t\t<\/div>\n\t\t\t\t<\/div>\n\t\t\t\t<div class=\"elementor-element elementor-element-2a10143 elementor-widget elementor-widget-heading\" data-id=\"2a10143\" data-element_type=\"widget\" data-widget_type=\"heading.default\">\n\t\t\t\t<div class=\"elementor-widget-container\">\n\t\t\t<style>\/*! elementor - v3.21.0 - 08-05-2024 *\/\n.elementor-heading-title{padding:0;margin:0;line-height:1}.elementor-widget-heading .elementor-heading-title[class*=elementor-size-]>a{color:inherit;font-size:inherit;line-height:inherit}.elementor-widget-heading .elementor-heading-title.elementor-size-small{font-size:15px}.elementor-widget-heading .elementor-heading-title.elementor-size-medium{font-size:19px}.elementor-widget-heading .elementor-heading-title.elementor-size-large{font-size:29px}.elementor-widget-heading .elementor-heading-title.elementor-size-xl{font-size:39px}.elementor-widget-heading .elementor-heading-title.elementor-size-xxl{font-size:59px}<\/style><h1 class=\"elementor-heading-title elementor-size-default\">NEWS<\/h1>\t\t<\/div>\n\t\t\t\t<\/div>\n\t\t\t\t\t<\/div>\n\t\t<\/div>\n\t\t\t\t\t<\/div>\n\t\t<\/section>\n\t\t<div class=\"elementor-element elementor-element-25cdcba e-con-full e-flex e-con e-parent\" data-id=\"25cdcba\" data-element_type=\"container\">\n\t\t\t\t<div class=\"elementor-element elementor-element-e406464 elementor-widget elementor-widget-qi_addons_for_elementor_blog_list\" data-id=\"e406464\" data-element_type=\"widget\" data-widget_type=\"qi_addons_for_elementor_blog_list.default\">\n\t\t\t\t<div class=\"elementor-widget-container\">\n\t\t\t<div class=\"qodef-shortcode qodef-m  qodef-addons-blog-list qodef-info-no-icons  qodef-image--hover-zoom   qodef-qi-grid qodef-layout--qi-columns  qodef-col-num--4  qodef-item-layout--boxed qodef-responsive--predefined qodef-qi-pagination--on qodef-pagination-type--load-more\" data-options=\"{&quot;plugin&quot;:&quot;qi_addons_for_elementor&quot;,&quot;module&quot;:&quot;blog\\\/shortcodes&quot;,&quot;shortcode&quot;:&quot;blog-list&quot;,&quot;shortcode_class&quot;:&quot;QiAddonsForElementor_Blog_List_Shortcode&quot;,&quot;post_type&quot;:&quot;post&quot;,&quot;next_page&quot;:&quot;2&quot;,&quot;max_pages_num&quot;:1,&quot;page_id&quot;:78394}\">\n\t<div class=\"qodef-grid-inner\">\n\t\t<article class=\"qodef-e qodef-blog-item qodef-grid-item qodef-item--full post-78367 post type-post status-publish format-standard has-post-thumbnail hentry category-unkategorisiert\">\n\t<div class=\"qodef-e-inner\">\n\t\t<div class=\"qodef-e-media-holder\">\n\t\t\t<div class=\"qodef-e-media\">\n\t\t<div class=\"qodef-e-media-image\">\n\t\t<a itemprop=\"url\" href=\"https:\/\/aurumbikes.com\/de\/cadaques-white-der-neue-manto-von-aurum\/\">\n\t\t\t<img fetchpriority=\"high\" decoding=\"async\" width=\"2048\" height=\"1638\" src=\"https:\/\/aurumbikes.com\/wp-content\/uploads\/2025\/01\/MANTO-cadaques-1.jpg\" class=\"attachment-full size-full\" alt=\"\" srcset=\"https:\/\/aurumbikes.com\/wp-content\/uploads\/2025\/01\/MANTO-cadaques-1.jpg 2048w, https:\/\/aurumbikes.com\/wp-content\/uploads\/2025\/01\/MANTO-cadaques-1-300x240.jpg 300w, https:\/\/aurumbikes.com\/wp-content\/uploads\/2025\/01\/MANTO-cadaques-1-1024x819.jpg 1024w, https:\/\/aurumbikes.com\/wp-content\/uploads\/2025\/01\/MANTO-cadaques-1-768x614.jpg 768w, https:\/\/aurumbikes.com\/wp-content\/uploads\/2025\/01\/MANTO-cadaques-1-1536x1229.jpg 1536w, https:\/\/aurumbikes.com\/wp-content\/uploads\/2025\/01\/MANTO-cadaques-1-1080x864.jpg 1080w\" sizes=\"(max-width: 2048px) 100vw, 2048px\" \/>\t\t<\/a>\n\t\t\t<\/div>\n<\/div>\n\t\t<\/div>\n\t\t<div class=\"qodef-e-content\">\n\t\t\t\t\t\t<div class=\"qodef-e-text\">\n\t\t\t\t<h5 itemprop=\"name\" class=\"qodef-e-title entry-title\">\n\t<a itemprop=\"url\" class=\"qodef-e-title-link\" href=\"https:\/\/aurumbikes.com\/de\/cadaques-white-der-neue-manto-von-aurum\/\">\n\t\tCadaqu\u00e9s White: der neue MANTO von AURUM\t<\/a>\n<\/h5>\n\t\t<p itemprop=\"description\" class=\"qodef-e-excerpt\">\n\t\t\tWie bei jeder Neueinf\u00fchrung hat MANTO eine neue Ecke Spaniens f\u00fcr die neue Farbe gew\u00e4hlt, die uns 2025 \u00fcberraschen wird. Wir pr\u00e4sentieren Ihnen das AURUM MANTO Cadaqu\u00e9s White\t\t<\/p>\n\t\t\t\t<\/div>\n\t\t\t\t\t\t\t<div class=\"qodef-e-info qodef-info--bottom\">\n\t\t\t\t\t\t<div class=\"qodef-e-read-more\">\n\t\t<a class=\"qodef-shortcode qodef-m  qodef-qi-button qodef-html--link qodef-layout--filled qodef-type--standard   qodef-icon--right qodef-hover--icon-move-horizontal-short     \" href=\"https:\/\/aurumbikes.com\/de\/cadaques-white-der-neue-manto-von-aurum\/\" target=\"_self\">\t<span class=\"qodef-m-text\">Weiterlesen<\/span>\t<\/a>\t<\/div>\n\t\t\t\t<\/div>\n\t\t\t\t\t<\/div>\n\t<\/div>\n<\/article>\n<article class=\"qodef-e qodef-blog-item qodef-grid-item qodef-item--full post-78371 post type-post status-publish format-standard has-post-thumbnail hentry category-aurum-bikes-de\">\n\t<div class=\"qodef-e-inner\">\n\t\t<div class=\"qodef-e-media-holder\">\n\t\t\t<div class=\"qodef-e-media\">\n\t\t<div class=\"qodef-e-media-image\">\n\t\t<a itemprop=\"url\" href=\"https:\/\/aurumbikes.com\/de\/veleta-grey-die-neue-farbe-von-manto\/\">\n\t\t\t<img decoding=\"async\" width=\"1200\" height=\"800\" src=\"https:\/\/aurumbikes.com\/wp-content\/uploads\/2024\/09\/gris-veleta-manto-4.jpg\" class=\"attachment-full size-full\" alt=\"\" srcset=\"https:\/\/aurumbikes.com\/wp-content\/uploads\/2024\/09\/gris-veleta-manto-4.jpg 1200w, https:\/\/aurumbikes.com\/wp-content\/uploads\/2024\/09\/gris-veleta-manto-4-300x200.jpg 300w, https:\/\/aurumbikes.com\/wp-content\/uploads\/2024\/09\/gris-veleta-manto-4-1024x683.jpg 1024w, https:\/\/aurumbikes.com\/wp-content\/uploads\/2024\/09\/gris-veleta-manto-4-768x512.jpg 768w, https:\/\/aurumbikes.com\/wp-content\/uploads\/2024\/09\/gris-veleta-manto-4-1080x720.jpg 1080w\" sizes=\"(max-width: 1200px) 100vw, 1200px\" \/>\t\t<\/a>\n\t\t\t<\/div>\n<\/div>\n\t\t<\/div>\n\t\t<div class=\"qodef-e-content\">\n\t\t\t\t\t\t<div class=\"qodef-e-text\">\n\t\t\t\t<h5 itemprop=\"name\" class=\"qodef-e-title entry-title\">\n\t<a itemprop=\"url\" class=\"qodef-e-title-link\" href=\"https:\/\/aurumbikes.com\/de\/veleta-grey-die-neue-farbe-von-manto\/\">\n\t\tVeleta Grey: Die neue Farbe von MANTO\t<\/a>\n<\/h5>\n\t\t<p itemprop=\"description\" class=\"qodef-e-excerpt\">\n\t\t\tSeit seiner Gr\u00fcndung hat sich das Modell MANTO in jedem Winkel Spaniens von den Farben seiner Modelle inspirieren lassen. Von den Feldern Kastiliens \u00fcber die W\u00e4lder Asturiens bi\t\t<\/p>\n\t\t\t\t<\/div>\n\t\t\t\t\t\t\t<div class=\"qodef-e-info qodef-info--bottom\">\n\t\t\t\t\t\t<div class=\"qodef-e-read-more\">\n\t\t<a class=\"qodef-shortcode qodef-m  qodef-qi-button qodef-html--link qodef-layout--filled qodef-type--standard   qodef-icon--right qodef-hover--icon-move-horizontal-short     \" href=\"https:\/\/aurumbikes.com\/de\/veleta-grey-die-neue-farbe-von-manto\/\" target=\"_self\">\t<span class=\"qodef-m-text\">Weiterlesen<\/span>\t<\/a>\t<\/div>\n\t\t\t\t<\/div>\n\t\t\t\t\t<\/div>\n\t<\/div>\n<\/article>\n<article class=\"qodef-e qodef-blog-item qodef-grid-item qodef-item--full post-78382 post type-post status-publish format-standard has-post-thumbnail hentry category-aurum-bikes-de\">\n\t<div class=\"qodef-e-inner\">\n\t\t<div class=\"qodef-e-media-holder\">\n\t\t\t<div class=\"qodef-e-media\">\n\t\t<div class=\"qodef-e-media-image\">\n\t\t<a itemprop=\"url\" href=\"https:\/\/aurumbikes.com\/de\/schottland-land-des-reisens-mit-manto\/\">\n\t\t\t<img loading=\"lazy\" decoding=\"async\" width=\"1200\" height=\"800\" src=\"https:\/\/aurumbikes.com\/wp-content\/uploads\/2024\/05\/Scotland-2024-Photos-Elen-Rius-Axelle-Bellec-33.jpg\" class=\"attachment-full size-full\" alt=\"\" srcset=\"https:\/\/aurumbikes.com\/wp-content\/uploads\/2024\/05\/Scotland-2024-Photos-Elen-Rius-Axelle-Bellec-33.jpg 1200w, https:\/\/aurumbikes.com\/wp-content\/uploads\/2024\/05\/Scotland-2024-Photos-Elen-Rius-Axelle-Bellec-33-300x200.jpg 300w, https:\/\/aurumbikes.com\/wp-content\/uploads\/2024\/05\/Scotland-2024-Photos-Elen-Rius-Axelle-Bellec-33-1024x683.jpg 1024w, https:\/\/aurumbikes.com\/wp-content\/uploads\/2024\/05\/Scotland-2024-Photos-Elen-Rius-Axelle-Bellec-33-768x512.jpg 768w, https:\/\/aurumbikes.com\/wp-content\/uploads\/2024\/05\/Scotland-2024-Photos-Elen-Rius-Axelle-Bellec-33-1080x720.jpg 1080w\" sizes=\"(max-width: 1200px) 100vw, 1200px\" \/>\t\t<\/a>\n\t\t\t<\/div>\n<\/div>\n\t\t<\/div>\n\t\t<div class=\"qodef-e-content\">\n\t\t\t\t\t\t<div class=\"qodef-e-text\">\n\t\t\t\t<h5 itemprop=\"name\" class=\"qodef-e-title entry-title\">\n\t<a itemprop=\"url\" class=\"qodef-e-title-link\" href=\"https:\/\/aurumbikes.com\/de\/schottland-land-des-reisens-mit-manto\/\">\n\t\tSchottland, Land des Reisens mit MANTO\t<\/a>\n<\/h5>\n\t\t<p itemprop=\"description\" class=\"qodef-e-excerpt\">\n\t\t\tFalls Sie Ang\u00e8le Paty noch nicht kennen: Sie ist die erste AURUM-Botschafterin in Frankreich. Sie ist eine furchtlose junge Radfahrerin. Um MANTO auf ihrer ersten Radreise einzuwe\t\t<\/p>\n\t\t\t\t<\/div>\n\t\t\t\t\t\t\t<div class=\"qodef-e-info qodef-info--bottom\">\n\t\t\t\t\t\t<div class=\"qodef-e-read-more\">\n\t\t<a class=\"qodef-shortcode qodef-m  qodef-qi-button qodef-html--link qodef-layout--filled qodef-type--standard   qodef-icon--right qodef-hover--icon-move-horizontal-short     \" href=\"https:\/\/aurumbikes.com\/de\/schottland-land-des-reisens-mit-manto\/\" target=\"_self\">\t<span class=\"qodef-m-text\">Weiterlesen<\/span>\t<\/a>\t<\/div>\n\t\t\t\t<\/div>\n\t\t\t\t\t<\/div>\n\t<\/div>\n<\/article>\n\t<\/div>\n\t<\/div>\n\t\t<\/div>\n\t\t\t\t<\/div>\n\t\t\t\t<\/div>\n\t\t\t\t<\/div>\n\t\t","protected":false},"excerpt":{"rendered":"<p>NEWS Explorando los Pirineos desde Buesa: Una aventura de gravel con la AURUM MANTO El pueblo de Buesa, situado sobre el Valle del Ara y considerado una puerta natural hacia Ordesa y Monte Perdido, es uno de los enclaves m\u00e1s inspiradores para el gravel en los Pir Weiterlesen Across Andes 2025: 800 km en el [&hellip;]<\/p>\n","protected":false},"author":1,"featured_media":0,"parent":0,"menu_order":0,"comment_status":"closed","ping_status":"closed","template":"page-full-width.php","meta":{"footnotes":""},"yoast_head":"<!-- This site is optimized with the Yoast SEO plugin v22.6 - https:\/\/yoast.com\/wordpress\/plugins\/seo\/ -->\n<title>Aurum News<\/title>\n<meta name=\"description\" content=\"Alle AURUM-Geschichten finden Sie hier.\" \/>\n<meta name=\"robots\" content=\"index, follow, max-snippet:-1, max-image-preview:large, max-video-preview:-1\" \/>\n<link rel=\"canonical\" href=\"https:\/\/aurumbikes.com\/de\/aurum-news\/\" \/>\n<meta property=\"og:locale\" content=\"de_DE\" \/>\n<meta property=\"og:type\" content=\"article\" \/>\n<meta property=\"og:title\" content=\"Aurum News\" \/>\n<meta property=\"og:description\" content=\"Alle AURUM-Geschichten finden Sie hier.\" \/>\n<meta property=\"og:url\" content=\"https:\/\/aurumbikes.com\/de\/aurum-news\/\" \/>\n<meta property=\"og:site_name\" content=\"Aurum Bikes\" \/>\n<meta property=\"article:publisher\" content=\"https:\/\/www.facebook.com\/AURUMbikes\" \/>\n<meta property=\"article:modified_time\" content=\"2025-12-17T17:38:38+00:00\" \/>\n<meta property=\"og:image\" content=\"https:\/\/aurumbikes.com\/wp-content\/uploads\/2023\/08\/logo-web-light.png\" \/>\n<meta name=\"twitter:card\" content=\"summary_large_image\" \/>\n<meta name=\"twitter:label1\" content=\"Gesch\u00e4tzte Lesezeit\" \/>\n\t<meta name=\"twitter:data1\" content=\"2\u00a0Minuten\" \/>\n<script type=\"application\/ld+json\" class=\"yoast-schema-graph\">{\"@context\":\"https:\/\/schema.org\",\"@graph\":[{\"@type\":\"WebPage\",\"@id\":\"https:\/\/aurumbikes.com\/de\/aurum-news\/\",\"url\":\"https:\/\/aurumbikes.com\/de\/aurum-news\/\",\"name\":\"Aurum News\",\"isPartOf\":{\"@id\":\"https:\/\/aurumbikes.com\/de\/#website\"},\"primaryImageOfPage\":{\"@id\":\"https:\/\/aurumbikes.com\/de\/aurum-news\/#primaryimage\"},\"image\":{\"@id\":\"https:\/\/aurumbikes.com\/de\/aurum-news\/#primaryimage\"},\"thumbnailUrl\":\"https:\/\/aurumbikes.com\/wp-content\/uploads\/2023\/08\/logo-web-light.png\",\"datePublished\":\"2023-12-13T18:59:21+00:00\",\"dateModified\":\"2025-12-17T17:38:38+00:00\",\"description\":\"Alle AURUM-Geschichten finden Sie hier.\",\"breadcrumb\":{\"@id\":\"https:\/\/aurumbikes.com\/de\/aurum-news\/#breadcrumb\"},\"inLanguage\":\"de\",\"potentialAction\":[{\"@type\":\"ReadAction\",\"target\":[\"https:\/\/aurumbikes.com\/de\/aurum-news\/\"]}]},{\"@type\":\"ImageObject\",\"inLanguage\":\"de\",\"@id\":\"https:\/\/aurumbikes.com\/de\/aurum-news\/#primaryimage\",\"url\":\"https:\/\/aurumbikes.com\/wp-content\/uploads\/2023\/08\/logo-web-light.png\",\"contentUrl\":\"https:\/\/aurumbikes.com\/wp-content\/uploads\/2023\/08\/logo-web-light.png\"},{\"@type\":\"BreadcrumbList\",\"@id\":\"https:\/\/aurumbikes.com\/de\/aurum-news\/#breadcrumb\",\"itemListElement\":[{\"@type\":\"ListItem\",\"position\":1,\"name\":\"Home\",\"item\":\"https:\/\/aurumbikes.com\/de\/\"},{\"@type\":\"ListItem\",\"position\":2,\"name\":\"Aurum News\"}]},{\"@type\":\"WebSite\",\"@id\":\"https:\/\/aurumbikes.com\/de\/#website\",\"url\":\"https:\/\/aurumbikes.com\/de\/\",\"name\":\"Aurum Bikes\",\"description\":\"Born From Experience\",\"potentialAction\":[{\"@type\":\"SearchAction\",\"target\":{\"@type\":\"EntryPoint\",\"urlTemplate\":\"https:\/\/aurumbikes.com\/de\/?s={search_term_string}\"},\"query-input\":\"required name=search_term_string\"}],\"inLanguage\":\"de\"}]}<\/script>\n<!-- \/ Yoast SEO plugin. -->","yoast_head_json":{"title":"Aurum News","description":"Alle AURUM-Geschichten finden Sie hier.","robots":{"index":"index","follow":"follow","max-snippet":"max-snippet:-1","max-image-preview":"max-image-preview:large","max-video-preview":"max-video-preview:-1"},"canonical":"https:\/\/aurumbikes.com\/de\/aurum-news\/","og_locale":"de_DE","og_type":"article","og_title":"Aurum News","og_description":"Alle AURUM-Geschichten finden Sie hier.","og_url":"https:\/\/aurumbikes.com\/de\/aurum-news\/","og_site_name":"Aurum Bikes","article_publisher":"https:\/\/www.facebook.com\/AURUMbikes","article_modified_time":"2025-12-17T17:38:38+00:00","og_image":[{"url":"https:\/\/aurumbikes.com\/wp-content\/uploads\/2023\/08\/logo-web-light.png"}],"twitter_card":"summary_large_image","twitter_misc":{"Gesch\u00e4tzte Lesezeit":"2\u00a0Minuten"},"schema":{"@context":"https:\/\/schema.org","@graph":[{"@type":"WebPage","@id":"https:\/\/aurumbikes.com\/de\/aurum-news\/","url":"https:\/\/aurumbikes.com\/de\/aurum-news\/","name":"Aurum News","isPartOf":{"@id":"https:\/\/aurumbikes.com\/de\/#website"},"primaryImageOfPage":{"@id":"https:\/\/aurumbikes.com\/de\/aurum-news\/#primaryimage"},"image":{"@id":"https:\/\/aurumbikes.com\/de\/aurum-news\/#primaryimage"},"thumbnailUrl":"https:\/\/aurumbikes.com\/wp-content\/uploads\/2023\/08\/logo-web-light.png","datePublished":"2023-12-13T18:59:21+00:00","dateModified":"2025-12-17T17:38:38+00:00","description":"Alle AURUM-Geschichten finden Sie hier.","breadcrumb":{"@id":"https:\/\/aurumbikes.com\/de\/aurum-news\/#breadcrumb"},"inLanguage":"de","potentialAction":[{"@type":"ReadAction","target":["https:\/\/aurumbikes.com\/de\/aurum-news\/"]}]},{"@type":"ImageObject","inLanguage":"de","@id":"https:\/\/aurumbikes.com\/de\/aurum-news\/#primaryimage","url":"https:\/\/aurumbikes.com\/wp-content\/uploads\/2023\/08\/logo-web-light.png","contentUrl":"https:\/\/aurumbikes.com\/wp-content\/uploads\/2023\/08\/logo-web-light.png"},{"@type":"BreadcrumbList","@id":"https:\/\/aurumbikes.com\/de\/aurum-news\/#breadcrumb","itemListElement":[{"@type":"ListItem","position":1,"name":"Home","item":"https:\/\/aurumbikes.com\/de\/"},{"@type":"ListItem","position":2,"name":"Aurum News"}]},{"@type":"WebSite","@id":"https:\/\/aurumbikes.com\/de\/#website","url":"https:\/\/aurumbikes.com\/de\/","name":"Aurum Bikes","description":"Born From Experience","potentialAction":[{"@type":"SearchAction","target":{"@type":"EntryPoint","urlTemplate":"https:\/\/aurumbikes.com\/de\/?s={search_term_string}"},"query-input":"required name=search_term_string"}],"inLanguage":"de"}]}},"_links":{"self":[{"href":"https:\/\/aurumbikes.com\/de\/wp-json\/wp\/v2\/pages\/78394"}],"collection":[{"href":"https:\/\/aurumbikes.com\/de\/wp-json\/wp\/v2\/pages"}],"about":[{"href":"https:\/\/aurumbikes.com\/de\/wp-json\/wp\/v2\/types\/page"}],"author":[{"embeddable":true,"href":"https:\/\/aurumbikes.com\/de\/wp-json\/wp\/v2\/users\/1"}],"replies":[{"embeddable":true,"href":"https:\/\/aurumbikes.com\/de\/wp-json\/wp\/v2\/comments?post=78394"}],"version-history":[{"count":16,"href":"https:\/\/aurumbikes.com\/de\/wp-json\/wp\/v2\/pages\/78394\/revisions"}],"predecessor-version":[{"id":122505,"href":"https:\/\/aurumbikes.com\/de\/wp-json\/wp\/v2\/pages\/78394\/revisions\/122505"}],"wp:attachment":[{"href":"https:\/\/aurumbikes.com\/de\/wp-json\/wp\/v2\/media?parent=78394"}],"curies":[{"name":"wp","href":"https:\/\/api.w.org\/{rel}","templated":true}]}}