{"id":79335,"date":"2024-05-27T07:17:35","date_gmt":"2024-05-27T07:17:35","guid":{"rendered":"https:\/\/aurumbikes.com\/home_magma-2\/"},"modified":"2026-02-12T08:54:42","modified_gmt":"2026-02-12T08:54:42","slug":"home_magma-2","status":"publish","type":"page","link":"https:\/\/aurumbikes.com\/de\/","title":{"rendered":"home_MAGMA_new"},"content":{"rendered":"\t\t<div data-elementor-type=\"wp-page\" data-elementor-id=\"79335\" class=\"elementor elementor-79335 elementor-49419\" data-elementor-post-type=\"page\">\n\t\t\t\t<div class=\"elementor-element elementor-element-a1fb152 e-con-full e-flex e-con e-parent\" data-id=\"a1fb152\" data-element_type=\"container\">\n\t\t<div class=\"elementor-element elementor-element-02cc5c0 e-con-full e-flex e-con e-child\" data-id=\"02cc5c0\" data-element_type=\"container\" data-settings=\"{&quot;background_background&quot;:&quot;classic&quot;}\">\n\t\t\t\t<div class=\"elementor-element elementor-element-d4e828a elementor-widget elementor-widget-image\" data-id=\"d4e828a\" data-element_type=\"widget\" data-widget_type=\"image.default\">\n\t\t\t\t<div class=\"elementor-widget-container\">\n\t\t\t<style>\/*! elementor - v3.21.0 - 08-05-2024 *\/\n.elementor-widget-image{text-align:center}.elementor-widget-image a{display:inline-block}.elementor-widget-image a img[src$=\".svg\"]{width:48px}.elementor-widget-image img{vertical-align:middle;display:inline-block}<\/style>\t\t\t\t\t\t\t\t\t\t\t<a href=\"\/de\/magma\/\">\n\t\t\t\t\t\t\t<img fetchpriority=\"high\" decoding=\"async\" width=\"794\" height=\"158\" src=\"https:\/\/aurumbikes.com\/wp-content\/uploads\/2025\/09\/logo-magma-blanco.png\" class=\"attachment-full size-full wp-image-110414\" alt=\"\" srcset=\"https:\/\/aurumbikes.com\/wp-content\/uploads\/2025\/09\/logo-magma-blanco.png 794w, https:\/\/aurumbikes.com\/wp-content\/uploads\/2025\/09\/logo-magma-blanco-300x60.png 300w, https:\/\/aurumbikes.com\/wp-content\/uploads\/2025\/09\/logo-magma-blanco-768x153.png 768w\" sizes=\"(max-width: 794px) 100vw, 794px\" \/>\t\t\t\t\t\t\t\t<\/a>\n\t\t\t\t\t\t\t\t\t\t\t\t\t<\/div>\n\t\t\t\t<\/div>\n\t\t\t\t<div class=\"elementor-element elementor-element-cec9f83 elementor-widget elementor-widget-heading\" data-id=\"cec9f83\" data-element_type=\"widget\" data-widget_type=\"heading.default\">\n\t\t\t\t<div class=\"elementor-widget-container\">\n\t\t\t<style>\/*! elementor - v3.21.0 - 08-05-2024 *\/\n.elementor-heading-title{padding:0;margin:0;line-height:1}.elementor-widget-heading .elementor-heading-title[class*=elementor-size-]>a{color:inherit;font-size:inherit;line-height:inherit}.elementor-widget-heading .elementor-heading-title.elementor-size-small{font-size:15px}.elementor-widget-heading .elementor-heading-title.elementor-size-medium{font-size:19px}.elementor-widget-heading .elementor-heading-title.elementor-size-large{font-size:29px}.elementor-widget-heading .elementor-heading-title.elementor-size-xl{font-size:39px}.elementor-widget-heading .elementor-heading-title.elementor-size-xxl{font-size:59px}<\/style><h2 class=\"elementor-heading-title elementor-size-default\">EVOLUTION OF EXCELLENCE<\/h2>\t\t<\/div>\n\t\t\t\t<\/div>\n\t\t<div class=\"elementor-element elementor-element-9ad2910 e-con-full e-flex e-con e-child\" data-id=\"9ad2910\" data-element_type=\"container\">\n\t\t\t\t<div class=\"elementor-element elementor-element-2a7dbcf elementor-widget elementor-widget-button\" data-id=\"2a7dbcf\" data-element_type=\"widget\" data-widget_type=\"button.default\">\n\t\t\t\t<div class=\"elementor-widget-container\">\n\t\t\t\t\t<div class=\"elementor-button-wrapper\">\n\t\t\t<a class=\"elementor-button elementor-button-link elementor-size-sm\" href=\"\/de\/handler\/\">\n\t\t\t\t\t\t<span class=\"elementor-button-content-wrapper\">\n\t\t\t\t\t\t\t\t\t<span class=\"elementor-button-text\">H\u00c4NDLER<\/span>\n\t\t\t\t\t<\/span>\n\t\t\t\t\t<\/a>\n\t\t<\/div>\n\t\t\t\t<\/div>\n\t\t\t\t<\/div>\n\t\t\t\t<div class=\"elementor-element elementor-element-0382596 elementor-widget elementor-widget-button\" data-id=\"0382596\" data-element_type=\"widget\" data-widget_type=\"button.default\">\n\t\t\t\t<div class=\"elementor-widget-container\">\n\t\t\t\t\t<div class=\"elementor-button-wrapper\">\n\t\t\t<a class=\"elementor-button elementor-button-link elementor-size-sm\" href=\"\/de\/magma\/konfigurieren\/\">\n\t\t\t\t\t\t<span class=\"elementor-button-content-wrapper\">\n\t\t\t\t\t\t\t\t\t<span class=\"elementor-button-text\">JETZT KAUFEN<\/span>\n\t\t\t\t\t<\/span>\n\t\t\t\t\t<\/a>\n\t\t<\/div>\n\t\t\t\t<\/div>\n\t\t\t\t<\/div>\n\t\t\t\t<\/div>\n\t\t\t\t<\/div>\n\t\t<div class=\"elementor-element elementor-element-b0eebf4 e-con-full e-flex e-con e-child\" data-id=\"b0eebf4\" data-element_type=\"container\" data-settings=\"{&quot;background_background&quot;:&quot;classic&quot;}\">\n\t\t\t\t<div class=\"elementor-element elementor-element-efac393 elementor-widget elementor-widget-image\" data-id=\"efac393\" data-element_type=\"widget\" data-widget_type=\"image.default\">\n\t\t\t\t<div class=\"elementor-widget-container\">\n\t\t\t\t\t\t\t\t\t\t\t\t\t\t<a href=\"\/de\/manto\/\">\n\t\t\t\t\t\t\t<img decoding=\"async\" width=\"948\" height=\"227\" src=\"https:\/\/aurumbikes.com\/wp-content\/uploads\/2024\/10\/logo-manto-blanco.png\" class=\"attachment-full size-full wp-image-74643\" alt=\"\" srcset=\"https:\/\/aurumbikes.com\/wp-content\/uploads\/2024\/10\/logo-manto-blanco.png 948w, https:\/\/aurumbikes.com\/wp-content\/uploads\/2024\/10\/logo-manto-blanco-300x72.png 300w, https:\/\/aurumbikes.com\/wp-content\/uploads\/2024\/10\/logo-manto-blanco-768x184.png 768w\" sizes=\"(max-width: 948px) 100vw, 948px\" \/>\t\t\t\t\t\t\t\t<\/a>\n\t\t\t\t\t\t\t\t\t\t\t\t\t<\/div>\n\t\t\t\t<\/div>\n\t\t\t\t<div class=\"elementor-element elementor-element-bc0dddc elementor-widget elementor-widget-heading\" data-id=\"bc0dddc\" data-element_type=\"widget\" data-widget_type=\"heading.default\">\n\t\t\t\t<div class=\"elementor-widget-container\">\n\t\t\t<h2 class=\"elementor-heading-title elementor-size-default\">unbound performance<\/h2>\t\t<\/div>\n\t\t\t\t<\/div>\n\t\t<div class=\"elementor-element elementor-element-30d5328 e-con-full e-flex e-con e-child\" data-id=\"30d5328\" data-element_type=\"container\">\n\t\t\t\t<div class=\"elementor-element elementor-element-da6eb3e elementor-widget elementor-widget-button\" data-id=\"da6eb3e\" data-element_type=\"widget\" data-widget_type=\"button.default\">\n\t\t\t\t<div class=\"elementor-widget-container\">\n\t\t\t\t\t<div class=\"elementor-button-wrapper\">\n\t\t\t<a class=\"elementor-button elementor-button-link elementor-size-sm\" href=\"\/de\/handler\/\">\n\t\t\t\t\t\t<span class=\"elementor-button-content-wrapper\">\n\t\t\t\t\t\t\t\t\t<span class=\"elementor-button-text\">H\u00c4NDLER<\/span>\n\t\t\t\t\t<\/span>\n\t\t\t\t\t<\/a>\n\t\t<\/div>\n\t\t\t\t<\/div>\n\t\t\t\t<\/div>\n\t\t\t\t<div class=\"elementor-element elementor-element-fcc2022 elementor-widget elementor-widget-button\" data-id=\"fcc2022\" data-element_type=\"widget\" data-widget_type=\"button.default\">\n\t\t\t\t<div class=\"elementor-widget-container\">\n\t\t\t\t\t<div class=\"elementor-button-wrapper\">\n\t\t\t<a class=\"elementor-button elementor-button-link elementor-size-sm\" href=\"\/de\/manto\/konfigurieren\/\">\n\t\t\t\t\t\t<span class=\"elementor-button-content-wrapper\">\n\t\t\t\t\t\t\t\t\t<span class=\"elementor-button-text\">JETZT KAUFEN<\/span>\n\t\t\t\t\t<\/span>\n\t\t\t\t\t<\/a>\n\t\t<\/div>\n\t\t\t\t<\/div>\n\t\t\t\t<\/div>\n\t\t\t\t<\/div>\n\t\t\t\t<\/div>\n\t\t<div class=\"elementor-element elementor-element-879fd67 e-con-full e-flex e-con e-child\" data-id=\"879fd67\" data-element_type=\"container\" data-settings=\"{&quot;background_background&quot;:&quot;classic&quot;}\">\n\t\t\t\t<div class=\"elementor-element elementor-element-af8fc52 elementor-widget elementor-widget-image\" data-id=\"af8fc52\" data-element_type=\"widget\" data-widget_type=\"image.default\">\n\t\t\t\t<div class=\"elementor-widget-container\">\n\t\t\t\t\t\t\t\t\t\t\t\t\t\t<a href=\"\/de\/essentia\/\">\n\t\t\t\t\t\t\t<img decoding=\"async\" width=\"1413\" height=\"233\" src=\"https:\/\/aurumbikes.com\/wp-content\/uploads\/2024\/08\/logo-essentia-white.png\" class=\"attachment-full size-full wp-image-69582\" alt=\"\" srcset=\"https:\/\/aurumbikes.com\/wp-content\/uploads\/2024\/08\/logo-essentia-white.png 1413w, https:\/\/aurumbikes.com\/wp-content\/uploads\/2024\/08\/logo-essentia-white-300x49.png 300w, https:\/\/aurumbikes.com\/wp-content\/uploads\/2024\/08\/logo-essentia-white-1024x169.png 1024w, https:\/\/aurumbikes.com\/wp-content\/uploads\/2024\/08\/logo-essentia-white-768x127.png 768w, https:\/\/aurumbikes.com\/wp-content\/uploads\/2024\/08\/logo-essentia-white-1080x178.png 1080w\" sizes=\"(max-width: 1413px) 100vw, 1413px\" \/>\t\t\t\t\t\t\t\t<\/a>\n\t\t\t\t\t\t\t\t\t\t\t\t\t<\/div>\n\t\t\t\t<\/div>\n\t\t\t\t<div class=\"elementor-element elementor-element-939dd77 elementor-widget elementor-widget-heading\" data-id=\"939dd77\" data-element_type=\"widget\" data-widget_type=\"heading.default\">\n\t\t\t\t<div class=\"elementor-widget-container\">\n\t\t\t<h2 class=\"elementor-heading-title elementor-size-default\">THE PERFECT BALANCE<\/h2>\t\t<\/div>\n\t\t\t\t<\/div>\n\t\t<div class=\"elementor-element elementor-element-22cffc3 e-con-full e-flex e-con e-child\" data-id=\"22cffc3\" data-element_type=\"container\">\n\t\t\t\t<div class=\"elementor-element elementor-element-c55616e elementor-widget elementor-widget-button\" data-id=\"c55616e\" data-element_type=\"widget\" data-widget_type=\"button.default\">\n\t\t\t\t<div class=\"elementor-widget-container\">\n\t\t\t\t\t<div class=\"elementor-button-wrapper\">\n\t\t\t<a class=\"elementor-button elementor-button-link elementor-size-sm\" href=\"\/de\/handler\/\">\n\t\t\t\t\t\t<span class=\"elementor-button-content-wrapper\">\n\t\t\t\t\t\t\t\t\t<span class=\"elementor-button-text\">H\u00c4NDLER<\/span>\n\t\t\t\t\t<\/span>\n\t\t\t\t\t<\/a>\n\t\t<\/div>\n\t\t\t\t<\/div>\n\t\t\t\t<\/div>\n\t\t\t\t<div class=\"elementor-element elementor-element-bdb184b elementor-widget elementor-widget-button\" data-id=\"bdb184b\" data-element_type=\"widget\" data-widget_type=\"button.default\">\n\t\t\t\t<div class=\"elementor-widget-container\">\n\t\t\t\t\t<div class=\"elementor-button-wrapper\">\n\t\t\t<a class=\"elementor-button elementor-button-link elementor-size-sm\" href=\"\/de\/essentia\/konfigurieren\/\">\n\t\t\t\t\t\t<span class=\"elementor-button-content-wrapper\">\n\t\t\t\t\t\t\t\t\t<span class=\"elementor-button-text\">JETZT KAUFEN<\/span>\n\t\t\t\t\t<\/span>\n\t\t\t\t\t<\/a>\n\t\t<\/div>\n\t\t\t\t<\/div>\n\t\t\t\t<\/div>\n\t\t\t\t<\/div>\n\t\t\t\t<\/div>\n\t\t<div class=\"elementor-element elementor-element-3bf5c15 e-flex e-con-boxed e-con e-child\" data-id=\"3bf5c15\" data-element_type=\"container\" data-settings=\"{&quot;background_background&quot;:&quot;classic&quot;}\">\n\t\t\t\t\t<div class=\"e-con-inner\">\n\t\t\t\t<div class=\"elementor-element elementor-element-c2bfd52 elementor-widget elementor-widget-heading\" data-id=\"c2bfd52\" data-element_type=\"widget\" data-widget_type=\"heading.default\">\n\t\t\t\t<div class=\"elementor-widget-container\">\n\t\t\t<h1 class=\"elementor-heading-title elementor-size-default\">AURUM ist die von Alberto Contador und Ivan Basso gegr\u00fcndete exklusive Fahrradmarke<\/h1>\t\t<\/div>\n\t\t\t\t<\/div>\n\t\t\t\t\t<\/div>\n\t\t\t\t<\/div>\n\t\t\t\t<\/div>\n\t\t\t\t<\/div>\n\t\t","protected":false},"excerpt":{"rendered":"<p>EVOLUTION OF EXCELLENCE H\u00c4NDLER JETZT KAUFEN unbound performance H\u00c4NDLER JETZT KAUFEN THE PERFECT BALANCE H\u00c4NDLER JETZT KAUFEN AURUM ist die von Alberto Contador und Ivan Basso gegr\u00fcndete exklusive Fahrradmarke<\/p>\n","protected":false},"author":1,"featured_media":0,"parent":0,"menu_order":0,"comment_status":"closed","ping_status":"closed","template":"page-full-width.php","meta":{"footnotes":""},"yoast_head":"<!-- This site is optimized with the Yoast SEO plugin v22.6 - https:\/\/yoast.com\/wordpress\/plugins\/seo\/ -->\n<title>AURUM Bikes - Born From Experience - Online kaufen<\/title>\n<meta name=\"description\" content=\"AURUM ist die exklusive Fahrradmarke der Grand-Tour-Champions Alberto Contador und Ivan Basso. Magma; das ultimative, leichte Carbon-Rennrad.\" \/>\n<meta name=\"robots\" content=\"index, follow, max-snippet:-1, max-image-preview:large, max-video-preview:-1\" \/>\n<link rel=\"canonical\" href=\"https:\/\/aurumbikes.com\/de\/\" \/>\n<meta property=\"og:locale\" content=\"de_DE\" \/>\n<meta property=\"og:type\" content=\"article\" \/>\n<meta property=\"og:title\" content=\"AURUM Bikes - Born From Experience - Online kaufen\" \/>\n<meta property=\"og:description\" content=\"AURUM ist die exklusive Fahrradmarke der Grand-Tour-Champions Alberto Contador und Ivan Basso. Magma; das ultimative, leichte Carbon-Rennrad.\" \/>\n<meta property=\"og:url\" content=\"https:\/\/aurumbikes.com\/de\/\" \/>\n<meta property=\"og:site_name\" content=\"Aurum Bikes\" \/>\n<meta property=\"article:publisher\" content=\"https:\/\/www.facebook.com\/AURUMbikes\" \/>\n<meta property=\"article:modified_time\" content=\"2026-02-12T08:54:42+00:00\" \/>\n<meta property=\"og:image\" content=\"https:\/\/aurumbikes.com\/wp-content\/uploads\/2025\/09\/logo-magma-blanco.png\" \/>\n<meta name=\"twitter:card\" content=\"summary_large_image\" \/>\n<meta name=\"twitter:label1\" content=\"Gesch\u00e4tzte Lesezeit\" \/>\n\t<meta name=\"twitter:data1\" content=\"1\u00a0Minute\" \/>\n<script type=\"application\/ld+json\" class=\"yoast-schema-graph\">{\"@context\":\"https:\/\/schema.org\",\"@graph\":[{\"@type\":\"WebPage\",\"@id\":\"https:\/\/aurumbikes.com\/de\/\",\"url\":\"https:\/\/aurumbikes.com\/de\/\",\"name\":\"AURUM Bikes - Born From Experience - Online kaufen\",\"isPartOf\":{\"@id\":\"https:\/\/aurumbikes.com\/de\/#website\"},\"primaryImageOfPage\":{\"@id\":\"https:\/\/aurumbikes.com\/de\/#primaryimage\"},\"image\":{\"@id\":\"https:\/\/aurumbikes.com\/de\/#primaryimage\"},\"thumbnailUrl\":\"https:\/\/aurumbikes.com\/wp-content\/uploads\/2025\/09\/logo-magma-blanco.png\",\"datePublished\":\"2024-05-27T07:17:35+00:00\",\"dateModified\":\"2026-02-12T08:54:42+00:00\",\"description\":\"AURUM ist die exklusive Fahrradmarke der Grand-Tour-Champions Alberto Contador und Ivan Basso. Magma; das ultimative, leichte Carbon-Rennrad.\",\"breadcrumb\":{\"@id\":\"https:\/\/aurumbikes.com\/de\/#breadcrumb\"},\"inLanguage\":\"de\",\"potentialAction\":[{\"@type\":\"ReadAction\",\"target\":[\"https:\/\/aurumbikes.com\/de\/\"]}]},{\"@type\":\"ImageObject\",\"inLanguage\":\"de\",\"@id\":\"https:\/\/aurumbikes.com\/de\/#primaryimage\",\"url\":\"https:\/\/aurumbikes.com\/wp-content\/uploads\/2025\/09\/logo-magma-blanco.png\",\"contentUrl\":\"https:\/\/aurumbikes.com\/wp-content\/uploads\/2025\/09\/logo-magma-blanco.png\"},{\"@type\":\"BreadcrumbList\",\"@id\":\"https:\/\/aurumbikes.com\/de\/#breadcrumb\",\"itemListElement\":[{\"@type\":\"ListItem\",\"position\":1,\"name\":\"Home\",\"item\":\"https:\/\/aurumbikes.com\/de\/\"},{\"@type\":\"ListItem\",\"position\":2,\"name\":\"home_MAGMA_new\"}]},{\"@type\":\"WebSite\",\"@id\":\"https:\/\/aurumbikes.com\/de\/#website\",\"url\":\"https:\/\/aurumbikes.com\/de\/\",\"name\":\"Aurum Bikes\",\"description\":\"Born From Experience\",\"potentialAction\":[{\"@type\":\"SearchAction\",\"target\":{\"@type\":\"EntryPoint\",\"urlTemplate\":\"https:\/\/aurumbikes.com\/de\/?s={search_term_string}\"},\"query-input\":\"required name=search_term_string\"}],\"inLanguage\":\"de\"}]}<\/script>\n<!-- \/ Yoast SEO plugin. -->","yoast_head_json":{"title":"AURUM Bikes - Born From Experience - Online kaufen","description":"AURUM ist die exklusive Fahrradmarke der Grand-Tour-Champions Alberto Contador und Ivan Basso. Magma; das ultimative, leichte Carbon-Rennrad.","robots":{"index":"index","follow":"follow","max-snippet":"max-snippet:-1","max-image-preview":"max-image-preview:large","max-video-preview":"max-video-preview:-1"},"canonical":"https:\/\/aurumbikes.com\/de\/","og_locale":"de_DE","og_type":"article","og_title":"AURUM Bikes - Born From Experience - Online kaufen","og_description":"AURUM ist die exklusive Fahrradmarke der Grand-Tour-Champions Alberto Contador und Ivan Basso. Magma; das ultimative, leichte Carbon-Rennrad.","og_url":"https:\/\/aurumbikes.com\/de\/","og_site_name":"Aurum Bikes","article_publisher":"https:\/\/www.facebook.com\/AURUMbikes","article_modified_time":"2026-02-12T08:54:42+00:00","og_image":[{"url":"https:\/\/aurumbikes.com\/wp-content\/uploads\/2025\/09\/logo-magma-blanco.png"}],"twitter_card":"summary_large_image","twitter_misc":{"Gesch\u00e4tzte Lesezeit":"1\u00a0Minute"},"schema":{"@context":"https:\/\/schema.org","@graph":[{"@type":"WebPage","@id":"https:\/\/aurumbikes.com\/de\/","url":"https:\/\/aurumbikes.com\/de\/","name":"AURUM Bikes - Born From Experience - Online kaufen","isPartOf":{"@id":"https:\/\/aurumbikes.com\/de\/#website"},"primaryImageOfPage":{"@id":"https:\/\/aurumbikes.com\/de\/#primaryimage"},"image":{"@id":"https:\/\/aurumbikes.com\/de\/#primaryimage"},"thumbnailUrl":"https:\/\/aurumbikes.com\/wp-content\/uploads\/2025\/09\/logo-magma-blanco.png","datePublished":"2024-05-27T07:17:35+00:00","dateModified":"2026-02-12T08:54:42+00:00","description":"AURUM ist die exklusive Fahrradmarke der Grand-Tour-Champions Alberto Contador und Ivan Basso. Magma; das ultimative, leichte Carbon-Rennrad.","breadcrumb":{"@id":"https:\/\/aurumbikes.com\/de\/#breadcrumb"},"inLanguage":"de","potentialAction":[{"@type":"ReadAction","target":["https:\/\/aurumbikes.com\/de\/"]}]},{"@type":"ImageObject","inLanguage":"de","@id":"https:\/\/aurumbikes.com\/de\/#primaryimage","url":"https:\/\/aurumbikes.com\/wp-content\/uploads\/2025\/09\/logo-magma-blanco.png","contentUrl":"https:\/\/aurumbikes.com\/wp-content\/uploads\/2025\/09\/logo-magma-blanco.png"},{"@type":"BreadcrumbList","@id":"https:\/\/aurumbikes.com\/de\/#breadcrumb","itemListElement":[{"@type":"ListItem","position":1,"name":"Home","item":"https:\/\/aurumbikes.com\/de\/"},{"@type":"ListItem","position":2,"name":"home_MAGMA_new"}]},{"@type":"WebSite","@id":"https:\/\/aurumbikes.com\/de\/#website","url":"https:\/\/aurumbikes.com\/de\/","name":"Aurum Bikes","description":"Born From Experience","potentialAction":[{"@type":"SearchAction","target":{"@type":"EntryPoint","urlTemplate":"https:\/\/aurumbikes.com\/de\/?s={search_term_string}"},"query-input":"required name=search_term_string"}],"inLanguage":"de"}]}},"_links":{"self":[{"href":"https:\/\/aurumbikes.com\/de\/wp-json\/wp\/v2\/pages\/79335"}],"collection":[{"href":"https:\/\/aurumbikes.com\/de\/wp-json\/wp\/v2\/pages"}],"about":[{"href":"https:\/\/aurumbikes.com\/de\/wp-json\/wp\/v2\/types\/page"}],"author":[{"embeddable":true,"href":"https:\/\/aurumbikes.com\/de\/wp-json\/wp\/v2\/users\/1"}],"replies":[{"embeddable":true,"href":"https:\/\/aurumbikes.com\/de\/wp-json\/wp\/v2\/comments?post=79335"}],"version-history":[{"count":72,"href":"https:\/\/aurumbikes.com\/de\/wp-json\/wp\/v2\/pages\/79335\/revisions"}],"predecessor-version":[{"id":124501,"href":"https:\/\/aurumbikes.com\/de\/wp-json\/wp\/v2\/pages\/79335\/revisions\/124501"}],"wp:attachment":[{"href":"https:\/\/aurumbikes.com\/de\/wp-json\/wp\/v2\/media?parent=79335"}],"curies":[{"name":"wp","href":"https:\/\/api.w.org\/{rel}","templated":true}]}}