{"id":77504,"date":"2023-08-04T11:52:00","date_gmt":"2023-08-04T11:52:00","guid":{"rendered":"https:\/\/aurumbikes.com\/product\/aurum-tasche\/"},"modified":"2025-01-27T12:48:58","modified_gmt":"2025-01-27T12:48:58","slug":"aurum-tasche","status":"publish","type":"product","link":"https:\/\/aurumbikes.com\/de\/produkt\/aurum-tasche\/","title":{"rendered":"AURUM-TASCHE"},"content":{"rendered":"<p>Kleine Zubeh\u00f6rtasche, ideal f\u00fcr den Transport von Ladeger\u00e4ten und Kabeln. Hergestellt aus Polyester mit gesticktem AURUM-Logo, Innenf\u00e4chern und Rei\u00dfverschluss.<\/p>\n","protected":false},"excerpt":{"rendered":"<p>Kleine Zubeh\u00f6rtasche, ideal f\u00fcr den Transport von Ladeger\u00e4ten und Kabeln. Hergestellt aus Polyester mit gesticktem AURUM-Logo, Innenf\u00e4chern und Rei\u00dfverschluss.<\/p>\n","protected":false},"featured_media":0,"template":"","meta":[],"product_cat":[387],"product_tag":[],"yoast_head":"<!-- This site is optimized with the Yoast SEO plugin v22.6 - https:\/\/yoast.com\/wordpress\/plugins\/seo\/ -->\n<title>AURUM-TASCHE - Aurum Bikes<\/title>\n<meta name=\"description\" content=\"Kleine Zubeh\u00f6rtasche, ideal f\u00fcr den Transport von Ladeger\u00e4ten und Kabeln. Hergestellt aus Polyester mit gesticktem AURUM-Logo, Innenf\u00e4chern und\" \/>\n<meta name=\"robots\" content=\"index, follow, max-snippet:-1, max-image-preview:large, max-video-preview:-1\" \/>\n<link rel=\"canonical\" href=\"https:\/\/aurumbikes.com\/de\/produkt\/aurum-tasche\/\" \/>\n<meta property=\"og:locale\" content=\"de_DE\" \/>\n<meta property=\"og:type\" content=\"article\" \/>\n<meta property=\"og:title\" content=\"AURUM-TASCHE - Aurum Bikes\" \/>\n<meta property=\"og:description\" content=\"Kleine Zubeh\u00f6rtasche, ideal f\u00fcr den Transport von Ladeger\u00e4ten und Kabeln. Hergestellt aus Polyester mit gesticktem AURUM-Logo, Innenf\u00e4chern und\" \/>\n<meta property=\"og:url\" content=\"https:\/\/aurumbikes.com\/de\/produkt\/aurum-tasche\/\" \/>\n<meta property=\"og:site_name\" content=\"Aurum Bikes\" \/>\n<meta property=\"article:publisher\" content=\"https:\/\/www.facebook.com\/AURUMbikes\" \/>\n<meta property=\"article:modified_time\" content=\"2025-01-27T12:48:58+00:00\" \/>\n<meta name=\"twitter:card\" content=\"summary_large_image\" \/>\n<meta name=\"twitter:label1\" content=\"Gesch\u00e4tzte Lesezeit\" \/>\n\t<meta name=\"twitter:data1\" content=\"1\u00a0Minute\" \/>\n<script type=\"application\/ld+json\" class=\"yoast-schema-graph\">{\"@context\":\"https:\/\/schema.org\",\"@graph\":[{\"@type\":\"WebPage\",\"@id\":\"https:\/\/aurumbikes.com\/de\/produkt\/aurum-tasche\/\",\"url\":\"https:\/\/aurumbikes.com\/de\/produkt\/aurum-tasche\/\",\"name\":\"AURUM-TASCHE - Aurum Bikes\",\"isPartOf\":{\"@id\":\"https:\/\/aurumbikes.com\/de\/#website\"},\"datePublished\":\"2023-08-04T11:52:00+00:00\",\"dateModified\":\"2025-01-27T12:48:58+00:00\",\"description\":\"Kleine Zubeh\u00f6rtasche, ideal f\u00fcr den Transport von Ladeger\u00e4ten und Kabeln. Hergestellt aus Polyester mit gesticktem AURUM-Logo, Innenf\u00e4chern und\",\"breadcrumb\":{\"@id\":\"https:\/\/aurumbikes.com\/de\/produkt\/aurum-tasche\/#breadcrumb\"},\"inLanguage\":\"de\",\"potentialAction\":[{\"@type\":\"ReadAction\",\"target\":[\"https:\/\/aurumbikes.com\/de\/produkt\/aurum-tasche\/\"]}]},{\"@type\":\"BreadcrumbList\",\"@id\":\"https:\/\/aurumbikes.com\/de\/produkt\/aurum-tasche\/#breadcrumb\",\"itemListElement\":[{\"@type\":\"ListItem\",\"position\":1,\"name\":\"Home\",\"item\":\"https:\/\/aurumbikes.com\/de\/\"},{\"@type\":\"ListItem\",\"position\":2,\"name\":\"Shop\",\"item\":\"https:\/\/aurumbikes.com\/de\/shop\/\"},{\"@type\":\"ListItem\",\"position\":3,\"name\":\"AURUM-TASCHE\"}]},{\"@type\":\"WebSite\",\"@id\":\"https:\/\/aurumbikes.com\/de\/#website\",\"url\":\"https:\/\/aurumbikes.com\/de\/\",\"name\":\"Aurum Bikes\",\"description\":\"Born From Experience\",\"potentialAction\":[{\"@type\":\"SearchAction\",\"target\":{\"@type\":\"EntryPoint\",\"urlTemplate\":\"https:\/\/aurumbikes.com\/de\/?s={search_term_string}\"},\"query-input\":\"required name=search_term_string\"}],\"inLanguage\":\"de\"}]}<\/script>\n<!-- \/ Yoast SEO plugin. -->","yoast_head_json":{"title":"AURUM-TASCHE - Aurum Bikes","description":"Kleine Zubeh\u00f6rtasche, ideal f\u00fcr den Transport von Ladeger\u00e4ten und Kabeln. Hergestellt aus Polyester mit gesticktem AURUM-Logo, Innenf\u00e4chern und","robots":{"index":"index","follow":"follow","max-snippet":"max-snippet:-1","max-image-preview":"max-image-preview:large","max-video-preview":"max-video-preview:-1"},"canonical":"https:\/\/aurumbikes.com\/de\/produkt\/aurum-tasche\/","og_locale":"de_DE","og_type":"article","og_title":"AURUM-TASCHE - Aurum Bikes","og_description":"Kleine Zubeh\u00f6rtasche, ideal f\u00fcr den Transport von Ladeger\u00e4ten und Kabeln. Hergestellt aus Polyester mit gesticktem AURUM-Logo, Innenf\u00e4chern und","og_url":"https:\/\/aurumbikes.com\/de\/produkt\/aurum-tasche\/","og_site_name":"Aurum Bikes","article_publisher":"https:\/\/www.facebook.com\/AURUMbikes","article_modified_time":"2025-01-27T12:48:58+00:00","twitter_card":"summary_large_image","twitter_misc":{"Gesch\u00e4tzte Lesezeit":"1\u00a0Minute"},"schema":{"@context":"https:\/\/schema.org","@graph":[{"@type":"WebPage","@id":"https:\/\/aurumbikes.com\/de\/produkt\/aurum-tasche\/","url":"https:\/\/aurumbikes.com\/de\/produkt\/aurum-tasche\/","name":"AURUM-TASCHE - Aurum Bikes","isPartOf":{"@id":"https:\/\/aurumbikes.com\/de\/#website"},"datePublished":"2023-08-04T11:52:00+00:00","dateModified":"2025-01-27T12:48:58+00:00","description":"Kleine Zubeh\u00f6rtasche, ideal f\u00fcr den Transport von Ladeger\u00e4ten und Kabeln. Hergestellt aus Polyester mit gesticktem AURUM-Logo, Innenf\u00e4chern und","breadcrumb":{"@id":"https:\/\/aurumbikes.com\/de\/produkt\/aurum-tasche\/#breadcrumb"},"inLanguage":"de","potentialAction":[{"@type":"ReadAction","target":["https:\/\/aurumbikes.com\/de\/produkt\/aurum-tasche\/"]}]},{"@type":"BreadcrumbList","@id":"https:\/\/aurumbikes.com\/de\/produkt\/aurum-tasche\/#breadcrumb","itemListElement":[{"@type":"ListItem","position":1,"name":"Home","item":"https:\/\/aurumbikes.com\/de\/"},{"@type":"ListItem","position":2,"name":"Shop","item":"https:\/\/aurumbikes.com\/de\/shop\/"},{"@type":"ListItem","position":3,"name":"AURUM-TASCHE"}]},{"@type":"WebSite","@id":"https:\/\/aurumbikes.com\/de\/#website","url":"https:\/\/aurumbikes.com\/de\/","name":"Aurum Bikes","description":"Born From Experience","potentialAction":[{"@type":"SearchAction","target":{"@type":"EntryPoint","urlTemplate":"https:\/\/aurumbikes.com\/de\/?s={search_term_string}"},"query-input":"required name=search_term_string"}],"inLanguage":"de"}]}},"_links":{"self":[{"href":"https:\/\/aurumbikes.com\/de\/wp-json\/wp\/v2\/product\/77504"}],"collection":[{"href":"https:\/\/aurumbikes.com\/de\/wp-json\/wp\/v2\/product"}],"about":[{"href":"https:\/\/aurumbikes.com\/de\/wp-json\/wp\/v2\/types\/product"}],"wp:attachment":[{"href":"https:\/\/aurumbikes.com\/de\/wp-json\/wp\/v2\/media?parent=77504"}],"wp:term":[{"taxonomy":"product_cat","embeddable":true,"href":"https:\/\/aurumbikes.com\/de\/wp-json\/wp\/v2\/product_cat?post=77504"},{"taxonomy":"product_tag","embeddable":true,"href":"https:\/\/aurumbikes.com\/de\/wp-json\/wp\/v2\/product_tag?post=77504"}],"curies":[{"name":"wp","href":"https:\/\/api.w.org\/{rel}","templated":true}]}}