{"id":77534,"date":"2023-08-04T11:52:00","date_gmt":"2023-08-04T11:52:00","guid":{"rendered":"https:\/\/aurumbikes.com\/product\/flasche-aurum-perlweiss\/"},"modified":"2026-03-30T09:20:47","modified_gmt":"2026-03-30T09:20:47","slug":"flasche-aurum-perlweiss","status":"publish","type":"product","link":"https:\/\/aurumbikes.com\/de\/produkt\/flasche-aurum-perlweiss\/","title":{"rendered":"FLASCHE AURUM &#8211; PERLWEISS"},"content":{"rendered":"<p>Die Wasserflasche AURUM ist langlebig und robust. Der Schraubverschluss ist mit einem Anti-Tropf-Auslauf versehen. Die dreieckige Form des Verschlusses bietet au\u00dferdem einen sicheren Halt. Leicht zu bef\u00fcllen und zu reinigen. Fassungsverm\u00f6gen: 500 ml Farbe: perlwei\u00df<\/p>\n","protected":false},"excerpt":{"rendered":"<p>Die Wasserflasche AURUM ist langlebig und robust. Der Schraubverschluss ist mit einem Anti-Tropf-Auslauf versehen. Die dreieckige Form des Verschlusses bietet au\u00dferdem einen sicheren Halt. Leicht zu bef\u00fcllen und zu reinigen. Fassungsverm\u00f6gen: 500 ml Farbe: perlwei\u00df<\/p>\n","protected":false},"featured_media":0,"template":"","meta":[],"product_cat":[387],"product_tag":[],"yoast_head":"<!-- This site is optimized with the Yoast SEO plugin v22.6 - https:\/\/yoast.com\/wordpress\/plugins\/seo\/ -->\n<title>FLASCHE AURUM - PERLWEISS - Aurum Bikes<\/title>\n<meta name=\"description\" content=\"Die Wasserflasche AURUM ist langlebig und robust. Der Schraubverschluss ist mit einem Anti-Tropf-Auslauf versehen. Die dreieckige Form des Verschlusses bietet au\u00dferdem einen sicheren Halt. Leicht zu bef\u00fcllen und zu reinigen. Fassungsverm\u00f6gen: 500 ml Farbe: perlwei\u00df\" \/>\n<meta name=\"robots\" content=\"index, follow, max-snippet:-1, max-image-preview:large, max-video-preview:-1\" \/>\n<link rel=\"canonical\" href=\"https:\/\/aurumbikes.com\/de\/produkt\/flasche-aurum-perlweiss\/\" \/>\n<meta property=\"og:locale\" content=\"de_DE\" \/>\n<meta property=\"og:type\" content=\"article\" \/>\n<meta property=\"og:title\" content=\"FLASCHE AURUM - PERLWEISS - Aurum Bikes\" \/>\n<meta property=\"og:description\" content=\"Die Wasserflasche AURUM ist langlebig und robust. Der Schraubverschluss ist mit einem Anti-Tropf-Auslauf versehen. Die dreieckige Form des Verschlusses bietet au\u00dferdem einen sicheren Halt. Leicht zu bef\u00fcllen und zu reinigen. Fassungsverm\u00f6gen: 500 ml Farbe: perlwei\u00df\" \/>\n<meta property=\"og:url\" content=\"https:\/\/aurumbikes.com\/de\/produkt\/flasche-aurum-perlweiss\/\" \/>\n<meta property=\"og:site_name\" content=\"Aurum Bikes\" \/>\n<meta property=\"article:publisher\" content=\"https:\/\/www.facebook.com\/AURUMbikes\" \/>\n<meta property=\"article:modified_time\" content=\"2026-03-30T09:20:47+00:00\" \/>\n<meta name=\"twitter:card\" content=\"summary_large_image\" \/>\n<meta name=\"twitter:label1\" content=\"Gesch\u00e4tzte Lesezeit\" \/>\n\t<meta name=\"twitter:data1\" content=\"1\u00a0Minute\" \/>\n<script type=\"application\/ld+json\" class=\"yoast-schema-graph\">{\"@context\":\"https:\/\/schema.org\",\"@graph\":[{\"@type\":\"WebPage\",\"@id\":\"https:\/\/aurumbikes.com\/de\/produkt\/flasche-aurum-perlweiss\/\",\"url\":\"https:\/\/aurumbikes.com\/de\/produkt\/flasche-aurum-perlweiss\/\",\"name\":\"FLASCHE AURUM - PERLWEISS - Aurum Bikes\",\"isPartOf\":{\"@id\":\"https:\/\/aurumbikes.com\/de\/#website\"},\"datePublished\":\"2023-08-04T11:52:00+00:00\",\"dateModified\":\"2026-03-30T09:20:47+00:00\",\"description\":\"Die Wasserflasche AURUM ist langlebig und robust. Der Schraubverschluss ist mit einem Anti-Tropf-Auslauf versehen. Die dreieckige Form des Verschlusses bietet au\u00dferdem einen sicheren Halt. Leicht zu bef\u00fcllen und zu reinigen. Fassungsverm\u00f6gen: 500 ml Farbe: perlwei\u00df\",\"breadcrumb\":{\"@id\":\"https:\/\/aurumbikes.com\/de\/produkt\/flasche-aurum-perlweiss\/#breadcrumb\"},\"inLanguage\":\"de\",\"potentialAction\":[{\"@type\":\"ReadAction\",\"target\":[\"https:\/\/aurumbikes.com\/de\/produkt\/flasche-aurum-perlweiss\/\"]}]},{\"@type\":\"BreadcrumbList\",\"@id\":\"https:\/\/aurumbikes.com\/de\/produkt\/flasche-aurum-perlweiss\/#breadcrumb\",\"itemListElement\":[{\"@type\":\"ListItem\",\"position\":1,\"name\":\"Home\",\"item\":\"https:\/\/aurumbikes.com\/de\/\"},{\"@type\":\"ListItem\",\"position\":2,\"name\":\"Shop\",\"item\":\"https:\/\/aurumbikes.com\/de\/shop\/\"},{\"@type\":\"ListItem\",\"position\":3,\"name\":\"FLASCHE AURUM &#8211; PERLWEISS\"}]},{\"@type\":\"WebSite\",\"@id\":\"https:\/\/aurumbikes.com\/de\/#website\",\"url\":\"https:\/\/aurumbikes.com\/de\/\",\"name\":\"Aurum Bikes\",\"description\":\"Born From Experience\",\"potentialAction\":[{\"@type\":\"SearchAction\",\"target\":{\"@type\":\"EntryPoint\",\"urlTemplate\":\"https:\/\/aurumbikes.com\/de\/?s={search_term_string}\"},\"query-input\":\"required name=search_term_string\"}],\"inLanguage\":\"de\"}]}<\/script>\n<!-- \/ Yoast SEO plugin. -->","yoast_head_json":{"title":"FLASCHE AURUM - PERLWEISS - Aurum Bikes","description":"Die Wasserflasche AURUM ist langlebig und robust. Der Schraubverschluss ist mit einem Anti-Tropf-Auslauf versehen. Die dreieckige Form des Verschlusses bietet au\u00dferdem einen sicheren Halt. Leicht zu bef\u00fcllen und zu reinigen. Fassungsverm\u00f6gen: 500 ml Farbe: perlwei\u00df","robots":{"index":"index","follow":"follow","max-snippet":"max-snippet:-1","max-image-preview":"max-image-preview:large","max-video-preview":"max-video-preview:-1"},"canonical":"https:\/\/aurumbikes.com\/de\/produkt\/flasche-aurum-perlweiss\/","og_locale":"de_DE","og_type":"article","og_title":"FLASCHE AURUM - PERLWEISS - Aurum Bikes","og_description":"Die Wasserflasche AURUM ist langlebig und robust. Der Schraubverschluss ist mit einem Anti-Tropf-Auslauf versehen. Die dreieckige Form des Verschlusses bietet au\u00dferdem einen sicheren Halt. Leicht zu bef\u00fcllen und zu reinigen. Fassungsverm\u00f6gen: 500 ml Farbe: perlwei\u00df","og_url":"https:\/\/aurumbikes.com\/de\/produkt\/flasche-aurum-perlweiss\/","og_site_name":"Aurum Bikes","article_publisher":"https:\/\/www.facebook.com\/AURUMbikes","article_modified_time":"2026-03-30T09:20:47+00:00","twitter_card":"summary_large_image","twitter_misc":{"Gesch\u00e4tzte Lesezeit":"1\u00a0Minute"},"schema":{"@context":"https:\/\/schema.org","@graph":[{"@type":"WebPage","@id":"https:\/\/aurumbikes.com\/de\/produkt\/flasche-aurum-perlweiss\/","url":"https:\/\/aurumbikes.com\/de\/produkt\/flasche-aurum-perlweiss\/","name":"FLASCHE AURUM - PERLWEISS - Aurum Bikes","isPartOf":{"@id":"https:\/\/aurumbikes.com\/de\/#website"},"datePublished":"2023-08-04T11:52:00+00:00","dateModified":"2026-03-30T09:20:47+00:00","description":"Die Wasserflasche AURUM ist langlebig und robust. Der Schraubverschluss ist mit einem Anti-Tropf-Auslauf versehen. Die dreieckige Form des Verschlusses bietet au\u00dferdem einen sicheren Halt. Leicht zu bef\u00fcllen und zu reinigen. Fassungsverm\u00f6gen: 500 ml Farbe: perlwei\u00df","breadcrumb":{"@id":"https:\/\/aurumbikes.com\/de\/produkt\/flasche-aurum-perlweiss\/#breadcrumb"},"inLanguage":"de","potentialAction":[{"@type":"ReadAction","target":["https:\/\/aurumbikes.com\/de\/produkt\/flasche-aurum-perlweiss\/"]}]},{"@type":"BreadcrumbList","@id":"https:\/\/aurumbikes.com\/de\/produkt\/flasche-aurum-perlweiss\/#breadcrumb","itemListElement":[{"@type":"ListItem","position":1,"name":"Home","item":"https:\/\/aurumbikes.com\/de\/"},{"@type":"ListItem","position":2,"name":"Shop","item":"https:\/\/aurumbikes.com\/de\/shop\/"},{"@type":"ListItem","position":3,"name":"FLASCHE AURUM &#8211; PERLWEISS"}]},{"@type":"WebSite","@id":"https:\/\/aurumbikes.com\/de\/#website","url":"https:\/\/aurumbikes.com\/de\/","name":"Aurum Bikes","description":"Born From Experience","potentialAction":[{"@type":"SearchAction","target":{"@type":"EntryPoint","urlTemplate":"https:\/\/aurumbikes.com\/de\/?s={search_term_string}"},"query-input":"required name=search_term_string"}],"inLanguage":"de"}]}},"_links":{"self":[{"href":"https:\/\/aurumbikes.com\/de\/wp-json\/wp\/v2\/product\/77534"}],"collection":[{"href":"https:\/\/aurumbikes.com\/de\/wp-json\/wp\/v2\/product"}],"about":[{"href":"https:\/\/aurumbikes.com\/de\/wp-json\/wp\/v2\/types\/product"}],"wp:attachment":[{"href":"https:\/\/aurumbikes.com\/de\/wp-json\/wp\/v2\/media?parent=77534"}],"wp:term":[{"taxonomy":"product_cat","embeddable":true,"href":"https:\/\/aurumbikes.com\/de\/wp-json\/wp\/v2\/product_cat?post=77534"},{"taxonomy":"product_tag","embeddable":true,"href":"https:\/\/aurumbikes.com\/de\/wp-json\/wp\/v2\/product_tag?post=77534"}],"curies":[{"name":"wp","href":"https:\/\/api.w.org\/{rel}","templated":true}]}}