{"id":77659,"date":"2024-02-02T12:00:58","date_gmt":"2024-02-02T12:00:58","guid":{"rendered":"https:\/\/aurumbikes.com\/product\/aurum-integrierter-lenker-sattelstuetze-computerhalterung\/"},"modified":"2025-01-27T12:47:12","modified_gmt":"2025-01-27T12:47:12","slug":"aurum-integrierter-lenker-sattelstuetze-computerhalterung","status":"publish","type":"product","link":"https:\/\/aurumbikes.com\/de\/produkt\/aurum-integrierter-lenker-sattelstuetze-computerhalterung\/","title":{"rendered":"AURUM Integrierter Lenker + Sattelst\u00fctze + Computerhalterung"},"content":{"rendered":"<p>Der neue integrierte AURUM-Lenker bietet eine vollst\u00e4ndige, versteckte Integration der Kabelf\u00fchrung f\u00fcr die Modelle MAGMA und Essentia. Dieser Monocoque-Lenker ist direkt mit diesen beiden AURUM-Fahrradmodellen kompatibel, wenn der mitgelieferte Satz Steuersatzabdeckungen und Abstandshalter verwendet wird. Inklusive Computerhalterung.<br \/>\nEinteilige AURUM-Sattelst\u00fctze aus Kohlefaser mit Schrauben aus Edelstahl. Mattschwarze Farbe. Gewicht: 178 g (350 mm, 0 Offset).<\/p>\n<p>&nbsp;<\/p>\n<p>KIT INHALT<\/p>\n<table>\n<tbody>\n<tr>\n<td width=\"331\"><strong>Produkt<\/strong><\/td>\n<td width=\"80\"><strong>Einheit(en)<\/strong><\/td>\n<\/tr>\n<tr>\n<td width=\"331\">Carbon-Monocoque-Lenker<\/td>\n<td width=\"80\">1<\/td>\n<\/tr>\n<tr>\n<td width=\"331\">Computerhalterung<\/td>\n<td width=\"80\">1<\/td>\n<\/tr>\n<tr>\n<td width=\"331\">Sattelst\u00fctze aus Kohlefaser<\/td>\n<td width=\"80\">1<\/td>\n<\/tr>\n<tr>\n<td width=\"331\">Aluminium-Schrauben<\/td>\n<td width=\"80\">6<\/td>\n<\/tr>\n<tr>\n<td width=\"331\">Steuersatzvorspannschraube aus Aluminium<\/td>\n<td width=\"80\">1<\/td>\n<\/tr>\n<tr>\n<td width=\"331\">5mm Vorbau-Spacer<\/td>\n<td width=\"80\">2<\/td>\n<\/tr>\n<tr>\n<td width=\"331\">10mm Vorbau-Abstandhalter<\/td>\n<td width=\"80\">2<\/td>\n<\/tr>\n<tr>\n<td width=\"331\">Steuerrohrkappe<\/td>\n<td width=\"80\">1<\/td>\n<\/tr>\n<tr>\n<td width=\"331\">Vorbaukappe aus Kohlefaser<\/td>\n<td width=\"80\">1<\/td>\n<\/tr>\n<tr>\n<td width=\"331\">Vorbaukeil aus extrudiertem Aluminium<\/td>\n<td width=\"80\">1<\/td>\n<\/tr>\n<\/tbody>\n<\/table>\n","protected":false},"excerpt":{"rendered":"<p>Der neue integrierte AURUM-Lenker bietet eine vollst\u00e4ndige, versteckte Integration der Kabelf\u00fchrung f\u00fcr die Modelle MAGMA und Essentia. Dieser Monocoque-Lenker ist direkt mit diesen beiden AURUM-Fahrradmodellen kompatibel, wenn der mitgelieferte Satz Steuersatzabdeckungen und Abstandshalter verwendet wird. Inklusive Computerhalterung. Einteilige AURUM-Sattelst\u00fctze aus Kohlefaser mit Schrauben aus Edelstahl. Mattschwarze Farbe. Gewicht: 178 g (350 mm, 0 Offset). &nbsp; [&hellip;]<\/p>\n","protected":false},"featured_media":77509,"template":"","meta":[],"product_cat":[387],"product_tag":[],"yoast_head":"<!-- This site is optimized with the Yoast SEO plugin v22.6 - https:\/\/yoast.com\/wordpress\/plugins\/seo\/ -->\n<title>AURUM Integrierter Lenker + Sattelst\u00fctze + Computerhalterung - Aurum Bikes<\/title>\n<meta name=\"description\" content=\"Der neue integrierte AURUM-Lenker bietet eine vollst\u00e4ndige, versteckte Integration der Kabelf\u00fchrung f\u00fcr die Modelle MAGMA und Essentia. Dieser\" \/>\n<meta name=\"robots\" content=\"index, follow, max-snippet:-1, max-image-preview:large, max-video-preview:-1\" \/>\n<link rel=\"canonical\" href=\"https:\/\/aurumbikes.com\/de\/produkt\/aurum-integrierter-lenker-sattelstuetze-computerhalterung\/\" \/>\n<meta property=\"og:locale\" content=\"de_DE\" \/>\n<meta property=\"og:type\" content=\"article\" \/>\n<meta property=\"og:title\" content=\"AURUM Integrierter Lenker + Sattelst\u00fctze + Computerhalterung - Aurum Bikes\" \/>\n<meta property=\"og:description\" content=\"Der neue integrierte AURUM-Lenker bietet eine vollst\u00e4ndige, versteckte Integration der Kabelf\u00fchrung f\u00fcr die Modelle MAGMA und Essentia. Dieser\" \/>\n<meta property=\"og:url\" content=\"https:\/\/aurumbikes.com\/de\/produkt\/aurum-integrierter-lenker-sattelstuetze-computerhalterung\/\" \/>\n<meta property=\"og:site_name\" content=\"Aurum Bikes\" \/>\n<meta property=\"article:publisher\" content=\"https:\/\/www.facebook.com\/AURUMbikes\" \/>\n<meta property=\"article:modified_time\" content=\"2025-01-27T12:47:12+00:00\" \/>\n<meta property=\"og:image\" content=\"https:\/\/aurumbikes.com\/wp-content\/uploads\/2023\/08\/manillar-kit-tija.jpg\" \/>\n\t<meta property=\"og:image:width\" content=\"1080\" \/>\n\t<meta property=\"og:image:height\" content=\"1619\" \/>\n\t<meta property=\"og:image:type\" content=\"image\/jpeg\" \/>\n<meta name=\"twitter:card\" content=\"summary_large_image\" \/>\n<meta name=\"twitter:label1\" content=\"Gesch\u00e4tzte Lesezeit\" \/>\n\t<meta name=\"twitter:data1\" content=\"1\u00a0Minute\" \/>\n<script type=\"application\/ld+json\" class=\"yoast-schema-graph\">{\"@context\":\"https:\/\/schema.org\",\"@graph\":[{\"@type\":\"WebPage\",\"@id\":\"https:\/\/aurumbikes.com\/de\/produkt\/aurum-integrierter-lenker-sattelstuetze-computerhalterung\/\",\"url\":\"https:\/\/aurumbikes.com\/de\/produkt\/aurum-integrierter-lenker-sattelstuetze-computerhalterung\/\",\"name\":\"AURUM Integrierter Lenker + Sattelst\u00fctze + Computerhalterung - Aurum Bikes\",\"isPartOf\":{\"@id\":\"https:\/\/aurumbikes.com\/de\/#website\"},\"primaryImageOfPage\":{\"@id\":\"https:\/\/aurumbikes.com\/de\/produkt\/aurum-integrierter-lenker-sattelstuetze-computerhalterung\/#primaryimage\"},\"image\":{\"@id\":\"https:\/\/aurumbikes.com\/de\/produkt\/aurum-integrierter-lenker-sattelstuetze-computerhalterung\/#primaryimage\"},\"thumbnailUrl\":\"https:\/\/aurumbikes.com\/wp-content\/uploads\/2023\/08\/manillar-kit-tija.jpg\",\"datePublished\":\"2024-02-02T12:00:58+00:00\",\"dateModified\":\"2025-01-27T12:47:12+00:00\",\"description\":\"Der neue integrierte AURUM-Lenker bietet eine vollst\u00e4ndige, versteckte Integration der Kabelf\u00fchrung f\u00fcr die Modelle MAGMA und Essentia. Dieser\",\"breadcrumb\":{\"@id\":\"https:\/\/aurumbikes.com\/de\/produkt\/aurum-integrierter-lenker-sattelstuetze-computerhalterung\/#breadcrumb\"},\"inLanguage\":\"de\",\"potentialAction\":[{\"@type\":\"ReadAction\",\"target\":[\"https:\/\/aurumbikes.com\/de\/produkt\/aurum-integrierter-lenker-sattelstuetze-computerhalterung\/\"]}]},{\"@type\":\"ImageObject\",\"inLanguage\":\"de\",\"@id\":\"https:\/\/aurumbikes.com\/de\/produkt\/aurum-integrierter-lenker-sattelstuetze-computerhalterung\/#primaryimage\",\"url\":\"https:\/\/aurumbikes.com\/wp-content\/uploads\/2023\/08\/manillar-kit-tija.jpg\",\"contentUrl\":\"https:\/\/aurumbikes.com\/wp-content\/uploads\/2023\/08\/manillar-kit-tija.jpg\",\"width\":1080,\"height\":1619},{\"@type\":\"BreadcrumbList\",\"@id\":\"https:\/\/aurumbikes.com\/de\/produkt\/aurum-integrierter-lenker-sattelstuetze-computerhalterung\/#breadcrumb\",\"itemListElement\":[{\"@type\":\"ListItem\",\"position\":1,\"name\":\"Home\",\"item\":\"https:\/\/aurumbikes.com\/de\/\"},{\"@type\":\"ListItem\",\"position\":2,\"name\":\"Shop\",\"item\":\"https:\/\/aurumbikes.com\/de\/shop\/\"},{\"@type\":\"ListItem\",\"position\":3,\"name\":\"AURUM Integrierter Lenker + Sattelst\u00fctze + Computerhalterung\"}]},{\"@type\":\"WebSite\",\"@id\":\"https:\/\/aurumbikes.com\/de\/#website\",\"url\":\"https:\/\/aurumbikes.com\/de\/\",\"name\":\"Aurum Bikes\",\"description\":\"Born From Experience\",\"potentialAction\":[{\"@type\":\"SearchAction\",\"target\":{\"@type\":\"EntryPoint\",\"urlTemplate\":\"https:\/\/aurumbikes.com\/de\/?s={search_term_string}\"},\"query-input\":\"required name=search_term_string\"}],\"inLanguage\":\"de\"}]}<\/script>\n<!-- \/ Yoast SEO plugin. -->","yoast_head_json":{"title":"AURUM Integrierter Lenker + Sattelst\u00fctze + Computerhalterung - Aurum Bikes","description":"Der neue integrierte AURUM-Lenker bietet eine vollst\u00e4ndige, versteckte Integration der Kabelf\u00fchrung f\u00fcr die Modelle MAGMA und Essentia. Dieser","robots":{"index":"index","follow":"follow","max-snippet":"max-snippet:-1","max-image-preview":"max-image-preview:large","max-video-preview":"max-video-preview:-1"},"canonical":"https:\/\/aurumbikes.com\/de\/produkt\/aurum-integrierter-lenker-sattelstuetze-computerhalterung\/","og_locale":"de_DE","og_type":"article","og_title":"AURUM Integrierter Lenker + Sattelst\u00fctze + Computerhalterung - Aurum Bikes","og_description":"Der neue integrierte AURUM-Lenker bietet eine vollst\u00e4ndige, versteckte Integration der Kabelf\u00fchrung f\u00fcr die Modelle MAGMA und Essentia. Dieser","og_url":"https:\/\/aurumbikes.com\/de\/produkt\/aurum-integrierter-lenker-sattelstuetze-computerhalterung\/","og_site_name":"Aurum Bikes","article_publisher":"https:\/\/www.facebook.com\/AURUMbikes","article_modified_time":"2025-01-27T12:47:12+00:00","og_image":[{"width":1080,"height":1619,"url":"https:\/\/aurumbikes.com\/wp-content\/uploads\/2023\/08\/manillar-kit-tija.jpg","type":"image\/jpeg"}],"twitter_card":"summary_large_image","twitter_misc":{"Gesch\u00e4tzte Lesezeit":"1\u00a0Minute"},"schema":{"@context":"https:\/\/schema.org","@graph":[{"@type":"WebPage","@id":"https:\/\/aurumbikes.com\/de\/produkt\/aurum-integrierter-lenker-sattelstuetze-computerhalterung\/","url":"https:\/\/aurumbikes.com\/de\/produkt\/aurum-integrierter-lenker-sattelstuetze-computerhalterung\/","name":"AURUM Integrierter Lenker + Sattelst\u00fctze + Computerhalterung - Aurum Bikes","isPartOf":{"@id":"https:\/\/aurumbikes.com\/de\/#website"},"primaryImageOfPage":{"@id":"https:\/\/aurumbikes.com\/de\/produkt\/aurum-integrierter-lenker-sattelstuetze-computerhalterung\/#primaryimage"},"image":{"@id":"https:\/\/aurumbikes.com\/de\/produkt\/aurum-integrierter-lenker-sattelstuetze-computerhalterung\/#primaryimage"},"thumbnailUrl":"https:\/\/aurumbikes.com\/wp-content\/uploads\/2023\/08\/manillar-kit-tija.jpg","datePublished":"2024-02-02T12:00:58+00:00","dateModified":"2025-01-27T12:47:12+00:00","description":"Der neue integrierte AURUM-Lenker bietet eine vollst\u00e4ndige, versteckte Integration der Kabelf\u00fchrung f\u00fcr die Modelle MAGMA und Essentia. Dieser","breadcrumb":{"@id":"https:\/\/aurumbikes.com\/de\/produkt\/aurum-integrierter-lenker-sattelstuetze-computerhalterung\/#breadcrumb"},"inLanguage":"de","potentialAction":[{"@type":"ReadAction","target":["https:\/\/aurumbikes.com\/de\/produkt\/aurum-integrierter-lenker-sattelstuetze-computerhalterung\/"]}]},{"@type":"ImageObject","inLanguage":"de","@id":"https:\/\/aurumbikes.com\/de\/produkt\/aurum-integrierter-lenker-sattelstuetze-computerhalterung\/#primaryimage","url":"https:\/\/aurumbikes.com\/wp-content\/uploads\/2023\/08\/manillar-kit-tija.jpg","contentUrl":"https:\/\/aurumbikes.com\/wp-content\/uploads\/2023\/08\/manillar-kit-tija.jpg","width":1080,"height":1619},{"@type":"BreadcrumbList","@id":"https:\/\/aurumbikes.com\/de\/produkt\/aurum-integrierter-lenker-sattelstuetze-computerhalterung\/#breadcrumb","itemListElement":[{"@type":"ListItem","position":1,"name":"Home","item":"https:\/\/aurumbikes.com\/de\/"},{"@type":"ListItem","position":2,"name":"Shop","item":"https:\/\/aurumbikes.com\/de\/shop\/"},{"@type":"ListItem","position":3,"name":"AURUM Integrierter Lenker + Sattelst\u00fctze + Computerhalterung"}]},{"@type":"WebSite","@id":"https:\/\/aurumbikes.com\/de\/#website","url":"https:\/\/aurumbikes.com\/de\/","name":"Aurum Bikes","description":"Born From Experience","potentialAction":[{"@type":"SearchAction","target":{"@type":"EntryPoint","urlTemplate":"https:\/\/aurumbikes.com\/de\/?s={search_term_string}"},"query-input":"required name=search_term_string"}],"inLanguage":"de"}]}},"_links":{"self":[{"href":"https:\/\/aurumbikes.com\/de\/wp-json\/wp\/v2\/product\/77659"}],"collection":[{"href":"https:\/\/aurumbikes.com\/de\/wp-json\/wp\/v2\/product"}],"about":[{"href":"https:\/\/aurumbikes.com\/de\/wp-json\/wp\/v2\/types\/product"}],"wp:featuredmedia":[{"embeddable":true,"href":"https:\/\/aurumbikes.com\/de\/wp-json\/wp\/v2\/media\/77509"}],"wp:attachment":[{"href":"https:\/\/aurumbikes.com\/de\/wp-json\/wp\/v2\/media?parent=77659"}],"wp:term":[{"taxonomy":"product_cat","embeddable":true,"href":"https:\/\/aurumbikes.com\/de\/wp-json\/wp\/v2\/product_cat?post=77659"},{"taxonomy":"product_tag","embeddable":true,"href":"https:\/\/aurumbikes.com\/de\/wp-json\/wp\/v2\/product_tag?post=77659"}],"curies":[{"name":"wp","href":"https:\/\/api.w.org\/{rel}","templated":true}]}}