{"id":77990,"date":"2023-10-19T11:27:52","date_gmt":"2023-10-19T11:27:52","guid":{"rendered":"https:\/\/aurumbikes.com\/product\/gravel-hanger-and-seatpost-wedge-kit\/"},"modified":"2025-10-13T10:14:03","modified_gmt":"2025-10-13T10:14:03","slug":"gravel-hanger-and-seatpost-wedge-kit","status":"publish","type":"product","link":"https:\/\/aurumbikes.com\/de\/produkt\/gravel-hanger-and-seatpost-wedge-kit\/","title":{"rendered":"Kit mit Umlenkhalterungen und Keil f\u00fcr Sattelst\u00fctze (Manto\/New MAGMA)"},"content":{"rendered":"<p>Mit diesem Kit f\u00fcr Rahmenaufh\u00e4nger und Sattelst\u00fctzenkeile kannst du die Befestigung der Komponenten deines Gravelbikes verbessern. Es umfasst die Rahmenaufh\u00e4ngung, eine Gummidichtung f\u00fcr die Sattelst\u00fctze und zus\u00e4tzliche Komponenten f\u00fcr eine sichere Befestigung und pr\u00e4zise Schaltung.<\/p>\n<p>&nbsp;<\/p>\n<p>KIT INHALT<\/p>\n<table>\n<tbody>\n<tr>\n<td width=\"343\"><strong>Produkt<\/strong><\/td>\n<td width=\"80\"><strong>Einheit(en)<\/strong><\/td>\n<\/tr>\n<tr>\n<td width=\"343\">Aurum Seatpost Wedge Assembly<\/td>\n<td width=\"80\">1<\/td>\n<\/tr>\n<tr>\n<td width=\"343\">Aurum Seatpost Rubber Gasket<\/td>\n<td width=\"80\">1<\/td>\n<\/tr>\n<tr>\n<td width=\"343\">Aurum FD Hanger<\/td>\n<td width=\"80\">1<\/td>\n<\/tr>\n<tr>\n<td width=\"343\">Aurum BT516F<\/td>\n<td width=\"80\">2<\/td>\n<\/tr>\n<tr>\n<td width=\"343\">Sram UDH Rear Derailleur Hanger<\/td>\n<td width=\"80\">1<\/td>\n<\/tr>\n<tr>\n<td width=\"343\">Aurum FD Hanger Gravel<\/td>\n<td width=\"80\">1<\/td>\n<\/tr>\n<\/tbody>\n<\/table>\n","protected":false},"excerpt":{"rendered":"<p>Mit diesem Kit f\u00fcr Rahmenaufh\u00e4nger und Sattelst\u00fctzenkeile kannst du die Befestigung der Komponenten deines Gravelbikes verbessern. Es umfasst die Rahmenaufh\u00e4ngung, eine Gummidichtung f\u00fcr die Sattelst\u00fctze und zus\u00e4tzliche Komponenten f\u00fcr eine sichere Befestigung und pr\u00e4zise Schaltung. &nbsp; KIT INHALT Produkt Einheit(en) Aurum Seatpost Wedge Assembly 1 Aurum Seatpost Rubber Gasket 1 Aurum FD Hanger 1 Aurum [&hellip;]<\/p>\n","protected":false},"featured_media":77991,"template":"","meta":[],"product_cat":[390],"product_tag":[],"yoast_head":"<!-- This site is optimized with the Yoast SEO plugin v22.6 - https:\/\/yoast.com\/wordpress\/plugins\/seo\/ -->\n<title>Kit mit Umlenkhalterungen und Keil f\u00fcr Sattelst\u00fctze (Manto\/New MAGMA) - Aurum Bikes<\/title>\n<meta name=\"description\" content=\"Mit diesem Kit f\u00fcr Rahmenaufh\u00e4nger und Sattelst\u00fctzenkeile kannst du die Befestigung der Komponenten deines Gravelbikes verbessern. Es umfasst die\" \/>\n<meta name=\"robots\" content=\"index, follow, max-snippet:-1, max-image-preview:large, max-video-preview:-1\" \/>\n<link rel=\"canonical\" href=\"https:\/\/aurumbikes.com\/de\/produkt\/gravel-hanger-and-seatpost-wedge-kit\/\" \/>\n<meta property=\"og:locale\" content=\"de_DE\" \/>\n<meta property=\"og:type\" content=\"article\" \/>\n<meta property=\"og:title\" content=\"Kit mit Umlenkhalterungen und Keil f\u00fcr Sattelst\u00fctze (Manto\/New MAGMA) - Aurum Bikes\" \/>\n<meta property=\"og:description\" content=\"Mit diesem Kit f\u00fcr Rahmenaufh\u00e4nger und Sattelst\u00fctzenkeile kannst du die Befestigung der Komponenten deines Gravelbikes verbessern. Es umfasst die\" \/>\n<meta property=\"og:url\" content=\"https:\/\/aurumbikes.com\/de\/produkt\/gravel-hanger-and-seatpost-wedge-kit\/\" \/>\n<meta property=\"og:site_name\" content=\"Aurum Bikes\" \/>\n<meta property=\"article:publisher\" content=\"https:\/\/www.facebook.com\/AURUMbikes\" \/>\n<meta property=\"article:modified_time\" content=\"2025-10-13T10:14:03+00:00\" \/>\n<meta property=\"og:image\" content=\"https:\/\/aurumbikes.com\/wp-content\/uploads\/2023\/10\/SPARE_PART_GRAVEL_HANGER_AND_SEATPOT_WEDGE_KIT_99-scaled.jpg\" \/>\n\t<meta property=\"og:image:width\" content=\"1707\" \/>\n\t<meta property=\"og:image:height\" content=\"2560\" \/>\n\t<meta property=\"og:image:type\" content=\"image\/jpeg\" \/>\n<meta name=\"twitter:card\" content=\"summary_large_image\" \/>\n<meta name=\"twitter:label1\" content=\"Gesch\u00e4tzte Lesezeit\" \/>\n\t<meta name=\"twitter:data1\" content=\"1\u00a0Minute\" \/>\n<script type=\"application\/ld+json\" class=\"yoast-schema-graph\">{\"@context\":\"https:\/\/schema.org\",\"@graph\":[{\"@type\":\"WebPage\",\"@id\":\"https:\/\/aurumbikes.com\/de\/produkt\/gravel-hanger-and-seatpost-wedge-kit\/\",\"url\":\"https:\/\/aurumbikes.com\/de\/produkt\/gravel-hanger-and-seatpost-wedge-kit\/\",\"name\":\"Kit mit Umlenkhalterungen und Keil f\u00fcr Sattelst\u00fctze (Manto\/New MAGMA) - Aurum Bikes\",\"isPartOf\":{\"@id\":\"https:\/\/aurumbikes.com\/de\/#website\"},\"primaryImageOfPage\":{\"@id\":\"https:\/\/aurumbikes.com\/de\/produkt\/gravel-hanger-and-seatpost-wedge-kit\/#primaryimage\"},\"image\":{\"@id\":\"https:\/\/aurumbikes.com\/de\/produkt\/gravel-hanger-and-seatpost-wedge-kit\/#primaryimage\"},\"thumbnailUrl\":\"https:\/\/aurumbikes.com\/wp-content\/uploads\/2023\/10\/SPARE_PART_GRAVEL_HANGER_AND_SEATPOT_WEDGE_KIT_99-scaled.jpg\",\"datePublished\":\"2023-10-19T11:27:52+00:00\",\"dateModified\":\"2025-10-13T10:14:03+00:00\",\"description\":\"Mit diesem Kit f\u00fcr Rahmenaufh\u00e4nger und Sattelst\u00fctzenkeile kannst du die Befestigung der Komponenten deines Gravelbikes verbessern. Es umfasst die\",\"breadcrumb\":{\"@id\":\"https:\/\/aurumbikes.com\/de\/produkt\/gravel-hanger-and-seatpost-wedge-kit\/#breadcrumb\"},\"inLanguage\":\"de\",\"potentialAction\":[{\"@type\":\"ReadAction\",\"target\":[\"https:\/\/aurumbikes.com\/de\/produkt\/gravel-hanger-and-seatpost-wedge-kit\/\"]}]},{\"@type\":\"ImageObject\",\"inLanguage\":\"de\",\"@id\":\"https:\/\/aurumbikes.com\/de\/produkt\/gravel-hanger-and-seatpost-wedge-kit\/#primaryimage\",\"url\":\"https:\/\/aurumbikes.com\/wp-content\/uploads\/2023\/10\/SPARE_PART_GRAVEL_HANGER_AND_SEATPOT_WEDGE_KIT_99-scaled.jpg\",\"contentUrl\":\"https:\/\/aurumbikes.com\/wp-content\/uploads\/2023\/10\/SPARE_PART_GRAVEL_HANGER_AND_SEATPOT_WEDGE_KIT_99-scaled.jpg\",\"width\":1707,\"height\":2560},{\"@type\":\"BreadcrumbList\",\"@id\":\"https:\/\/aurumbikes.com\/de\/produkt\/gravel-hanger-and-seatpost-wedge-kit\/#breadcrumb\",\"itemListElement\":[{\"@type\":\"ListItem\",\"position\":1,\"name\":\"Home\",\"item\":\"https:\/\/aurumbikes.com\/de\/\"},{\"@type\":\"ListItem\",\"position\":2,\"name\":\"Shop\",\"item\":\"https:\/\/aurumbikes.com\/de\/shop\/\"},{\"@type\":\"ListItem\",\"position\":3,\"name\":\"Kit mit Umlenkhalterungen und Keil f\u00fcr Sattelst\u00fctze (Manto\/New MAGMA)\"}]},{\"@type\":\"WebSite\",\"@id\":\"https:\/\/aurumbikes.com\/de\/#website\",\"url\":\"https:\/\/aurumbikes.com\/de\/\",\"name\":\"Aurum Bikes\",\"description\":\"Born From Experience\",\"potentialAction\":[{\"@type\":\"SearchAction\",\"target\":{\"@type\":\"EntryPoint\",\"urlTemplate\":\"https:\/\/aurumbikes.com\/de\/?s={search_term_string}\"},\"query-input\":\"required name=search_term_string\"}],\"inLanguage\":\"de\"}]}<\/script>\n<!-- \/ Yoast SEO plugin. -->","yoast_head_json":{"title":"Kit mit Umlenkhalterungen und Keil f\u00fcr Sattelst\u00fctze (Manto\/New MAGMA) - Aurum Bikes","description":"Mit diesem Kit f\u00fcr Rahmenaufh\u00e4nger und Sattelst\u00fctzenkeile kannst du die Befestigung der Komponenten deines Gravelbikes verbessern. Es umfasst die","robots":{"index":"index","follow":"follow","max-snippet":"max-snippet:-1","max-image-preview":"max-image-preview:large","max-video-preview":"max-video-preview:-1"},"canonical":"https:\/\/aurumbikes.com\/de\/produkt\/gravel-hanger-and-seatpost-wedge-kit\/","og_locale":"de_DE","og_type":"article","og_title":"Kit mit Umlenkhalterungen und Keil f\u00fcr Sattelst\u00fctze (Manto\/New MAGMA) - Aurum Bikes","og_description":"Mit diesem Kit f\u00fcr Rahmenaufh\u00e4nger und Sattelst\u00fctzenkeile kannst du die Befestigung der Komponenten deines Gravelbikes verbessern. Es umfasst die","og_url":"https:\/\/aurumbikes.com\/de\/produkt\/gravel-hanger-and-seatpost-wedge-kit\/","og_site_name":"Aurum Bikes","article_publisher":"https:\/\/www.facebook.com\/AURUMbikes","article_modified_time":"2025-10-13T10:14:03+00:00","og_image":[{"width":1707,"height":2560,"url":"https:\/\/aurumbikes.com\/wp-content\/uploads\/2023\/10\/SPARE_PART_GRAVEL_HANGER_AND_SEATPOT_WEDGE_KIT_99-scaled.jpg","type":"image\/jpeg"}],"twitter_card":"summary_large_image","twitter_misc":{"Gesch\u00e4tzte Lesezeit":"1\u00a0Minute"},"schema":{"@context":"https:\/\/schema.org","@graph":[{"@type":"WebPage","@id":"https:\/\/aurumbikes.com\/de\/produkt\/gravel-hanger-and-seatpost-wedge-kit\/","url":"https:\/\/aurumbikes.com\/de\/produkt\/gravel-hanger-and-seatpost-wedge-kit\/","name":"Kit mit Umlenkhalterungen und Keil f\u00fcr Sattelst\u00fctze (Manto\/New MAGMA) - Aurum Bikes","isPartOf":{"@id":"https:\/\/aurumbikes.com\/de\/#website"},"primaryImageOfPage":{"@id":"https:\/\/aurumbikes.com\/de\/produkt\/gravel-hanger-and-seatpost-wedge-kit\/#primaryimage"},"image":{"@id":"https:\/\/aurumbikes.com\/de\/produkt\/gravel-hanger-and-seatpost-wedge-kit\/#primaryimage"},"thumbnailUrl":"https:\/\/aurumbikes.com\/wp-content\/uploads\/2023\/10\/SPARE_PART_GRAVEL_HANGER_AND_SEATPOT_WEDGE_KIT_99-scaled.jpg","datePublished":"2023-10-19T11:27:52+00:00","dateModified":"2025-10-13T10:14:03+00:00","description":"Mit diesem Kit f\u00fcr Rahmenaufh\u00e4nger und Sattelst\u00fctzenkeile kannst du die Befestigung der Komponenten deines Gravelbikes verbessern. Es umfasst die","breadcrumb":{"@id":"https:\/\/aurumbikes.com\/de\/produkt\/gravel-hanger-and-seatpost-wedge-kit\/#breadcrumb"},"inLanguage":"de","potentialAction":[{"@type":"ReadAction","target":["https:\/\/aurumbikes.com\/de\/produkt\/gravel-hanger-and-seatpost-wedge-kit\/"]}]},{"@type":"ImageObject","inLanguage":"de","@id":"https:\/\/aurumbikes.com\/de\/produkt\/gravel-hanger-and-seatpost-wedge-kit\/#primaryimage","url":"https:\/\/aurumbikes.com\/wp-content\/uploads\/2023\/10\/SPARE_PART_GRAVEL_HANGER_AND_SEATPOT_WEDGE_KIT_99-scaled.jpg","contentUrl":"https:\/\/aurumbikes.com\/wp-content\/uploads\/2023\/10\/SPARE_PART_GRAVEL_HANGER_AND_SEATPOT_WEDGE_KIT_99-scaled.jpg","width":1707,"height":2560},{"@type":"BreadcrumbList","@id":"https:\/\/aurumbikes.com\/de\/produkt\/gravel-hanger-and-seatpost-wedge-kit\/#breadcrumb","itemListElement":[{"@type":"ListItem","position":1,"name":"Home","item":"https:\/\/aurumbikes.com\/de\/"},{"@type":"ListItem","position":2,"name":"Shop","item":"https:\/\/aurumbikes.com\/de\/shop\/"},{"@type":"ListItem","position":3,"name":"Kit mit Umlenkhalterungen und Keil f\u00fcr Sattelst\u00fctze (Manto\/New MAGMA)"}]},{"@type":"WebSite","@id":"https:\/\/aurumbikes.com\/de\/#website","url":"https:\/\/aurumbikes.com\/de\/","name":"Aurum Bikes","description":"Born From Experience","potentialAction":[{"@type":"SearchAction","target":{"@type":"EntryPoint","urlTemplate":"https:\/\/aurumbikes.com\/de\/?s={search_term_string}"},"query-input":"required name=search_term_string"}],"inLanguage":"de"}]}},"_links":{"self":[{"href":"https:\/\/aurumbikes.com\/de\/wp-json\/wp\/v2\/product\/77990"}],"collection":[{"href":"https:\/\/aurumbikes.com\/de\/wp-json\/wp\/v2\/product"}],"about":[{"href":"https:\/\/aurumbikes.com\/de\/wp-json\/wp\/v2\/types\/product"}],"wp:featuredmedia":[{"embeddable":true,"href":"https:\/\/aurumbikes.com\/de\/wp-json\/wp\/v2\/media\/77991"}],"wp:attachment":[{"href":"https:\/\/aurumbikes.com\/de\/wp-json\/wp\/v2\/media?parent=77990"}],"wp:term":[{"taxonomy":"product_cat","embeddable":true,"href":"https:\/\/aurumbikes.com\/de\/wp-json\/wp\/v2\/product_cat?post=77990"},{"taxonomy":"product_tag","embeddable":true,"href":"https:\/\/aurumbikes.com\/de\/wp-json\/wp\/v2\/product_tag?post=77990"}],"curies":[{"name":"wp","href":"https:\/\/api.w.org\/{rel}","templated":true}]}}