{"id":77997,"date":"2023-10-20T07:57:27","date_gmt":"2023-10-20T07:57:27","guid":{"rendered":"https:\/\/aurumbikes.com\/product\/road-frame-protection-kit\/"},"modified":"2025-01-27T12:47:13","modified_gmt":"2025-01-27T12:47:13","slug":"road-frame-protection-kit","status":"publish","type":"product","link":"https:\/\/aurumbikes.com\/de\/produkt\/road-frame-protection-kit\/","title":{"rendered":"Road Frame Protection Kit"},"content":{"rendered":"<p>Sch\u00fctze deinen Rennradrahmen mit diesem umfassenden Rahmenschutz-Kit. Es enth\u00e4lt verl\u00e4ngerte Kettenstrebenprotektoren, eine Kettenschutzplatte und andere Komponenten, um die Integrit\u00e4t deines Fahrrads auf der Stra\u00dfe zu sch\u00fctzen.<\/p>\n<p>&nbsp;<\/p>\n<p>KIT INHALT<\/p>\n<table>\n<tbody>\n<tr>\n<td width=\"331\"><strong>Produkt<\/strong><\/td>\n<td width=\"80\"><strong>Einheit(en)<\/strong><\/td>\n<\/tr>\n<tr>\n<td width=\"331\">Ext Chainstay Protector<\/td>\n<td width=\"80\">1<\/td>\n<\/tr>\n<tr>\n<td width=\"331\">Ext BB Protector<\/td>\n<td width=\"80\">1<\/td>\n<\/tr>\n<tr>\n<td width=\"331\">Aurum Chain Suck Plate<\/td>\n<td width=\"80\">1<\/td>\n<\/tr>\n<tr>\n<td width=\"331\">Aurum ICR Port<\/td>\n<td width=\"80\">1<\/td>\n<\/tr>\n<tr>\n<td width=\"331\">Aurum BT306<\/td>\n<td width=\"80\">2<\/td>\n<\/tr>\n<tr>\n<td width=\"331\">Aurum MB cap<\/td>\n<td width=\"80\">1<\/td>\n<\/tr>\n<tr>\n<td width=\"331\">Aurum BT410<\/td>\n<td width=\"80\">1<\/td>\n<\/tr>\n<tr>\n<td width=\"331\">Integrated AURUM ICR Port<\/td>\n<td width=\"80\">1<\/td>\n<\/tr>\n<\/tbody>\n<\/table>\n","protected":false},"excerpt":{"rendered":"<p>Sch\u00fctze deinen Rennradrahmen mit diesem umfassenden Rahmenschutz-Kit. Es enth\u00e4lt verl\u00e4ngerte Kettenstrebenprotektoren, eine Kettenschutzplatte und andere Komponenten, um die Integrit\u00e4t deines Fahrrads auf der Stra\u00dfe zu sch\u00fctzen. &nbsp; KIT INHALT Produkt Einheit(en) Ext Chainstay Protector 1 Ext BB Protector 1 Aurum Chain Suck Plate 1 Aurum ICR Port 1 Aurum BT306 2 Aurum MB cap 1 [&hellip;]<\/p>\n","protected":false},"featured_media":77998,"template":"","meta":[],"product_cat":[390],"product_tag":[],"yoast_head":"<!-- This site is optimized with the Yoast SEO plugin v22.6 - https:\/\/yoast.com\/wordpress\/plugins\/seo\/ -->\n<title>Road Frame Protection Kit - Aurum Bikes<\/title>\n<meta name=\"description\" content=\"Sch\u00fctze deinen Rennradrahmen mit diesem umfassenden Rahmenschutz-Kit. Es enth\u00e4lt verl\u00e4ngerte Kettenstrebenprotektoren, eine Kettenschutzplatte und andere\" \/>\n<meta name=\"robots\" content=\"index, follow, max-snippet:-1, max-image-preview:large, max-video-preview:-1\" \/>\n<link rel=\"canonical\" href=\"https:\/\/aurumbikes.com\/de\/produkt\/road-frame-protection-kit\/\" \/>\n<meta property=\"og:locale\" content=\"de_DE\" \/>\n<meta property=\"og:type\" content=\"article\" \/>\n<meta property=\"og:title\" content=\"Road Frame Protection Kit - Aurum Bikes\" \/>\n<meta property=\"og:description\" content=\"Sch\u00fctze deinen Rennradrahmen mit diesem umfassenden Rahmenschutz-Kit. Es enth\u00e4lt verl\u00e4ngerte Kettenstrebenprotektoren, eine Kettenschutzplatte und andere\" \/>\n<meta property=\"og:url\" content=\"https:\/\/aurumbikes.com\/de\/produkt\/road-frame-protection-kit\/\" \/>\n<meta property=\"og:site_name\" content=\"Aurum Bikes\" \/>\n<meta property=\"article:publisher\" content=\"https:\/\/www.facebook.com\/AURUMbikes\" \/>\n<meta property=\"article:modified_time\" content=\"2025-01-27T12:47:13+00:00\" \/>\n<meta property=\"og:image\" content=\"https:\/\/aurumbikes.com\/wp-content\/uploads\/2023\/10\/SPARE_PART_GRAVEL_FRAME_PROTECTION_KIT_10.jpg\" \/>\n\t<meta property=\"og:image:width\" content=\"1365\" \/>\n\t<meta property=\"og:image:height\" content=\"2048\" \/>\n\t<meta property=\"og:image:type\" content=\"image\/jpeg\" \/>\n<meta name=\"twitter:card\" content=\"summary_large_image\" \/>\n<meta name=\"twitter:label1\" content=\"Gesch\u00e4tzte Lesezeit\" \/>\n\t<meta name=\"twitter:data1\" content=\"1\u00a0Minute\" \/>\n<script type=\"application\/ld+json\" class=\"yoast-schema-graph\">{\"@context\":\"https:\/\/schema.org\",\"@graph\":[{\"@type\":\"WebPage\",\"@id\":\"https:\/\/aurumbikes.com\/de\/produkt\/road-frame-protection-kit\/\",\"url\":\"https:\/\/aurumbikes.com\/de\/produkt\/road-frame-protection-kit\/\",\"name\":\"Road Frame Protection Kit - Aurum Bikes\",\"isPartOf\":{\"@id\":\"https:\/\/aurumbikes.com\/de\/#website\"},\"primaryImageOfPage\":{\"@id\":\"https:\/\/aurumbikes.com\/de\/produkt\/road-frame-protection-kit\/#primaryimage\"},\"image\":{\"@id\":\"https:\/\/aurumbikes.com\/de\/produkt\/road-frame-protection-kit\/#primaryimage\"},\"thumbnailUrl\":\"https:\/\/aurumbikes.com\/wp-content\/uploads\/2023\/10\/SPARE_PART_GRAVEL_FRAME_PROTECTION_KIT_10.jpg\",\"datePublished\":\"2023-10-20T07:57:27+00:00\",\"dateModified\":\"2025-01-27T12:47:13+00:00\",\"description\":\"Sch\u00fctze deinen Rennradrahmen mit diesem umfassenden Rahmenschutz-Kit. Es enth\u00e4lt verl\u00e4ngerte Kettenstrebenprotektoren, eine Kettenschutzplatte und andere\",\"breadcrumb\":{\"@id\":\"https:\/\/aurumbikes.com\/de\/produkt\/road-frame-protection-kit\/#breadcrumb\"},\"inLanguage\":\"de\",\"potentialAction\":[{\"@type\":\"ReadAction\",\"target\":[\"https:\/\/aurumbikes.com\/de\/produkt\/road-frame-protection-kit\/\"]}]},{\"@type\":\"ImageObject\",\"inLanguage\":\"de\",\"@id\":\"https:\/\/aurumbikes.com\/de\/produkt\/road-frame-protection-kit\/#primaryimage\",\"url\":\"https:\/\/aurumbikes.com\/wp-content\/uploads\/2023\/10\/SPARE_PART_GRAVEL_FRAME_PROTECTION_KIT_10.jpg\",\"contentUrl\":\"https:\/\/aurumbikes.com\/wp-content\/uploads\/2023\/10\/SPARE_PART_GRAVEL_FRAME_PROTECTION_KIT_10.jpg\",\"width\":1365,\"height\":2048},{\"@type\":\"BreadcrumbList\",\"@id\":\"https:\/\/aurumbikes.com\/de\/produkt\/road-frame-protection-kit\/#breadcrumb\",\"itemListElement\":[{\"@type\":\"ListItem\",\"position\":1,\"name\":\"Home\",\"item\":\"https:\/\/aurumbikes.com\/de\/\"},{\"@type\":\"ListItem\",\"position\":2,\"name\":\"Shop\",\"item\":\"https:\/\/aurumbikes.com\/de\/shop\/\"},{\"@type\":\"ListItem\",\"position\":3,\"name\":\"Road Frame Protection Kit\"}]},{\"@type\":\"WebSite\",\"@id\":\"https:\/\/aurumbikes.com\/de\/#website\",\"url\":\"https:\/\/aurumbikes.com\/de\/\",\"name\":\"Aurum Bikes\",\"description\":\"Born From Experience\",\"potentialAction\":[{\"@type\":\"SearchAction\",\"target\":{\"@type\":\"EntryPoint\",\"urlTemplate\":\"https:\/\/aurumbikes.com\/de\/?s={search_term_string}\"},\"query-input\":\"required name=search_term_string\"}],\"inLanguage\":\"de\"}]}<\/script>\n<!-- \/ Yoast SEO plugin. -->","yoast_head_json":{"title":"Road Frame Protection Kit - Aurum Bikes","description":"Sch\u00fctze deinen Rennradrahmen mit diesem umfassenden Rahmenschutz-Kit. Es enth\u00e4lt verl\u00e4ngerte Kettenstrebenprotektoren, eine Kettenschutzplatte und andere","robots":{"index":"index","follow":"follow","max-snippet":"max-snippet:-1","max-image-preview":"max-image-preview:large","max-video-preview":"max-video-preview:-1"},"canonical":"https:\/\/aurumbikes.com\/de\/produkt\/road-frame-protection-kit\/","og_locale":"de_DE","og_type":"article","og_title":"Road Frame Protection Kit - Aurum Bikes","og_description":"Sch\u00fctze deinen Rennradrahmen mit diesem umfassenden Rahmenschutz-Kit. Es enth\u00e4lt verl\u00e4ngerte Kettenstrebenprotektoren, eine Kettenschutzplatte und andere","og_url":"https:\/\/aurumbikes.com\/de\/produkt\/road-frame-protection-kit\/","og_site_name":"Aurum Bikes","article_publisher":"https:\/\/www.facebook.com\/AURUMbikes","article_modified_time":"2025-01-27T12:47:13+00:00","og_image":[{"width":1365,"height":2048,"url":"https:\/\/aurumbikes.com\/wp-content\/uploads\/2023\/10\/SPARE_PART_GRAVEL_FRAME_PROTECTION_KIT_10.jpg","type":"image\/jpeg"}],"twitter_card":"summary_large_image","twitter_misc":{"Gesch\u00e4tzte Lesezeit":"1\u00a0Minute"},"schema":{"@context":"https:\/\/schema.org","@graph":[{"@type":"WebPage","@id":"https:\/\/aurumbikes.com\/de\/produkt\/road-frame-protection-kit\/","url":"https:\/\/aurumbikes.com\/de\/produkt\/road-frame-protection-kit\/","name":"Road Frame Protection Kit - Aurum Bikes","isPartOf":{"@id":"https:\/\/aurumbikes.com\/de\/#website"},"primaryImageOfPage":{"@id":"https:\/\/aurumbikes.com\/de\/produkt\/road-frame-protection-kit\/#primaryimage"},"image":{"@id":"https:\/\/aurumbikes.com\/de\/produkt\/road-frame-protection-kit\/#primaryimage"},"thumbnailUrl":"https:\/\/aurumbikes.com\/wp-content\/uploads\/2023\/10\/SPARE_PART_GRAVEL_FRAME_PROTECTION_KIT_10.jpg","datePublished":"2023-10-20T07:57:27+00:00","dateModified":"2025-01-27T12:47:13+00:00","description":"Sch\u00fctze deinen Rennradrahmen mit diesem umfassenden Rahmenschutz-Kit. Es enth\u00e4lt verl\u00e4ngerte Kettenstrebenprotektoren, eine Kettenschutzplatte und andere","breadcrumb":{"@id":"https:\/\/aurumbikes.com\/de\/produkt\/road-frame-protection-kit\/#breadcrumb"},"inLanguage":"de","potentialAction":[{"@type":"ReadAction","target":["https:\/\/aurumbikes.com\/de\/produkt\/road-frame-protection-kit\/"]}]},{"@type":"ImageObject","inLanguage":"de","@id":"https:\/\/aurumbikes.com\/de\/produkt\/road-frame-protection-kit\/#primaryimage","url":"https:\/\/aurumbikes.com\/wp-content\/uploads\/2023\/10\/SPARE_PART_GRAVEL_FRAME_PROTECTION_KIT_10.jpg","contentUrl":"https:\/\/aurumbikes.com\/wp-content\/uploads\/2023\/10\/SPARE_PART_GRAVEL_FRAME_PROTECTION_KIT_10.jpg","width":1365,"height":2048},{"@type":"BreadcrumbList","@id":"https:\/\/aurumbikes.com\/de\/produkt\/road-frame-protection-kit\/#breadcrumb","itemListElement":[{"@type":"ListItem","position":1,"name":"Home","item":"https:\/\/aurumbikes.com\/de\/"},{"@type":"ListItem","position":2,"name":"Shop","item":"https:\/\/aurumbikes.com\/de\/shop\/"},{"@type":"ListItem","position":3,"name":"Road Frame Protection Kit"}]},{"@type":"WebSite","@id":"https:\/\/aurumbikes.com\/de\/#website","url":"https:\/\/aurumbikes.com\/de\/","name":"Aurum Bikes","description":"Born From Experience","potentialAction":[{"@type":"SearchAction","target":{"@type":"EntryPoint","urlTemplate":"https:\/\/aurumbikes.com\/de\/?s={search_term_string}"},"query-input":"required name=search_term_string"}],"inLanguage":"de"}]}},"_links":{"self":[{"href":"https:\/\/aurumbikes.com\/de\/wp-json\/wp\/v2\/product\/77997"}],"collection":[{"href":"https:\/\/aurumbikes.com\/de\/wp-json\/wp\/v2\/product"}],"about":[{"href":"https:\/\/aurumbikes.com\/de\/wp-json\/wp\/v2\/types\/product"}],"wp:featuredmedia":[{"embeddable":true,"href":"https:\/\/aurumbikes.com\/de\/wp-json\/wp\/v2\/media\/77998"}],"wp:attachment":[{"href":"https:\/\/aurumbikes.com\/de\/wp-json\/wp\/v2\/media?parent=77997"}],"wp:term":[{"taxonomy":"product_cat","embeddable":true,"href":"https:\/\/aurumbikes.com\/de\/wp-json\/wp\/v2\/product_cat?post=77997"},{"taxonomy":"product_tag","embeddable":true,"href":"https:\/\/aurumbikes.com\/de\/wp-json\/wp\/v2\/product_tag?post=77997"}],"curies":[{"name":"wp","href":"https:\/\/api.w.org\/{rel}","templated":true}]}}