{"id":84917,"date":"2025-06-12T14:06:00","date_gmt":"2025-06-12T14:06:00","guid":{"rendered":"https:\/\/aurumbikes.com\/?post_type=product&#038;p=84917"},"modified":"2025-06-12T14:21:37","modified_gmt":"2025-06-12T14:21:37","slug":"aurum-magma-naca-sattelstuetze","status":"publish","type":"product","link":"https:\/\/aurumbikes.com\/de\/produkt\/aurum-magma-naca-sattelstuetze\/","title":{"rendered":"AURUM MAGMA NACA Sattelst\u00fctze"},"content":{"rendered":"<p>Die AURUM MAGMA-Sattelst\u00fctze wurde speziell f\u00fcr maximale aerodynamische Effizienz entwickelt und verf\u00fcgt \u00fcber ein raffiniertes NACA-Profil, das den Luftwiderstand minimiert und sich nahtlos in den Rahmen integriert. Leicht, steif und reaktionsschnell &#8211; entwickelt, um sowohl die Leistung als auch die \u00c4sthetik auf den anspruchsvollsten Fahrten zu verbessern. Schrauben aus rostfreiem Stahl. Mattschwarze Farbe. 170 g Gewicht (375 mm, 0\/25 mm Offset)<\/p>\n","protected":false},"excerpt":{"rendered":"<p>Die AURUM MAGMA-Sattelst\u00fctze wurde speziell f\u00fcr maximale aerodynamische Effizienz entwickelt und verf\u00fcgt \u00fcber ein raffiniertes NACA-Profil, das den Luftwiderstand minimiert und sich nahtlos in den Rahmen integriert. Leicht, steif und reaktionsschnell &#8211; entwickelt, um sowohl die Leistung als auch die \u00c4sthetik auf den anspruchsvollsten Fahrten zu verbessern. Schrauben aus rostfreiem Stahl. Mattschwarze Farbe. 170 g [&hellip;]<\/p>\n","protected":false},"featured_media":84931,"template":"","meta":[],"product_cat":[387],"product_tag":[],"yoast_head":"<!-- This site is optimized with the Yoast SEO plugin v22.6 - https:\/\/yoast.com\/wordpress\/plugins\/seo\/ -->\n<title>AURUM MAGMA NACA Sattelst\u00fctze - Aurum Bikes<\/title>\n<meta name=\"description\" content=\"Die AURUM MAGMA-Sattelst\u00fctze wurde speziell f\u00fcr maximale aerodynamische Effizienz entwickelt und verf\u00fcgt \u00fcber ein raffiniertes NACA-Profil, das den\" \/>\n<meta name=\"robots\" content=\"index, follow, max-snippet:-1, max-image-preview:large, max-video-preview:-1\" \/>\n<link rel=\"canonical\" href=\"https:\/\/aurumbikes.com\/de\/produkt\/aurum-magma-naca-sattelstuetze\/\" \/>\n<meta property=\"og:locale\" content=\"de_DE\" \/>\n<meta property=\"og:type\" content=\"article\" \/>\n<meta property=\"og:title\" content=\"AURUM MAGMA NACA Sattelst\u00fctze - Aurum Bikes\" \/>\n<meta property=\"og:description\" content=\"Die AURUM MAGMA-Sattelst\u00fctze wurde speziell f\u00fcr maximale aerodynamische Effizienz entwickelt und verf\u00fcgt \u00fcber ein raffiniertes NACA-Profil, das den\" \/>\n<meta property=\"og:url\" content=\"https:\/\/aurumbikes.com\/de\/produkt\/aurum-magma-naca-sattelstuetze\/\" \/>\n<meta property=\"og:site_name\" content=\"Aurum Bikes\" \/>\n<meta property=\"article:publisher\" content=\"https:\/\/www.facebook.com\/AURUMbikes\" \/>\n<meta property=\"article:modified_time\" content=\"2025-06-12T14:21:37+00:00\" \/>\n<meta property=\"og:image\" content=\"https:\/\/aurumbikes.com\/wp-content\/uploads\/2025\/06\/AURUM-MAGMA-NACA-NO-OFFSET-1.jpg\" \/>\n\t<meta property=\"og:image:width\" content=\"1080\" \/>\n\t<meta property=\"og:image:height\" content=\"1620\" \/>\n\t<meta property=\"og:image:type\" content=\"image\/jpeg\" \/>\n<meta name=\"twitter:card\" content=\"summary_large_image\" \/>\n<meta name=\"twitter:label1\" content=\"Gesch\u00e4tzte Lesezeit\" \/>\n\t<meta name=\"twitter:data1\" content=\"1\u00a0Minute\" \/>\n<script type=\"application\/ld+json\" class=\"yoast-schema-graph\">{\"@context\":\"https:\/\/schema.org\",\"@graph\":[{\"@type\":\"WebPage\",\"@id\":\"https:\/\/aurumbikes.com\/de\/produkt\/aurum-magma-naca-sattelstuetze\/\",\"url\":\"https:\/\/aurumbikes.com\/de\/produkt\/aurum-magma-naca-sattelstuetze\/\",\"name\":\"AURUM MAGMA NACA Sattelst\u00fctze - Aurum Bikes\",\"isPartOf\":{\"@id\":\"https:\/\/aurumbikes.com\/de\/#website\"},\"primaryImageOfPage\":{\"@id\":\"https:\/\/aurumbikes.com\/de\/produkt\/aurum-magma-naca-sattelstuetze\/#primaryimage\"},\"image\":{\"@id\":\"https:\/\/aurumbikes.com\/de\/produkt\/aurum-magma-naca-sattelstuetze\/#primaryimage\"},\"thumbnailUrl\":\"https:\/\/aurumbikes.com\/wp-content\/uploads\/2025\/06\/AURUM-MAGMA-NACA-NO-OFFSET-1.jpg\",\"datePublished\":\"2025-06-12T14:06:00+00:00\",\"dateModified\":\"2025-06-12T14:21:37+00:00\",\"description\":\"Die AURUM MAGMA-Sattelst\u00fctze wurde speziell f\u00fcr maximale aerodynamische Effizienz entwickelt und verf\u00fcgt \u00fcber ein raffiniertes NACA-Profil, das den\",\"breadcrumb\":{\"@id\":\"https:\/\/aurumbikes.com\/de\/produkt\/aurum-magma-naca-sattelstuetze\/#breadcrumb\"},\"inLanguage\":\"de\",\"potentialAction\":[{\"@type\":\"ReadAction\",\"target\":[\"https:\/\/aurumbikes.com\/de\/produkt\/aurum-magma-naca-sattelstuetze\/\"]}]},{\"@type\":\"ImageObject\",\"inLanguage\":\"de\",\"@id\":\"https:\/\/aurumbikes.com\/de\/produkt\/aurum-magma-naca-sattelstuetze\/#primaryimage\",\"url\":\"https:\/\/aurumbikes.com\/wp-content\/uploads\/2025\/06\/AURUM-MAGMA-NACA-NO-OFFSET-1.jpg\",\"contentUrl\":\"https:\/\/aurumbikes.com\/wp-content\/uploads\/2025\/06\/AURUM-MAGMA-NACA-NO-OFFSET-1.jpg\",\"width\":1080,\"height\":1620},{\"@type\":\"BreadcrumbList\",\"@id\":\"https:\/\/aurumbikes.com\/de\/produkt\/aurum-magma-naca-sattelstuetze\/#breadcrumb\",\"itemListElement\":[{\"@type\":\"ListItem\",\"position\":1,\"name\":\"Home\",\"item\":\"https:\/\/aurumbikes.com\/de\/\"},{\"@type\":\"ListItem\",\"position\":2,\"name\":\"Shop\",\"item\":\"https:\/\/aurumbikes.com\/de\/shop\/\"},{\"@type\":\"ListItem\",\"position\":3,\"name\":\"AURUM MAGMA NACA Sattelst\u00fctze\"}]},{\"@type\":\"WebSite\",\"@id\":\"https:\/\/aurumbikes.com\/de\/#website\",\"url\":\"https:\/\/aurumbikes.com\/de\/\",\"name\":\"Aurum Bikes\",\"description\":\"Born From Experience\",\"potentialAction\":[{\"@type\":\"SearchAction\",\"target\":{\"@type\":\"EntryPoint\",\"urlTemplate\":\"https:\/\/aurumbikes.com\/de\/?s={search_term_string}\"},\"query-input\":\"required name=search_term_string\"}],\"inLanguage\":\"de\"}]}<\/script>\n<!-- \/ Yoast SEO plugin. -->","yoast_head_json":{"title":"AURUM MAGMA NACA Sattelst\u00fctze - Aurum Bikes","description":"Die AURUM MAGMA-Sattelst\u00fctze wurde speziell f\u00fcr maximale aerodynamische Effizienz entwickelt und verf\u00fcgt \u00fcber ein raffiniertes NACA-Profil, das den","robots":{"index":"index","follow":"follow","max-snippet":"max-snippet:-1","max-image-preview":"max-image-preview:large","max-video-preview":"max-video-preview:-1"},"canonical":"https:\/\/aurumbikes.com\/de\/produkt\/aurum-magma-naca-sattelstuetze\/","og_locale":"de_DE","og_type":"article","og_title":"AURUM MAGMA NACA Sattelst\u00fctze - Aurum Bikes","og_description":"Die AURUM MAGMA-Sattelst\u00fctze wurde speziell f\u00fcr maximale aerodynamische Effizienz entwickelt und verf\u00fcgt \u00fcber ein raffiniertes NACA-Profil, das den","og_url":"https:\/\/aurumbikes.com\/de\/produkt\/aurum-magma-naca-sattelstuetze\/","og_site_name":"Aurum Bikes","article_publisher":"https:\/\/www.facebook.com\/AURUMbikes","article_modified_time":"2025-06-12T14:21:37+00:00","og_image":[{"width":1080,"height":1620,"url":"https:\/\/aurumbikes.com\/wp-content\/uploads\/2025\/06\/AURUM-MAGMA-NACA-NO-OFFSET-1.jpg","type":"image\/jpeg"}],"twitter_card":"summary_large_image","twitter_misc":{"Gesch\u00e4tzte Lesezeit":"1\u00a0Minute"},"schema":{"@context":"https:\/\/schema.org","@graph":[{"@type":"WebPage","@id":"https:\/\/aurumbikes.com\/de\/produkt\/aurum-magma-naca-sattelstuetze\/","url":"https:\/\/aurumbikes.com\/de\/produkt\/aurum-magma-naca-sattelstuetze\/","name":"AURUM MAGMA NACA Sattelst\u00fctze - Aurum Bikes","isPartOf":{"@id":"https:\/\/aurumbikes.com\/de\/#website"},"primaryImageOfPage":{"@id":"https:\/\/aurumbikes.com\/de\/produkt\/aurum-magma-naca-sattelstuetze\/#primaryimage"},"image":{"@id":"https:\/\/aurumbikes.com\/de\/produkt\/aurum-magma-naca-sattelstuetze\/#primaryimage"},"thumbnailUrl":"https:\/\/aurumbikes.com\/wp-content\/uploads\/2025\/06\/AURUM-MAGMA-NACA-NO-OFFSET-1.jpg","datePublished":"2025-06-12T14:06:00+00:00","dateModified":"2025-06-12T14:21:37+00:00","description":"Die AURUM MAGMA-Sattelst\u00fctze wurde speziell f\u00fcr maximale aerodynamische Effizienz entwickelt und verf\u00fcgt \u00fcber ein raffiniertes NACA-Profil, das den","breadcrumb":{"@id":"https:\/\/aurumbikes.com\/de\/produkt\/aurum-magma-naca-sattelstuetze\/#breadcrumb"},"inLanguage":"de","potentialAction":[{"@type":"ReadAction","target":["https:\/\/aurumbikes.com\/de\/produkt\/aurum-magma-naca-sattelstuetze\/"]}]},{"@type":"ImageObject","inLanguage":"de","@id":"https:\/\/aurumbikes.com\/de\/produkt\/aurum-magma-naca-sattelstuetze\/#primaryimage","url":"https:\/\/aurumbikes.com\/wp-content\/uploads\/2025\/06\/AURUM-MAGMA-NACA-NO-OFFSET-1.jpg","contentUrl":"https:\/\/aurumbikes.com\/wp-content\/uploads\/2025\/06\/AURUM-MAGMA-NACA-NO-OFFSET-1.jpg","width":1080,"height":1620},{"@type":"BreadcrumbList","@id":"https:\/\/aurumbikes.com\/de\/produkt\/aurum-magma-naca-sattelstuetze\/#breadcrumb","itemListElement":[{"@type":"ListItem","position":1,"name":"Home","item":"https:\/\/aurumbikes.com\/de\/"},{"@type":"ListItem","position":2,"name":"Shop","item":"https:\/\/aurumbikes.com\/de\/shop\/"},{"@type":"ListItem","position":3,"name":"AURUM MAGMA NACA Sattelst\u00fctze"}]},{"@type":"WebSite","@id":"https:\/\/aurumbikes.com\/de\/#website","url":"https:\/\/aurumbikes.com\/de\/","name":"Aurum Bikes","description":"Born From Experience","potentialAction":[{"@type":"SearchAction","target":{"@type":"EntryPoint","urlTemplate":"https:\/\/aurumbikes.com\/de\/?s={search_term_string}"},"query-input":"required name=search_term_string"}],"inLanguage":"de"}]}},"_links":{"self":[{"href":"https:\/\/aurumbikes.com\/de\/wp-json\/wp\/v2\/product\/84917"}],"collection":[{"href":"https:\/\/aurumbikes.com\/de\/wp-json\/wp\/v2\/product"}],"about":[{"href":"https:\/\/aurumbikes.com\/de\/wp-json\/wp\/v2\/types\/product"}],"wp:featuredmedia":[{"embeddable":true,"href":"https:\/\/aurumbikes.com\/de\/wp-json\/wp\/v2\/media\/84931"}],"wp:attachment":[{"href":"https:\/\/aurumbikes.com\/de\/wp-json\/wp\/v2\/media?parent=84917"}],"wp:term":[{"taxonomy":"product_cat","embeddable":true,"href":"https:\/\/aurumbikes.com\/de\/wp-json\/wp\/v2\/product_cat?post=84917"},{"taxonomy":"product_tag","embeddable":true,"href":"https:\/\/aurumbikes.com\/de\/wp-json\/wp\/v2\/product_tag?post=84917"}],"curies":[{"name":"wp","href":"https:\/\/api.w.org\/{rel}","templated":true}]}}