{"id":21682,"date":"2023-08-30T08:40:11","date_gmt":"2023-08-30T08:40:11","guid":{"rendered":"https:\/\/aurumbikes.com\/legal-notice\/"},"modified":"2024-01-22T18:53:32","modified_gmt":"2024-01-22T18:53:32","slug":"aviso-legal","status":"publish","type":"page","link":"https:\/\/aurumbikes.com\/es\/aviso-legal\/","title":{"rendered":"Aviso Legal"},"content":{"rendered":"\t\t<div data-elementor-type=\"wp-page\" data-elementor-id=\"21682\" class=\"elementor elementor-21682 elementor-13886\" data-elementor-post-type=\"page\">\n\t\t\t\t\t\t<section class=\"elementor-section elementor-top-section elementor-element elementor-element-914130b elementor-section-boxed elementor-section-height-default elementor-section-height-default qodef-elementor-content-no\" data-id=\"914130b\" data-element_type=\"section\">\n\t\t\t\t\t\t<div class=\"elementor-container elementor-column-gap-default\">\n\t\t\t\t\t<div class=\"elementor-column elementor-col-100 elementor-top-column elementor-element elementor-element-9d86a5c\" data-id=\"9d86a5c\" data-element_type=\"column\">\n\t\t\t<div class=\"elementor-widget-wrap elementor-element-populated\">\n\t\t\t\t\t\t<div class=\"elementor-element elementor-element-3df5310 elementor-widget elementor-widget-text-editor\" data-id=\"3df5310\" data-element_type=\"widget\" data-widget_type=\"text-editor.default\">\n\t\t\t\t<div class=\"elementor-widget-container\">\n\t\t\t<style>\/*! elementor - v3.21.0 - 08-05-2024 *\/\n.elementor-widget-text-editor.elementor-drop-cap-view-stacked .elementor-drop-cap{background-color:#69727d;color:#fff}.elementor-widget-text-editor.elementor-drop-cap-view-framed .elementor-drop-cap{color:#69727d;border:3px solid;background-color:transparent}.elementor-widget-text-editor:not(.elementor-drop-cap-view-default) .elementor-drop-cap{margin-top:8px}.elementor-widget-text-editor:not(.elementor-drop-cap-view-default) .elementor-drop-cap-letter{width:1em;height:1em}.elementor-widget-text-editor .elementor-drop-cap{float:left;text-align:center;line-height:1;font-size:50px}.elementor-widget-text-editor .elementor-drop-cap-letter{display:inline-block}<\/style>\t\t\t\t<div class=\"c-title-text__content\"><div class=\"c-title-text__text c-title-text__text--leftAlign \"><p><b>1 \u2013 OBJETO Y ACEPTACI\u00d3N<\/b><\/p><p>El presente Aviso Legal regula el acceso y el uso del sitio web\u00a0<a href=\"https:\/\/aurumbikes.com\/es\/\">https:\/\/aurumbikes.com\/es\/<\/a> (en adelante, la \u201c<b>P\u00e1gina web<\/b>\u201d). El titular de la P\u00e1gina web es Contador &amp; Basso Group, S.L., cuyo domicilio social se encuentra en Calle Milanos 8, 28320, Pinto, Madrid (Espa\u00f1a), con N.I.F. B-88553292, e inscrita en el Registro Mercantil de Madrid el 13 de enero de 2020, Tomo 39967, folio 50, hoja 709873, Inscripci\u00f3n 1.<\/p><p>Si quieres ponerte en contacto con nosotros, estaremos encantados de poder atenderte tanto en el correo electr\u00f3nico <a href=\"mailto:support@aurumbikes.com\">support@aurumbikes.com<\/a>, como en el tel\u00e9fono +34 910 42 19 59 o mediante el chat que puedes encontrar en la parte derecha de la P\u00e1gina web.<i>\u00a0<\/i><\/p><p>Para su utilizaci\u00f3n es necesario que hayas le\u00eddo y aceptes nuestro Aviso Legal. Si no estuvieses de acuerdo, deber\u00e1s abstenerte de su uso.<\/p><p><b>2 \u2013 DERECHOS DE PROPIEDAD INDUSTRIAL E INTELECTUAL<\/b><\/p><p>La P\u00e1gina web tiene por objeto, en general, facilitar al p\u00fablico el conocimiento de los productos ofertados por Contador &amp; Basso, y dentro del contenido de la P\u00e1gina web se incluye, a t\u00edtulo enunciativo pero no limitativo, su programaci\u00f3n, edici\u00f3n, compilaci\u00f3n y dem\u00e1s elementos necesarios para su funcionamiento, los dise\u00f1os, logotipos, texto y\/o gr\u00e1ficos, los cuales son propiedad de Contador &amp; Basso o, en caso de no serlo, dispone de licencia o autorizaci\u00f3n expresa por parte de los autores para su utilizaci\u00f3n. Independientemente de la finalidad para la que fueran destinados, la reproducci\u00f3n total o parcial, uso, explotaci\u00f3n, distribuci\u00f3n y comercializaci\u00f3n de cualquier contenido de la P\u00e1gina web requiere en todo caso de la autorizaci\u00f3n escrita previa por parte de Contador &amp; Basso. Cualquier uso no autorizado del contenido previamente especificado se considera un incumplimiento grave de los derechos de propiedad intelectual o industrial del titular de los derechos.<\/p><p>Los dise\u00f1os, logotipos, texto y\/o gr\u00e1ficos ajenos a Contador &amp; Basso y que pudieran aparecer en el sitio web, pertenecen a sus respectivos propietarios, siendo ellos mismos responsables de cualquier posible controversia que pudiera suscitarse respecto a los mismos.\u00a0 Contador &amp; Basso autoriza expresamente a que terceros puedan redirigir directamente a los contenidos concretos del sitio web, y en todo caso redirigir a su sitio web principal.<\/p><p>Contador &amp; Basso reconoce a favor de sus titulares los correspondientes derechos de propiedad intelectual e industrial, no implicando su sola menci\u00f3n o aparici\u00f3n en el sitio web la existencia de derechos o responsabilidad alguna sobre los mismos, como tampoco respaldo, patrocinio o recomendaci\u00f3n por parte del mismo.<\/p><p>Para realizar cualquier tipo de observaci\u00f3n respecto en relaci\u00f3n con posibles incumplimientos de los derechos de propiedad intelectual o industrial, as\u00ed como sobre cualquiera de los contenidos de la p\u00e1gina web, puede hacerlo a trav\u00e9s del correo electr\u00f3nico <a href=\"mailto:support@aurumbikes.com\">support@aurumbikes.com<\/a>.<b><\/b><\/p><p><b>3 \u2013 EXENCI\u00d3N DE RESPONSABILIDADES Y GARANT\u00cdAS<\/b><\/p><p>El contenido de la presente p\u00e1gina web se considera de car\u00e1cter general y tiene un objetivo meramente informativo, sin que se garantice el pleno acceso a la totalidad de los contenidos, ni su exhaustividad, correcci\u00f3n, vigencia o actualidad, ni su idoneidad o utilidad para un concreto fin.<\/p><p>Contador &amp; Basso se exime de cualquier tipo de responsabilidad derivada de la informaci\u00f3n publicada en su p\u00e1gina web siempre que esta informaci\u00f3n haya sido manipulada o introducida por un tercero ajeno a la misma.<\/p><p><b>Pol\u00edtica de enlaces\u00a0<\/b><\/p><p>Desde el sitio web, es posible que se redirija a contenidos de terceros sitios web. Dado que Contador &amp; Basso no puede controlar siempre los contenidos introducidos por los terceros en sus respectivos sitios web, no asume ning\u00fan tipo de responsabilidad respecto a dichos contenidos. En todo caso, proceder\u00e1 a la retirada inmediata de cualquier contenido que pudiera contravenir la legislaci\u00f3n nacional o internacional, la moral o el orden p\u00fablico, procediendo a la retirada inmediata de la redirecci\u00f3n a dicho sitio web, poniendo en conocimiento de las autoridades competentes el contenido en cuesti\u00f3n.<\/p><p>Contador &amp; Basso no se hace responsable de la informaci\u00f3n y contenidos almacenados, a t\u00edtulo enunciativo pero no limitativo, en foros, chats, generadores de blogs, comentarios, redes sociales o cualquier otro medio que permita a terceros publicar contenidos de forma independiente en la P\u00e1gina web de Contador &amp; Basso. Sin embargo, y en cumplimiento de lo dispuesto en los art\u00edculos 11 y 16 de la LSSI, se pone a disposici\u00f3n de todos los usuarios, autoridades y fuerzas de seguridad, colaborando de forma activa en la retirada o, en su caso, bloqueo de todos aquellos contenidos que puedan afectar o contravenir la legislaci\u00f3n nacional o internacional, los derechos de terceros o la moral y el orden p\u00fablico. En caso de que el usuario considere que existe en el sitio web alg\u00fan contenido que pudiera ser susceptible de esta clasificaci\u00f3n, se ruega lo notifique de forma inmediata al administrador del sitio web mediante el correo electr\u00f3nico <a href=\"mailto:support@aurumbikes.com\">support@aurumbikes.com<\/a>.<b><\/b><\/p><p><b>4 \u2013 LEY APLICABLE Y JURISDICCI\u00d3N<\/b><\/p><p>Esta p\u00e1gina web se encuentra sometida a la legislaci\u00f3n espa\u00f1ola y cualquier litigio o controversia surgida del uso de esta p\u00e1gina web se someter\u00e1 a la jurisdicci\u00f3n de los tribunales de la ciudad de Madrid (Espa\u00f1a). Esta cl\u00e1usula de sumisi\u00f3n expresa a los tribunales de la ciudad de Madrid no ser\u00e1 aplicable para los supuestos de litigio con los usuarios de la p\u00e1gina web que, seg\u00fan la legislaci\u00f3n vigente, ostenten la condici\u00f3n de consumidores, en cuyo caso ambas partes estar\u00e1n sometidos a la jurisdicci\u00f3n de los Juzgados y Tribunales de residencia del consumidor. As\u00ed mismo en estos casos, el prestador y el usuario podr\u00e1n someter sus conflictos a los arbitrajes previstos en la legislaci\u00f3n de arbitraje y de defensa de los consumidores y usuarios, y a los procedimientos de resoluci\u00f3n extrajudicial de conflictos que se instauren por medio de c\u00f3digos de conducta u otros instrumentos de autorregulaci\u00f3n.<\/p><p>\u00daltima modificaci\u00f3n en enero de 2024.<\/p><\/div><\/div>\t\t\t\t\t\t<\/div>\n\t\t\t\t<\/div>\n\t\t\t\t\t<\/div>\n\t\t<\/div>\n\t\t\t\t\t<\/div>\n\t\t<\/section>\n\t\t\t\t<\/div>\n\t\t","protected":false},"excerpt":{"rendered":"<p>1 \u2013 OBJETO Y ACEPTACI\u00d3N El presente Aviso Legal regula el acceso y el uso del sitio web\u00a0https:\/\/aurumbikes.com\/es\/ (en adelante, la \u201cP\u00e1gina web\u201d). El titular de la P\u00e1gina web es Contador &amp; Basso Group, S.L., cuyo domicilio social se encuentra en Calle Milanos 8, 28320, Pinto, Madrid (Espa\u00f1a), con N.I.F. B-88553292, e inscrita en el [&hellip;]<\/p>\n","protected":false},"author":1,"featured_media":0,"parent":0,"menu_order":0,"comment_status":"closed","ping_status":"closed","template":"","meta":{"footnotes":""},"yoast_head":"<!-- This site is optimized with the Yoast SEO plugin v22.6 - https:\/\/yoast.com\/wordpress\/plugins\/seo\/ -->\n<title>Aviso Legal - Aurum Bikes<\/title>\n<meta name=\"description\" content=\"1 \u2013 OBJETO Y ACEPTACI\u00d3NEl presente Aviso Legal regula el acceso y el uso del sitio web\u00a0https:\/\/aurumbikes.com\/es\/ (en adelante, la \u201cP\u00e1gina web\u201d). El\" \/>\n<meta name=\"robots\" content=\"index, follow, max-snippet:-1, max-image-preview:large, max-video-preview:-1\" \/>\n<link rel=\"canonical\" href=\"https:\/\/aurumbikes.com\/es\/aviso-legal\/\" \/>\n<meta property=\"og:locale\" content=\"es_ES\" \/>\n<meta property=\"og:type\" content=\"article\" \/>\n<meta property=\"og:title\" content=\"Aviso Legal - Aurum Bikes\" \/>\n<meta property=\"og:description\" content=\"1 \u2013 OBJETO Y ACEPTACI\u00d3NEl presente Aviso Legal regula el acceso y el uso del sitio web\u00a0https:\/\/aurumbikes.com\/es\/ (en adelante, la \u201cP\u00e1gina web\u201d). El\" \/>\n<meta property=\"og:url\" content=\"https:\/\/aurumbikes.com\/es\/aviso-legal\/\" \/>\n<meta property=\"og:site_name\" content=\"Aurum Bikes\" \/>\n<meta property=\"article:publisher\" content=\"https:\/\/www.facebook.com\/AURUMbikes\" \/>\n<meta property=\"article:modified_time\" content=\"2024-01-22T18:53:32+00:00\" \/>\n<meta name=\"twitter:card\" content=\"summary_large_image\" \/>\n<meta name=\"twitter:label1\" content=\"Tiempo de lectura\" \/>\n\t<meta name=\"twitter:data1\" content=\"5 minutos\" \/>\n<script type=\"application\/ld+json\" class=\"yoast-schema-graph\">{\"@context\":\"https:\/\/schema.org\",\"@graph\":[{\"@type\":\"WebPage\",\"@id\":\"https:\/\/aurumbikes.com\/es\/aviso-legal\/\",\"url\":\"https:\/\/aurumbikes.com\/es\/aviso-legal\/\",\"name\":\"Aviso Legal - Aurum Bikes\",\"isPartOf\":{\"@id\":\"https:\/\/aurumbikes.com\/es\/#website\"},\"datePublished\":\"2023-08-30T08:40:11+00:00\",\"dateModified\":\"2024-01-22T18:53:32+00:00\",\"description\":\"1 \u2013 OBJETO Y ACEPTACI\u00d3NEl presente Aviso Legal regula el acceso y el uso del sitio web\u00a0https:\/\/aurumbikes.com\/es\/ (en adelante, la \u201cP\u00e1gina web\u201d). El\",\"breadcrumb\":{\"@id\":\"https:\/\/aurumbikes.com\/es\/aviso-legal\/#breadcrumb\"},\"inLanguage\":\"es\",\"potentialAction\":[{\"@type\":\"ReadAction\",\"target\":[\"https:\/\/aurumbikes.com\/es\/aviso-legal\/\"]}]},{\"@type\":\"BreadcrumbList\",\"@id\":\"https:\/\/aurumbikes.com\/es\/aviso-legal\/#breadcrumb\",\"itemListElement\":[{\"@type\":\"ListItem\",\"position\":1,\"name\":\"Home\",\"item\":\"https:\/\/aurumbikes.com\/es\/\"},{\"@type\":\"ListItem\",\"position\":2,\"name\":\"Aviso Legal\"}]},{\"@type\":\"WebSite\",\"@id\":\"https:\/\/aurumbikes.com\/es\/#website\",\"url\":\"https:\/\/aurumbikes.com\/es\/\",\"name\":\"Aurum Bikes\",\"description\":\"Born From Experience\",\"potentialAction\":[{\"@type\":\"SearchAction\",\"target\":{\"@type\":\"EntryPoint\",\"urlTemplate\":\"https:\/\/aurumbikes.com\/es\/?s={search_term_string}\"},\"query-input\":\"required name=search_term_string\"}],\"inLanguage\":\"es\"}]}<\/script>\n<!-- \/ Yoast SEO plugin. -->","yoast_head_json":{"title":"Aviso Legal - Aurum Bikes","description":"1 \u2013 OBJETO Y ACEPTACI\u00d3NEl presente Aviso Legal regula el acceso y el uso del sitio web\u00a0https:\/\/aurumbikes.com\/es\/ (en adelante, la \u201cP\u00e1gina web\u201d). El","robots":{"index":"index","follow":"follow","max-snippet":"max-snippet:-1","max-image-preview":"max-image-preview:large","max-video-preview":"max-video-preview:-1"},"canonical":"https:\/\/aurumbikes.com\/es\/aviso-legal\/","og_locale":"es_ES","og_type":"article","og_title":"Aviso Legal - Aurum Bikes","og_description":"1 \u2013 OBJETO Y ACEPTACI\u00d3NEl presente Aviso Legal regula el acceso y el uso del sitio web\u00a0https:\/\/aurumbikes.com\/es\/ (en adelante, la \u201cP\u00e1gina web\u201d). El","og_url":"https:\/\/aurumbikes.com\/es\/aviso-legal\/","og_site_name":"Aurum Bikes","article_publisher":"https:\/\/www.facebook.com\/AURUMbikes","article_modified_time":"2024-01-22T18:53:32+00:00","twitter_card":"summary_large_image","twitter_misc":{"Tiempo de lectura":"5 minutos"},"schema":{"@context":"https:\/\/schema.org","@graph":[{"@type":"WebPage","@id":"https:\/\/aurumbikes.com\/es\/aviso-legal\/","url":"https:\/\/aurumbikes.com\/es\/aviso-legal\/","name":"Aviso Legal - Aurum Bikes","isPartOf":{"@id":"https:\/\/aurumbikes.com\/es\/#website"},"datePublished":"2023-08-30T08:40:11+00:00","dateModified":"2024-01-22T18:53:32+00:00","description":"1 \u2013 OBJETO Y ACEPTACI\u00d3NEl presente Aviso Legal regula el acceso y el uso del sitio web\u00a0https:\/\/aurumbikes.com\/es\/ (en adelante, la \u201cP\u00e1gina web\u201d). El","breadcrumb":{"@id":"https:\/\/aurumbikes.com\/es\/aviso-legal\/#breadcrumb"},"inLanguage":"es","potentialAction":[{"@type":"ReadAction","target":["https:\/\/aurumbikes.com\/es\/aviso-legal\/"]}]},{"@type":"BreadcrumbList","@id":"https:\/\/aurumbikes.com\/es\/aviso-legal\/#breadcrumb","itemListElement":[{"@type":"ListItem","position":1,"name":"Home","item":"https:\/\/aurumbikes.com\/es\/"},{"@type":"ListItem","position":2,"name":"Aviso Legal"}]},{"@type":"WebSite","@id":"https:\/\/aurumbikes.com\/es\/#website","url":"https:\/\/aurumbikes.com\/es\/","name":"Aurum Bikes","description":"Born From Experience","potentialAction":[{"@type":"SearchAction","target":{"@type":"EntryPoint","urlTemplate":"https:\/\/aurumbikes.com\/es\/?s={search_term_string}"},"query-input":"required name=search_term_string"}],"inLanguage":"es"}]}},"_links":{"self":[{"href":"https:\/\/aurumbikes.com\/es\/wp-json\/wp\/v2\/pages\/21682"}],"collection":[{"href":"https:\/\/aurumbikes.com\/es\/wp-json\/wp\/v2\/pages"}],"about":[{"href":"https:\/\/aurumbikes.com\/es\/wp-json\/wp\/v2\/types\/page"}],"author":[{"embeddable":true,"href":"https:\/\/aurumbikes.com\/es\/wp-json\/wp\/v2\/users\/1"}],"replies":[{"embeddable":true,"href":"https:\/\/aurumbikes.com\/es\/wp-json\/wp\/v2\/comments?post=21682"}],"version-history":[{"count":7,"href":"https:\/\/aurumbikes.com\/es\/wp-json\/wp\/v2\/pages\/21682\/revisions"}],"predecessor-version":[{"id":22682,"href":"https:\/\/aurumbikes.com\/es\/wp-json\/wp\/v2\/pages\/21682\/revisions\/22682"}],"wp:attachment":[{"href":"https:\/\/aurumbikes.com\/es\/wp-json\/wp\/v2\/media?parent=21682"}],"curies":[{"name":"wp","href":"https:\/\/api.w.org\/{rel}","templated":true}]}}