{"id":21692,"date":"2023-08-30T08:16:44","date_gmt":"2023-08-30T08:16:44","guid":{"rendered":"https:\/\/aurumbikes.com\/privacy-policy\/"},"modified":"2025-04-22T17:52:03","modified_gmt":"2025-04-22T17:52:03","slug":"politica-de-privacidad","status":"publish","type":"page","link":"https:\/\/aurumbikes.com\/es\/politica-de-privacidad\/","title":{"rendered":"Pol\u00edtica de Privacidad"},"content":{"rendered":"\t\t<div data-elementor-type=\"wp-page\" data-elementor-id=\"21692\" class=\"elementor elementor-21692 elementor-13877\" data-elementor-post-type=\"page\">\n\t\t\t\t\t\t<section class=\"elementor-section elementor-top-section elementor-element elementor-element-914130b elementor-section-boxed elementor-section-height-default elementor-section-height-default qodef-elementor-content-no\" data-id=\"914130b\" data-element_type=\"section\">\n\t\t\t\t\t\t<div class=\"elementor-container elementor-column-gap-default\">\n\t\t\t\t\t<div class=\"elementor-column elementor-col-100 elementor-top-column elementor-element elementor-element-9d86a5c\" data-id=\"9d86a5c\" data-element_type=\"column\">\n\t\t\t<div class=\"elementor-widget-wrap elementor-element-populated\">\n\t\t\t\t\t\t<div class=\"elementor-element elementor-element-3df5310 elementor-widget elementor-widget-text-editor\" data-id=\"3df5310\" data-element_type=\"widget\" data-widget_type=\"text-editor.default\">\n\t\t\t\t<div class=\"elementor-widget-container\">\n\t\t\t<style>\/*! elementor - v3.21.0 - 08-05-2024 *\/\n.elementor-widget-text-editor.elementor-drop-cap-view-stacked .elementor-drop-cap{background-color:#69727d;color:#fff}.elementor-widget-text-editor.elementor-drop-cap-view-framed .elementor-drop-cap{color:#69727d;border:3px solid;background-color:transparent}.elementor-widget-text-editor:not(.elementor-drop-cap-view-default) .elementor-drop-cap{margin-top:8px}.elementor-widget-text-editor:not(.elementor-drop-cap-view-default) .elementor-drop-cap-letter{width:1em;height:1em}.elementor-widget-text-editor .elementor-drop-cap{float:left;text-align:center;line-height:1;font-size:50px}.elementor-widget-text-editor .elementor-drop-cap-letter{display:inline-block}<\/style>\t\t\t\t<p>Contador &amp; Basso Group, S.L. (en adelante, el \u201c<strong>Responsable<\/strong>\u201d o \u201c<strong>AURUM<\/strong>\u201d) queremos darle todos los detalles sobre c\u00f3mo tratamos los datos personales que nos facilita al interactuar con nosotros. As\u00ed, esta pol\u00edtica de privacidad se aplica a todas las personas que nos facilitan o nos han facilitado datos de car\u00e1cter personal por cualquier medio, espec\u00edficamente donde exista una referencia a esta pol\u00edtica, incluyendo en un formulario, esta misma p\u00e1gina web, etc.<\/p><p>A continuaci\u00f3n, le informamos sobre nuestra Pol\u00edtica de Privacidad, teniendo en cuenta que para nosotros, la garant\u00eda de la privacidad de los datos personales de los clientes y usuarios de nuestros servicios es un valor esencial. Siguiendo lo dispuesto tanto por el REGLAMENTO (UE) 2016\/679 DEL PARLAMENTO EUROPEO Y DEL CONSEJO de 27 de abril de 2016 relativo a la protecci\u00f3n de las personas f\u00edsicas en lo que respecta al tratamiento de datos personales y a la libre circulaci\u00f3n de estos datos y por el que se deroga la Directiva 95\/46\/CE (Reglamento general de protecci\u00f3n de datos) como por la Ley Org\u00e1nica 3\/2018, de 5 de diciembre, de Protecci\u00f3n de Datos Personales y garant\u00eda de los derechos digitales, esta es la informaci\u00f3n detallada sobre el tratamiento de sus datos personales:<\/p><ol><li><strong>Identidad del responsable del tratamiento<\/strong><\/li><\/ol><ul><li>Nombre: Contador &amp; Basso Group, S.L.<\/li><li>Domicilio social: Calle Milanos 8 \u2013 28320, Pinto, Madrid.<\/li><li>NIF: B-88553292<\/li><li>Email de contacto: <a href=\"mailto:lpd@aurumbikes.com\">lpd@aurumbikes.com<\/a><\/li><\/ul><p>\u00a0<\/p><ol start=\"2\"><li><strong>Finalidades del tratamiento <\/strong><\/li><\/ol><p>A continuaci\u00f3n, le indicamos las finalidades para las cuales podr\u00e1n tratarse sus datos personales:<\/p><ul><li>Formalizar y mantener la relaci\u00f3n comercial con nuestros clientes y usuarios para la prestaci\u00f3n de nuestros servicios y la venta de nuestros productos.<\/li><\/ul><ul><li>Gesti\u00f3n de las consultas y solicitudes de informaci\u00f3n planteadas a trav\u00e9s de los formularios establecidos a tal efecto o los medios de contacto de la p\u00e1gina web.<\/li><\/ul><ul><li>La gesti\u00f3n, administraci\u00f3n, prestaci\u00f3n y mejora de nuestros servicios, as\u00ed como el mantenimiento y mejora de nuestra p\u00e1gina web.<\/li><li>El env\u00edo de newsletters por parte de AURUM o las empresas relacionadas con nosotros, relativas a informaci\u00f3n sobre nuestras novedades o servicios, o los de las empresas pertenecientes a nuestro entorno.<\/li><li>Comunicaci\u00f3n con fines meramente administrativos o de organizaci\u00f3n interna con el resto de empresas de nuestro entorno. A efectos aclaratorios, dichas empresas podr\u00e1n ser: Hayf Sports, S.L., el Club Deportivo Ciclista Alberto Contador, la Fundaci\u00f3n Alberto Contador, SCIO Procycling, S.L., as\u00ed como cualesquiera otras entidades participadas mayoritariamente por estas.<\/li><\/ul><ol start=\"3\"><li><strong>Base legitimadora del tratamiento<\/strong><\/li><\/ol><p>La base legitimadora del tratamiento de sus datos depender\u00e1 de la finalidad para la cual se est\u00e9n tratando los datos personales:<\/p><ol><li>Con respecto a la formalizaci\u00f3n y mantenimiento de nuestra relaci\u00f3n contractual o comercial, la base legitimadora del tratamiento de los datos ser\u00e1 la necesidad de tratarlos en cumplimiento de un contrato, o para la aplicaci\u00f3n de medidas precontractuales (art. 6.1.b) RGPD).<\/li><li>Para el resto de los casos, trataremos sus datos personales si nos ha dado su consentimiento de manera expresa, libre e inequ\u00edvoca para usar sus datos de una forma determinada, marcando expresamente una casilla de consentimiento al completar un formulario, de conformidad por lo establecido en el art\u00edculo 6.1.a) RGPD.<\/li><li>Por el inter\u00e9s leg\u00edtimo de AURUM, en relaci\u00f3n con la comunicaci\u00f3n al resto de empresas de su entorno con fines meramente administrativos, de gesti\u00f3n interna y financiera, de acuerdo con lo establecido en los art\u00edculos 6.1.f) RGPD y 19 LOPDGDD.<\/li><\/ol><p>Los datos que solicitamos son adecuados, pertinentes y estrictamente necesarios para llevar a cabo las finalidades descritas. Por su parte, debe garantizar la autenticidad, exactitud y veracidad de toda la informaci\u00f3n que nos facilite, comprometi\u00e9ndose a mantener actualizados los datos de forma que los mismos respondan, en todo momento, a su situaci\u00f3n real.<\/p><ol start=\"4\"><li><strong>\u00bfA qui\u00e9n comunicamos tus datos?<\/strong><\/li><\/ol><p>Sus datos personales podr\u00e1n ser cedidos a las autoridades p\u00fablicas en caso de que debamos cumplir con una obligaci\u00f3n legal o recibamos un requerimiento por parte de dichas autoridades.<\/p><p>Por otro lado, es posible que el proveedor que gestiona nuestra p\u00e1gina web acceda en alg\u00fan momento a la informaci\u00f3n extra\u00edda a ra\u00edz de su navegaci\u00f3n por la misma, cuando esto sea necesario para la prestaci\u00f3n de sus servicios y el mantenimiento o mejora de la misma.<\/p><p>Por otro lado, podremos comunicarlos a las empresas relacionadas con nosotros anteriormente indicadas para el control y gesti\u00f3n administrativa y financiera de AURUM y el resto de las entidades asociadas, o para el env\u00edo de newsletters en caso de que as\u00ed se consienta expresamente.<\/p><p>En relaci\u00f3n con la compra de nuestros productos, necesariamente deber\u00e1n producirse una serie de comunicaciones de sus datos personales:<\/p><ul><li>En primer lugar, tus datos se comunicar\u00e1n a la entidad a trav\u00e9s de la cual se gestione el pago:<ul><li>En caso de que se realice mediante transferencia bancaria, el banco mediante el cual se ingrese el dinero, en caso de estar este en un tercer pa\u00eds fuera de la Uni\u00f3n Europea, deber\u00e1 comunicar sus datos al banco mediante el cual opera AURUM para hacer efectivo el pago.<\/li><li>Los datos se comunicar\u00e1n, adem\u00e1s, asimismo, a PayPal en caso de realizarse el pago mediante este sistema.<\/li><li>Se comunicar\u00e1n asimismo al Grupo Santander, de forma necesaria para permitir el pago a trav\u00e9s de la plataforma Redsys, en caso de realizarse mediante tarjeta de cr\u00e9dito \/ d\u00e9bito.<\/li><li>Por \u00faltimo, en caso de financiarse el pago con el Banco Cetelem, sus datos deber\u00e1n comunicarse asimismo a esta entidad, de forma necesaria para permitir la financiaci\u00f3n del pago.<\/li><\/ul><\/li><li>Por otro lado, comunicaremos sus datos a las entidades que se encarguen de la mensajer\u00eda, el env\u00edo y la log\u00edstica de nuestros productos, para que pueda recibir el producto en la direcci\u00f3n donde nos indique.<\/li><\/ul><p>Asimismo, le informamos que las anteriores comunicaciones de datos pueden implicar la transferencia de datos a terceros pa\u00edses, que ofrezcan o no una garant\u00eda de protecci\u00f3n equivalente a la garantizada por nosotros. Sin embargo, queremos comunicarle que hemos firmado con todos estos terceros el correspondiente documento regulador de este acceso a datos, que regula la toma de medidas de seguridad suficientes para garantizar su derecho a la protecci\u00f3n de datos personales. En cualquier caso, quedamos a su disposici\u00f3n para aclarar cualquier duda con respecto al tratamiento de sus datos por nosotros o por estos terceros.\u00a0<\/p><ol start=\"5\"><li><strong>\u00bfDurante cu\u00e1nto tiempo conservaremos sus datos?<\/strong><\/li><\/ol><p>Conservaremos los datos el tiempo que sea necesario para cumplir con la finalidad para la que fueron recabados, para garantizar la prestaci\u00f3n del servicio y cumplir con nuestras obligaciones legales, o hasta que retire su consentimiento. Una vez eliminados mediante las correspondientes medidas de seguridad adecuadas, los mantendremos debidamente bloqueados durante el tiempo indispensable para poder responder a futuras posibles reclamaciones y defender nuestros intereses.<\/p><p>Puede solicitar la baja de la newsletter, en caso de que se haya inscrito a ella, en cualquier momento a trav\u00e9s del link establecido a tal efecto en la propia newsletter, o remiti\u00e9ndose a la direcci\u00f3n de email\u00a0<a href=\"mailto:lpd@aurumbikes.com\">lpd@aurumbikes.com<\/a>.<\/p><ol start=\"6\"><li><strong>\u00bfC\u00f3mo custodiamos tus datos?<\/strong><\/li><\/ol><p>En cumplimiento de nuestra obligaci\u00f3n de guardar secreto respecto de los datos de car\u00e1cter personal recogidos, as\u00ed como de nuestro deber de custodiarlos, nos comprometemos a adoptar las medidas de seguridad necesarias para evitar su modificaci\u00f3n, alteraci\u00f3n, p\u00e9rdida, tratamiento o acceso no autorizado, de acuerdo con lo establecido en el RGPD.<\/p><p>AURUM garantiza que ha implementado pol\u00edticas t\u00e9cnicas y organizativas apropiadas para aplicar las medidas de seguridad que establecen el RGPD y la LOPDGDD con el fin de proteger los derechos y libertades de los usuarios y les ha comunicado la informaci\u00f3n adecuada para que puedan ejercerlos.<\/p><p>En AURUM reconocemos y nos tomamos muy en serio nuestra responsabilidad a la hora de proteger sus datos personales. Es por ello que mantenemos los niveles de seguridad de protecci\u00f3n de datos personales conforme al RGPD y hemos establecido todos los medios t\u00e9cnicos a nuestro alcance para evitar la p\u00e9rdida, mal uso, alteraci\u00f3n, acceso no autorizado y robo de los datos que nos ha facilitado, sin perjuicio de informarle de que las medidas de seguridad en Internet no son 100% inexpugnables.<\/p><ol start=\"7\"><li><strong>C\u00f3mo puede gestionar el tratamiento de sus datos?<\/strong><\/li><\/ol><p>De nuevo le recordamos que podr\u00e1 ejercitar sus derechos de acceso, rectificaci\u00f3n, supresi\u00f3n y oposici\u00f3n, as\u00ed como los de limitaci\u00f3n y portabilidad, en la direcci\u00f3n de correo electr\u00f3nico\u00a0<a href=\"mailto:lpd@aurumbikes.com\">lpd@aurumbikes.com<\/a>, indic\u00e1ndonos qu\u00e9 actuaci\u00f3n por nuestra parte solicita.<\/p><p>El ejercicio de todos estos derechos es gratuito y, en aras a la mayor transparencia, le facilitamos m\u00e1s informaci\u00f3n sobre estos derechos:<\/p><table width=\"586\"><tbody><tr><td width=\"104\"><p><strong>Derecho<\/strong><\/p><\/td><td width=\"482\"><p><strong>Contenido<\/strong><\/p><\/td><\/tr><tr><td width=\"104\"><p><strong>Acceso<\/strong><\/p><\/td><td width=\"482\"><p>Puede solicitar informaci\u00f3n sobre qu\u00e9 datos tratamos suyos, refiri\u00e9ndose a la totalidad de la informaci\u00f3n o a datos concretos.<\/p><\/td><\/tr><tr><td width=\"104\"><p><strong>Rectificaci\u00f3n<\/strong><\/p><\/td><td width=\"482\"><p>Modificaci\u00f3n de los datos personales proporcionados en cualquier momento, con la finalidad de mantenerlos correctamente actualizados.<\/p><\/td><\/tr><tr><td width=\"104\"><p><strong>Supresi\u00f3n<\/strong><\/p><\/td><td width=\"482\"><p>Puede solicitar la supresi\u00f3n de los datos personales, que adem\u00e1s se eliminar\u00e1n en caso de que ya no sean necesarios para la finalidad para la que se recogieron. Todo ello, excepto si son necesarios para el cumplimiento de una obligaci\u00f3n legal, inter\u00e9s p\u00fablico, o para el ejercicio o defensa de posibles reclamaciones.<\/p><p>La consecuencia de la supresi\u00f3n de los datos ser\u00e1 la imposibilidad de la correcta prestaci\u00f3n de los servicios por parte de AURUM.<\/p><\/td><\/tr><tr><td width=\"104\"><p><strong>Oposici\u00f3n<\/strong><\/p><\/td><td width=\"482\"><p>En determinadas circunstancias y por motivos relacionados con su situaci\u00f3n particular, puede oponerse al tratamiento de sus datos. AURUM dejar\u00e1 de tratar esta informaci\u00f3n, salvo que prevalezcan intereses leg\u00edtimos imperiosos, por el ejercicio o la defensa de posibles reclamaciones, o para cumplir con nuestras obligaciones legales.<\/p><\/td><\/tr><tr><td width=\"104\"><p><strong>Limitaci\u00f3n del tratamiento<\/strong><\/p><\/td><td width=\"482\"><p>En determinadas circunstancias puede solicitar la limitaci\u00f3n del tratamiento de sus datos, en cuyo caso \u00fanicamente los conservaremos para cumplir con nuestras obligaciones legales.<\/p><\/td><\/tr><tr><td width=\"104\"><p><strong>Portabilidad<\/strong><\/p><\/td><td width=\"482\"><p>En caso de aplicaci\u00f3n, puede recibir, en formato electr\u00f3nico, los datos personales que nos haya facilitado para d\u00e1rselos a otro Responsable.<\/p><\/td><\/tr><tr><td width=\"104\"><p><strong>Retirada del consentimiento<\/strong><\/p><\/td><td width=\"482\"><p>En cualquier momento puede retirar el consentimiento prestado sin que ello afecte a la licitud del tratamiento. Si solicita la retirada del consentimiento para el tratamiento de sus datos dejaremos de procesar los mismos, pero tenga en cuenta que no podremos seguir prest\u00e1ndole servicios y que, en determinados casos en los que tengamos la base legal correspondiente, seguiremos procesando su informaci\u00f3n despu\u00e9s de que haya retirado su consentimiento y solicitado la eliminaci\u00f3n de su informaci\u00f3n.<\/p><\/td><\/tr><\/tbody><\/table><p>Asimismo, puede ejercer sus derechos ante las entidades que reciban sus datos personales de las que le hemos informado previamente, comunic\u00e1ndose directamente con esas entidades.<\/p><p>Igualmente le informamos de que tiene derecho a presentar una reclamaci\u00f3n en la Agencia Espa\u00f1ola de Protecci\u00f3n de Datos\u00a0<a href=\"http:\/\/www.aepd.es\/\">www.aepd.es<\/a>, aunque por nuestro fuerte compromiso con la privacidad le invitamos a que se dirija directamente a nosotros para solucionar cualquier cuesti\u00f3n relacionada con sus datos personales; estaremos encantados de poder ayudarle.\u00a0<\/p><ol start=\"8\"><li><strong>Modificaci\u00f3n de la presente pol\u00edtica de datos de car\u00e1cter personal<\/strong><\/li><\/ol><p>AURUM se reserva el derecho a modificar la presente pol\u00edtica para adaptarla a futuras novedades legislativas o jurisprudenciales, as\u00ed como a pr\u00e1cticas de la industria, informando previamente a los usuarios a trav\u00e9s de nuestra web. Le recomendamos que consulte esta p\u00e1gina con cierta frecuencia para revisar la versi\u00f3n m\u00e1s reciente. En la parte superior de este documento le indicamos la fecha de la \u00faltima actualizaci\u00f3n.<\/p><p>El nuevo aviso de privacidad ser\u00e1 efectivo desde el momento de su publicaci\u00f3n. Si no acepta las modificaciones del nuevo aviso, podr\u00e1 ejercer cualquiera de sus derechos o dejar de utilizar nuestro servicio. Si contin\u00faa accediendo o utilizando nuestros servicios despu\u00e9s de la entrada en vigor de dichas modificaciones, acepta estar sujeto a las nuevas pol\u00edticas de privacidad.<\/p><p>En ning\u00fan caso dichas modificaciones afectar\u00e1n a la elecci\u00f3n que hubiera formulado en lo que respecta al modo en que AURUM puede tratar sus datos personales. Si en alg\u00fan momento quisi\u00e9ramos utilizar sus datos para una finalidad distinta a la establecida en el momento de la recogida, se lo notificaremos por correo electr\u00f3nico, solicitando su consentimiento para ello.<\/p><p>Asimismo, AURUM se reserva el derecho a la rescisi\u00f3n de los servicios que presta en aquellos usuarios que no cumplan con los t\u00e9rminos y condiciones legales de uso, as\u00ed como con la legislaci\u00f3n vigente.<\/p><p>\u00daltima modificaci\u00f3n en abril de 2025.<\/p>\t\t\t\t\t\t<\/div>\n\t\t\t\t<\/div>\n\t\t\t\t\t<\/div>\n\t\t<\/div>\n\t\t\t\t\t<\/div>\n\t\t<\/section>\n\t\t\t\t<\/div>\n\t\t","protected":false},"excerpt":{"rendered":"<p>Contador &amp; Basso Group, S.L. (en adelante, el \u201cResponsable\u201d o \u201cAURUM\u201d) queremos darle todos los detalles sobre c\u00f3mo tratamos los datos personales que nos facilita al interactuar con nosotros. As\u00ed, esta pol\u00edtica de privacidad se aplica a todas las personas que nos facilitan o nos han facilitado datos de car\u00e1cter personal por cualquier medio, espec\u00edficamente [&hellip;]<\/p>\n","protected":false},"author":1,"featured_media":0,"parent":0,"menu_order":0,"comment_status":"closed","ping_status":"closed","template":"","meta":{"footnotes":""},"yoast_head":"<!-- This site is optimized with the Yoast SEO plugin v22.6 - https:\/\/yoast.com\/wordpress\/plugins\/seo\/ -->\n<title>Pol\u00edtica de Privacidad - Aurum Bikes<\/title>\n<meta name=\"description\" content=\"Contador &amp; Basso Group, S.L. (en adelante, el \u201cResponsable\u201d o \u201cAURUM\u201d) queremos darle todos los detalles sobre c\u00f3mo tratamos los datos personales que\" \/>\n<meta name=\"robots\" content=\"index, follow, max-snippet:-1, max-image-preview:large, max-video-preview:-1\" \/>\n<link rel=\"canonical\" href=\"https:\/\/aurumbikes.com\/es\/politica-de-privacidad\/\" \/>\n<meta property=\"og:locale\" content=\"es_ES\" \/>\n<meta property=\"og:type\" content=\"article\" \/>\n<meta property=\"og:title\" content=\"Pol\u00edtica de Privacidad - Aurum Bikes\" \/>\n<meta property=\"og:description\" content=\"Contador &amp; Basso Group, S.L. (en adelante, el \u201cResponsable\u201d o \u201cAURUM\u201d) queremos darle todos los detalles sobre c\u00f3mo tratamos los datos personales que\" \/>\n<meta property=\"og:url\" content=\"https:\/\/aurumbikes.com\/es\/politica-de-privacidad\/\" \/>\n<meta property=\"og:site_name\" content=\"Aurum Bikes\" \/>\n<meta property=\"article:publisher\" content=\"https:\/\/www.facebook.com\/AURUMbikes\" \/>\n<meta property=\"article:modified_time\" content=\"2025-04-22T17:52:03+00:00\" \/>\n<meta name=\"twitter:card\" content=\"summary_large_image\" \/>\n<meta name=\"twitter:label1\" content=\"Tiempo de lectura\" \/>\n\t<meta name=\"twitter:data1\" content=\"10 minutos\" \/>\n<script type=\"application\/ld+json\" class=\"yoast-schema-graph\">{\"@context\":\"https:\/\/schema.org\",\"@graph\":[{\"@type\":\"WebPage\",\"@id\":\"https:\/\/aurumbikes.com\/es\/politica-de-privacidad\/\",\"url\":\"https:\/\/aurumbikes.com\/es\/politica-de-privacidad\/\",\"name\":\"Pol\u00edtica de Privacidad - Aurum Bikes\",\"isPartOf\":{\"@id\":\"https:\/\/aurumbikes.com\/es\/#website\"},\"datePublished\":\"2023-08-30T08:16:44+00:00\",\"dateModified\":\"2025-04-22T17:52:03+00:00\",\"description\":\"Contador &amp; Basso Group, S.L. (en adelante, el \u201cResponsable\u201d o \u201cAURUM\u201d) queremos darle todos los detalles sobre c\u00f3mo tratamos los datos personales que\",\"breadcrumb\":{\"@id\":\"https:\/\/aurumbikes.com\/es\/politica-de-privacidad\/#breadcrumb\"},\"inLanguage\":\"es\",\"potentialAction\":[{\"@type\":\"ReadAction\",\"target\":[\"https:\/\/aurumbikes.com\/es\/politica-de-privacidad\/\"]}]},{\"@type\":\"BreadcrumbList\",\"@id\":\"https:\/\/aurumbikes.com\/es\/politica-de-privacidad\/#breadcrumb\",\"itemListElement\":[{\"@type\":\"ListItem\",\"position\":1,\"name\":\"Home\",\"item\":\"https:\/\/aurumbikes.com\/es\/\"},{\"@type\":\"ListItem\",\"position\":2,\"name\":\"Pol\u00edtica de Privacidad\"}]},{\"@type\":\"WebSite\",\"@id\":\"https:\/\/aurumbikes.com\/es\/#website\",\"url\":\"https:\/\/aurumbikes.com\/es\/\",\"name\":\"Aurum Bikes\",\"description\":\"Born From Experience\",\"potentialAction\":[{\"@type\":\"SearchAction\",\"target\":{\"@type\":\"EntryPoint\",\"urlTemplate\":\"https:\/\/aurumbikes.com\/es\/?s={search_term_string}\"},\"query-input\":\"required name=search_term_string\"}],\"inLanguage\":\"es\"}]}<\/script>\n<!-- \/ Yoast SEO plugin. -->","yoast_head_json":{"title":"Pol\u00edtica de Privacidad - Aurum Bikes","description":"Contador &amp; Basso Group, S.L. (en adelante, el \u201cResponsable\u201d o \u201cAURUM\u201d) queremos darle todos los detalles sobre c\u00f3mo tratamos los datos personales que","robots":{"index":"index","follow":"follow","max-snippet":"max-snippet:-1","max-image-preview":"max-image-preview:large","max-video-preview":"max-video-preview:-1"},"canonical":"https:\/\/aurumbikes.com\/es\/politica-de-privacidad\/","og_locale":"es_ES","og_type":"article","og_title":"Pol\u00edtica de Privacidad - Aurum Bikes","og_description":"Contador &amp; Basso Group, S.L. (en adelante, el \u201cResponsable\u201d o \u201cAURUM\u201d) queremos darle todos los detalles sobre c\u00f3mo tratamos los datos personales que","og_url":"https:\/\/aurumbikes.com\/es\/politica-de-privacidad\/","og_site_name":"Aurum Bikes","article_publisher":"https:\/\/www.facebook.com\/AURUMbikes","article_modified_time":"2025-04-22T17:52:03+00:00","twitter_card":"summary_large_image","twitter_misc":{"Tiempo de lectura":"10 minutos"},"schema":{"@context":"https:\/\/schema.org","@graph":[{"@type":"WebPage","@id":"https:\/\/aurumbikes.com\/es\/politica-de-privacidad\/","url":"https:\/\/aurumbikes.com\/es\/politica-de-privacidad\/","name":"Pol\u00edtica de Privacidad - Aurum Bikes","isPartOf":{"@id":"https:\/\/aurumbikes.com\/es\/#website"},"datePublished":"2023-08-30T08:16:44+00:00","dateModified":"2025-04-22T17:52:03+00:00","description":"Contador &amp; Basso Group, S.L. (en adelante, el \u201cResponsable\u201d o \u201cAURUM\u201d) queremos darle todos los detalles sobre c\u00f3mo tratamos los datos personales que","breadcrumb":{"@id":"https:\/\/aurumbikes.com\/es\/politica-de-privacidad\/#breadcrumb"},"inLanguage":"es","potentialAction":[{"@type":"ReadAction","target":["https:\/\/aurumbikes.com\/es\/politica-de-privacidad\/"]}]},{"@type":"BreadcrumbList","@id":"https:\/\/aurumbikes.com\/es\/politica-de-privacidad\/#breadcrumb","itemListElement":[{"@type":"ListItem","position":1,"name":"Home","item":"https:\/\/aurumbikes.com\/es\/"},{"@type":"ListItem","position":2,"name":"Pol\u00edtica de Privacidad"}]},{"@type":"WebSite","@id":"https:\/\/aurumbikes.com\/es\/#website","url":"https:\/\/aurumbikes.com\/es\/","name":"Aurum Bikes","description":"Born From Experience","potentialAction":[{"@type":"SearchAction","target":{"@type":"EntryPoint","urlTemplate":"https:\/\/aurumbikes.com\/es\/?s={search_term_string}"},"query-input":"required name=search_term_string"}],"inLanguage":"es"}]}},"_links":{"self":[{"href":"https:\/\/aurumbikes.com\/es\/wp-json\/wp\/v2\/pages\/21692"}],"collection":[{"href":"https:\/\/aurumbikes.com\/es\/wp-json\/wp\/v2\/pages"}],"about":[{"href":"https:\/\/aurumbikes.com\/es\/wp-json\/wp\/v2\/types\/page"}],"author":[{"embeddable":true,"href":"https:\/\/aurumbikes.com\/es\/wp-json\/wp\/v2\/users\/1"}],"replies":[{"embeddable":true,"href":"https:\/\/aurumbikes.com\/es\/wp-json\/wp\/v2\/comments?post=21692"}],"version-history":[{"count":7,"href":"https:\/\/aurumbikes.com\/es\/wp-json\/wp\/v2\/pages\/21692\/revisions"}],"predecessor-version":[{"id":82180,"href":"https:\/\/aurumbikes.com\/es\/wp-json\/wp\/v2\/pages\/21692\/revisions\/82180"}],"wp:attachment":[{"href":"https:\/\/aurumbikes.com\/es\/wp-json\/wp\/v2\/media?parent=21692"}],"curies":[{"name":"wp","href":"https:\/\/api.w.org\/{rel}","templated":true}]}}