{"id":36044,"date":"2024-04-17T09:56:57","date_gmt":"2024-04-17T09:56:57","guid":{"rendered":"https:\/\/aurumbikes.com\/?page_id=36044"},"modified":"2024-04-17T15:08:40","modified_gmt":"2024-04-17T15:08:40","slug":"land-of-inspiration","status":"publish","type":"page","link":"https:\/\/aurumbikes.com\/es\/land-of-inspiration\/","title":{"rendered":"Land of Inspiration"},"content":{"rendered":"\t\t<div data-elementor-type=\"wp-page\" data-elementor-id=\"36044\" class=\"elementor elementor-36044\" data-elementor-post-type=\"page\">\n\t\t\t\t<div class=\"elementor-element elementor-element-4df00e8 e-flex e-con-boxed e-con e-parent\" data-id=\"4df00e8\" data-element_type=\"container\" data-settings=\"{&quot;background_background&quot;:&quot;classic&quot;}\">\n\t\t\t\t\t<div class=\"e-con-inner\">\n\t\t<div class=\"elementor-element elementor-element-1d91807 e-con-full e-flex e-con e-child\" data-id=\"1d91807\" data-element_type=\"container\">\n\t\t\t\t<div class=\"elementor-element elementor-element-b75764b elementor-widget elementor-widget-image\" data-id=\"b75764b\" data-element_type=\"widget\" data-widget_type=\"image.default\">\n\t\t\t\t<div class=\"elementor-widget-container\">\n\t\t\t<style>\/*! elementor - v3.21.0 - 08-05-2024 *\/\n.elementor-widget-image{text-align:center}.elementor-widget-image a{display:inline-block}.elementor-widget-image a img[src$=\".svg\"]{width:48px}.elementor-widget-image img{vertical-align:middle;display:inline-block}<\/style>\t\t\t\t\t\t\t\t\t\t<img fetchpriority=\"high\" decoding=\"async\" width=\"1536\" height=\"394\" src=\"https:\/\/aurumbikes.com\/wp-content\/uploads\/2024\/04\/logo-land-of-inspiration-blanco.png\" class=\"attachment-full size-full wp-image-36173\" alt=\"\" srcset=\"https:\/\/aurumbikes.com\/wp-content\/uploads\/2024\/04\/logo-land-of-inspiration-blanco.png 1536w, https:\/\/aurumbikes.com\/wp-content\/uploads\/2024\/04\/logo-land-of-inspiration-blanco-300x77.png 300w, https:\/\/aurumbikes.com\/wp-content\/uploads\/2024\/04\/logo-land-of-inspiration-blanco-1024x263.png 1024w, https:\/\/aurumbikes.com\/wp-content\/uploads\/2024\/04\/logo-land-of-inspiration-blanco-768x197.png 768w, https:\/\/aurumbikes.com\/wp-content\/uploads\/2024\/04\/logo-land-of-inspiration-blanco-1080x277.png 1080w\" sizes=\"(max-width: 1536px) 100vw, 1536px\" \/>\t\t\t\t\t\t\t\t\t\t\t\t\t<\/div>\n\t\t\t\t<\/div>\n\t\t\t\t<\/div>\n\t\t\t\t\t<\/div>\n\t\t\t\t<\/div>\n\t\t<div class=\"elementor-element elementor-element-972a50f elementor-hidden-tablet elementor-hidden-mobile e-flex e-con-boxed e-con e-parent\" data-id=\"972a50f\" data-element_type=\"container\">\n\t\t\t\t\t<div class=\"e-con-inner\">\n\t\t<div class=\"elementor-element elementor-element-cc5ad8d e-con-full e-flex e-con e-child\" data-id=\"cc5ad8d\" data-element_type=\"container\">\n\t\t\t\t<div class=\"elementor-element elementor-element-b205fdb elementor-widget elementor-widget-image\" data-id=\"b205fdb\" data-element_type=\"widget\" data-widget_type=\"image.default\">\n\t\t\t\t<div class=\"elementor-widget-container\">\n\t\t\t\t\t\t\t\t\t\t\t\t\t<img decoding=\"async\" width=\"655\" height=\"270\" src=\"https:\/\/aurumbikes.com\/wp-content\/uploads\/2024\/04\/logos-ok-312-blanco.png\" class=\"attachment-full size-full wp-image-36177\" alt=\"\" srcset=\"https:\/\/aurumbikes.com\/wp-content\/uploads\/2024\/04\/logos-ok-312-blanco.png 655w, https:\/\/aurumbikes.com\/wp-content\/uploads\/2024\/04\/logos-ok-312-blanco-300x124.png 300w\" sizes=\"(max-width: 655px) 100vw, 655px\" \/>\t\t\t\t\t\t\t\t\t\t\t\t\t<\/div>\n\t\t\t\t<\/div>\n\t\t\t\t<\/div>\n\t\t\t\t\t<\/div>\n\t\t\t\t<\/div>\n\t\t<div class=\"elementor-element elementor-element-3dcd523 e-flex e-con-boxed e-con e-parent\" data-id=\"3dcd523\" data-element_type=\"container\" data-settings=\"{&quot;background_background&quot;:&quot;classic&quot;}\">\n\t\t\t\t\t<div class=\"e-con-inner\">\n\t\t<div class=\"elementor-element elementor-element-769e8d2 e-con-full e-flex e-con e-child\" data-id=\"769e8d2\" data-element_type=\"container\">\n\t\t\t\t<div class=\"elementor-element elementor-element-f0cea49 elementor-widget elementor-widget-text-editor\" data-id=\"f0cea49\" data-element_type=\"widget\" data-widget_type=\"text-editor.default\">\n\t\t\t\t<div class=\"elementor-widget-container\">\n\t\t\t<style>\/*! elementor - v3.21.0 - 08-05-2024 *\/\n.elementor-widget-text-editor.elementor-drop-cap-view-stacked .elementor-drop-cap{background-color:#69727d;color:#fff}.elementor-widget-text-editor.elementor-drop-cap-view-framed .elementor-drop-cap{color:#69727d;border:3px solid;background-color:transparent}.elementor-widget-text-editor:not(.elementor-drop-cap-view-default) .elementor-drop-cap{margin-top:8px}.elementor-widget-text-editor:not(.elementor-drop-cap-view-default) .elementor-drop-cap-letter{width:1em;height:1em}.elementor-widget-text-editor .elementor-drop-cap{float:left;text-align:center;line-height:1;font-size:50px}.elementor-widget-text-editor .elementor-drop-cap-letter{display:inline-block}<\/style>\t\t\t\t<p>En la intersecci\u00f3n entre el arte, la pasi\u00f3n por el ciclismo y el esp\u00edritu de Mallorca, nace una colaboraci\u00f3n sin precedentes entre AURUM, Toni Garau y Miguel Lombard.<\/p>\t\t\t\t\t\t<\/div>\n\t\t\t\t<\/div>\n\t\t\t\t<div class=\"elementor-element elementor-element-5f6c3e6 elementor-widget elementor-widget-text-editor\" data-id=\"5f6c3e6\" data-element_type=\"widget\" data-widget_type=\"text-editor.default\">\n\t\t\t\t<div class=\"elementor-widget-container\">\n\t\t\t\t\t\t\t<p>Desde su primera participaci\u00f3n en la Mallorca 312, AURUM ha cultivado un v\u00ednculo profundo con la isla, donde cada nueva edici\u00f3n se convierte en una aventura \u00fanica.<\/p><p>Es en este escenario donde Mallorca 312, el \u00e9pico evento ciclista, se convierte en el lienzo perfecto para celebrar esta conexi\u00f3n.<\/p><p>El alma de Mallorca, personificada en la obra de Toni Garau, cobra vida en cada pincelada (con cada hilo), reflejando la fuerza y la resiliencia de su gente. AURUM, con su compromiso de tres a\u00f1os como patrocinador de Mallorca 312, decide honrar esta relaci\u00f3n con una creaci\u00f3n \u00fanica.<\/p>\t\t\t\t\t\t<\/div>\n\t\t\t\t<\/div>\n\t\t\t\t<\/div>\n\t\t\t\t\t<\/div>\n\t\t\t\t<\/div>\n\t\t<div class=\"elementor-element elementor-element-2839ba0 elementor-hidden-tablet elementor-hidden-mobile e-flex e-con-boxed e-con e-parent\" data-id=\"2839ba0\" data-element_type=\"container\">\n\t\t\t\t\t<div class=\"e-con-inner\">\n\t\t<div class=\"elementor-element elementor-element-118e5b1 e-con-full e-flex e-con e-child\" data-id=\"118e5b1\" data-element_type=\"container\">\n\t\t\t\t<div class=\"elementor-element elementor-element-51927ea elementor-widget elementor-widget-video\" data-id=\"51927ea\" data-element_type=\"widget\" data-settings=\"{&quot;video_type&quot;:&quot;vimeo&quot;,&quot;yt_privacy&quot;:&quot;yes&quot;}\" data-widget_type=\"video.default\">\n\t\t\t\t<div class=\"elementor-widget-container\">\n\t\t\t<style>\/*! elementor - v3.21.0 - 08-05-2024 *\/\n.elementor-widget-video .elementor-widget-container{overflow:hidden;transform:translateZ(0)}.elementor-widget-video .elementor-wrapper{aspect-ratio:var(--video-aspect-ratio)}.elementor-widget-video .elementor-wrapper iframe,.elementor-widget-video .elementor-wrapper video{height:100%;width:100%;display:flex;border:none;background-color:#000}@supports not (aspect-ratio:1\/1){.elementor-widget-video .elementor-wrapper{position:relative;overflow:hidden;height:0;padding-bottom:calc(100% \/ var(--video-aspect-ratio))}.elementor-widget-video .elementor-wrapper iframe,.elementor-widget-video .elementor-wrapper video{position:absolute;top:0;right:0;bottom:0;left:0}}.elementor-widget-video .elementor-open-inline .elementor-custom-embed-image-overlay{position:absolute;top:0;right:0;bottom:0;left:0;background-size:cover;background-position:50%}.elementor-widget-video .elementor-custom-embed-image-overlay{cursor:pointer;text-align:center}.elementor-widget-video .elementor-custom-embed-image-overlay:hover .elementor-custom-embed-play i{opacity:1}.elementor-widget-video .elementor-custom-embed-image-overlay img{display:block;width:100%;aspect-ratio:var(--video-aspect-ratio);-o-object-fit:cover;object-fit:cover;-o-object-position:center center;object-position:center center}@supports not (aspect-ratio:1\/1){.elementor-widget-video .elementor-custom-embed-image-overlay{position:relative;overflow:hidden;height:0;padding-bottom:calc(100% \/ var(--video-aspect-ratio))}.elementor-widget-video .elementor-custom-embed-image-overlay img{position:absolute;top:0;right:0;bottom:0;left:0}}.elementor-widget-video .e-hosted-video .elementor-video{-o-object-fit:cover;object-fit:cover}.e-con-inner>.elementor-widget-video,.e-con>.elementor-widget-video{width:var(--container-widget-width);--flex-grow:var(--container-widget-flex-grow)}<\/style>\t\t<div class=\"elementor-wrapper elementor-open-inline\">\n\t\t\t<iframe class=\"elementor-video-iframe\" allowfullscreen allow=\"clipboard-write\" title=\"Reproductor de v\u00eddeo vimeo\" src=\"https:\/\/player.vimeo.com\/video\/935513252?color&amp;autopause=0&amp;dnt=true&amp;loop=0&amp;muted=0&amp;title=1&amp;portrait=1&amp;byline=1&amp;h=1b2df54c8b#t=\"><\/iframe>\t\t<\/div>\n\t\t\t\t<\/div>\n\t\t\t\t<\/div>\n\t\t\t\t<\/div>\n\t\t\t\t\t<\/div>\n\t\t\t\t<\/div>\n\t\t<div class=\"elementor-element elementor-element-e71aedc e-flex e-con-boxed e-con e-parent\" data-id=\"e71aedc\" data-element_type=\"container\" data-settings=\"{&quot;background_background&quot;:&quot;classic&quot;}\">\n\t\t\t\t\t<div class=\"e-con-inner\">\n\t\t<div class=\"elementor-element elementor-element-b07ea1b e-con-full e-flex e-con e-child\" data-id=\"b07ea1b\" data-element_type=\"container\">\n\t\t\t\t<div class=\"elementor-element elementor-element-7c48d32 elementor-hidden-desktop elementor-widget elementor-widget-video\" data-id=\"7c48d32\" data-element_type=\"widget\" data-settings=\"{&quot;video_type&quot;:&quot;vimeo&quot;,&quot;yt_privacy&quot;:&quot;yes&quot;}\" data-widget_type=\"video.default\">\n\t\t\t\t<div class=\"elementor-widget-container\">\n\t\t\t\t\t<div class=\"elementor-wrapper elementor-open-inline\">\n\t\t\t<iframe class=\"elementor-video-iframe\" allowfullscreen allow=\"clipboard-write\" title=\"Reproductor de v\u00eddeo vimeo\" src=\"https:\/\/player.vimeo.com\/video\/935513252?color&amp;autopause=0&amp;dnt=true&amp;loop=0&amp;muted=0&amp;title=1&amp;portrait=1&amp;byline=1&amp;h=1b2df54c8b#t=\"><\/iframe>\t\t<\/div>\n\t\t\t\t<\/div>\n\t\t\t\t<\/div>\n\t\t\t\t<div class=\"elementor-element elementor-element-f68ed2d elementor-hidden-desktop 312-ok elementor-widget elementor-widget-image\" data-id=\"f68ed2d\" data-element_type=\"widget\" data-widget_type=\"image.default\">\n\t\t\t\t<div class=\"elementor-widget-container\">\n\t\t\t\t\t\t\t\t\t\t\t\t\t<img decoding=\"async\" width=\"646\" height=\"315\" src=\"https:\/\/aurumbikes.com\/wp-content\/uploads\/2024\/04\/logos-ok-312.png\" class=\"attachment-full size-full wp-image-36084\" alt=\"\" srcset=\"https:\/\/aurumbikes.com\/wp-content\/uploads\/2024\/04\/logos-ok-312.png 646w, https:\/\/aurumbikes.com\/wp-content\/uploads\/2024\/04\/logos-ok-312-300x146.png 300w\" sizes=\"(max-width: 646px) 100vw, 646px\" \/>\t\t\t\t\t\t\t\t\t\t\t\t\t<\/div>\n\t\t\t\t<\/div>\n\t\t\t\t<div class=\"elementor-element elementor-element-0f682d2 elementor-widget elementor-widget-html\" data-id=\"0f682d2\" data-element_type=\"widget\" data-widget_type=\"html.default\">\n\t\t\t\t<div class=\"elementor-widget-container\">\n\t\t\t<style>.wp-image-36084 {filter: drop-shadow(0px 0px 4px #fff);} \/*@media only screen and (max-width: 1024px) {body {background-image: none !important;}}*\/<\/style>\t\t<\/div>\n\t\t\t\t<\/div>\n\t\t\t\t<div class=\"elementor-element elementor-element-3c42634 elementor-widget elementor-widget-image\" data-id=\"3c42634\" data-element_type=\"widget\" data-widget_type=\"image.default\">\n\t\t\t\t<div class=\"elementor-widget-container\">\n\t\t\t\t\t\t\t\t\t\t\t\t\t<img loading=\"lazy\" decoding=\"async\" width=\"979\" height=\"84\" src=\"https:\/\/aurumbikes.com\/wp-content\/uploads\/2024\/04\/logos-cadex-shimano-gallery-red.png\" class=\"attachment-full size-full wp-image-36089\" alt=\"\" srcset=\"https:\/\/aurumbikes.com\/wp-content\/uploads\/2024\/04\/logos-cadex-shimano-gallery-red.png 979w, https:\/\/aurumbikes.com\/wp-content\/uploads\/2024\/04\/logos-cadex-shimano-gallery-red-300x26.png 300w, https:\/\/aurumbikes.com\/wp-content\/uploads\/2024\/04\/logos-cadex-shimano-gallery-red-768x66.png 768w\" sizes=\"(max-width: 979px) 100vw, 979px\" \/>\t\t\t\t\t\t\t\t\t\t\t\t\t<\/div>\n\t\t\t\t<\/div>\n\t\t\t\t<\/div>\n\t\t\t\t\t<\/div>\n\t\t\t\t<\/div>\n\t\t\t\t<\/div>\n\t\t","protected":false},"excerpt":{"rendered":"<p>En la intersecci\u00f3n entre el arte, la pasi\u00f3n por el ciclismo y el esp\u00edritu de Mallorca, nace una colaboraci\u00f3n sin precedentes entre AURUM, Toni Garau y Miguel Lombard. Desde su primera participaci\u00f3n en la Mallorca 312, AURUM ha cultivado un v\u00ednculo profundo con la isla, donde cada nueva edici\u00f3n se convierte en una aventura \u00fanica. [&hellip;]<\/p>\n","protected":false},"author":1,"featured_media":0,"parent":0,"menu_order":0,"comment_status":"closed","ping_status":"closed","template":"page-full-width.php","meta":{"footnotes":""},"yoast_head":"<!-- This site is optimized with the Yoast SEO plugin v22.6 - https:\/\/yoast.com\/wordpress\/plugins\/seo\/ -->\n<title>Land of Inspiration - Aurum Bikes<\/title>\n<meta name=\"description\" content=\"En la intersecci\u00f3n entre el arte, la pasi\u00f3n por el ciclismo y el esp\u00edritu de Mallorca, nace una colaboraci\u00f3n sin precedentes entre AURUM, Toni Garau y\" \/>\n<meta name=\"robots\" content=\"index, follow, max-snippet:-1, max-image-preview:large, max-video-preview:-1\" \/>\n<link rel=\"canonical\" href=\"https:\/\/aurumbikes.com\/es\/land-of-inspiration\/\" \/>\n<meta property=\"og:locale\" content=\"es_ES\" \/>\n<meta property=\"og:type\" content=\"article\" \/>\n<meta property=\"og:title\" content=\"Land of Inspiration - Aurum Bikes\" \/>\n<meta property=\"og:description\" content=\"En la intersecci\u00f3n entre el arte, la pasi\u00f3n por el ciclismo y el esp\u00edritu de Mallorca, nace una colaboraci\u00f3n sin precedentes entre AURUM, Toni Garau y\" \/>\n<meta property=\"og:url\" content=\"https:\/\/aurumbikes.com\/es\/land-of-inspiration\/\" \/>\n<meta property=\"og:site_name\" content=\"Aurum Bikes\" \/>\n<meta property=\"article:publisher\" content=\"https:\/\/www.facebook.com\/AURUMbikes\" \/>\n<meta property=\"article:modified_time\" content=\"2024-04-17T15:08:40+00:00\" \/>\n<meta property=\"og:image\" content=\"https:\/\/aurumbikes.com\/wp-content\/uploads\/2024\/04\/logo-land-of-inspiration-blanco.png\" \/>\n<meta name=\"twitter:card\" content=\"summary_large_image\" \/>\n<meta name=\"twitter:label1\" content=\"Tiempo de lectura\" \/>\n\t<meta name=\"twitter:data1\" content=\"2 minutos\" \/>\n<script type=\"application\/ld+json\" class=\"yoast-schema-graph\">{\"@context\":\"https:\/\/schema.org\",\"@graph\":[{\"@type\":\"WebPage\",\"@id\":\"https:\/\/aurumbikes.com\/es\/land-of-inspiration\/\",\"url\":\"https:\/\/aurumbikes.com\/es\/land-of-inspiration\/\",\"name\":\"Land of Inspiration - Aurum Bikes\",\"isPartOf\":{\"@id\":\"https:\/\/aurumbikes.com\/es\/#website\"},\"primaryImageOfPage\":{\"@id\":\"https:\/\/aurumbikes.com\/es\/land-of-inspiration\/#primaryimage\"},\"image\":{\"@id\":\"https:\/\/aurumbikes.com\/es\/land-of-inspiration\/#primaryimage\"},\"thumbnailUrl\":\"https:\/\/aurumbikes.com\/wp-content\/uploads\/2024\/04\/logo-land-of-inspiration-blanco.png\",\"datePublished\":\"2024-04-17T09:56:57+00:00\",\"dateModified\":\"2024-04-17T15:08:40+00:00\",\"description\":\"En la intersecci\u00f3n entre el arte, la pasi\u00f3n por el ciclismo y el esp\u00edritu de Mallorca, nace una colaboraci\u00f3n sin precedentes entre AURUM, Toni Garau y\",\"breadcrumb\":{\"@id\":\"https:\/\/aurumbikes.com\/es\/land-of-inspiration\/#breadcrumb\"},\"inLanguage\":\"es\",\"potentialAction\":[{\"@type\":\"ReadAction\",\"target\":[\"https:\/\/aurumbikes.com\/es\/land-of-inspiration\/\"]}]},{\"@type\":\"ImageObject\",\"inLanguage\":\"es\",\"@id\":\"https:\/\/aurumbikes.com\/es\/land-of-inspiration\/#primaryimage\",\"url\":\"https:\/\/aurumbikes.com\/wp-content\/uploads\/2024\/04\/logo-land-of-inspiration-blanco.png\",\"contentUrl\":\"https:\/\/aurumbikes.com\/wp-content\/uploads\/2024\/04\/logo-land-of-inspiration-blanco.png\"},{\"@type\":\"BreadcrumbList\",\"@id\":\"https:\/\/aurumbikes.com\/es\/land-of-inspiration\/#breadcrumb\",\"itemListElement\":[{\"@type\":\"ListItem\",\"position\":1,\"name\":\"Home\",\"item\":\"https:\/\/aurumbikes.com\/es\/\"},{\"@type\":\"ListItem\",\"position\":2,\"name\":\"Land of Inspiration\"}]},{\"@type\":\"WebSite\",\"@id\":\"https:\/\/aurumbikes.com\/es\/#website\",\"url\":\"https:\/\/aurumbikes.com\/es\/\",\"name\":\"Aurum Bikes\",\"description\":\"Born From Experience\",\"potentialAction\":[{\"@type\":\"SearchAction\",\"target\":{\"@type\":\"EntryPoint\",\"urlTemplate\":\"https:\/\/aurumbikes.com\/es\/?s={search_term_string}\"},\"query-input\":\"required name=search_term_string\"}],\"inLanguage\":\"es\"}]}<\/script>\n<!-- \/ Yoast SEO plugin. -->","yoast_head_json":{"title":"Land of Inspiration - Aurum Bikes","description":"En la intersecci\u00f3n entre el arte, la pasi\u00f3n por el ciclismo y el esp\u00edritu de Mallorca, nace una colaboraci\u00f3n sin precedentes entre AURUM, Toni Garau y","robots":{"index":"index","follow":"follow","max-snippet":"max-snippet:-1","max-image-preview":"max-image-preview:large","max-video-preview":"max-video-preview:-1"},"canonical":"https:\/\/aurumbikes.com\/es\/land-of-inspiration\/","og_locale":"es_ES","og_type":"article","og_title":"Land of Inspiration - Aurum Bikes","og_description":"En la intersecci\u00f3n entre el arte, la pasi\u00f3n por el ciclismo y el esp\u00edritu de Mallorca, nace una colaboraci\u00f3n sin precedentes entre AURUM, Toni Garau y","og_url":"https:\/\/aurumbikes.com\/es\/land-of-inspiration\/","og_site_name":"Aurum Bikes","article_publisher":"https:\/\/www.facebook.com\/AURUMbikes","article_modified_time":"2024-04-17T15:08:40+00:00","og_image":[{"url":"https:\/\/aurumbikes.com\/wp-content\/uploads\/2024\/04\/logo-land-of-inspiration-blanco.png"}],"twitter_card":"summary_large_image","twitter_misc":{"Tiempo de lectura":"2 minutos"},"schema":{"@context":"https:\/\/schema.org","@graph":[{"@type":"WebPage","@id":"https:\/\/aurumbikes.com\/es\/land-of-inspiration\/","url":"https:\/\/aurumbikes.com\/es\/land-of-inspiration\/","name":"Land of Inspiration - Aurum Bikes","isPartOf":{"@id":"https:\/\/aurumbikes.com\/es\/#website"},"primaryImageOfPage":{"@id":"https:\/\/aurumbikes.com\/es\/land-of-inspiration\/#primaryimage"},"image":{"@id":"https:\/\/aurumbikes.com\/es\/land-of-inspiration\/#primaryimage"},"thumbnailUrl":"https:\/\/aurumbikes.com\/wp-content\/uploads\/2024\/04\/logo-land-of-inspiration-blanco.png","datePublished":"2024-04-17T09:56:57+00:00","dateModified":"2024-04-17T15:08:40+00:00","description":"En la intersecci\u00f3n entre el arte, la pasi\u00f3n por el ciclismo y el esp\u00edritu de Mallorca, nace una colaboraci\u00f3n sin precedentes entre AURUM, Toni Garau y","breadcrumb":{"@id":"https:\/\/aurumbikes.com\/es\/land-of-inspiration\/#breadcrumb"},"inLanguage":"es","potentialAction":[{"@type":"ReadAction","target":["https:\/\/aurumbikes.com\/es\/land-of-inspiration\/"]}]},{"@type":"ImageObject","inLanguage":"es","@id":"https:\/\/aurumbikes.com\/es\/land-of-inspiration\/#primaryimage","url":"https:\/\/aurumbikes.com\/wp-content\/uploads\/2024\/04\/logo-land-of-inspiration-blanco.png","contentUrl":"https:\/\/aurumbikes.com\/wp-content\/uploads\/2024\/04\/logo-land-of-inspiration-blanco.png"},{"@type":"BreadcrumbList","@id":"https:\/\/aurumbikes.com\/es\/land-of-inspiration\/#breadcrumb","itemListElement":[{"@type":"ListItem","position":1,"name":"Home","item":"https:\/\/aurumbikes.com\/es\/"},{"@type":"ListItem","position":2,"name":"Land of Inspiration"}]},{"@type":"WebSite","@id":"https:\/\/aurumbikes.com\/es\/#website","url":"https:\/\/aurumbikes.com\/es\/","name":"Aurum Bikes","description":"Born From Experience","potentialAction":[{"@type":"SearchAction","target":{"@type":"EntryPoint","urlTemplate":"https:\/\/aurumbikes.com\/es\/?s={search_term_string}"},"query-input":"required name=search_term_string"}],"inLanguage":"es"}]}},"_links":{"self":[{"href":"https:\/\/aurumbikes.com\/es\/wp-json\/wp\/v2\/pages\/36044"}],"collection":[{"href":"https:\/\/aurumbikes.com\/es\/wp-json\/wp\/v2\/pages"}],"about":[{"href":"https:\/\/aurumbikes.com\/es\/wp-json\/wp\/v2\/types\/page"}],"author":[{"embeddable":true,"href":"https:\/\/aurumbikes.com\/es\/wp-json\/wp\/v2\/users\/1"}],"replies":[{"embeddable":true,"href":"https:\/\/aurumbikes.com\/es\/wp-json\/wp\/v2\/comments?post=36044"}],"version-history":[{"count":62,"href":"https:\/\/aurumbikes.com\/es\/wp-json\/wp\/v2\/pages\/36044\/revisions"}],"predecessor-version":[{"id":36266,"href":"https:\/\/aurumbikes.com\/es\/wp-json\/wp\/v2\/pages\/36044\/revisions\/36266"}],"wp:attachment":[{"href":"https:\/\/aurumbikes.com\/es\/wp-json\/wp\/v2\/media?parent=36044"}],"curies":[{"name":"wp","href":"https:\/\/api.w.org\/{rel}","templated":true}]}}