{"id":16217,"date":"2023-10-20T07:53:45","date_gmt":"2023-10-20T07:53:45","guid":{"rendered":"https:\/\/aurumbikes.com\/producto\/kit-de-direccion-carretera\/"},"modified":"2025-01-02T11:16:08","modified_gmt":"2025-01-02T11:16:08","slug":"kit-de-direccion-carretera","status":"publish","type":"product","link":"https:\/\/aurumbikes.com\/es\/producto\/kit-de-direccion-carretera\/","title":{"rendered":"Kit de Direcci\u00f3n Carretera"},"content":{"rendered":"<p>Este kit de direcci\u00f3n para bicicletas de carretera ofrece una serie de componentes esenciales para el sistema de direcci\u00f3n. Incluye rodamientos de direcci\u00f3n, anillos de compresi\u00f3n Aurum, separadores de direcci\u00f3n en varios tama\u00f1os y tapas superiores para una apariencia elegante.<\/p>\n<p>&nbsp;<\/p>\n<p>CONTENIDOS DEL KIT<\/p>\n<table>\n<tbody>\n<tr>\n<td width=\"331\"><strong>Producto<\/strong><\/td>\n<td width=\"80\"><strong>Unidad(es)<\/strong><\/td>\n<\/tr>\n<tr>\n<td width=\"331\">Headset Bearing 1-1\/8&#8243;<\/td>\n<td width=\"80\">1<\/td>\n<\/tr>\n<tr>\n<td width=\"331\">Headset Bearing 1-3\/8&#8243;<\/td>\n<td width=\"80\">1<\/td>\n<\/tr>\n<tr>\n<td width=\"331\">Aurum Headset Compression Ring<\/td>\n<td width=\"80\">1<\/td>\n<\/tr>\n<tr>\n<td width=\"331\">Aurum Compression Plug<\/td>\n<td width=\"80\">1<\/td>\n<\/tr>\n<tr>\n<td width=\"331\">Headset Spacer 5<\/td>\n<td width=\"80\">2<\/td>\n<\/tr>\n<tr>\n<td width=\"331\">Headset Spacer 2,5<\/td>\n<td width=\"80\">2<\/td>\n<\/tr>\n<tr>\n<td width=\"331\">Headset Spacer 10<\/td>\n<td width=\"80\">2<\/td>\n<\/tr>\n<tr>\n<td width=\"331\">Aurum Headset Top Cover Low<\/td>\n<td width=\"80\">1<\/td>\n<\/tr>\n<tr>\n<td width=\"331\">Aurum Headset Top Cover High<\/td>\n<td width=\"80\">1<\/td>\n<\/tr>\n<\/tbody>\n<\/table>\n","protected":false},"excerpt":{"rendered":"<p>Este kit de direcci\u00f3n para bicicletas de carretera ofrece una serie de componentes esenciales para el sistema de direcci\u00f3n. Incluye rodamientos de direcci\u00f3n, anillos de compresi\u00f3n Aurum, separadores de direcci\u00f3n en varios tama\u00f1os y tapas superiores para una apariencia elegante. &nbsp; CONTENIDOS DEL KIT Producto Unidad(es) Headset Bearing 1-1\/8&#8243; 1 Headset Bearing 1-3\/8&#8243; 1 Aurum [&hellip;]<\/p>\n","protected":false},"featured_media":16190,"template":"","meta":[],"product_cat":[191],"product_tag":[],"yoast_head":"<!-- This site is optimized with the Yoast SEO plugin v22.6 - https:\/\/yoast.com\/wordpress\/plugins\/seo\/ -->\n<title>Kit de Direcci\u00f3n Carretera - Aurum Bikes<\/title>\n<meta name=\"description\" content=\"Este kit de direcci\u00f3n para bicicletas de carretera ofrece una serie de componentes esenciales para el sistema de direcci\u00f3n. Incluye rodamientos de\" \/>\n<meta name=\"robots\" content=\"index, follow, max-snippet:-1, max-image-preview:large, max-video-preview:-1\" \/>\n<link rel=\"canonical\" href=\"https:\/\/aurumbikes.com\/es\/producto\/kit-de-direccion-carretera\/\" \/>\n<meta property=\"og:locale\" content=\"es_ES\" \/>\n<meta property=\"og:type\" content=\"article\" \/>\n<meta property=\"og:title\" content=\"Kit de Direcci\u00f3n Carretera - Aurum Bikes\" \/>\n<meta property=\"og:description\" content=\"Este kit de direcci\u00f3n para bicicletas de carretera ofrece una serie de componentes esenciales para el sistema de direcci\u00f3n. Incluye rodamientos de\" \/>\n<meta property=\"og:url\" content=\"https:\/\/aurumbikes.com\/es\/producto\/kit-de-direccion-carretera\/\" \/>\n<meta property=\"og:site_name\" content=\"Aurum Bikes\" \/>\n<meta property=\"article:publisher\" content=\"https:\/\/www.facebook.com\/AURUMbikes\" \/>\n<meta property=\"article:modified_time\" content=\"2025-01-02T11:16:08+00:00\" \/>\n<meta property=\"og:image\" content=\"https:\/\/aurumbikes.com\/wp-content\/uploads\/2023\/10\/SPARE_PART_ROAD_HEADSET_KIT_29-scaled.jpg\" \/>\n\t<meta property=\"og:image:width\" content=\"1707\" \/>\n\t<meta property=\"og:image:height\" content=\"2560\" \/>\n\t<meta property=\"og:image:type\" content=\"image\/jpeg\" \/>\n<meta name=\"twitter:card\" content=\"summary_large_image\" \/>\n<meta name=\"twitter:label1\" content=\"Tiempo de lectura\" \/>\n\t<meta name=\"twitter:data1\" content=\"1 minuto\" \/>\n<script type=\"application\/ld+json\" class=\"yoast-schema-graph\">{\"@context\":\"https:\/\/schema.org\",\"@graph\":[{\"@type\":\"WebPage\",\"@id\":\"https:\/\/aurumbikes.com\/es\/producto\/kit-de-direccion-carretera\/\",\"url\":\"https:\/\/aurumbikes.com\/es\/producto\/kit-de-direccion-carretera\/\",\"name\":\"Kit de Direcci\u00f3n Carretera - Aurum Bikes\",\"isPartOf\":{\"@id\":\"https:\/\/aurumbikes.com\/es\/#website\"},\"primaryImageOfPage\":{\"@id\":\"https:\/\/aurumbikes.com\/es\/producto\/kit-de-direccion-carretera\/#primaryimage\"},\"image\":{\"@id\":\"https:\/\/aurumbikes.com\/es\/producto\/kit-de-direccion-carretera\/#primaryimage\"},\"thumbnailUrl\":\"https:\/\/aurumbikes.com\/wp-content\/uploads\/2023\/10\/SPARE_PART_ROAD_HEADSET_KIT_29-scaled.jpg\",\"datePublished\":\"2023-10-20T07:53:45+00:00\",\"dateModified\":\"2025-01-02T11:16:08+00:00\",\"description\":\"Este kit de direcci\u00f3n para bicicletas de carretera ofrece una serie de componentes esenciales para el sistema de direcci\u00f3n. Incluye rodamientos de\",\"breadcrumb\":{\"@id\":\"https:\/\/aurumbikes.com\/es\/producto\/kit-de-direccion-carretera\/#breadcrumb\"},\"inLanguage\":\"es\",\"potentialAction\":[{\"@type\":\"ReadAction\",\"target\":[\"https:\/\/aurumbikes.com\/es\/producto\/kit-de-direccion-carretera\/\"]}]},{\"@type\":\"ImageObject\",\"inLanguage\":\"es\",\"@id\":\"https:\/\/aurumbikes.com\/es\/producto\/kit-de-direccion-carretera\/#primaryimage\",\"url\":\"https:\/\/aurumbikes.com\/wp-content\/uploads\/2023\/10\/SPARE_PART_ROAD_HEADSET_KIT_29-scaled.jpg\",\"contentUrl\":\"https:\/\/aurumbikes.com\/wp-content\/uploads\/2023\/10\/SPARE_PART_ROAD_HEADSET_KIT_29-scaled.jpg\",\"width\":1707,\"height\":2560},{\"@type\":\"BreadcrumbList\",\"@id\":\"https:\/\/aurumbikes.com\/es\/producto\/kit-de-direccion-carretera\/#breadcrumb\",\"itemListElement\":[{\"@type\":\"ListItem\",\"position\":1,\"name\":\"Home\",\"item\":\"https:\/\/aurumbikes.com\/es\/\"},{\"@type\":\"ListItem\",\"position\":2,\"name\":\"Tienda\",\"item\":\"https:\/\/aurumbikes.com\/es\/comprar\/\"},{\"@type\":\"ListItem\",\"position\":3,\"name\":\"Kit de Direcci\u00f3n Carretera\"}]},{\"@type\":\"WebSite\",\"@id\":\"https:\/\/aurumbikes.com\/es\/#website\",\"url\":\"https:\/\/aurumbikes.com\/es\/\",\"name\":\"Aurum Bikes\",\"description\":\"Born From Experience\",\"potentialAction\":[{\"@type\":\"SearchAction\",\"target\":{\"@type\":\"EntryPoint\",\"urlTemplate\":\"https:\/\/aurumbikes.com\/es\/?s={search_term_string}\"},\"query-input\":\"required name=search_term_string\"}],\"inLanguage\":\"es\"}]}<\/script>\n<!-- \/ Yoast SEO plugin. -->","yoast_head_json":{"title":"Kit de Direcci\u00f3n Carretera - Aurum Bikes","description":"Este kit de direcci\u00f3n para bicicletas de carretera ofrece una serie de componentes esenciales para el sistema de direcci\u00f3n. Incluye rodamientos de","robots":{"index":"index","follow":"follow","max-snippet":"max-snippet:-1","max-image-preview":"max-image-preview:large","max-video-preview":"max-video-preview:-1"},"canonical":"https:\/\/aurumbikes.com\/es\/producto\/kit-de-direccion-carretera\/","og_locale":"es_ES","og_type":"article","og_title":"Kit de Direcci\u00f3n Carretera - Aurum Bikes","og_description":"Este kit de direcci\u00f3n para bicicletas de carretera ofrece una serie de componentes esenciales para el sistema de direcci\u00f3n. Incluye rodamientos de","og_url":"https:\/\/aurumbikes.com\/es\/producto\/kit-de-direccion-carretera\/","og_site_name":"Aurum Bikes","article_publisher":"https:\/\/www.facebook.com\/AURUMbikes","article_modified_time":"2025-01-02T11:16:08+00:00","og_image":[{"width":1707,"height":2560,"url":"https:\/\/aurumbikes.com\/wp-content\/uploads\/2023\/10\/SPARE_PART_ROAD_HEADSET_KIT_29-scaled.jpg","type":"image\/jpeg"}],"twitter_card":"summary_large_image","twitter_misc":{"Tiempo de lectura":"1 minuto"},"schema":{"@context":"https:\/\/schema.org","@graph":[{"@type":"WebPage","@id":"https:\/\/aurumbikes.com\/es\/producto\/kit-de-direccion-carretera\/","url":"https:\/\/aurumbikes.com\/es\/producto\/kit-de-direccion-carretera\/","name":"Kit de Direcci\u00f3n Carretera - Aurum Bikes","isPartOf":{"@id":"https:\/\/aurumbikes.com\/es\/#website"},"primaryImageOfPage":{"@id":"https:\/\/aurumbikes.com\/es\/producto\/kit-de-direccion-carretera\/#primaryimage"},"image":{"@id":"https:\/\/aurumbikes.com\/es\/producto\/kit-de-direccion-carretera\/#primaryimage"},"thumbnailUrl":"https:\/\/aurumbikes.com\/wp-content\/uploads\/2023\/10\/SPARE_PART_ROAD_HEADSET_KIT_29-scaled.jpg","datePublished":"2023-10-20T07:53:45+00:00","dateModified":"2025-01-02T11:16:08+00:00","description":"Este kit de direcci\u00f3n para bicicletas de carretera ofrece una serie de componentes esenciales para el sistema de direcci\u00f3n. Incluye rodamientos de","breadcrumb":{"@id":"https:\/\/aurumbikes.com\/es\/producto\/kit-de-direccion-carretera\/#breadcrumb"},"inLanguage":"es","potentialAction":[{"@type":"ReadAction","target":["https:\/\/aurumbikes.com\/es\/producto\/kit-de-direccion-carretera\/"]}]},{"@type":"ImageObject","inLanguage":"es","@id":"https:\/\/aurumbikes.com\/es\/producto\/kit-de-direccion-carretera\/#primaryimage","url":"https:\/\/aurumbikes.com\/wp-content\/uploads\/2023\/10\/SPARE_PART_ROAD_HEADSET_KIT_29-scaled.jpg","contentUrl":"https:\/\/aurumbikes.com\/wp-content\/uploads\/2023\/10\/SPARE_PART_ROAD_HEADSET_KIT_29-scaled.jpg","width":1707,"height":2560},{"@type":"BreadcrumbList","@id":"https:\/\/aurumbikes.com\/es\/producto\/kit-de-direccion-carretera\/#breadcrumb","itemListElement":[{"@type":"ListItem","position":1,"name":"Home","item":"https:\/\/aurumbikes.com\/es\/"},{"@type":"ListItem","position":2,"name":"Tienda","item":"https:\/\/aurumbikes.com\/es\/comprar\/"},{"@type":"ListItem","position":3,"name":"Kit de Direcci\u00f3n Carretera"}]},{"@type":"WebSite","@id":"https:\/\/aurumbikes.com\/es\/#website","url":"https:\/\/aurumbikes.com\/es\/","name":"Aurum Bikes","description":"Born From Experience","potentialAction":[{"@type":"SearchAction","target":{"@type":"EntryPoint","urlTemplate":"https:\/\/aurumbikes.com\/es\/?s={search_term_string}"},"query-input":"required name=search_term_string"}],"inLanguage":"es"}]}},"_links":{"self":[{"href":"https:\/\/aurumbikes.com\/es\/wp-json\/wp\/v2\/product\/16217"}],"collection":[{"href":"https:\/\/aurumbikes.com\/es\/wp-json\/wp\/v2\/product"}],"about":[{"href":"https:\/\/aurumbikes.com\/es\/wp-json\/wp\/v2\/types\/product"}],"wp:featuredmedia":[{"embeddable":true,"href":"https:\/\/aurumbikes.com\/es\/wp-json\/wp\/v2\/media\/16190"}],"wp:attachment":[{"href":"https:\/\/aurumbikes.com\/es\/wp-json\/wp\/v2\/media?parent=16217"}],"wp:term":[{"taxonomy":"product_cat","embeddable":true,"href":"https:\/\/aurumbikes.com\/es\/wp-json\/wp\/v2\/product_cat?post=16217"},{"taxonomy":"product_tag","embeddable":true,"href":"https:\/\/aurumbikes.com\/es\/wp-json\/wp\/v2\/product_tag?post=16217"}],"curies":[{"name":"wp","href":"https:\/\/api.w.org\/{rel}","templated":true}]}}