{"id":16218,"date":"2023-10-20T07:57:27","date_gmt":"2023-10-20T07:57:27","guid":{"rendered":"https:\/\/aurumbikes.com\/producto\/kit-de-proteccion-para-cuadro-carretera\/"},"modified":"2025-01-02T11:18:20","modified_gmt":"2025-01-02T11:18:20","slug":"kit-de-proteccion-para-cuadro-carretera","status":"publish","type":"product","link":"https:\/\/aurumbikes.com\/es\/producto\/kit-de-proteccion-para-cuadro-carretera\/","title":{"rendered":"Kit de Protecci\u00f3n para Cuadro Carretera"},"content":{"rendered":"<p>Mant\u00e9n tu cuadro de bicicleta de carretera protegido con este completo kit de protecci\u00f3n. Incluye protectores para vainas, protector de plato, y otros componentes para preservar la integridad de tu bicicleta en tus rutas por carretera.<\/p>\n<p>&nbsp;<\/p>\n<p>CONTENIDOS DEL KIT<\/p>\n<table>\n<tbody>\n<tr>\n<td width=\"331\"><strong>Producto<\/strong><\/td>\n<td width=\"80\"><strong>Unidad(es)<\/strong><\/td>\n<\/tr>\n<tr>\n<td width=\"331\">Ext Chainstay Protector<\/td>\n<td width=\"80\">1<\/td>\n<\/tr>\n<tr>\n<td width=\"331\">Ext BB Protector<\/td>\n<td width=\"80\">1<\/td>\n<\/tr>\n<tr>\n<td width=\"331\">Aurum Chain Suck Plate<\/td>\n<td width=\"80\">1<\/td>\n<\/tr>\n<tr>\n<td width=\"331\">Aurum ICR Port<\/td>\n<td width=\"80\">1<\/td>\n<\/tr>\n<tr>\n<td width=\"331\">Aurum BT306<\/td>\n<td width=\"80\">2<\/td>\n<\/tr>\n<tr>\n<td width=\"331\">Aurum MB cap<\/td>\n<td width=\"80\">1<\/td>\n<\/tr>\n<tr>\n<td width=\"331\">Aurum BT410<\/td>\n<td width=\"80\">1<\/td>\n<\/tr>\n<\/tbody>\n<\/table>\n","protected":false},"excerpt":{"rendered":"<p>Mant\u00e9n tu cuadro de bicicleta de carretera protegido con este completo kit de protecci\u00f3n. Incluye protectores para vainas, protector de plato, y otros componentes para preservar la integridad de tu bicicleta en tus rutas por carretera. &nbsp; CONTENIDOS DEL KIT Producto Unidad(es) Ext Chainstay Protector 1 Ext BB Protector 1 Aurum Chain Suck Plate 1 [&hellip;]<\/p>\n","protected":false},"featured_media":19899,"template":"","meta":[],"product_cat":[191],"product_tag":[],"yoast_head":"<!-- This site is optimized with the Yoast SEO plugin v22.6 - https:\/\/yoast.com\/wordpress\/plugins\/seo\/ -->\n<title>Kit de Protecci\u00f3n para Cuadro Carretera - Aurum Bikes<\/title>\n<meta name=\"description\" content=\"Mant\u00e9n tu cuadro de bicicleta de carretera protegido con este completo kit de protecci\u00f3n. Incluye protectores para vainas, protector de plato, y otros\" \/>\n<meta name=\"robots\" content=\"index, follow, max-snippet:-1, max-image-preview:large, max-video-preview:-1\" \/>\n<link rel=\"canonical\" href=\"https:\/\/aurumbikes.com\/es\/producto\/kit-de-proteccion-para-cuadro-carretera\/\" \/>\n<meta property=\"og:locale\" content=\"es_ES\" \/>\n<meta property=\"og:type\" content=\"article\" \/>\n<meta property=\"og:title\" content=\"Kit de Protecci\u00f3n para Cuadro Carretera - Aurum Bikes\" \/>\n<meta property=\"og:description\" content=\"Mant\u00e9n tu cuadro de bicicleta de carretera protegido con este completo kit de protecci\u00f3n. Incluye protectores para vainas, protector de plato, y otros\" \/>\n<meta property=\"og:url\" content=\"https:\/\/aurumbikes.com\/es\/producto\/kit-de-proteccion-para-cuadro-carretera\/\" \/>\n<meta property=\"og:site_name\" content=\"Aurum Bikes\" \/>\n<meta property=\"article:publisher\" content=\"https:\/\/www.facebook.com\/AURUMbikes\" \/>\n<meta property=\"article:modified_time\" content=\"2025-01-02T11:18:20+00:00\" \/>\n<meta property=\"og:image\" content=\"https:\/\/aurumbikes.com\/wp-content\/uploads\/2023\/10\/SPARE_PART_GRAVEL_FRAME_PROTECTION_KIT_10.jpg\" \/>\n\t<meta property=\"og:image:width\" content=\"1365\" \/>\n\t<meta property=\"og:image:height\" content=\"2048\" \/>\n\t<meta property=\"og:image:type\" content=\"image\/jpeg\" \/>\n<meta name=\"twitter:card\" content=\"summary_large_image\" \/>\n<meta name=\"twitter:label1\" content=\"Tiempo de lectura\" \/>\n\t<meta name=\"twitter:data1\" content=\"1 minuto\" \/>\n<script type=\"application\/ld+json\" class=\"yoast-schema-graph\">{\"@context\":\"https:\/\/schema.org\",\"@graph\":[{\"@type\":\"WebPage\",\"@id\":\"https:\/\/aurumbikes.com\/es\/producto\/kit-de-proteccion-para-cuadro-carretera\/\",\"url\":\"https:\/\/aurumbikes.com\/es\/producto\/kit-de-proteccion-para-cuadro-carretera\/\",\"name\":\"Kit de Protecci\u00f3n para Cuadro Carretera - Aurum Bikes\",\"isPartOf\":{\"@id\":\"https:\/\/aurumbikes.com\/es\/#website\"},\"primaryImageOfPage\":{\"@id\":\"https:\/\/aurumbikes.com\/es\/producto\/kit-de-proteccion-para-cuadro-carretera\/#primaryimage\"},\"image\":{\"@id\":\"https:\/\/aurumbikes.com\/es\/producto\/kit-de-proteccion-para-cuadro-carretera\/#primaryimage\"},\"thumbnailUrl\":\"https:\/\/aurumbikes.com\/wp-content\/uploads\/2023\/10\/SPARE_PART_GRAVEL_FRAME_PROTECTION_KIT_10.jpg\",\"datePublished\":\"2023-10-20T07:57:27+00:00\",\"dateModified\":\"2025-01-02T11:18:20+00:00\",\"description\":\"Mant\u00e9n tu cuadro de bicicleta de carretera protegido con este completo kit de protecci\u00f3n. Incluye protectores para vainas, protector de plato, y otros\",\"breadcrumb\":{\"@id\":\"https:\/\/aurumbikes.com\/es\/producto\/kit-de-proteccion-para-cuadro-carretera\/#breadcrumb\"},\"inLanguage\":\"es\",\"potentialAction\":[{\"@type\":\"ReadAction\",\"target\":[\"https:\/\/aurumbikes.com\/es\/producto\/kit-de-proteccion-para-cuadro-carretera\/\"]}]},{\"@type\":\"ImageObject\",\"inLanguage\":\"es\",\"@id\":\"https:\/\/aurumbikes.com\/es\/producto\/kit-de-proteccion-para-cuadro-carretera\/#primaryimage\",\"url\":\"https:\/\/aurumbikes.com\/wp-content\/uploads\/2023\/10\/SPARE_PART_GRAVEL_FRAME_PROTECTION_KIT_10.jpg\",\"contentUrl\":\"https:\/\/aurumbikes.com\/wp-content\/uploads\/2023\/10\/SPARE_PART_GRAVEL_FRAME_PROTECTION_KIT_10.jpg\",\"width\":1365,\"height\":2048},{\"@type\":\"BreadcrumbList\",\"@id\":\"https:\/\/aurumbikes.com\/es\/producto\/kit-de-proteccion-para-cuadro-carretera\/#breadcrumb\",\"itemListElement\":[{\"@type\":\"ListItem\",\"position\":1,\"name\":\"Home\",\"item\":\"https:\/\/aurumbikes.com\/es\/\"},{\"@type\":\"ListItem\",\"position\":2,\"name\":\"Tienda\",\"item\":\"https:\/\/aurumbikes.com\/es\/comprar\/\"},{\"@type\":\"ListItem\",\"position\":3,\"name\":\"Kit de Protecci\u00f3n para Cuadro Carretera\"}]},{\"@type\":\"WebSite\",\"@id\":\"https:\/\/aurumbikes.com\/es\/#website\",\"url\":\"https:\/\/aurumbikes.com\/es\/\",\"name\":\"Aurum Bikes\",\"description\":\"Born From Experience\",\"potentialAction\":[{\"@type\":\"SearchAction\",\"target\":{\"@type\":\"EntryPoint\",\"urlTemplate\":\"https:\/\/aurumbikes.com\/es\/?s={search_term_string}\"},\"query-input\":\"required name=search_term_string\"}],\"inLanguage\":\"es\"}]}<\/script>\n<!-- \/ Yoast SEO plugin. -->","yoast_head_json":{"title":"Kit de Protecci\u00f3n para Cuadro Carretera - Aurum Bikes","description":"Mant\u00e9n tu cuadro de bicicleta de carretera protegido con este completo kit de protecci\u00f3n. Incluye protectores para vainas, protector de plato, y otros","robots":{"index":"index","follow":"follow","max-snippet":"max-snippet:-1","max-image-preview":"max-image-preview:large","max-video-preview":"max-video-preview:-1"},"canonical":"https:\/\/aurumbikes.com\/es\/producto\/kit-de-proteccion-para-cuadro-carretera\/","og_locale":"es_ES","og_type":"article","og_title":"Kit de Protecci\u00f3n para Cuadro Carretera - Aurum Bikes","og_description":"Mant\u00e9n tu cuadro de bicicleta de carretera protegido con este completo kit de protecci\u00f3n. Incluye protectores para vainas, protector de plato, y otros","og_url":"https:\/\/aurumbikes.com\/es\/producto\/kit-de-proteccion-para-cuadro-carretera\/","og_site_name":"Aurum Bikes","article_publisher":"https:\/\/www.facebook.com\/AURUMbikes","article_modified_time":"2025-01-02T11:18:20+00:00","og_image":[{"width":1365,"height":2048,"url":"https:\/\/aurumbikes.com\/wp-content\/uploads\/2023\/10\/SPARE_PART_GRAVEL_FRAME_PROTECTION_KIT_10.jpg","type":"image\/jpeg"}],"twitter_card":"summary_large_image","twitter_misc":{"Tiempo de lectura":"1 minuto"},"schema":{"@context":"https:\/\/schema.org","@graph":[{"@type":"WebPage","@id":"https:\/\/aurumbikes.com\/es\/producto\/kit-de-proteccion-para-cuadro-carretera\/","url":"https:\/\/aurumbikes.com\/es\/producto\/kit-de-proteccion-para-cuadro-carretera\/","name":"Kit de Protecci\u00f3n para Cuadro Carretera - Aurum Bikes","isPartOf":{"@id":"https:\/\/aurumbikes.com\/es\/#website"},"primaryImageOfPage":{"@id":"https:\/\/aurumbikes.com\/es\/producto\/kit-de-proteccion-para-cuadro-carretera\/#primaryimage"},"image":{"@id":"https:\/\/aurumbikes.com\/es\/producto\/kit-de-proteccion-para-cuadro-carretera\/#primaryimage"},"thumbnailUrl":"https:\/\/aurumbikes.com\/wp-content\/uploads\/2023\/10\/SPARE_PART_GRAVEL_FRAME_PROTECTION_KIT_10.jpg","datePublished":"2023-10-20T07:57:27+00:00","dateModified":"2025-01-02T11:18:20+00:00","description":"Mant\u00e9n tu cuadro de bicicleta de carretera protegido con este completo kit de protecci\u00f3n. Incluye protectores para vainas, protector de plato, y otros","breadcrumb":{"@id":"https:\/\/aurumbikes.com\/es\/producto\/kit-de-proteccion-para-cuadro-carretera\/#breadcrumb"},"inLanguage":"es","potentialAction":[{"@type":"ReadAction","target":["https:\/\/aurumbikes.com\/es\/producto\/kit-de-proteccion-para-cuadro-carretera\/"]}]},{"@type":"ImageObject","inLanguage":"es","@id":"https:\/\/aurumbikes.com\/es\/producto\/kit-de-proteccion-para-cuadro-carretera\/#primaryimage","url":"https:\/\/aurumbikes.com\/wp-content\/uploads\/2023\/10\/SPARE_PART_GRAVEL_FRAME_PROTECTION_KIT_10.jpg","contentUrl":"https:\/\/aurumbikes.com\/wp-content\/uploads\/2023\/10\/SPARE_PART_GRAVEL_FRAME_PROTECTION_KIT_10.jpg","width":1365,"height":2048},{"@type":"BreadcrumbList","@id":"https:\/\/aurumbikes.com\/es\/producto\/kit-de-proteccion-para-cuadro-carretera\/#breadcrumb","itemListElement":[{"@type":"ListItem","position":1,"name":"Home","item":"https:\/\/aurumbikes.com\/es\/"},{"@type":"ListItem","position":2,"name":"Tienda","item":"https:\/\/aurumbikes.com\/es\/comprar\/"},{"@type":"ListItem","position":3,"name":"Kit de Protecci\u00f3n para Cuadro Carretera"}]},{"@type":"WebSite","@id":"https:\/\/aurumbikes.com\/es\/#website","url":"https:\/\/aurumbikes.com\/es\/","name":"Aurum Bikes","description":"Born From Experience","potentialAction":[{"@type":"SearchAction","target":{"@type":"EntryPoint","urlTemplate":"https:\/\/aurumbikes.com\/es\/?s={search_term_string}"},"query-input":"required name=search_term_string"}],"inLanguage":"es"}]}},"_links":{"self":[{"href":"https:\/\/aurumbikes.com\/es\/wp-json\/wp\/v2\/product\/16218"}],"collection":[{"href":"https:\/\/aurumbikes.com\/es\/wp-json\/wp\/v2\/product"}],"about":[{"href":"https:\/\/aurumbikes.com\/es\/wp-json\/wp\/v2\/types\/product"}],"wp:featuredmedia":[{"embeddable":true,"href":"https:\/\/aurumbikes.com\/es\/wp-json\/wp\/v2\/media\/19899"}],"wp:attachment":[{"href":"https:\/\/aurumbikes.com\/es\/wp-json\/wp\/v2\/media?parent=16218"}],"wp:term":[{"taxonomy":"product_cat","embeddable":true,"href":"https:\/\/aurumbikes.com\/es\/wp-json\/wp\/v2\/product_cat?post=16218"},{"taxonomy":"product_tag","embeddable":true,"href":"https:\/\/aurumbikes.com\/es\/wp-json\/wp\/v2\/product_tag?post=16218"}],"curies":[{"name":"wp","href":"https:\/\/api.w.org\/{rel}","templated":true}]}}