{"id":16220,"date":"2023-10-20T08:06:22","date_gmt":"2023-10-20T08:06:22","guid":{"rendered":"https:\/\/aurumbikes.com\/producto\/kit-de-percha-y-cuna-de-tija-carretera\/"},"modified":"2025-10-13T10:09:33","modified_gmt":"2025-10-13T10:09:33","slug":"kit-de-percha-y-cuna-de-tija-carretera","status":"publish","type":"product","link":"https:\/\/aurumbikes.com\/es\/producto\/kit-de-percha-y-cuna-de-tija-carretera\/","title":{"rendered":"Kit Soportes Desviadores y Cu\u00f1a para Tija (Essentia)"},"content":{"rendered":"<p>Optimiza la sujeci\u00f3n de componentes en tu bicicleta de carretera con este kit de patillas y cu\u00f1a de tija. Incluye patilla de cambio trasero, junta de goma para la tija, y otros elementos para un montaje seguro y un rendimiento \u00f3ptimo.<\/p>\n<p>&nbsp;<\/p>\n<p>CONTENIDOS DEL KIT<\/p>\n<table>\n<tbody>\n<tr>\n<td width=\"331\"><strong>Producto<\/strong><\/td>\n<td width=\"80\"><strong>Unidad(es)<\/strong><\/td>\n<\/tr>\n<tr>\n<td width=\"331\">Aurum Seatpost Wedge Assembly<\/td>\n<td width=\"80\">1<\/td>\n<\/tr>\n<tr>\n<td width=\"331\">Aurum Seatpost Rubber Gasket<\/td>\n<td width=\"80\">1<\/td>\n<\/tr>\n<tr>\n<td width=\"331\">Aurum RD Hanger<\/td>\n<td width=\"80\">1<\/td>\n<\/tr>\n<tr>\n<td width=\"331\">Aurum BT512<\/td>\n<td width=\"80\">1<\/td>\n<\/tr>\n<tr>\n<td width=\"331\">Aurum FD Hanger<\/td>\n<td width=\"80\">1<\/td>\n<\/tr>\n<tr>\n<td width=\"331\">Aurum BT510<\/td>\n<td width=\"80\">2<\/td>\n<\/tr>\n<\/tbody>\n<\/table>\n","protected":false},"excerpt":{"rendered":"<p>Optimiza la sujeci\u00f3n de componentes en tu bicicleta de carretera con este kit de patillas y cu\u00f1a de tija. Incluye patilla de cambio trasero, junta de goma para la tija, y otros elementos para un montaje seguro y un rendimiento \u00f3ptimo. &nbsp; CONTENIDOS DEL KIT Producto Unidad(es) Aurum Seatpost Wedge Assembly 1 Aurum Seatpost Rubber [&hellip;]<\/p>\n","protected":false},"featured_media":16199,"template":"","meta":[],"product_cat":[191],"product_tag":[],"yoast_head":"<!-- This site is optimized with the Yoast SEO plugin v22.6 - https:\/\/yoast.com\/wordpress\/plugins\/seo\/ -->\n<title>Kit Soportes Desviadores y Cu\u00f1a para Tija (Essentia) - Aurum Bikes<\/title>\n<meta name=\"description\" content=\"Optimiza la sujeci\u00f3n de componentes en tu bicicleta de carretera con este kit de patillas y cu\u00f1a de tija. Incluye patilla de cambio trasero, junta de goma\" \/>\n<meta name=\"robots\" content=\"index, follow, max-snippet:-1, max-image-preview:large, max-video-preview:-1\" \/>\n<link rel=\"canonical\" href=\"https:\/\/aurumbikes.com\/es\/producto\/kit-de-percha-y-cuna-de-tija-carretera\/\" \/>\n<meta property=\"og:locale\" content=\"es_ES\" \/>\n<meta property=\"og:type\" content=\"article\" \/>\n<meta property=\"og:title\" content=\"Kit Soportes Desviadores y Cu\u00f1a para Tija (Essentia) - Aurum Bikes\" \/>\n<meta property=\"og:description\" content=\"Optimiza la sujeci\u00f3n de componentes en tu bicicleta de carretera con este kit de patillas y cu\u00f1a de tija. Incluye patilla de cambio trasero, junta de goma\" \/>\n<meta property=\"og:url\" content=\"https:\/\/aurumbikes.com\/es\/producto\/kit-de-percha-y-cuna-de-tija-carretera\/\" \/>\n<meta property=\"og:site_name\" content=\"Aurum Bikes\" \/>\n<meta property=\"article:publisher\" content=\"https:\/\/www.facebook.com\/AURUMbikes\" \/>\n<meta property=\"article:modified_time\" content=\"2025-10-13T10:09:33+00:00\" \/>\n<meta property=\"og:image\" content=\"https:\/\/aurumbikes.com\/wp-content\/uploads\/2023\/10\/SPARE_PART_ROAD_HANGER-_AND_SEATPOT_WEDGE_KIT_458A3692-scaled.jpg\" \/>\n\t<meta property=\"og:image:width\" content=\"1707\" \/>\n\t<meta property=\"og:image:height\" content=\"2560\" \/>\n\t<meta property=\"og:image:type\" content=\"image\/jpeg\" \/>\n<meta name=\"twitter:card\" content=\"summary_large_image\" \/>\n<meta name=\"twitter:label1\" content=\"Tiempo de lectura\" \/>\n\t<meta name=\"twitter:data1\" content=\"1 minuto\" \/>\n<script type=\"application\/ld+json\" class=\"yoast-schema-graph\">{\"@context\":\"https:\/\/schema.org\",\"@graph\":[{\"@type\":\"WebPage\",\"@id\":\"https:\/\/aurumbikes.com\/es\/producto\/kit-de-percha-y-cuna-de-tija-carretera\/\",\"url\":\"https:\/\/aurumbikes.com\/es\/producto\/kit-de-percha-y-cuna-de-tija-carretera\/\",\"name\":\"Kit Soportes Desviadores y Cu\u00f1a para Tija (Essentia) - Aurum Bikes\",\"isPartOf\":{\"@id\":\"https:\/\/aurumbikes.com\/es\/#website\"},\"primaryImageOfPage\":{\"@id\":\"https:\/\/aurumbikes.com\/es\/producto\/kit-de-percha-y-cuna-de-tija-carretera\/#primaryimage\"},\"image\":{\"@id\":\"https:\/\/aurumbikes.com\/es\/producto\/kit-de-percha-y-cuna-de-tija-carretera\/#primaryimage\"},\"thumbnailUrl\":\"https:\/\/aurumbikes.com\/wp-content\/uploads\/2023\/10\/SPARE_PART_ROAD_HANGER-_AND_SEATPOT_WEDGE_KIT_458A3692-scaled.jpg\",\"datePublished\":\"2023-10-20T08:06:22+00:00\",\"dateModified\":\"2025-10-13T10:09:33+00:00\",\"description\":\"Optimiza la sujeci\u00f3n de componentes en tu bicicleta de carretera con este kit de patillas y cu\u00f1a de tija. Incluye patilla de cambio trasero, junta de goma\",\"breadcrumb\":{\"@id\":\"https:\/\/aurumbikes.com\/es\/producto\/kit-de-percha-y-cuna-de-tija-carretera\/#breadcrumb\"},\"inLanguage\":\"es\",\"potentialAction\":[{\"@type\":\"ReadAction\",\"target\":[\"https:\/\/aurumbikes.com\/es\/producto\/kit-de-percha-y-cuna-de-tija-carretera\/\"]}]},{\"@type\":\"ImageObject\",\"inLanguage\":\"es\",\"@id\":\"https:\/\/aurumbikes.com\/es\/producto\/kit-de-percha-y-cuna-de-tija-carretera\/#primaryimage\",\"url\":\"https:\/\/aurumbikes.com\/wp-content\/uploads\/2023\/10\/SPARE_PART_ROAD_HANGER-_AND_SEATPOT_WEDGE_KIT_458A3692-scaled.jpg\",\"contentUrl\":\"https:\/\/aurumbikes.com\/wp-content\/uploads\/2023\/10\/SPARE_PART_ROAD_HANGER-_AND_SEATPOT_WEDGE_KIT_458A3692-scaled.jpg\",\"width\":1707,\"height\":2560},{\"@type\":\"BreadcrumbList\",\"@id\":\"https:\/\/aurumbikes.com\/es\/producto\/kit-de-percha-y-cuna-de-tija-carretera\/#breadcrumb\",\"itemListElement\":[{\"@type\":\"ListItem\",\"position\":1,\"name\":\"Home\",\"item\":\"https:\/\/aurumbikes.com\/es\/\"},{\"@type\":\"ListItem\",\"position\":2,\"name\":\"Tienda\",\"item\":\"https:\/\/aurumbikes.com\/es\/comprar\/\"},{\"@type\":\"ListItem\",\"position\":3,\"name\":\"Kit Soportes Desviadores y Cu\u00f1a para Tija (Essentia)\"}]},{\"@type\":\"WebSite\",\"@id\":\"https:\/\/aurumbikes.com\/es\/#website\",\"url\":\"https:\/\/aurumbikes.com\/es\/\",\"name\":\"Aurum Bikes\",\"description\":\"Born From Experience\",\"potentialAction\":[{\"@type\":\"SearchAction\",\"target\":{\"@type\":\"EntryPoint\",\"urlTemplate\":\"https:\/\/aurumbikes.com\/es\/?s={search_term_string}\"},\"query-input\":\"required name=search_term_string\"}],\"inLanguage\":\"es\"}]}<\/script>\n<!-- \/ Yoast SEO plugin. -->","yoast_head_json":{"title":"Kit Soportes Desviadores y Cu\u00f1a para Tija (Essentia) - Aurum Bikes","description":"Optimiza la sujeci\u00f3n de componentes en tu bicicleta de carretera con este kit de patillas y cu\u00f1a de tija. Incluye patilla de cambio trasero, junta de goma","robots":{"index":"index","follow":"follow","max-snippet":"max-snippet:-1","max-image-preview":"max-image-preview:large","max-video-preview":"max-video-preview:-1"},"canonical":"https:\/\/aurumbikes.com\/es\/producto\/kit-de-percha-y-cuna-de-tija-carretera\/","og_locale":"es_ES","og_type":"article","og_title":"Kit Soportes Desviadores y Cu\u00f1a para Tija (Essentia) - Aurum Bikes","og_description":"Optimiza la sujeci\u00f3n de componentes en tu bicicleta de carretera con este kit de patillas y cu\u00f1a de tija. Incluye patilla de cambio trasero, junta de goma","og_url":"https:\/\/aurumbikes.com\/es\/producto\/kit-de-percha-y-cuna-de-tija-carretera\/","og_site_name":"Aurum Bikes","article_publisher":"https:\/\/www.facebook.com\/AURUMbikes","article_modified_time":"2025-10-13T10:09:33+00:00","og_image":[{"width":1707,"height":2560,"url":"https:\/\/aurumbikes.com\/wp-content\/uploads\/2023\/10\/SPARE_PART_ROAD_HANGER-_AND_SEATPOT_WEDGE_KIT_458A3692-scaled.jpg","type":"image\/jpeg"}],"twitter_card":"summary_large_image","twitter_misc":{"Tiempo de lectura":"1 minuto"},"schema":{"@context":"https:\/\/schema.org","@graph":[{"@type":"WebPage","@id":"https:\/\/aurumbikes.com\/es\/producto\/kit-de-percha-y-cuna-de-tija-carretera\/","url":"https:\/\/aurumbikes.com\/es\/producto\/kit-de-percha-y-cuna-de-tija-carretera\/","name":"Kit Soportes Desviadores y Cu\u00f1a para Tija (Essentia) - Aurum Bikes","isPartOf":{"@id":"https:\/\/aurumbikes.com\/es\/#website"},"primaryImageOfPage":{"@id":"https:\/\/aurumbikes.com\/es\/producto\/kit-de-percha-y-cuna-de-tija-carretera\/#primaryimage"},"image":{"@id":"https:\/\/aurumbikes.com\/es\/producto\/kit-de-percha-y-cuna-de-tija-carretera\/#primaryimage"},"thumbnailUrl":"https:\/\/aurumbikes.com\/wp-content\/uploads\/2023\/10\/SPARE_PART_ROAD_HANGER-_AND_SEATPOT_WEDGE_KIT_458A3692-scaled.jpg","datePublished":"2023-10-20T08:06:22+00:00","dateModified":"2025-10-13T10:09:33+00:00","description":"Optimiza la sujeci\u00f3n de componentes en tu bicicleta de carretera con este kit de patillas y cu\u00f1a de tija. Incluye patilla de cambio trasero, junta de goma","breadcrumb":{"@id":"https:\/\/aurumbikes.com\/es\/producto\/kit-de-percha-y-cuna-de-tija-carretera\/#breadcrumb"},"inLanguage":"es","potentialAction":[{"@type":"ReadAction","target":["https:\/\/aurumbikes.com\/es\/producto\/kit-de-percha-y-cuna-de-tija-carretera\/"]}]},{"@type":"ImageObject","inLanguage":"es","@id":"https:\/\/aurumbikes.com\/es\/producto\/kit-de-percha-y-cuna-de-tija-carretera\/#primaryimage","url":"https:\/\/aurumbikes.com\/wp-content\/uploads\/2023\/10\/SPARE_PART_ROAD_HANGER-_AND_SEATPOT_WEDGE_KIT_458A3692-scaled.jpg","contentUrl":"https:\/\/aurumbikes.com\/wp-content\/uploads\/2023\/10\/SPARE_PART_ROAD_HANGER-_AND_SEATPOT_WEDGE_KIT_458A3692-scaled.jpg","width":1707,"height":2560},{"@type":"BreadcrumbList","@id":"https:\/\/aurumbikes.com\/es\/producto\/kit-de-percha-y-cuna-de-tija-carretera\/#breadcrumb","itemListElement":[{"@type":"ListItem","position":1,"name":"Home","item":"https:\/\/aurumbikes.com\/es\/"},{"@type":"ListItem","position":2,"name":"Tienda","item":"https:\/\/aurumbikes.com\/es\/comprar\/"},{"@type":"ListItem","position":3,"name":"Kit Soportes Desviadores y Cu\u00f1a para Tija (Essentia)"}]},{"@type":"WebSite","@id":"https:\/\/aurumbikes.com\/es\/#website","url":"https:\/\/aurumbikes.com\/es\/","name":"Aurum Bikes","description":"Born From Experience","potentialAction":[{"@type":"SearchAction","target":{"@type":"EntryPoint","urlTemplate":"https:\/\/aurumbikes.com\/es\/?s={search_term_string}"},"query-input":"required name=search_term_string"}],"inLanguage":"es"}]}},"_links":{"self":[{"href":"https:\/\/aurumbikes.com\/es\/wp-json\/wp\/v2\/product\/16220"}],"collection":[{"href":"https:\/\/aurumbikes.com\/es\/wp-json\/wp\/v2\/product"}],"about":[{"href":"https:\/\/aurumbikes.com\/es\/wp-json\/wp\/v2\/types\/product"}],"wp:featuredmedia":[{"embeddable":true,"href":"https:\/\/aurumbikes.com\/es\/wp-json\/wp\/v2\/media\/16199"}],"wp:attachment":[{"href":"https:\/\/aurumbikes.com\/es\/wp-json\/wp\/v2\/media?parent=16220"}],"wp:term":[{"taxonomy":"product_cat","embeddable":true,"href":"https:\/\/aurumbikes.com\/es\/wp-json\/wp\/v2\/product_cat?post=16220"},{"taxonomy":"product_tag","embeddable":true,"href":"https:\/\/aurumbikes.com\/es\/wp-json\/wp\/v2\/product_tag?post=16220"}],"curies":[{"name":"wp","href":"https:\/\/api.w.org\/{rel}","templated":true}]}}