{"id":84920,"date":"2025-06-12T14:06:00","date_gmt":"2025-06-12T14:06:00","guid":{"rendered":"https:\/\/aurumbikes.com\/?post_type=product&#038;p=84920"},"modified":"2025-06-12T14:24:35","modified_gmt":"2025-06-12T14:24:35","slug":"tija-de-sillin-aurum-magma-naca","status":"publish","type":"product","link":"https:\/\/aurumbikes.com\/es\/producto\/tija-de-sillin-aurum-magma-naca\/","title":{"rendered":"Tija de sill\u00edn AURUM MAGMA NACA"},"content":{"rendered":"<p>Dise\u00f1ada espec\u00edficamente para optimizar la aerodin\u00e1mica, la tija AURUM MAGMA incorpora un perfil NACA que reduce al m\u00e1ximo la resistencia al avance. Su integraci\u00f3n con el cuadro es total, manteniendo un equilibrio perfecto entre rigidez, ligereza y est\u00e9tica. Rendimiento puro en cada pedalada. Torniller\u00eda de acero inoxidable. Color negro mate. Peso de 170gr (375mm, 0\/25mm offset).<\/p>\n","protected":false},"excerpt":{"rendered":"<p>Dise\u00f1ada espec\u00edficamente para optimizar la aerodin\u00e1mica, la tija AURUM MAGMA incorpora un perfil NACA que reduce al m\u00e1ximo la resistencia al avance. Su integraci\u00f3n con el cuadro es total, manteniendo un equilibrio perfecto entre rigidez, ligereza y est\u00e9tica. Rendimiento puro en cada pedalada. Torniller\u00eda de acero inoxidable. Color negro mate. Peso de 170gr (375mm, 0\/25mm [&hellip;]<\/p>\n","protected":false},"featured_media":84933,"template":"","meta":[],"product_cat":[183],"product_tag":[],"yoast_head":"<!-- This site is optimized with the Yoast SEO plugin v22.6 - https:\/\/yoast.com\/wordpress\/plugins\/seo\/ -->\n<title>Tija de sill\u00edn AURUM MAGMA NACA - Aurum Bikes<\/title>\n<meta name=\"description\" content=\"Dise\u00f1ada espec\u00edficamente para optimizar la aerodin\u00e1mica, la tija AURUM MAGMA incorpora un perfil NACA que reduce al m\u00e1ximo la resistencia al avance. Su\" \/>\n<meta name=\"robots\" content=\"index, follow, max-snippet:-1, max-image-preview:large, max-video-preview:-1\" \/>\n<link rel=\"canonical\" href=\"https:\/\/aurumbikes.com\/es\/producto\/tija-de-sillin-aurum-magma-naca\/\" \/>\n<meta property=\"og:locale\" content=\"es_ES\" \/>\n<meta property=\"og:type\" content=\"article\" \/>\n<meta property=\"og:title\" content=\"Tija de sill\u00edn AURUM MAGMA NACA - Aurum Bikes\" \/>\n<meta property=\"og:description\" content=\"Dise\u00f1ada espec\u00edficamente para optimizar la aerodin\u00e1mica, la tija AURUM MAGMA incorpora un perfil NACA que reduce al m\u00e1ximo la resistencia al avance. Su\" \/>\n<meta property=\"og:url\" content=\"https:\/\/aurumbikes.com\/es\/producto\/tija-de-sillin-aurum-magma-naca\/\" \/>\n<meta property=\"og:site_name\" content=\"Aurum Bikes\" \/>\n<meta property=\"article:publisher\" content=\"https:\/\/www.facebook.com\/AURUMbikes\" \/>\n<meta property=\"article:modified_time\" content=\"2025-06-12T14:24:35+00:00\" \/>\n<meta property=\"og:image\" content=\"https:\/\/aurumbikes.com\/wp-content\/uploads\/2025\/06\/AURUM-MAGMA-NACA-NO-OFFSET-1.jpg\" \/>\n\t<meta property=\"og:image:width\" content=\"1080\" \/>\n\t<meta property=\"og:image:height\" content=\"1620\" \/>\n\t<meta property=\"og:image:type\" content=\"image\/jpeg\" \/>\n<meta name=\"twitter:card\" content=\"summary_large_image\" \/>\n<meta name=\"twitter:label1\" content=\"Tiempo de lectura\" \/>\n\t<meta name=\"twitter:data1\" content=\"1 minuto\" \/>\n<script type=\"application\/ld+json\" class=\"yoast-schema-graph\">{\"@context\":\"https:\/\/schema.org\",\"@graph\":[{\"@type\":\"WebPage\",\"@id\":\"https:\/\/aurumbikes.com\/es\/producto\/tija-de-sillin-aurum-magma-naca\/\",\"url\":\"https:\/\/aurumbikes.com\/es\/producto\/tija-de-sillin-aurum-magma-naca\/\",\"name\":\"Tija de sill\u00edn AURUM MAGMA NACA - Aurum Bikes\",\"isPartOf\":{\"@id\":\"https:\/\/aurumbikes.com\/es\/#website\"},\"primaryImageOfPage\":{\"@id\":\"https:\/\/aurumbikes.com\/es\/producto\/tija-de-sillin-aurum-magma-naca\/#primaryimage\"},\"image\":{\"@id\":\"https:\/\/aurumbikes.com\/es\/producto\/tija-de-sillin-aurum-magma-naca\/#primaryimage\"},\"thumbnailUrl\":\"https:\/\/aurumbikes.com\/wp-content\/uploads\/2025\/06\/AURUM-MAGMA-NACA-NO-OFFSET-1.jpg\",\"datePublished\":\"2025-06-12T14:06:00+00:00\",\"dateModified\":\"2025-06-12T14:24:35+00:00\",\"description\":\"Dise\u00f1ada espec\u00edficamente para optimizar la aerodin\u00e1mica, la tija AURUM MAGMA incorpora un perfil NACA que reduce al m\u00e1ximo la resistencia al avance. Su\",\"breadcrumb\":{\"@id\":\"https:\/\/aurumbikes.com\/es\/producto\/tija-de-sillin-aurum-magma-naca\/#breadcrumb\"},\"inLanguage\":\"es\",\"potentialAction\":[{\"@type\":\"ReadAction\",\"target\":[\"https:\/\/aurumbikes.com\/es\/producto\/tija-de-sillin-aurum-magma-naca\/\"]}]},{\"@type\":\"ImageObject\",\"inLanguage\":\"es\",\"@id\":\"https:\/\/aurumbikes.com\/es\/producto\/tija-de-sillin-aurum-magma-naca\/#primaryimage\",\"url\":\"https:\/\/aurumbikes.com\/wp-content\/uploads\/2025\/06\/AURUM-MAGMA-NACA-NO-OFFSET-1.jpg\",\"contentUrl\":\"https:\/\/aurumbikes.com\/wp-content\/uploads\/2025\/06\/AURUM-MAGMA-NACA-NO-OFFSET-1.jpg\",\"width\":1080,\"height\":1620},{\"@type\":\"BreadcrumbList\",\"@id\":\"https:\/\/aurumbikes.com\/es\/producto\/tija-de-sillin-aurum-magma-naca\/#breadcrumb\",\"itemListElement\":[{\"@type\":\"ListItem\",\"position\":1,\"name\":\"Home\",\"item\":\"https:\/\/aurumbikes.com\/es\/\"},{\"@type\":\"ListItem\",\"position\":2,\"name\":\"Tienda\",\"item\":\"https:\/\/aurumbikes.com\/es\/comprar\/\"},{\"@type\":\"ListItem\",\"position\":3,\"name\":\"Tija de sill\u00edn AURUM MAGMA NACA\"}]},{\"@type\":\"WebSite\",\"@id\":\"https:\/\/aurumbikes.com\/es\/#website\",\"url\":\"https:\/\/aurumbikes.com\/es\/\",\"name\":\"Aurum Bikes\",\"description\":\"Born From Experience\",\"potentialAction\":[{\"@type\":\"SearchAction\",\"target\":{\"@type\":\"EntryPoint\",\"urlTemplate\":\"https:\/\/aurumbikes.com\/es\/?s={search_term_string}\"},\"query-input\":\"required name=search_term_string\"}],\"inLanguage\":\"es\"}]}<\/script>\n<!-- \/ Yoast SEO plugin. -->","yoast_head_json":{"title":"Tija de sill\u00edn AURUM MAGMA NACA - Aurum Bikes","description":"Dise\u00f1ada espec\u00edficamente para optimizar la aerodin\u00e1mica, la tija AURUM MAGMA incorpora un perfil NACA que reduce al m\u00e1ximo la resistencia al avance. Su","robots":{"index":"index","follow":"follow","max-snippet":"max-snippet:-1","max-image-preview":"max-image-preview:large","max-video-preview":"max-video-preview:-1"},"canonical":"https:\/\/aurumbikes.com\/es\/producto\/tija-de-sillin-aurum-magma-naca\/","og_locale":"es_ES","og_type":"article","og_title":"Tija de sill\u00edn AURUM MAGMA NACA - Aurum Bikes","og_description":"Dise\u00f1ada espec\u00edficamente para optimizar la aerodin\u00e1mica, la tija AURUM MAGMA incorpora un perfil NACA que reduce al m\u00e1ximo la resistencia al avance. Su","og_url":"https:\/\/aurumbikes.com\/es\/producto\/tija-de-sillin-aurum-magma-naca\/","og_site_name":"Aurum Bikes","article_publisher":"https:\/\/www.facebook.com\/AURUMbikes","article_modified_time":"2025-06-12T14:24:35+00:00","og_image":[{"width":1080,"height":1620,"url":"https:\/\/aurumbikes.com\/wp-content\/uploads\/2025\/06\/AURUM-MAGMA-NACA-NO-OFFSET-1.jpg","type":"image\/jpeg"}],"twitter_card":"summary_large_image","twitter_misc":{"Tiempo de lectura":"1 minuto"},"schema":{"@context":"https:\/\/schema.org","@graph":[{"@type":"WebPage","@id":"https:\/\/aurumbikes.com\/es\/producto\/tija-de-sillin-aurum-magma-naca\/","url":"https:\/\/aurumbikes.com\/es\/producto\/tija-de-sillin-aurum-magma-naca\/","name":"Tija de sill\u00edn AURUM MAGMA NACA - Aurum Bikes","isPartOf":{"@id":"https:\/\/aurumbikes.com\/es\/#website"},"primaryImageOfPage":{"@id":"https:\/\/aurumbikes.com\/es\/producto\/tija-de-sillin-aurum-magma-naca\/#primaryimage"},"image":{"@id":"https:\/\/aurumbikes.com\/es\/producto\/tija-de-sillin-aurum-magma-naca\/#primaryimage"},"thumbnailUrl":"https:\/\/aurumbikes.com\/wp-content\/uploads\/2025\/06\/AURUM-MAGMA-NACA-NO-OFFSET-1.jpg","datePublished":"2025-06-12T14:06:00+00:00","dateModified":"2025-06-12T14:24:35+00:00","description":"Dise\u00f1ada espec\u00edficamente para optimizar la aerodin\u00e1mica, la tija AURUM MAGMA incorpora un perfil NACA que reduce al m\u00e1ximo la resistencia al avance. Su","breadcrumb":{"@id":"https:\/\/aurumbikes.com\/es\/producto\/tija-de-sillin-aurum-magma-naca\/#breadcrumb"},"inLanguage":"es","potentialAction":[{"@type":"ReadAction","target":["https:\/\/aurumbikes.com\/es\/producto\/tija-de-sillin-aurum-magma-naca\/"]}]},{"@type":"ImageObject","inLanguage":"es","@id":"https:\/\/aurumbikes.com\/es\/producto\/tija-de-sillin-aurum-magma-naca\/#primaryimage","url":"https:\/\/aurumbikes.com\/wp-content\/uploads\/2025\/06\/AURUM-MAGMA-NACA-NO-OFFSET-1.jpg","contentUrl":"https:\/\/aurumbikes.com\/wp-content\/uploads\/2025\/06\/AURUM-MAGMA-NACA-NO-OFFSET-1.jpg","width":1080,"height":1620},{"@type":"BreadcrumbList","@id":"https:\/\/aurumbikes.com\/es\/producto\/tija-de-sillin-aurum-magma-naca\/#breadcrumb","itemListElement":[{"@type":"ListItem","position":1,"name":"Home","item":"https:\/\/aurumbikes.com\/es\/"},{"@type":"ListItem","position":2,"name":"Tienda","item":"https:\/\/aurumbikes.com\/es\/comprar\/"},{"@type":"ListItem","position":3,"name":"Tija de sill\u00edn AURUM MAGMA NACA"}]},{"@type":"WebSite","@id":"https:\/\/aurumbikes.com\/es\/#website","url":"https:\/\/aurumbikes.com\/es\/","name":"Aurum Bikes","description":"Born From Experience","potentialAction":[{"@type":"SearchAction","target":{"@type":"EntryPoint","urlTemplate":"https:\/\/aurumbikes.com\/es\/?s={search_term_string}"},"query-input":"required name=search_term_string"}],"inLanguage":"es"}]}},"_links":{"self":[{"href":"https:\/\/aurumbikes.com\/es\/wp-json\/wp\/v2\/product\/84920"}],"collection":[{"href":"https:\/\/aurumbikes.com\/es\/wp-json\/wp\/v2\/product"}],"about":[{"href":"https:\/\/aurumbikes.com\/es\/wp-json\/wp\/v2\/types\/product"}],"wp:featuredmedia":[{"embeddable":true,"href":"https:\/\/aurumbikes.com\/es\/wp-json\/wp\/v2\/media\/84933"}],"wp:attachment":[{"href":"https:\/\/aurumbikes.com\/es\/wp-json\/wp\/v2\/media?parent=84920"}],"wp:term":[{"taxonomy":"product_cat","embeddable":true,"href":"https:\/\/aurumbikes.com\/es\/wp-json\/wp\/v2\/product_cat?post=84920"},{"taxonomy":"product_tag","embeddable":true,"href":"https:\/\/aurumbikes.com\/es\/wp-json\/wp\/v2\/product_tag?post=84920"}],"curies":[{"name":"wp","href":"https:\/\/api.w.org\/{rel}","templated":true}]}}