{"id":31333,"date":"2023-08-30T08:16:44","date_gmt":"2023-08-30T08:16:44","guid":{"rendered":"https:\/\/aurumbikes.com\/privacy-policy\/"},"modified":"2025-04-22T17:57:17","modified_gmt":"2025-04-22T17:57:17","slug":"politique-de-confidentialite","status":"publish","type":"page","link":"https:\/\/aurumbikes.com\/fr\/politique-de-confidentialite\/","title":{"rendered":"Politique de Confidentialit\u00e9"},"content":{"rendered":"\t\t<div data-elementor-type=\"wp-page\" data-elementor-id=\"31333\" class=\"elementor elementor-31333 elementor-13877\" data-elementor-post-type=\"page\">\n\t\t\t\t\t\t<section class=\"elementor-section elementor-top-section elementor-element elementor-element-914130b elementor-section-boxed elementor-section-height-default elementor-section-height-default qodef-elementor-content-no\" data-id=\"914130b\" data-element_type=\"section\">\n\t\t\t\t\t\t<div class=\"elementor-container elementor-column-gap-default\">\n\t\t\t\t\t<div class=\"elementor-column elementor-col-100 elementor-top-column elementor-element elementor-element-9d86a5c\" data-id=\"9d86a5c\" data-element_type=\"column\">\n\t\t\t<div class=\"elementor-widget-wrap elementor-element-populated\">\n\t\t\t\t\t\t<div class=\"elementor-element elementor-element-3df5310 elementor-widget elementor-widget-text-editor\" data-id=\"3df5310\" data-element_type=\"widget\" data-widget_type=\"text-editor.default\">\n\t\t\t\t<div class=\"elementor-widget-container\">\n\t\t\t<style>\/*! elementor - v3.21.0 - 08-05-2024 *\/\n.elementor-widget-text-editor.elementor-drop-cap-view-stacked .elementor-drop-cap{background-color:#69727d;color:#fff}.elementor-widget-text-editor.elementor-drop-cap-view-framed .elementor-drop-cap{color:#69727d;border:3px solid;background-color:transparent}.elementor-widget-text-editor:not(.elementor-drop-cap-view-default) .elementor-drop-cap{margin-top:8px}.elementor-widget-text-editor:not(.elementor-drop-cap-view-default) .elementor-drop-cap-letter{width:1em;height:1em}.elementor-widget-text-editor .elementor-drop-cap{float:left;text-align:center;line-height:1;font-size:50px}.elementor-widget-text-editor .elementor-drop-cap-letter{display:inline-block}<\/style>\t\t\t\t<p>Contador &amp; Basso Group, SL (ci-apr\u00e8s, le \u00ab <strong>Responsable du traitement <\/strong>\u00bb ou \u00ab <strong>AURUM <\/strong>\u00bb) souhaite vous donner tous les d\u00e9tails sur la mani\u00e8re dont nous traitons les donn\u00e9es personnelles que vous nous fournissez lorsque vous interagissez avec nous. Ainsi, cette politique de confidentialit\u00e9 s\u2019applique \u00e0 toutes les personnes qui nous fournissent ou nous ont fourni des donn\u00e9es personnelles par quelque moyen que ce soit, notamment lorsqu\u2019il y a une r\u00e9f\u00e9rence \u00e0 cette politique, y compris sur un formulaire, ce site Web, etc.<\/p><p>Ci-dessous, nous vous informons de notre politique de confidentialit\u00e9, en tenant compte du fait que pour nous, garantir la confidentialit\u00e9 des donn\u00e9es personnelles de nos clients et utilisateurs de nos services est une valeur essentielle. Conform\u00e9ment aux dispositions du R\u00c8GLEMENT (UE) 2016\/679 DU PARLEMENT EUROP\u00c9EN ET DU CONSEIL du 27 avril 2016 relatif \u00e0 la protection des personnes physiques \u00e0 l&#8217;\u00e9gard du traitement des donn\u00e9es \u00e0 caract\u00e8re personnel et \u00e0 la libre circulation de ces donn\u00e9es, et abrogeant la directive 95\/46\/CE (r\u00e8glement g\u00e9n\u00e9ral sur la protection des donn\u00e9es) et de la loi organique 3\/2018 du 5 d\u00e9cembre relative \u00e0 la protection des donn\u00e9es personnelles et \u00e0 la garantie des droits num\u00e9riques, voici les informations d\u00e9taill\u00e9es sur le traitement de vos donn\u00e9es personnelles :<\/p><ol><li><strong>Identit\u00e9 du responsable du traitement<\/strong><\/li><\/ol><ul><li>Nom : Contador &amp; Basso Group, SL<\/li><li>Si\u00e8ge social : Calle Milanos 8 \u2013 28320, Pinto, Madrid.<\/li><li>NIF : B-88553292<\/li><li>Courriel de contact : <a href=\"mailto:lpd@aurumbikes.com\">lpd@aurumbikes.com<\/a><\/li><\/ul><p>\u00a0<\/p><ol start=\"2\"><li><strong>Finalit\u00e9s du traitement<\/strong><\/li><\/ol><p>Ci-dessous, nous indiquons les finalit\u00e9s pour lesquelles vos donn\u00e9es personnelles peuvent \u00eatre trait\u00e9es :<\/p><ul><li>Formaliser et entretenir des relations d&#8217;affaires avec nos clients et utilisateurs pour fournir nos services et vendre nos produits.<\/li><\/ul><ul><li>Gestion des requ\u00eates et demandes d&#8217;informations soumises via les formulaires pr\u00e9vus \u00e0 cet effet ou les modalit\u00e9s de contact sur le site.<\/li><\/ul><ul><li>La gestion, l\u2019administration, la fourniture et l\u2019am\u00e9lioration de nos services, ainsi que la maintenance et l\u2019am\u00e9lioration de notre site Web.<\/li><li>L&#8217;envoi de newsletters par AURUM ou des soci\u00e9t\u00e9s li\u00e9es \u00e0 nous, concernant des informations sur nos actualit\u00e9s ou services, ou ceux des soci\u00e9t\u00e9s appartenant \u00e0 notre environnement.<\/li><li>Communication \u00e0 des fins purement administratives ou organisationnelles internes avec d&#8217;autres entreprises de notre environnement. \u00c0 des fins de clarification, ces soci\u00e9t\u00e9s peuvent inclure : Hayf Sports, SL, le Club Sportif Cycliste Alberto Contador, la Fondation Alberto Contador, SCIO Procycling, SL, ainsi que toute autre entit\u00e9 dans laquelle ces soci\u00e9t\u00e9s d\u00e9tiennent une participation majoritaire.<\/li><\/ul><ol start=\"3\"><li><strong>Base l\u00e9gitime du traitement<\/strong><\/li><\/ol><p>La base juridique du traitement de vos donn\u00e9es d\u00e9pendra de la finalit\u00e9 pour laquelle les donn\u00e9es personnelles sont trait\u00e9es :<\/p><ol><li>En ce qui concerne la formalisation et le maintien de notre relation contractuelle ou commerciale, la base l\u00e9gitime du traitement de vos donn\u00e9es sera la n\u00e9cessit\u00e9 de les traiter en ex\u00e9cution d&#8217;un contrat, ou pour l&#8217;application de mesures pr\u00e9contractuelles (art. 6.1.b) RGPD).<\/li><li>Dans tous les autres cas, nous traiterons vos donn\u00e9es personnelles si vous nous avez donn\u00e9 votre consentement expr\u00e8s, libre et sans \u00e9quivoque pour utiliser vos donn\u00e9es d&#8217;une mani\u00e8re sp\u00e9cifique en cochant explicitement une case de consentement lors du remplissage d&#8217;un formulaire, conform\u00e9ment \u00e0 l&#8217;article 6.1.a) du RGPD.<\/li><li>Pour l&#8217;int\u00e9r\u00eat l\u00e9gitime d&#8217;AURUM, en relation avec la communication au reste des entreprises de son environnement \u00e0 des fins de gestion purement administrative, interne et financi\u00e8re, conform\u00e9ment aux dispositions des articles 6.1.f) GDPR et 19 LOPDGDD.<\/li><\/ol><p>Les donn\u00e9es que nous demandons sont ad\u00e9quates, pertinentes et strictement n\u00e9cessaires \u00e0 la r\u00e9alisation des finalit\u00e9s d\u00e9crites. De votre c\u00f4t\u00e9, vous devez garantir l&#8217;authenticit\u00e9, l&#8217;exactitude et la v\u00e9racit\u00e9 de toutes les informations que vous nous fournissez, et vous vous engagez \u00e0 maintenir les donn\u00e9es \u00e0 jour afin qu&#8217;elles refl\u00e8tent votre situation r\u00e9elle \u00e0 tout moment.<\/p><ol start=\"4\"><li><strong>Avec qui partageons-nous vos donn\u00e9es ?<\/strong><\/li><\/ol><p>Vos donn\u00e9es personnelles peuvent \u00eatre divulgu\u00e9es aux autorit\u00e9s publiques si nous devons nous conformer \u00e0 une obligation l\u00e9gale ou recevoir une demande de ces autorit\u00e9s.<\/p><p>En outre, le fournisseur qui g\u00e8re notre site Web peut \u00e0 un moment donn\u00e9 acc\u00e9der aux informations extraites \u00e0 la suite de votre navigation, lorsque cela est n\u00e9cessaire pour fournir ses services et pour maintenir ou am\u00e9liorer notre site Web.<\/p><p>De plus, nous pouvons partager vos informations avec les soci\u00e9t\u00e9s associ\u00e9es \u00e0 nous indiqu\u00e9es ci-dessus pour le contr\u00f4le et la gestion administrative et financi\u00e8re d&#8217;AURUM et du reste des entit\u00e9s associ\u00e9es, ou pour l&#8217;envoi de newsletters si vous y consentez express\u00e9ment.<\/p><p>Dans le cadre de l&#8217;achat de nos produits, une s\u00e9rie de communications de vos donn\u00e9es personnelles doit n\u00e9cessairement intervenir :<\/p><ul><li>Dans un premier temps, vos donn\u00e9es seront communiqu\u00e9es \u00e0 l&#8217;entit\u00e9 par laquelle le paiement est trait\u00e9 :<ul><li>Dans le cas d&#8217;un virement bancaire, la banque par laquelle l&#8217;argent est d\u00e9pos\u00e9, si elle est situ\u00e9e dans un pays tiers hors de l&#8217;Union europ\u00e9enne, doit fournir ses coordonn\u00e9es \u00e0 la banque par laquelle AURUM op\u00e8re afin de traiter le paiement.<\/li><li>Les donn\u00e9es seront \u00e9galement communiqu\u00e9es \u00e0 PayPal si le paiement est effectu\u00e9 via ce syst\u00e8me.<\/li><li>Elles seront \u00e9galement communiqu\u00e9es au Groupe Santander, si n\u00e9cessaire pour permettre le paiement via la plateforme Redsys, s&#8217;il est effectu\u00e9 par carte de cr\u00e9dit\/d\u00e9bit.<\/li><li>Enfin, si le paiement est financ\u00e9 par l&#8217;interm\u00e9diaire de Banco Cetelem, vos informations doivent \u00e9galement \u00eatre fournies \u00e0 cette entit\u00e9, si n\u00e9cessaire pour permettre le financement du paiement.<\/li><\/ul><\/li><li>De plus, nous partagerons vos informations avec les entit\u00e9s responsables de la messagerie, de l&#8217;exp\u00e9dition et de la logistique de nos produits, afin que vous puissiez recevoir le produit \u00e0 l&#8217;adresse que vous fournissez.<\/li><\/ul><p>Nous vous informons \u00e9galement que les communications de donn\u00e9es susmentionn\u00e9es peuvent impliquer le transfert de donn\u00e9es vers des pays tiers, qui peuvent ou non offrir une garantie de protection \u00e9quivalente \u00e0 celle que nous garantissons. Cependant, nous tenons \u00e0 vous informer que nous avons sign\u00e9 avec tous ces tiers le document correspondant r\u00e9gissant cet acc\u00e8s aux donn\u00e9es, qui r\u00e9glemente l&#8217;adoption de mesures de s\u00e9curit\u00e9 suffisantes pour garantir votre droit \u00e0 la protection des donn\u00e9es personnelles. Dans tous les cas, nous restons \u00e0 votre disposition pour clarifier toute question relative au traitement de vos donn\u00e9es par nous ou par ces tiers.<\/p><ol start=\"5\"><li><strong>Combien de temps conserverons-nous vos donn\u00e9es ?<\/strong><\/li><\/ol><p>Nous conserverons vos donn\u00e9es aussi longtemps que n\u00e9cessaire pour atteindre l&#8217;objectif pour lequel elles ont \u00e9t\u00e9 collect\u00e9es, pour assurer la prestation de services et pour nous conformer \u00e0 nos obligations l\u00e9gales, ou jusqu&#8217;\u00e0 ce que vous retiriez votre consentement. Une fois supprim\u00e9s \u00e0 l&#8217;aide de mesures de s\u00e9curit\u00e9 appropri\u00e9es, nous les conserverons bloqu\u00e9s pendant le temps n\u00e9cessaire pour r\u00e9pondre \u00e0 d&#8217;\u00e9ventuelles r\u00e9clamations futures et d\u00e9fendre nos int\u00e9r\u00eats.<\/p><p>Vous pouvez vous d\u00e9sinscrire de la newsletter, si vous y \u00eates abonn\u00e9, \u00e0 tout moment via le lien pr\u00e9vu \u00e0 cet effet dans la newsletter elle-m\u00eame, ou en envoyant un email \u00e0 <a href=\"mailto:lpd@aurumbikes.com\">lpd@aurumbikes.com <\/a>.<\/p><ol start=\"6\"><li><strong>Comment prot\u00e9geons-nous vos donn\u00e9es ?<\/strong><\/li><\/ol><p>Conform\u00e9ment \u00e0 notre obligation de pr\u00e9server la confidentialit\u00e9 des donn\u00e9es personnelles collect\u00e9es, ainsi qu&#8217;\u00e0 notre devoir de sauvegarde de celles-ci, nous nous engageons \u00e0 adopter les mesures de s\u00e9curit\u00e9 n\u00e9cessaires pour emp\u00eacher leur modification, alt\u00e9ration, perte, traitement ou acc\u00e8s non autoris\u00e9, conform\u00e9ment aux dispositions du RGPD.<\/p><p>AURUM garantit avoir mis en \u0153uvre des politiques techniques et organisationnelles appropri\u00e9es pour appliquer les mesures de s\u00e9curit\u00e9 \u00e9tablies par le RGPD et la LOPDGDD (Loi G\u00e9n\u00e9rale sur la Protection des Donn\u00e9es) pour prot\u00e9ger les droits et libert\u00e9s des utilisateurs et leur a fourni les informations appropri\u00e9es pour qu&#8217;ils puissent les exercer.<\/p><p>Chez AURUM, nous reconnaissons et prenons au s\u00e9rieux notre responsabilit\u00e9 de prot\u00e9ger vos donn\u00e9es personnelles. Pour cette raison, nous maintenons des niveaux de s\u00e9curit\u00e9 de protection des donn\u00e9es personnelles conformes au RGPD et avons mis en \u0153uvre tous les moyens techniques \u00e0 notre disposition pour emp\u00eacher la perte, l&#8217;utilisation abusive, l&#8217;alt\u00e9ration, l&#8217;acc\u00e8s non autoris\u00e9 et le vol des donn\u00e9es que vous nous avez fournies. Nous tenons \u00e0 vous informer que les mesures de s\u00e9curit\u00e9 Internet ne sont pas invuln\u00e9rables \u00e0 100 %.<\/p><ol start=\"7\"><li><strong>Comment g\u00e9rer le traitement de vos donn\u00e9es ?<\/strong><\/li><\/ol><p>Nous vous rappelons \u00e0 nouveau que vous pouvez exercer vos droits d&#8217;acc\u00e8s, de rectification, de suppression et d&#8217;opposition, ainsi que de restriction et de portabilit\u00e9, en envoyant un courrier \u00e9lectronique \u00e0 <a href=\"mailto:lpd@aurumbikes.com\">lpd@aurumbikes.com <\/a>, en indiquant l&#8217;action que vous nous demandez.<\/p><p>L&#8217;exercice de tous ces droits est gratuit et, dans un souci de plus grande transparence, nous vous fournissons plus d&#8217;informations sur ces droits :<\/p><table width=\"586\"><tbody><tr><td width=\"104\"><p><strong>Droite<\/strong><\/p><\/td><td width=\"482\"><p><strong>Contenu<\/strong><\/p><\/td><\/tr><tr><td width=\"104\"><p><strong>Acc\u00e9der<\/strong><\/p><\/td><td width=\"482\"><p>Vous pouvez demander des informations sur les donn\u00e9es que nous traitons \u00e0 votre sujet, en vous r\u00e9f\u00e9rant \u00e0 toutes les informations ou \u00e0 des donn\u00e9es sp\u00e9cifiques.<\/p><\/td><\/tr><tr><td width=\"104\"><p><strong>Rectification<\/strong><\/p><\/td><td width=\"482\"><p>Modification des donn\u00e9es personnelles fournies \u00e0 tout moment, afin de les maintenir correctement \u00e0 jour.<\/p><\/td><\/tr><tr><td width=\"104\"><p><strong>Suppression<\/strong><\/p><\/td><td width=\"482\"><p>Vous pouvez demander la suppression de vos donn\u00e9es personnelles, qui seront \u00e9galement supprim\u00e9es si elles ne sont plus n\u00e9cessaires aux fins pour lesquelles elles ont \u00e9t\u00e9 collect\u00e9es. Tout cela, sauf si cela est n\u00e9cessaire \u00e0 l\u2019ex\u00e9cution d\u2019une obligation l\u00e9gale, d\u2019int\u00e9r\u00eat public ou \u00e0 l\u2019exercice ou \u00e0 la d\u00e9fense d\u2019\u00e9ventuelles r\u00e9clamations.<\/p><p>La cons\u00e9quence de la suppression de vos donn\u00e9es sera l\u2019impossibilit\u00e9 pour AURUM de fournir correctement ses services.<\/p><\/td><\/tr><tr><td width=\"104\"><p><strong>Opposition<\/strong><\/p><\/td><td width=\"482\"><p>Dans certaines circonstances et pour des raisons tenant \u00e0 votre situation particuli\u00e8re, vous pouvez vous opposer au traitement de vos donn\u00e9es. AURUM cessera de traiter ces informations \u00e0 moins que des int\u00e9r\u00eats l\u00e9gitimes imp\u00e9rieux ne pr\u00e9valent, tels que l&#8217;exercice ou la d\u00e9fense de r\u00e9clamations potentielles, ou pour se conformer \u00e0 nos obligations l\u00e9gales.<\/p><\/td><\/tr><tr><td width=\"104\"><p><strong>Limitation du traitement<\/strong><\/p><\/td><td width=\"482\"><p>Dans certaines circonstances, vous pouvez nous demander de restreindre le traitement de vos donn\u00e9es, auquel cas nous les conserverons uniquement pour respecter nos obligations l\u00e9gales.<\/p><\/td><\/tr><tr><td width=\"104\"><p><strong>Portabilit\u00e9<\/strong><\/p><\/td><td width=\"482\"><p>Le cas \u00e9ch\u00e9ant, vous pourrez recevoir, sous format \u00e9lectronique, les donn\u00e9es personnelles que vous nous avez fournies afin de les partager avec un autre Responsable du traitement.<\/p><\/td><\/tr><tr><td width=\"104\"><p><strong>Retrait du consentement<\/strong><\/p><\/td><td width=\"482\"><p>Vous pouvez retirer votre consentement \u00e0 tout moment sans que cela n\u2019affecte la lic\u00e9it\u00e9 du traitement. Si vous demandez le retrait du consentement au traitement de vos donn\u00e9es, nous cesserons de les traiter. Toutefois, veuillez noter que nous ne serons plus en mesure de vous fournir des services et que, dans certains cas o\u00f9 nous disposons de la base juridique appropri\u00e9e, nous continuerons \u00e0 traiter vos informations apr\u00e8s que vous ayez retir\u00e9 votre consentement et demand\u00e9 la suppression de vos informations.<\/p><\/td><\/tr><\/tbody><\/table><p>Vous pouvez \u00e9galement exercer vos droits aupr\u00e8s des entit\u00e9s qui re\u00e7oivent vos donn\u00e9es personnelles, dont nous vous avons pr\u00e9alablement inform\u00e9, en contactant directement ces entit\u00e9s.<\/p><p>Nous vous informons \u00e9galement que vous avez le droit de d\u00e9poser une plainte aupr\u00e8s de l&#8217;Agence espagnole de protection des donn\u00e9es <a href=\"http:\/\/www.aepd.es\/\">www.aepd.es <\/a>, bien qu&#8217;en raison de notre engagement ferme en mati\u00e8re de confidentialit\u00e9, nous vous invitons \u00e0 nous contacter directement pour r\u00e9soudre tout probl\u00e8me li\u00e9 \u00e0 vos donn\u00e9es personnelles ; Nous serons heureux de vous aider.<\/p><ol start=\"8\"><li><strong>Modification de cette politique de donn\u00e9es personnelles<\/strong><\/li><\/ol><p>AURUM se r\u00e9serve le droit de modifier cette politique pour l&#8217;adapter aux \u00e9volutions l\u00e9gislatives ou jurisprudentielles futures, ainsi qu&#8217;aux pratiques du secteur, avec un pr\u00e9avis aux utilisateurs via notre site Web. Nous vous recommandons de consulter fr\u00e9quemment cette page pour consulter la version la plus r\u00e9cente. En haut de ce document, nous indiquons la date de la derni\u00e8re mise \u00e0 jour.<\/p><p>Le nouvel avis de confidentialit\u00e9 entrera en vigueur d\u00e8s sa publication. Si vous n\u2019acceptez pas les modifications apport\u00e9es au nouvel avis, vous pouvez exercer l\u2019un de vos droits ou cesser d\u2019utiliser notre service. En continuant \u00e0 acc\u00e9der ou \u00e0 utiliser nos services apr\u00e8s l&#8217;entr\u00e9e en vigueur de ces modifications, vous acceptez d&#8217;\u00eatre li\u00e9 par les nouvelles politiques de confidentialit\u00e9.<\/p><p>En aucun cas ces modifications n\u2019affecteront les choix que vous avez effectu\u00e9s concernant la mani\u00e8re dont AURUM peut traiter vos donn\u00e9es personnelles. Si \u00e0 tout moment nous souhaitons utiliser vos donn\u00e9es \u00e0 des fins autres que celles indiqu\u00e9es au moment de la collecte, nous vous en informerons par courrier \u00e9lectronique, en demandant votre consentement.<\/p><p>AURUM se r\u00e9serve \u00e9galement le droit de r\u00e9silier les services qu&#8217;elle fournit aux utilisateurs qui ne respectent pas les conditions l\u00e9gales d&#8217;utilisation, ainsi que la l\u00e9gislation en vigueur.<\/p><p>Derni\u00e8re modification en avril 2025.<\/p>\t\t\t\t\t\t<\/div>\n\t\t\t\t<\/div>\n\t\t\t\t\t<\/div>\n\t\t<\/div>\n\t\t\t\t\t<\/div>\n\t\t<\/section>\n\t\t\t\t<\/div>\n\t\t","protected":false},"excerpt":{"rendered":"<p>Contador &amp; Basso Group, SL (ci-apr\u00e8s, le \u00ab Responsable du traitement \u00bb ou \u00ab AURUM \u00bb) souhaite vous donner tous les d\u00e9tails sur la mani\u00e8re dont nous traitons les donn\u00e9es personnelles que vous nous fournissez lorsque vous interagissez avec nous. Ainsi, cette politique de confidentialit\u00e9 s\u2019applique \u00e0 toutes les personnes qui nous fournissent ou nous [&hellip;]<\/p>\n","protected":false},"author":1,"featured_media":0,"parent":0,"menu_order":0,"comment_status":"closed","ping_status":"closed","template":"","meta":{"footnotes":""},"yoast_head":"<!-- This site is optimized with the Yoast SEO plugin v22.6 - https:\/\/yoast.com\/wordpress\/plugins\/seo\/ -->\n<title>Politique de Confidentialit\u00e9 - Aurum Bikes<\/title>\n<meta name=\"description\" content=\"Contador &amp; Basso Group, SL (ci-apr\u00e8s, le \u00ab Responsable du traitement \u00bb ou \u00ab AURUM \u00bb) souhaite vous donner tous les d\u00e9tails sur la mani\u00e8re dont nous\" \/>\n<meta name=\"robots\" content=\"index, follow, max-snippet:-1, max-image-preview:large, max-video-preview:-1\" \/>\n<link rel=\"canonical\" href=\"https:\/\/aurumbikes.com\/fr\/politique-de-confidentialite\/\" \/>\n<meta property=\"og:locale\" content=\"fr_FR\" \/>\n<meta property=\"og:type\" content=\"article\" \/>\n<meta property=\"og:title\" content=\"Politique de Confidentialit\u00e9 - Aurum Bikes\" \/>\n<meta property=\"og:description\" content=\"Contador &amp; Basso Group, SL (ci-apr\u00e8s, le \u00ab Responsable du traitement \u00bb ou \u00ab AURUM \u00bb) souhaite vous donner tous les d\u00e9tails sur la mani\u00e8re dont nous\" \/>\n<meta property=\"og:url\" content=\"https:\/\/aurumbikes.com\/fr\/politique-de-confidentialite\/\" \/>\n<meta property=\"og:site_name\" content=\"Aurum Bikes\" \/>\n<meta property=\"article:publisher\" content=\"https:\/\/www.facebook.com\/AURUMbikes\" \/>\n<meta property=\"article:modified_time\" content=\"2025-04-22T17:57:17+00:00\" \/>\n<meta name=\"twitter:card\" content=\"summary_large_image\" \/>\n<meta name=\"twitter:label1\" content=\"Dur\u00e9e de lecture estim\u00e9e\" \/>\n\t<meta name=\"twitter:data1\" content=\"10 minutes\" \/>\n<script type=\"application\/ld+json\" class=\"yoast-schema-graph\">{\"@context\":\"https:\/\/schema.org\",\"@graph\":[{\"@type\":\"WebPage\",\"@id\":\"https:\/\/aurumbikes.com\/fr\/politique-de-confidentialite\/\",\"url\":\"https:\/\/aurumbikes.com\/fr\/politique-de-confidentialite\/\",\"name\":\"Politique de Confidentialit\u00e9 - Aurum Bikes\",\"isPartOf\":{\"@id\":\"https:\/\/aurumbikes.com\/fr\/#website\"},\"datePublished\":\"2023-08-30T08:16:44+00:00\",\"dateModified\":\"2025-04-22T17:57:17+00:00\",\"description\":\"Contador &amp; Basso Group, SL (ci-apr\u00e8s, le \u00ab Responsable du traitement \u00bb ou \u00ab AURUM \u00bb) souhaite vous donner tous les d\u00e9tails sur la mani\u00e8re dont nous\",\"breadcrumb\":{\"@id\":\"https:\/\/aurumbikes.com\/fr\/politique-de-confidentialite\/#breadcrumb\"},\"inLanguage\":\"fr-FR\",\"potentialAction\":[{\"@type\":\"ReadAction\",\"target\":[\"https:\/\/aurumbikes.com\/fr\/politique-de-confidentialite\/\"]}]},{\"@type\":\"BreadcrumbList\",\"@id\":\"https:\/\/aurumbikes.com\/fr\/politique-de-confidentialite\/#breadcrumb\",\"itemListElement\":[{\"@type\":\"ListItem\",\"position\":1,\"name\":\"Home\",\"item\":\"https:\/\/aurumbikes.com\/fr\/\"},{\"@type\":\"ListItem\",\"position\":2,\"name\":\"Politique de Confidentialit\u00e9\"}]},{\"@type\":\"WebSite\",\"@id\":\"https:\/\/aurumbikes.com\/fr\/#website\",\"url\":\"https:\/\/aurumbikes.com\/fr\/\",\"name\":\"Aurum Bikes\",\"description\":\"Born From Experience\",\"potentialAction\":[{\"@type\":\"SearchAction\",\"target\":{\"@type\":\"EntryPoint\",\"urlTemplate\":\"https:\/\/aurumbikes.com\/fr\/?s={search_term_string}\"},\"query-input\":\"required name=search_term_string\"}],\"inLanguage\":\"fr-FR\"}]}<\/script>\n<!-- \/ Yoast SEO plugin. -->","yoast_head_json":{"title":"Politique de Confidentialit\u00e9 - Aurum Bikes","description":"Contador &amp; Basso Group, SL (ci-apr\u00e8s, le \u00ab Responsable du traitement \u00bb ou \u00ab AURUM \u00bb) souhaite vous donner tous les d\u00e9tails sur la mani\u00e8re dont nous","robots":{"index":"index","follow":"follow","max-snippet":"max-snippet:-1","max-image-preview":"max-image-preview:large","max-video-preview":"max-video-preview:-1"},"canonical":"https:\/\/aurumbikes.com\/fr\/politique-de-confidentialite\/","og_locale":"fr_FR","og_type":"article","og_title":"Politique de Confidentialit\u00e9 - Aurum Bikes","og_description":"Contador &amp; Basso Group, SL (ci-apr\u00e8s, le \u00ab Responsable du traitement \u00bb ou \u00ab AURUM \u00bb) souhaite vous donner tous les d\u00e9tails sur la mani\u00e8re dont nous","og_url":"https:\/\/aurumbikes.com\/fr\/politique-de-confidentialite\/","og_site_name":"Aurum Bikes","article_publisher":"https:\/\/www.facebook.com\/AURUMbikes","article_modified_time":"2025-04-22T17:57:17+00:00","twitter_card":"summary_large_image","twitter_misc":{"Dur\u00e9e de lecture estim\u00e9e":"10 minutes"},"schema":{"@context":"https:\/\/schema.org","@graph":[{"@type":"WebPage","@id":"https:\/\/aurumbikes.com\/fr\/politique-de-confidentialite\/","url":"https:\/\/aurumbikes.com\/fr\/politique-de-confidentialite\/","name":"Politique de Confidentialit\u00e9 - Aurum Bikes","isPartOf":{"@id":"https:\/\/aurumbikes.com\/fr\/#website"},"datePublished":"2023-08-30T08:16:44+00:00","dateModified":"2025-04-22T17:57:17+00:00","description":"Contador &amp; Basso Group, SL (ci-apr\u00e8s, le \u00ab Responsable du traitement \u00bb ou \u00ab AURUM \u00bb) souhaite vous donner tous les d\u00e9tails sur la mani\u00e8re dont nous","breadcrumb":{"@id":"https:\/\/aurumbikes.com\/fr\/politique-de-confidentialite\/#breadcrumb"},"inLanguage":"fr-FR","potentialAction":[{"@type":"ReadAction","target":["https:\/\/aurumbikes.com\/fr\/politique-de-confidentialite\/"]}]},{"@type":"BreadcrumbList","@id":"https:\/\/aurumbikes.com\/fr\/politique-de-confidentialite\/#breadcrumb","itemListElement":[{"@type":"ListItem","position":1,"name":"Home","item":"https:\/\/aurumbikes.com\/fr\/"},{"@type":"ListItem","position":2,"name":"Politique de Confidentialit\u00e9"}]},{"@type":"WebSite","@id":"https:\/\/aurumbikes.com\/fr\/#website","url":"https:\/\/aurumbikes.com\/fr\/","name":"Aurum Bikes","description":"Born From Experience","potentialAction":[{"@type":"SearchAction","target":{"@type":"EntryPoint","urlTemplate":"https:\/\/aurumbikes.com\/fr\/?s={search_term_string}"},"query-input":"required name=search_term_string"}],"inLanguage":"fr-FR"}]}},"_links":{"self":[{"href":"https:\/\/aurumbikes.com\/fr\/wp-json\/wp\/v2\/pages\/31333"}],"collection":[{"href":"https:\/\/aurumbikes.com\/fr\/wp-json\/wp\/v2\/pages"}],"about":[{"href":"https:\/\/aurumbikes.com\/fr\/wp-json\/wp\/v2\/types\/page"}],"author":[{"embeddable":true,"href":"https:\/\/aurumbikes.com\/fr\/wp-json\/wp\/v2\/users\/1"}],"replies":[{"embeddable":true,"href":"https:\/\/aurumbikes.com\/fr\/wp-json\/wp\/v2\/comments?post=31333"}],"version-history":[{"count":7,"href":"https:\/\/aurumbikes.com\/fr\/wp-json\/wp\/v2\/pages\/31333\/revisions"}],"predecessor-version":[{"id":82183,"href":"https:\/\/aurumbikes.com\/fr\/wp-json\/wp\/v2\/pages\/31333\/revisions\/82183"}],"wp:attachment":[{"href":"https:\/\/aurumbikes.com\/fr\/wp-json\/wp\/v2\/media?parent=31333"}],"curies":[{"name":"wp","href":"https:\/\/api.w.org\/{rel}","templated":true}]}}