{"id":31339,"date":"2023-08-30T08:40:11","date_gmt":"2023-08-30T08:40:11","guid":{"rendered":"https:\/\/aurumbikes.com\/legal-notice\/"},"modified":"2024-02-16T10:33:03","modified_gmt":"2024-02-16T10:33:03","slug":"mentions-legales","status":"publish","type":"page","link":"https:\/\/aurumbikes.com\/fr\/mentions-legales\/","title":{"rendered":"Mentions l\u00e9gales"},"content":{"rendered":"\t\t<div data-elementor-type=\"wp-page\" data-elementor-id=\"31339\" class=\"elementor elementor-31339 elementor-13886\" data-elementor-post-type=\"page\">\n\t\t\t\t\t\t<section class=\"elementor-section elementor-top-section elementor-element elementor-element-914130b elementor-section-boxed elementor-section-height-default elementor-section-height-default qodef-elementor-content-no\" data-id=\"914130b\" data-element_type=\"section\">\n\t\t\t\t\t\t<div class=\"elementor-container elementor-column-gap-default\">\n\t\t\t\t\t<div class=\"elementor-column elementor-col-100 elementor-top-column elementor-element elementor-element-9d86a5c\" data-id=\"9d86a5c\" data-element_type=\"column\">\n\t\t\t<div class=\"elementor-widget-wrap elementor-element-populated\">\n\t\t\t\t\t\t<div class=\"elementor-element elementor-element-3df5310 elementor-widget elementor-widget-text-editor\" data-id=\"3df5310\" data-element_type=\"widget\" data-widget_type=\"text-editor.default\">\n\t\t\t\t<div class=\"elementor-widget-container\">\n\t\t\t<style>\/*! elementor - v3.21.0 - 08-05-2024 *\/\n.elementor-widget-text-editor.elementor-drop-cap-view-stacked .elementor-drop-cap{background-color:#69727d;color:#fff}.elementor-widget-text-editor.elementor-drop-cap-view-framed .elementor-drop-cap{color:#69727d;border:3px solid;background-color:transparent}.elementor-widget-text-editor:not(.elementor-drop-cap-view-default) .elementor-drop-cap{margin-top:8px}.elementor-widget-text-editor:not(.elementor-drop-cap-view-default) .elementor-drop-cap-letter{width:1em;height:1em}.elementor-widget-text-editor .elementor-drop-cap{float:left;text-align:center;line-height:1;font-size:50px}.elementor-widget-text-editor .elementor-drop-cap-letter{display:inline-block}<\/style>\t\t\t\t<ul><li aria-level=\"1\"><b>OBJET ET ACCEPTATION<\/b><\/li><\/ul><p>Le pr\u00e9sent avis juridique r\u00e9git l&#8217;acc\u00e8s et l&#8217;utilisation du site Web https:\/\/aurumbikes.com\/ (ci-apr\u00e8s, le &#8220;site Web&#8221;). Le propri\u00e9taire du site Web est Contador &amp; Basso Group, S.L., dont le si\u00e8ge social est situ\u00e9 Calle Milanos 8, 28320, Pinto, Madrid (Espagne), avec N.I.F. B-88553292, et inscrit au registre du commerce de Madrid le 13 janvier 2020, volume 39967, folio 50, page 709873, entr\u00e9e 1.<\/p><p>Si vous souhaitez nous contacter, nous serons ravis de vous aider, soit par courrier \u00e9lectronique \u00e0 support@aurumbikes.com, soit par t\u00e9l\u00e9phone au +34 910 42 19 59, soit par le biais du chat situ\u00e9 \u00e0 droite de la page Web.<\/p><p>Pour pouvoir utiliser ce site, vous devez avoir lu et accept\u00e9 nos mentions l\u00e9gales. Si vous n&#8217;\u00eates pas d&#8217;accord, vous devez vous abstenir de les utiliser.<\/p><ul><li aria-level=\"1\"><b>DROITS DE PROPRI\u00c9T\u00c9 INDUSTRIELLE ET INTELLECTUELLE<\/b><\/li><\/ul><p>L&#8217;objectif du site Web est de fournir au public la connaissance des produits offerts par Contador &amp; Basso, et le contenu du site Web comprend, mais sans s&#8217;y limiter, la programmation, l&#8217;\u00e9dition, la compilation et d&#8217;autres \u00e9l\u00e9ments n\u00e9cessaires \u00e0 son fonctionnement, les conceptions, les logos, le texte et \/ ou les graphiques, qui sont la propri\u00e9t\u00e9 de Contador &amp; Basso ou, si ce n&#8217;est pas le cas, a une licence ou une autorisation expresse de la part des auteurs pour leur utilisation. Ind\u00e9pendamment de l&#8217;objectif pour lequel ils ont \u00e9t\u00e9 con\u00e7us, la reproduction totale ou partielle, l&#8217;utilisation, l&#8217;exploitation, la distribution et la commercialisation de tout contenu du site Web n\u00e9cessite dans tous les cas l&#8217;autorisation \u00e9crite pr\u00e9alable de Contador &amp; Basso. Toute utilisation non autoris\u00e9e du contenu sp\u00e9cifi\u00e9 pr\u00e9c\u00e9demment est consid\u00e9r\u00e9e comme une violation grave des droits de propri\u00e9t\u00e9 intellectuelle ou industrielle du titulaire des droits.<\/p><p>Les conceptions, logos, textes et \/ ou graphiques en dehors de la port\u00e9e de Contador &amp; Basso et qui peuvent appara\u00eetre sur le site Web appartiennent \u00e0 leurs propri\u00e9taires respectifs, \u00e9tant eux-m\u00eames responsables de tout litige qui pourrait survenir \u00e0 cet \u00e9gard. Contador &amp; Basso autorise express\u00e9ment les tiers \u00e0 rediriger directement vers le contenu sp\u00e9cifique du site Web, et dans tous les cas \u00e0 rediriger vers son site Web principal.<\/p><p>Contador &amp; Basso reconna\u00eet \u00e0 leurs propri\u00e9taires les droits de propri\u00e9t\u00e9 intellectuelle et industrielle correspondants, sans que leur simple mention ou apparition sur le site Web n&#8217;implique l&#8217;existence d&#8217;un quelconque droit ou responsabilit\u00e9 sur ces dessins, logos, textes et\/ou graphiques, ni aucun soutien, parrainage ou recommandation de la part de l&#8217;entit\u00e9.<\/p><p>Si vous souhaitez faire des commentaires sur d&#8217;\u00e9ventuelles violations des droits de propri\u00e9t\u00e9 intellectuelle ou industrielle, ainsi que sur l&#8217;un des contenus du site Web, vous pouvez le faire en envoyant un courrier \u00e9lectronique \u00e0 support@aurumbikes.com.<\/p><ul><li aria-level=\"1\"><b>EXCLUSION DE RESPONSABILIT\u00c9 ET GARANTIES<\/b><\/li><\/ul><p>Le contenu de ce site Web est consid\u00e9r\u00e9 comme \u00e9tant de nature g\u00e9n\u00e9rale et a un but purement informatif, sans garantir l&#8217;acc\u00e8s complet \u00e0 tout le contenu, ni son exhaustivit\u00e9, son exactitude, sa validit\u00e9 ou son actualit\u00e9, ni son ad\u00e9quation ou son utilit\u00e9 pour un but particulier.<\/p><p>Contador &amp; Basso d\u00e9cline toute responsabilit\u00e9 quant aux informations publi\u00e9es sur son site web lorsque ces informations ont \u00e9t\u00e9 manipul\u00e9es ou introduites par un tiers ext\u00e9rieur \u00e0 celui-ci.<\/p><p><b>Politique en mati\u00e8re de liens<\/b><\/p><p>Depuis le site Web, vous pouvez \u00eatre redirig\u00e9 vers des contenus de sites Web de tiers. \u00c9tant donn\u00e9 que Contador &amp; Basso ne peut pas toujours contr\u00f4ler les contenus introduits par des tiers dans leurs sites Web respectifs, il n&#8217;assume aucun type de responsabilit\u00e9 \u00e0 l&#8217;\u00e9gard de ces contenus. Dans tous les cas, il convient de proc\u00e9der au retrait imm\u00e9diat de tout contenu susceptible de violer la l\u00e9gislation nationale ou internationale, la morale ou l&#8217;ordre public, en proc\u00e9dant au retrait imm\u00e9diat de la redirection vers ce site web, en portant \u00e0 l&#8217;attention des autorit\u00e9s comp\u00e9tentes le contenu en question.<\/p><p>Contador &amp; Basso n&#8217;est pas responsable des informations et des contenus stock\u00e9s, y compris, mais sans s&#8217;y limiter, les forums, les chats, les g\u00e9n\u00e9rateurs de blogs, les commentaires, les r\u00e9seaux sociaux ou tout autre moyen permettant \u00e0 des tiers de publier des contenus de mani\u00e8re ind\u00e9pendante sur le site Web. Toutefois, et conform\u00e9ment aux dispositions des articles 11 et 16 de la LSSI, est \u00e0 la disposition de tous les utilisateurs, les autorit\u00e9s et les organismes de s\u00e9curit\u00e9, collaborant activement \u00e0 la suppression ou, le cas \u00e9ch\u00e9ant, le blocage de tous les contenus qui peuvent affecter ou contrevenir \u00e0 la loi nationale ou internationale, les droits des tiers ou de la morale et de l&#8217;ordre public. Si l&#8217;utilisateur consid\u00e8re qu&#8217;il existe sur le site Web un contenu susceptible d&#8217;\u00eatre class\u00e9 dans cette cat\u00e9gorie, il est pri\u00e9 d&#8217;en informer imm\u00e9diatement l&#8217;administrateur du site Web par courrier \u00e9lectronique \u00e0 l&#8217;adresse\u00a0<a href=\"mailto:support@aurumbikes.com\">support@aurumbikes.com<\/a>.<\/p><ul><li aria-level=\"1\"><b>DROIT APPLICABLE ET JURIDICTION<\/b><\/li><\/ul><p>Ce site Web est soumis \u00e0 la l\u00e9gislation espagnole et tout litige ou controverse d\u00e9coulant de l&#8217;utilisation de ce site Web sera soumis \u00e0 la juridiction des tribunaux de la ville de Madrid (Espagne). Cette clause de soumission expresse aux tribunaux de la ville de Madrid n&#8217;est pas applicable en cas de litige avec des utilisateurs du site Web qui, conform\u00e9ment \u00e0 la l\u00e9gislation en vigueur, peuvent \u00eatre consid\u00e9r\u00e9s comme des consommateurs, auquel cas les deux parties sont soumises \u00e0 la juridiction des cours et tribunaux du lieu de r\u00e9sidence du consommateur. De m\u00eame, dans ces cas, Contador &amp; Basso et l&#8217;utilisateur peuvent soumettre leurs litiges \u00e0 l&#8217;arbitrage pr\u00e9vu par la l\u00e9gislation sur l&#8217;arbitrage et la d\u00e9fense des consommateurs et des utilisateurs, ainsi qu&#8217;aux proc\u00e9dures de r\u00e9solution extrajudiciaire des litiges \u00e9tablies par le biais de codes de conduite ou d&#8217;autres instruments d&#8217;autor\u00e9gulation.<\/p><p>Derni\u00e8re modification en janvier 2024.<\/p>\t\t\t\t\t\t<\/div>\n\t\t\t\t<\/div>\n\t\t\t\t\t<\/div>\n\t\t<\/div>\n\t\t\t\t\t<\/div>\n\t\t<\/section>\n\t\t\t\t<\/div>\n\t\t","protected":false},"excerpt":{"rendered":"<p>OBJET ET ACCEPTATION Le pr\u00e9sent avis juridique r\u00e9git l&#8217;acc\u00e8s et l&#8217;utilisation du site Web https:\/\/aurumbikes.com\/ (ci-apr\u00e8s, le &#8220;site Web&#8221;). Le propri\u00e9taire du site Web est Contador &amp; Basso Group, S.L., dont le si\u00e8ge social est situ\u00e9 Calle Milanos 8, 28320, Pinto, Madrid (Espagne), avec N.I.F. B-88553292, et inscrit au registre du commerce de Madrid le [&hellip;]<\/p>\n","protected":false},"author":1,"featured_media":0,"parent":0,"menu_order":0,"comment_status":"closed","ping_status":"closed","template":"","meta":{"footnotes":""},"yoast_head":"<!-- This site is optimized with the Yoast SEO plugin v22.6 - https:\/\/yoast.com\/wordpress\/plugins\/seo\/ -->\n<title>Mentions l\u00e9gales - Aurum Bikes<\/title>\n<meta name=\"description\" content=\"OBJET ET ACCEPTATIONLe pr\u00e9sent avis juridique r\u00e9git l&#039;acc\u00e8s et l&#039;utilisation du site Web https:\/\/aurumbikes.com\/ (ci-apr\u00e8s, le &quot;site Web&quot;). Le\" \/>\n<meta name=\"robots\" content=\"index, follow, max-snippet:-1, max-image-preview:large, max-video-preview:-1\" \/>\n<link rel=\"canonical\" href=\"https:\/\/aurumbikes.com\/fr\/mentions-legales\/\" \/>\n<meta property=\"og:locale\" content=\"fr_FR\" \/>\n<meta property=\"og:type\" content=\"article\" \/>\n<meta property=\"og:title\" content=\"Mentions l\u00e9gales - Aurum Bikes\" \/>\n<meta property=\"og:description\" content=\"OBJET ET ACCEPTATIONLe pr\u00e9sent avis juridique r\u00e9git l&#039;acc\u00e8s et l&#039;utilisation du site Web https:\/\/aurumbikes.com\/ (ci-apr\u00e8s, le &quot;site Web&quot;). Le\" \/>\n<meta property=\"og:url\" content=\"https:\/\/aurumbikes.com\/fr\/mentions-legales\/\" \/>\n<meta property=\"og:site_name\" content=\"Aurum Bikes\" \/>\n<meta property=\"article:publisher\" content=\"https:\/\/www.facebook.com\/AURUMbikes\" \/>\n<meta property=\"article:modified_time\" content=\"2024-02-16T10:33:03+00:00\" \/>\n<meta name=\"twitter:card\" content=\"summary_large_image\" \/>\n<meta name=\"twitter:label1\" content=\"Dur\u00e9e de lecture estim\u00e9e\" \/>\n\t<meta name=\"twitter:data1\" content=\"5 minutes\" \/>\n<script type=\"application\/ld+json\" class=\"yoast-schema-graph\">{\"@context\":\"https:\/\/schema.org\",\"@graph\":[{\"@type\":\"WebPage\",\"@id\":\"https:\/\/aurumbikes.com\/fr\/mentions-legales\/\",\"url\":\"https:\/\/aurumbikes.com\/fr\/mentions-legales\/\",\"name\":\"Mentions l\u00e9gales - Aurum Bikes\",\"isPartOf\":{\"@id\":\"https:\/\/aurumbikes.com\/fr\/#website\"},\"datePublished\":\"2023-08-30T08:40:11+00:00\",\"dateModified\":\"2024-02-16T10:33:03+00:00\",\"description\":\"OBJET ET ACCEPTATIONLe pr\u00e9sent avis juridique r\u00e9git l'acc\u00e8s et l'utilisation du site Web https:\/\/aurumbikes.com\/ (ci-apr\u00e8s, le \\\"site Web\\\"). Le\",\"breadcrumb\":{\"@id\":\"https:\/\/aurumbikes.com\/fr\/mentions-legales\/#breadcrumb\"},\"inLanguage\":\"fr-FR\",\"potentialAction\":[{\"@type\":\"ReadAction\",\"target\":[\"https:\/\/aurumbikes.com\/fr\/mentions-legales\/\"]}]},{\"@type\":\"BreadcrumbList\",\"@id\":\"https:\/\/aurumbikes.com\/fr\/mentions-legales\/#breadcrumb\",\"itemListElement\":[{\"@type\":\"ListItem\",\"position\":1,\"name\":\"Home\",\"item\":\"https:\/\/aurumbikes.com\/fr\/\"},{\"@type\":\"ListItem\",\"position\":2,\"name\":\"Mentions l\u00e9gales\"}]},{\"@type\":\"WebSite\",\"@id\":\"https:\/\/aurumbikes.com\/fr\/#website\",\"url\":\"https:\/\/aurumbikes.com\/fr\/\",\"name\":\"Aurum Bikes\",\"description\":\"Born From Experience\",\"potentialAction\":[{\"@type\":\"SearchAction\",\"target\":{\"@type\":\"EntryPoint\",\"urlTemplate\":\"https:\/\/aurumbikes.com\/fr\/?s={search_term_string}\"},\"query-input\":\"required name=search_term_string\"}],\"inLanguage\":\"fr-FR\"}]}<\/script>\n<!-- \/ Yoast SEO plugin. -->","yoast_head_json":{"title":"Mentions l\u00e9gales - Aurum Bikes","description":"OBJET ET ACCEPTATIONLe pr\u00e9sent avis juridique r\u00e9git l'acc\u00e8s et l'utilisation du site Web https:\/\/aurumbikes.com\/ (ci-apr\u00e8s, le \"site Web\"). Le","robots":{"index":"index","follow":"follow","max-snippet":"max-snippet:-1","max-image-preview":"max-image-preview:large","max-video-preview":"max-video-preview:-1"},"canonical":"https:\/\/aurumbikes.com\/fr\/mentions-legales\/","og_locale":"fr_FR","og_type":"article","og_title":"Mentions l\u00e9gales - Aurum Bikes","og_description":"OBJET ET ACCEPTATIONLe pr\u00e9sent avis juridique r\u00e9git l'acc\u00e8s et l'utilisation du site Web https:\/\/aurumbikes.com\/ (ci-apr\u00e8s, le \"site Web\"). Le","og_url":"https:\/\/aurumbikes.com\/fr\/mentions-legales\/","og_site_name":"Aurum Bikes","article_publisher":"https:\/\/www.facebook.com\/AURUMbikes","article_modified_time":"2024-02-16T10:33:03+00:00","twitter_card":"summary_large_image","twitter_misc":{"Dur\u00e9e de lecture estim\u00e9e":"5 minutes"},"schema":{"@context":"https:\/\/schema.org","@graph":[{"@type":"WebPage","@id":"https:\/\/aurumbikes.com\/fr\/mentions-legales\/","url":"https:\/\/aurumbikes.com\/fr\/mentions-legales\/","name":"Mentions l\u00e9gales - Aurum Bikes","isPartOf":{"@id":"https:\/\/aurumbikes.com\/fr\/#website"},"datePublished":"2023-08-30T08:40:11+00:00","dateModified":"2024-02-16T10:33:03+00:00","description":"OBJET ET ACCEPTATIONLe pr\u00e9sent avis juridique r\u00e9git l'acc\u00e8s et l'utilisation du site Web https:\/\/aurumbikes.com\/ (ci-apr\u00e8s, le \"site Web\"). Le","breadcrumb":{"@id":"https:\/\/aurumbikes.com\/fr\/mentions-legales\/#breadcrumb"},"inLanguage":"fr-FR","potentialAction":[{"@type":"ReadAction","target":["https:\/\/aurumbikes.com\/fr\/mentions-legales\/"]}]},{"@type":"BreadcrumbList","@id":"https:\/\/aurumbikes.com\/fr\/mentions-legales\/#breadcrumb","itemListElement":[{"@type":"ListItem","position":1,"name":"Home","item":"https:\/\/aurumbikes.com\/fr\/"},{"@type":"ListItem","position":2,"name":"Mentions l\u00e9gales"}]},{"@type":"WebSite","@id":"https:\/\/aurumbikes.com\/fr\/#website","url":"https:\/\/aurumbikes.com\/fr\/","name":"Aurum Bikes","description":"Born From Experience","potentialAction":[{"@type":"SearchAction","target":{"@type":"EntryPoint","urlTemplate":"https:\/\/aurumbikes.com\/fr\/?s={search_term_string}"},"query-input":"required name=search_term_string"}],"inLanguage":"fr-FR"}]}},"_links":{"self":[{"href":"https:\/\/aurumbikes.com\/fr\/wp-json\/wp\/v2\/pages\/31339"}],"collection":[{"href":"https:\/\/aurumbikes.com\/fr\/wp-json\/wp\/v2\/pages"}],"about":[{"href":"https:\/\/aurumbikes.com\/fr\/wp-json\/wp\/v2\/types\/page"}],"author":[{"embeddable":true,"href":"https:\/\/aurumbikes.com\/fr\/wp-json\/wp\/v2\/users\/1"}],"replies":[{"embeddable":true,"href":"https:\/\/aurumbikes.com\/fr\/wp-json\/wp\/v2\/comments?post=31339"}],"version-history":[{"count":5,"href":"https:\/\/aurumbikes.com\/fr\/wp-json\/wp\/v2\/pages\/31339\/revisions"}],"predecessor-version":[{"id":31344,"href":"https:\/\/aurumbikes.com\/fr\/wp-json\/wp\/v2\/pages\/31339\/revisions\/31344"}],"wp:attachment":[{"href":"https:\/\/aurumbikes.com\/fr\/wp-json\/wp\/v2\/media?parent=31339"}],"curies":[{"name":"wp","href":"https:\/\/api.w.org\/{rel}","templated":true}]}}