{"id":31628,"date":"2023-08-02T09:28:01","date_gmt":"2023-08-02T09:28:01","guid":{"rendered":"https:\/\/aurumbikes.com\/cart\/"},"modified":"2024-02-16T15:17:18","modified_gmt":"2024-02-16T15:17:18","slug":"panier","status":"publish","type":"page","link":"https:\/\/aurumbikes.com\/fr\/panier\/","title":{"rendered":"Panier"},"content":{"rendered":"\n\n\n\n<style>.qodef-grid > .qodef-grid-inner > .qodef-grid-item\n{\n  padding: 0;\n}<\/style>\n","protected":false},"excerpt":{"rendered":"","protected":false},"author":1,"featured_media":0,"parent":0,"menu_order":0,"comment_status":"closed","ping_status":"closed","template":"","meta":{"footnotes":""},"yoast_head":"<!-- This site is optimized with the Yoast SEO plugin v22.6 - https:\/\/yoast.com\/wordpress\/plugins\/seo\/ -->\n<title>AURUM Bikes - Caisse<\/title>\n<meta name=\"description\" content=\"Consultez le r\u00e9capitulatif de votre commande et saisissez vos coordonn\u00e9es ci-dessous pour finaliser votre achat. Connectez-vous \u00e0 votre compte pour consulter votre commande.\" \/>\n<meta name=\"robots\" content=\"noindex, follow\" \/>\n<meta property=\"og:locale\" content=\"fr_FR\" \/>\n<meta property=\"og:type\" content=\"article\" \/>\n<meta property=\"og:title\" content=\"AURUM Bikes - Caisse\" \/>\n<meta property=\"og:description\" content=\"Consultez le r\u00e9capitulatif de votre commande et saisissez vos coordonn\u00e9es ci-dessous pour finaliser votre achat. Connectez-vous \u00e0 votre compte pour consulter votre commande.\" \/>\n<meta property=\"og:url\" content=\"https:\/\/aurumbikes.com\/fr\/panier\/\" \/>\n<meta property=\"og:site_name\" content=\"Aurum Bikes\" \/>\n<meta property=\"article:publisher\" content=\"https:\/\/www.facebook.com\/AURUMbikes\" \/>\n<meta property=\"article:modified_time\" content=\"2024-02-16T15:17:18+00:00\" \/>\n<meta name=\"twitter:card\" content=\"summary_large_image\" \/>\n<meta name=\"twitter:label1\" content=\"Dur\u00e9e de lecture estim\u00e9e\" \/>\n\t<meta name=\"twitter:data1\" content=\"1 minute\" \/>\n<script type=\"application\/ld+json\" class=\"yoast-schema-graph\">{\"@context\":\"https:\/\/schema.org\",\"@graph\":[{\"@type\":\"WebPage\",\"@id\":\"https:\/\/aurumbikes.com\/fr\/panier\/\",\"url\":\"https:\/\/aurumbikes.com\/fr\/panier\/\",\"name\":\"AURUM Bikes - Caisse\",\"isPartOf\":{\"@id\":\"https:\/\/aurumbikes.com\/fr\/#website\"},\"datePublished\":\"2023-08-02T09:28:01+00:00\",\"dateModified\":\"2024-02-16T15:17:18+00:00\",\"description\":\"Consultez le r\u00e9capitulatif de votre commande et saisissez vos coordonn\u00e9es ci-dessous pour finaliser votre achat. Connectez-vous \u00e0 votre compte pour consulter votre commande.\",\"breadcrumb\":{\"@id\":\"https:\/\/aurumbikes.com\/fr\/panier\/#breadcrumb\"},\"inLanguage\":\"fr-FR\",\"potentialAction\":[{\"@type\":\"ReadAction\",\"target\":[\"https:\/\/aurumbikes.com\/fr\/panier\/\"]}]},{\"@type\":\"BreadcrumbList\",\"@id\":\"https:\/\/aurumbikes.com\/fr\/panier\/#breadcrumb\",\"itemListElement\":[{\"@type\":\"ListItem\",\"position\":1,\"name\":\"Home\",\"item\":\"https:\/\/aurumbikes.com\/fr\/\"},{\"@type\":\"ListItem\",\"position\":2,\"name\":\"Panier\"}]},{\"@type\":\"WebSite\",\"@id\":\"https:\/\/aurumbikes.com\/fr\/#website\",\"url\":\"https:\/\/aurumbikes.com\/fr\/\",\"name\":\"Aurum Bikes\",\"description\":\"Born From Experience\",\"potentialAction\":[{\"@type\":\"SearchAction\",\"target\":{\"@type\":\"EntryPoint\",\"urlTemplate\":\"https:\/\/aurumbikes.com\/fr\/?s={search_term_string}\"},\"query-input\":\"required name=search_term_string\"}],\"inLanguage\":\"fr-FR\"}]}<\/script>\n<!-- \/ Yoast SEO plugin. -->","yoast_head_json":{"title":"AURUM Bikes - Caisse","description":"Consultez le r\u00e9capitulatif de votre commande et saisissez vos coordonn\u00e9es ci-dessous pour finaliser votre achat. Connectez-vous \u00e0 votre compte pour consulter votre commande.","robots":{"index":"noindex","follow":"follow"},"og_locale":"fr_FR","og_type":"article","og_title":"AURUM Bikes - Caisse","og_description":"Consultez le r\u00e9capitulatif de votre commande et saisissez vos coordonn\u00e9es ci-dessous pour finaliser votre achat. Connectez-vous \u00e0 votre compte pour consulter votre commande.","og_url":"https:\/\/aurumbikes.com\/fr\/panier\/","og_site_name":"Aurum Bikes","article_publisher":"https:\/\/www.facebook.com\/AURUMbikes","article_modified_time":"2024-02-16T15:17:18+00:00","twitter_card":"summary_large_image","twitter_misc":{"Dur\u00e9e de lecture estim\u00e9e":"1 minute"},"schema":{"@context":"https:\/\/schema.org","@graph":[{"@type":"WebPage","@id":"https:\/\/aurumbikes.com\/fr\/panier\/","url":"https:\/\/aurumbikes.com\/fr\/panier\/","name":"AURUM Bikes - Caisse","isPartOf":{"@id":"https:\/\/aurumbikes.com\/fr\/#website"},"datePublished":"2023-08-02T09:28:01+00:00","dateModified":"2024-02-16T15:17:18+00:00","description":"Consultez le r\u00e9capitulatif de votre commande et saisissez vos coordonn\u00e9es ci-dessous pour finaliser votre achat. Connectez-vous \u00e0 votre compte pour consulter votre commande.","breadcrumb":{"@id":"https:\/\/aurumbikes.com\/fr\/panier\/#breadcrumb"},"inLanguage":"fr-FR","potentialAction":[{"@type":"ReadAction","target":["https:\/\/aurumbikes.com\/fr\/panier\/"]}]},{"@type":"BreadcrumbList","@id":"https:\/\/aurumbikes.com\/fr\/panier\/#breadcrumb","itemListElement":[{"@type":"ListItem","position":1,"name":"Home","item":"https:\/\/aurumbikes.com\/fr\/"},{"@type":"ListItem","position":2,"name":"Panier"}]},{"@type":"WebSite","@id":"https:\/\/aurumbikes.com\/fr\/#website","url":"https:\/\/aurumbikes.com\/fr\/","name":"Aurum Bikes","description":"Born From Experience","potentialAction":[{"@type":"SearchAction","target":{"@type":"EntryPoint","urlTemplate":"https:\/\/aurumbikes.com\/fr\/?s={search_term_string}"},"query-input":"required name=search_term_string"}],"inLanguage":"fr-FR"}]}},"_links":{"self":[{"href":"https:\/\/aurumbikes.com\/fr\/wp-json\/wp\/v2\/pages\/31628"}],"collection":[{"href":"https:\/\/aurumbikes.com\/fr\/wp-json\/wp\/v2\/pages"}],"about":[{"href":"https:\/\/aurumbikes.com\/fr\/wp-json\/wp\/v2\/types\/page"}],"author":[{"embeddable":true,"href":"https:\/\/aurumbikes.com\/fr\/wp-json\/wp\/v2\/users\/1"}],"replies":[{"embeddable":true,"href":"https:\/\/aurumbikes.com\/fr\/wp-json\/wp\/v2\/comments?post=31628"}],"version-history":[{"count":1,"href":"https:\/\/aurumbikes.com\/fr\/wp-json\/wp\/v2\/pages\/31628\/revisions"}],"predecessor-version":[{"id":31629,"href":"https:\/\/aurumbikes.com\/fr\/wp-json\/wp\/v2\/pages\/31628\/revisions\/31629"}],"wp:attachment":[{"href":"https:\/\/aurumbikes.com\/fr\/wp-json\/wp\/v2\/media?parent=31628"}],"curies":[{"name":"wp","href":"https:\/\/api.w.org\/{rel}","templated":true}]}}