{"id":49421,"date":"2024-05-27T07:17:35","date_gmt":"2024-05-27T07:17:35","guid":{"rendered":"https:\/\/aurumbikes.com\/?page_id=49421"},"modified":"2026-05-08T08:59:48","modified_gmt":"2026-05-08T08:59:48","slug":"accueil_landing","status":"publish","type":"page","link":"https:\/\/aurumbikes.com\/fr\/","title":{"rendered":"accueil_landing_new"},"content":{"rendered":"\t\t<div data-elementor-type=\"wp-page\" data-elementor-id=\"49421\" class=\"elementor elementor-49421 elementor-49419\" data-elementor-post-type=\"page\">\n\t\t\t\t<div class=\"elementor-element elementor-element-a1fb152 e-con-full e-flex e-con e-parent\" data-id=\"a1fb152\" data-element_type=\"container\">\n\t\t<div class=\"elementor-element elementor-element-ec24aa0 e-con-full elementor-hidden-desktop elementor-hidden-tablet e-flex e-con e-child\" data-id=\"ec24aa0\" data-element_type=\"container\" data-settings=\"{&quot;background_background&quot;:&quot;slideshow&quot;,&quot;background_slideshow_gallery&quot;:[{&quot;id&quot;:139392,&quot;url&quot;:&quot;https:\\\/\\\/aurumbikes.com\\\/wp-content\\\/uploads\\\/2026\\\/04\\\/C2A0710.jpg&quot;},{&quot;id&quot;:139397,&quot;url&quot;:&quot;https:\\\/\\\/aurumbikes.com\\\/wp-content\\\/uploads\\\/2026\\\/04\\\/C2A0788.jpg&quot;},{&quot;id&quot;:139402,&quot;url&quot;:&quot;https:\\\/\\\/aurumbikes.com\\\/wp-content\\\/uploads\\\/2026\\\/04\\\/C2A0790.jpg&quot;},{&quot;id&quot;:139407,&quot;url&quot;:&quot;https:\\\/\\\/aurumbikes.com\\\/wp-content\\\/uploads\\\/2026\\\/04\\\/C2A0841.jpg&quot;},{&quot;id&quot;:139412,&quot;url&quot;:&quot;https:\\\/\\\/aurumbikes.com\\\/wp-content\\\/uploads\\\/2026\\\/04\\\/C2A0952.jpg&quot;}],&quot;background_slideshow_loop&quot;:&quot;yes&quot;,&quot;background_slideshow_slide_duration&quot;:5000,&quot;background_slideshow_slide_transition&quot;:&quot;fade&quot;,&quot;background_slideshow_transition_duration&quot;:500}\">\n\t\t\t\t<div class=\"elementor-element elementor-element-bafb65d elementor-widget elementor-widget-image\" data-id=\"bafb65d\" data-element_type=\"widget\" data-widget_type=\"image.default\">\n\t\t\t\t<div class=\"elementor-widget-container\">\n\t\t\t<style>\/*! elementor - v3.21.0 - 08-05-2024 *\/\n.elementor-widget-image{text-align:center}.elementor-widget-image a{display:inline-block}.elementor-widget-image a img[src$=\".svg\"]{width:48px}.elementor-widget-image img{vertical-align:middle;display:inline-block}<\/style>\t\t\t\t\t\t\t\t\t\t\t<a href=\"\/fr\/magma\/\">\n\t\t\t\t\t\t\t<img fetchpriority=\"high\" decoding=\"async\" width=\"794\" height=\"158\" src=\"https:\/\/aurumbikes.com\/wp-content\/uploads\/2024\/01\/logo-magma-blanco.png\" class=\"attachment-full size-full wp-image-30584\" alt=\"\" srcset=\"https:\/\/aurumbikes.com\/wp-content\/uploads\/2024\/01\/logo-magma-blanco.png 794w, https:\/\/aurumbikes.com\/wp-content\/uploads\/2024\/01\/logo-magma-blanco-300x60.png 300w, https:\/\/aurumbikes.com\/wp-content\/uploads\/2024\/01\/logo-magma-blanco-768x153.png 768w\" sizes=\"(max-width: 794px) 100vw, 794px\" \/>\t\t\t\t\t\t\t\t<\/a>\n\t\t\t\t\t\t\t\t\t\t\t\t\t<\/div>\n\t\t\t\t<\/div>\n\t\t<div class=\"elementor-element elementor-element-c0e9d22 e-con-full e-flex e-con e-child\" data-id=\"c0e9d22\" data-element_type=\"container\">\n\t\t\t\t<div class=\"elementor-element elementor-element-571de30 elementor-widget elementor-widget-heading\" data-id=\"571de30\" data-element_type=\"widget\" data-widget_type=\"heading.default\">\n\t\t\t\t<div class=\"elementor-widget-container\">\n\t\t\t<style>\/*! elementor - v3.21.0 - 08-05-2024 *\/\n.elementor-heading-title{padding:0;margin:0;line-height:1}.elementor-widget-heading .elementor-heading-title[class*=elementor-size-]>a{color:inherit;font-size:inherit;line-height:inherit}.elementor-widget-heading .elementor-heading-title.elementor-size-small{font-size:15px}.elementor-widget-heading .elementor-heading-title.elementor-size-medium{font-size:19px}.elementor-widget-heading .elementor-heading-title.elementor-size-large{font-size:29px}.elementor-widget-heading .elementor-heading-title.elementor-size-xl{font-size:39px}.elementor-widget-heading .elementor-heading-title.elementor-size-xxl{font-size:59px}<\/style><h2 class=\"elementor-heading-title elementor-size-default\">MAGMA AU109 Giro 109\u00ba<\/h2>\t\t<\/div>\n\t\t\t\t<\/div>\n\t\t\t\t<div class=\"elementor-element elementor-element-0d2910e elementor-widget elementor-widget-heading\" data-id=\"0d2910e\" data-element_type=\"widget\" data-widget_type=\"heading.default\">\n\t\t\t\t<div class=\"elementor-widget-container\">\n\t\t\t<p class=\"elementor-heading-title elementor-size-default\">Commandes ouvertes jusqu\u2019au 31 mai.<\/p>\t\t<\/div>\n\t\t\t\t<\/div>\n\t\t\t\t<\/div>\n\t\t<div class=\"elementor-element elementor-element-ceb7a86 e-con-full e-flex e-con e-child\" data-id=\"ceb7a86\" data-element_type=\"container\">\n\t\t\t\t<div class=\"elementor-element elementor-element-d31a390 elementor-widget elementor-widget-button\" data-id=\"d31a390\" data-element_type=\"widget\" data-widget_type=\"button.default\">\n\t\t\t\t<div class=\"elementor-widget-container\">\n\t\t\t\t\t<div class=\"elementor-button-wrapper\">\n\t\t\t<a class=\"elementor-button elementor-button-link elementor-size-sm\" href=\"\/fr\/magma-au109\/\" target=\"_blank\">\n\t\t\t\t\t\t<span class=\"elementor-button-content-wrapper\">\n\t\t\t\t\t\t\t\t\t<span class=\"elementor-button-text\">Voir le v\u00e9lo<\/span>\n\t\t\t\t\t<\/span>\n\t\t\t\t\t<\/a>\n\t\t<\/div>\n\t\t\t\t<\/div>\n\t\t\t\t<\/div>\n\t\t\t\t<\/div>\n\t\t\t\t<\/div>\n\t\t<div class=\"elementor-element elementor-element-6d4d25b e-con-full elementor-hidden-mobile e-flex e-con e-child\" data-id=\"6d4d25b\" data-element_type=\"container\" data-settings=\"{&quot;background_background&quot;:&quot;slideshow&quot;,&quot;background_slideshow_gallery&quot;:[{&quot;id&quot;:139299,&quot;url&quot;:&quot;https:\\\/\\\/aurumbikes.com\\\/wp-content\\\/uploads\\\/2026\\\/04\\\/MAGMA-AU109-Giro-109-1.jpg&quot;},{&quot;id&quot;:139304,&quot;url&quot;:&quot;https:\\\/\\\/aurumbikes.com\\\/wp-content\\\/uploads\\\/2026\\\/04\\\/MAGMA-AU109-Giro-109-2.jpg&quot;},{&quot;id&quot;:139309,&quot;url&quot;:&quot;https:\\\/\\\/aurumbikes.com\\\/wp-content\\\/uploads\\\/2026\\\/04\\\/MAGMA-AU109-Giro-109-3.jpg&quot;},{&quot;id&quot;:139314,&quot;url&quot;:&quot;https:\\\/\\\/aurumbikes.com\\\/wp-content\\\/uploads\\\/2026\\\/04\\\/MAGMA-AU109-Giro-109-4.jpg&quot;},{&quot;id&quot;:139319,&quot;url&quot;:&quot;https:\\\/\\\/aurumbikes.com\\\/wp-content\\\/uploads\\\/2026\\\/04\\\/MAGMA-AU109-Giro-109-5.jpg&quot;}],&quot;background_slideshow_loop&quot;:&quot;yes&quot;,&quot;background_slideshow_slide_duration&quot;:5000,&quot;background_slideshow_slide_transition&quot;:&quot;fade&quot;,&quot;background_slideshow_transition_duration&quot;:500}\">\n\t\t\t\t<div class=\"elementor-element elementor-element-ff7cee8 elementor-widget elementor-widget-image\" data-id=\"ff7cee8\" data-element_type=\"widget\" data-widget_type=\"image.default\">\n\t\t\t\t<div class=\"elementor-widget-container\">\n\t\t\t\t\t\t\t\t\t\t\t\t\t\t<a href=\"\/fr\/magma\/\">\n\t\t\t\t\t\t\t<img fetchpriority=\"high\" decoding=\"async\" width=\"794\" height=\"158\" src=\"https:\/\/aurumbikes.com\/wp-content\/uploads\/2024\/01\/logo-magma-blanco.png\" class=\"attachment-full size-full wp-image-30584\" alt=\"\" srcset=\"https:\/\/aurumbikes.com\/wp-content\/uploads\/2024\/01\/logo-magma-blanco.png 794w, https:\/\/aurumbikes.com\/wp-content\/uploads\/2024\/01\/logo-magma-blanco-300x60.png 300w, https:\/\/aurumbikes.com\/wp-content\/uploads\/2024\/01\/logo-magma-blanco-768x153.png 768w\" sizes=\"(max-width: 794px) 100vw, 794px\" \/>\t\t\t\t\t\t\t\t<\/a>\n\t\t\t\t\t\t\t\t\t\t\t\t\t<\/div>\n\t\t\t\t<\/div>\n\t\t<div class=\"elementor-element elementor-element-c7498ef e-con-full e-flex e-con e-child\" data-id=\"c7498ef\" data-element_type=\"container\">\n\t\t\t\t<div class=\"elementor-element elementor-element-7ea7f5b elementor-widget elementor-widget-heading\" data-id=\"7ea7f5b\" data-element_type=\"widget\" data-widget_type=\"heading.default\">\n\t\t\t\t<div class=\"elementor-widget-container\">\n\t\t\t<h2 class=\"elementor-heading-title elementor-size-default\">MAGMA AU109 Giro 109\u00ba<\/h2>\t\t<\/div>\n\t\t\t\t<\/div>\n\t\t\t\t<div class=\"elementor-element elementor-element-ca30b5d elementor-widget elementor-widget-heading\" data-id=\"ca30b5d\" data-element_type=\"widget\" data-widget_type=\"heading.default\">\n\t\t\t\t<div class=\"elementor-widget-container\">\n\t\t\t<p class=\"elementor-heading-title elementor-size-default\"> Commandes ouvertes jusqu\u2019au 31 mai.<\/p>\t\t<\/div>\n\t\t\t\t<\/div>\n\t\t\t\t<\/div>\n\t\t<div class=\"elementor-element elementor-element-7d8fb6d e-con-full e-flex e-con e-child\" data-id=\"7d8fb6d\" data-element_type=\"container\">\n\t\t\t\t<div class=\"elementor-element elementor-element-d6f40d3 elementor-widget elementor-widget-button\" data-id=\"d6f40d3\" data-element_type=\"widget\" data-widget_type=\"button.default\">\n\t\t\t\t<div class=\"elementor-widget-container\">\n\t\t\t\t\t<div class=\"elementor-button-wrapper\">\n\t\t\t<a class=\"elementor-button elementor-button-link elementor-size-sm\" href=\"\/fr\/magma-au109\/\" target=\"_blank\">\n\t\t\t\t\t\t<span class=\"elementor-button-content-wrapper\">\n\t\t\t\t\t\t\t\t\t<span class=\"elementor-button-text\">voir le v\u00e9lo<\/span>\n\t\t\t\t\t<\/span>\n\t\t\t\t\t<\/a>\n\t\t<\/div>\n\t\t\t\t<\/div>\n\t\t\t\t<\/div>\n\t\t\t\t<\/div>\n\t\t\t\t<\/div>\n\t\t<div class=\"elementor-element elementor-element-9758ceb e-con-full e-flex e-con e-child\" data-id=\"9758ceb\" data-element_type=\"container\" data-settings=\"{&quot;background_background&quot;:&quot;classic&quot;}\">\n\t\t\t\t<div class=\"elementor-element elementor-element-357c811 elementor-widget elementor-widget-image\" data-id=\"357c811\" data-element_type=\"widget\" data-widget_type=\"image.default\">\n\t\t\t\t<div class=\"elementor-widget-container\">\n\t\t\t\t\t\t\t\t\t\t\t\t\t\t<a href=\"\/fr\/magma\/\">\n\t\t\t\t\t\t\t<img fetchpriority=\"high\" decoding=\"async\" width=\"794\" height=\"158\" src=\"https:\/\/aurumbikes.com\/wp-content\/uploads\/2024\/01\/logo-magma-blanco.png\" class=\"attachment-full size-full wp-image-30584\" alt=\"\" srcset=\"https:\/\/aurumbikes.com\/wp-content\/uploads\/2024\/01\/logo-magma-blanco.png 794w, https:\/\/aurumbikes.com\/wp-content\/uploads\/2024\/01\/logo-magma-blanco-300x60.png 300w, https:\/\/aurumbikes.com\/wp-content\/uploads\/2024\/01\/logo-magma-blanco-768x153.png 768w\" sizes=\"(max-width: 794px) 100vw, 794px\" \/>\t\t\t\t\t\t\t\t<\/a>\n\t\t\t\t\t\t\t\t\t\t\t\t\t<\/div>\n\t\t\t\t<\/div>\n\t\t\t\t<div class=\"elementor-element elementor-element-9c1a2c1 elementor-widget elementor-widget-heading\" data-id=\"9c1a2c1\" data-element_type=\"widget\" data-widget_type=\"heading.default\">\n\t\t\t\t<div class=\"elementor-widget-container\">\n\t\t\t<h2 class=\"elementor-heading-title elementor-size-default\">EVOLUTION OF EXCELLENCE<\/h2>\t\t<\/div>\n\t\t\t\t<\/div>\n\t\t<div class=\"elementor-element elementor-element-344bf59 e-con-full e-flex e-con e-child\" data-id=\"344bf59\" data-element_type=\"container\">\n\t\t\t\t<div class=\"elementor-element elementor-element-6e3c5e5 elementor-widget elementor-widget-button\" data-id=\"6e3c5e5\" data-element_type=\"widget\" data-widget_type=\"button.default\">\n\t\t\t\t<div class=\"elementor-widget-container\">\n\t\t\t\t\t<div class=\"elementor-button-wrapper\">\n\t\t\t<a class=\"elementor-button elementor-button-link elementor-size-sm\" href=\"https:\/\/aurumbikes.com\/fr\/revendeurs\/\">\n\t\t\t\t\t\t<span class=\"elementor-button-content-wrapper\">\n\t\t\t\t\t\t\t\t\t<span class=\"elementor-button-text\">REVENDEURS<\/span>\n\t\t\t\t\t<\/span>\n\t\t\t\t\t<\/a>\n\t\t<\/div>\n\t\t\t\t<\/div>\n\t\t\t\t<\/div>\n\t\t\t\t<div class=\"elementor-element elementor-element-7f71497 elementor-widget elementor-widget-button\" data-id=\"7f71497\" data-element_type=\"widget\" data-widget_type=\"button.default\">\n\t\t\t\t<div class=\"elementor-widget-container\">\n\t\t\t\t\t<div class=\"elementor-button-wrapper\">\n\t\t\t<a class=\"elementor-button elementor-button-link elementor-size-sm\" href=\"https:\/\/aurumbikes.com\/fr\/magma\/configurer\/\">\n\t\t\t\t\t\t<span class=\"elementor-button-content-wrapper\">\n\t\t\t\t\t\t\t\t\t<span class=\"elementor-button-text\">ACHETER<\/span>\n\t\t\t\t\t<\/span>\n\t\t\t\t\t<\/a>\n\t\t<\/div>\n\t\t\t\t<\/div>\n\t\t\t\t<\/div>\n\t\t\t\t<\/div>\n\t\t\t\t<\/div>\n\t\t<div class=\"elementor-element elementor-element-b0eebf4 e-con-full e-flex e-con e-child\" data-id=\"b0eebf4\" data-element_type=\"container\" data-settings=\"{&quot;background_background&quot;:&quot;classic&quot;}\">\n\t\t\t\t<div class=\"elementor-element elementor-element-efac393 elementor-widget elementor-widget-image\" data-id=\"efac393\" data-element_type=\"widget\" data-widget_type=\"image.default\">\n\t\t\t\t<div class=\"elementor-widget-container\">\n\t\t\t\t\t\t\t\t\t\t\t\t\t\t<a href=\"\/fr\/manto\/\">\n\t\t\t\t\t\t\t<img decoding=\"async\" width=\"948\" height=\"227\" src=\"https:\/\/aurumbikes.com\/wp-content\/uploads\/2024\/10\/logo-manto-blanco.png\" class=\"attachment-full size-full wp-image-74643\" alt=\"\" srcset=\"https:\/\/aurumbikes.com\/wp-content\/uploads\/2024\/10\/logo-manto-blanco.png 948w, https:\/\/aurumbikes.com\/wp-content\/uploads\/2024\/10\/logo-manto-blanco-300x72.png 300w, https:\/\/aurumbikes.com\/wp-content\/uploads\/2024\/10\/logo-manto-blanco-768x184.png 768w\" sizes=\"(max-width: 948px) 100vw, 948px\" \/>\t\t\t\t\t\t\t\t<\/a>\n\t\t\t\t\t\t\t\t\t\t\t\t\t<\/div>\n\t\t\t\t<\/div>\n\t\t\t\t<div class=\"elementor-element elementor-element-bc0dddc elementor-widget elementor-widget-heading\" data-id=\"bc0dddc\" data-element_type=\"widget\" data-widget_type=\"heading.default\">\n\t\t\t\t<div class=\"elementor-widget-container\">\n\t\t\t<h2 class=\"elementor-heading-title elementor-size-default\">unbound performance<\/h2>\t\t<\/div>\n\t\t\t\t<\/div>\n\t\t<div class=\"elementor-element elementor-element-5a816ba e-con-full e-flex e-con e-child\" data-id=\"5a816ba\" data-element_type=\"container\">\n\t\t\t\t<div class=\"elementor-element elementor-element-85997c0 elementor-widget elementor-widget-button\" data-id=\"85997c0\" data-element_type=\"widget\" data-widget_type=\"button.default\">\n\t\t\t\t<div class=\"elementor-widget-container\">\n\t\t\t\t\t<div class=\"elementor-button-wrapper\">\n\t\t\t<a class=\"elementor-button elementor-button-link elementor-size-sm\" href=\"https:\/\/aurumbikes.com\/fr\/revendeurs\/\">\n\t\t\t\t\t\t<span class=\"elementor-button-content-wrapper\">\n\t\t\t\t\t\t\t\t\t<span class=\"elementor-button-text\">REVENDEURS<\/span>\n\t\t\t\t\t<\/span>\n\t\t\t\t\t<\/a>\n\t\t<\/div>\n\t\t\t\t<\/div>\n\t\t\t\t<\/div>\n\t\t\t\t<div class=\"elementor-element elementor-element-9df7c88 elementor-widget elementor-widget-button\" data-id=\"9df7c88\" data-element_type=\"widget\" data-widget_type=\"button.default\">\n\t\t\t\t<div class=\"elementor-widget-container\">\n\t\t\t\t\t<div class=\"elementor-button-wrapper\">\n\t\t\t<a class=\"elementor-button elementor-button-link elementor-size-sm\" href=\"https:\/\/aurumbikes.com\/fr\/manto\/configurer\/\">\n\t\t\t\t\t\t<span class=\"elementor-button-content-wrapper\">\n\t\t\t\t\t\t\t\t\t<span class=\"elementor-button-text\">ACHETER<\/span>\n\t\t\t\t\t<\/span>\n\t\t\t\t\t<\/a>\n\t\t<\/div>\n\t\t\t\t<\/div>\n\t\t\t\t<\/div>\n\t\t\t\t<\/div>\n\t\t\t\t<\/div>\n\t\t<div class=\"elementor-element elementor-element-dfd2f63 e-con-full e-flex e-con e-child\" data-id=\"dfd2f63\" data-element_type=\"container\" data-settings=\"{&quot;background_background&quot;:&quot;classic&quot;}\">\n\t\t\t\t<div class=\"elementor-element elementor-element-11226de elementor-widget elementor-widget-image\" data-id=\"11226de\" data-element_type=\"widget\" data-widget_type=\"image.default\">\n\t\t\t\t<div class=\"elementor-widget-container\">\n\t\t\t\t\t\t\t\t\t\t\t\t\t\t<a href=\"\/fr\/essentia\/\">\n\t\t\t\t\t\t\t<img decoding=\"async\" width=\"1413\" height=\"233\" src=\"https:\/\/aurumbikes.com\/wp-content\/uploads\/2024\/08\/logo-essentia-white.png\" class=\"attachment-full size-full wp-image-69582\" alt=\"\" srcset=\"https:\/\/aurumbikes.com\/wp-content\/uploads\/2024\/08\/logo-essentia-white.png 1413w, https:\/\/aurumbikes.com\/wp-content\/uploads\/2024\/08\/logo-essentia-white-300x49.png 300w, https:\/\/aurumbikes.com\/wp-content\/uploads\/2024\/08\/logo-essentia-white-1024x169.png 1024w, https:\/\/aurumbikes.com\/wp-content\/uploads\/2024\/08\/logo-essentia-white-768x127.png 768w, https:\/\/aurumbikes.com\/wp-content\/uploads\/2024\/08\/logo-essentia-white-1080x178.png 1080w\" sizes=\"(max-width: 1413px) 100vw, 1413px\" \/>\t\t\t\t\t\t\t\t<\/a>\n\t\t\t\t\t\t\t\t\t\t\t\t\t<\/div>\n\t\t\t\t<\/div>\n\t\t\t\t<div class=\"elementor-element elementor-element-ee7e0ee elementor-widget elementor-widget-heading\" data-id=\"ee7e0ee\" data-element_type=\"widget\" data-widget_type=\"heading.default\">\n\t\t\t\t<div class=\"elementor-widget-container\">\n\t\t\t<h2 class=\"elementor-heading-title elementor-size-default\">THE PERFECT BALANCE<\/h2>\t\t<\/div>\n\t\t\t\t<\/div>\n\t\t<div class=\"elementor-element elementor-element-57664b2 e-con-full e-flex e-con e-child\" data-id=\"57664b2\" data-element_type=\"container\">\n\t\t\t\t<div class=\"elementor-element elementor-element-bd10658 elementor-widget elementor-widget-button\" data-id=\"bd10658\" data-element_type=\"widget\" data-widget_type=\"button.default\">\n\t\t\t\t<div class=\"elementor-widget-container\">\n\t\t\t\t\t<div class=\"elementor-button-wrapper\">\n\t\t\t<a class=\"elementor-button elementor-button-link elementor-size-sm\" href=\"https:\/\/aurumbikes.com\/fr\/revendeurs\/\">\n\t\t\t\t\t\t<span class=\"elementor-button-content-wrapper\">\n\t\t\t\t\t\t\t\t\t<span class=\"elementor-button-text\">REVENDEURS<\/span>\n\t\t\t\t\t<\/span>\n\t\t\t\t\t<\/a>\n\t\t<\/div>\n\t\t\t\t<\/div>\n\t\t\t\t<\/div>\n\t\t\t\t<div class=\"elementor-element elementor-element-5779b0e elementor-widget elementor-widget-button\" data-id=\"5779b0e\" data-element_type=\"widget\" data-widget_type=\"button.default\">\n\t\t\t\t<div class=\"elementor-widget-container\">\n\t\t\t\t\t<div class=\"elementor-button-wrapper\">\n\t\t\t<a class=\"elementor-button elementor-button-link elementor-size-sm\" href=\"https:\/\/aurumbikes.com\/fr\/essentia\/configurer\/\">\n\t\t\t\t\t\t<span class=\"elementor-button-content-wrapper\">\n\t\t\t\t\t\t\t\t\t<span class=\"elementor-button-text\">ACHETER<\/span>\n\t\t\t\t\t<\/span>\n\t\t\t\t\t<\/a>\n\t\t<\/div>\n\t\t\t\t<\/div>\n\t\t\t\t<\/div>\n\t\t\t\t<\/div>\n\t\t\t\t<\/div>\n\t\t<div class=\"elementor-element elementor-element-3bf5c15 e-flex e-con-boxed e-con e-child\" data-id=\"3bf5c15\" data-element_type=\"container\" data-settings=\"{&quot;background_background&quot;:&quot;classic&quot;}\">\n\t\t\t\t\t<div class=\"e-con-inner\">\n\t\t\t\t<div class=\"elementor-element elementor-element-c2bfd52 elementor-widget elementor-widget-heading\" data-id=\"c2bfd52\" data-element_type=\"widget\" data-widget_type=\"heading.default\">\n\t\t\t\t<div class=\"elementor-widget-container\">\n\t\t\t<h1 class=\"elementor-heading-title elementor-size-default\">AURUM est la marque de v\u00e9lo exclusive cr\u00e9\u00e9e par Alberto Contador et Ivan Basso<\/h1>\t\t<\/div>\n\t\t\t\t<\/div>\n\t\t\t\t\t<\/div>\n\t\t\t\t<\/div>\n\t\t\t\t<\/div>\n\t\t\t\t<\/div>\n\t\t","protected":false},"excerpt":{"rendered":"<p>MAGMA AU109 Giro 109\u00ba Commandes ouvertes jusqu\u2019au 31 mai. Voir le v\u00e9lo MAGMA AU109 Giro 109\u00ba Commandes ouvertes jusqu\u2019au 31 mai. voir le v\u00e9lo EVOLUTION OF EXCELLENCE REVENDEURS ACHETER unbound performance REVENDEURS ACHETER THE PERFECT BALANCE REVENDEURS ACHETER AURUM est la marque de v\u00e9lo exclusive cr\u00e9\u00e9e par Alberto Contador et Ivan Basso<\/p>\n","protected":false},"author":1,"featured_media":0,"parent":0,"menu_order":0,"comment_status":"closed","ping_status":"closed","template":"page-full-width.php","meta":{"footnotes":""},"yoast_head":"<!-- This site is optimized with the Yoast SEO plugin v22.6 - https:\/\/yoast.com\/wordpress\/plugins\/seo\/ -->\n<title>AURUM Bikes - Born From Experience - Acheter en ligne<\/title>\n<meta name=\"description\" content=\"AURUM est la marque de v\u00e9lo exclusive des champions du Grand Tour Alberto Contador et Ivan Basso. Magma ; le v\u00e9lo de course sur route l\u00e9ger et en carbone par excellence.\" \/>\n<meta name=\"robots\" content=\"index, follow, max-snippet:-1, max-image-preview:large, max-video-preview:-1\" \/>\n<link rel=\"canonical\" href=\"https:\/\/aurumbikes.com\/fr\/\" \/>\n<meta property=\"og:locale\" content=\"fr_FR\" \/>\n<meta property=\"og:type\" content=\"article\" \/>\n<meta property=\"og:title\" content=\"AURUM Bikes - Born From Experience - Acheter en ligne\" \/>\n<meta property=\"og:description\" content=\"AURUM est la marque de v\u00e9lo exclusive des champions du Grand Tour Alberto Contador et Ivan Basso. Magma ; le v\u00e9lo de course sur route l\u00e9ger et en carbone par excellence.\" \/>\n<meta property=\"og:url\" content=\"https:\/\/aurumbikes.com\/fr\/\" \/>\n<meta property=\"og:site_name\" content=\"Aurum Bikes\" \/>\n<meta property=\"article:publisher\" content=\"https:\/\/www.facebook.com\/AURUMbikes\" \/>\n<meta property=\"article:modified_time\" content=\"2026-05-08T08:59:48+00:00\" \/>\n<meta property=\"og:image\" content=\"https:\/\/aurumbikes.com\/wp-content\/uploads\/2024\/01\/logo-magma-blanco.png\" \/>\n<meta name=\"twitter:card\" content=\"summary_large_image\" \/>\n<meta name=\"twitter:label1\" content=\"Dur\u00e9e de lecture estim\u00e9e\" \/>\n\t<meta name=\"twitter:data1\" content=\"2 minutes\" \/>\n<script type=\"application\/ld+json\" class=\"yoast-schema-graph\">{\"@context\":\"https:\/\/schema.org\",\"@graph\":[{\"@type\":\"WebPage\",\"@id\":\"https:\/\/aurumbikes.com\/fr\/\",\"url\":\"https:\/\/aurumbikes.com\/fr\/\",\"name\":\"AURUM Bikes - Born From Experience - Acheter en ligne\",\"isPartOf\":{\"@id\":\"https:\/\/aurumbikes.com\/fr\/#website\"},\"primaryImageOfPage\":{\"@id\":\"https:\/\/aurumbikes.com\/fr\/#primaryimage\"},\"image\":{\"@id\":\"https:\/\/aurumbikes.com\/fr\/#primaryimage\"},\"thumbnailUrl\":\"https:\/\/aurumbikes.com\/wp-content\/uploads\/2024\/01\/logo-magma-blanco.png\",\"datePublished\":\"2024-05-27T07:17:35+00:00\",\"dateModified\":\"2026-05-08T08:59:48+00:00\",\"description\":\"AURUM est la marque de v\u00e9lo exclusive des champions du Grand Tour Alberto Contador et Ivan Basso. Magma ; le v\u00e9lo de course sur route l\u00e9ger et en carbone par excellence.\",\"breadcrumb\":{\"@id\":\"https:\/\/aurumbikes.com\/fr\/#breadcrumb\"},\"inLanguage\":\"fr-FR\",\"potentialAction\":[{\"@type\":\"ReadAction\",\"target\":[\"https:\/\/aurumbikes.com\/fr\/\"]}]},{\"@type\":\"ImageObject\",\"inLanguage\":\"fr-FR\",\"@id\":\"https:\/\/aurumbikes.com\/fr\/#primaryimage\",\"url\":\"https:\/\/aurumbikes.com\/wp-content\/uploads\/2024\/01\/logo-magma-blanco.png\",\"contentUrl\":\"https:\/\/aurumbikes.com\/wp-content\/uploads\/2024\/01\/logo-magma-blanco.png\"},{\"@type\":\"BreadcrumbList\",\"@id\":\"https:\/\/aurumbikes.com\/fr\/#breadcrumb\",\"itemListElement\":[{\"@type\":\"ListItem\",\"position\":1,\"name\":\"Home\",\"item\":\"https:\/\/aurumbikes.com\/fr\/\"},{\"@type\":\"ListItem\",\"position\":2,\"name\":\"accueil_landing_new\"}]},{\"@type\":\"WebSite\",\"@id\":\"https:\/\/aurumbikes.com\/fr\/#website\",\"url\":\"https:\/\/aurumbikes.com\/fr\/\",\"name\":\"Aurum Bikes\",\"description\":\"Born From Experience\",\"potentialAction\":[{\"@type\":\"SearchAction\",\"target\":{\"@type\":\"EntryPoint\",\"urlTemplate\":\"https:\/\/aurumbikes.com\/fr\/?s={search_term_string}\"},\"query-input\":\"required name=search_term_string\"}],\"inLanguage\":\"fr-FR\"}]}<\/script>\n<!-- \/ Yoast SEO plugin. -->","yoast_head_json":{"title":"AURUM Bikes - Born From Experience - Acheter en ligne","description":"AURUM est la marque de v\u00e9lo exclusive des champions du Grand Tour Alberto Contador et Ivan Basso. Magma ; le v\u00e9lo de course sur route l\u00e9ger et en carbone par excellence.","robots":{"index":"index","follow":"follow","max-snippet":"max-snippet:-1","max-image-preview":"max-image-preview:large","max-video-preview":"max-video-preview:-1"},"canonical":"https:\/\/aurumbikes.com\/fr\/","og_locale":"fr_FR","og_type":"article","og_title":"AURUM Bikes - Born From Experience - Acheter en ligne","og_description":"AURUM est la marque de v\u00e9lo exclusive des champions du Grand Tour Alberto Contador et Ivan Basso. Magma ; le v\u00e9lo de course sur route l\u00e9ger et en carbone par excellence.","og_url":"https:\/\/aurumbikes.com\/fr\/","og_site_name":"Aurum Bikes","article_publisher":"https:\/\/www.facebook.com\/AURUMbikes","article_modified_time":"2026-05-08T08:59:48+00:00","og_image":[{"url":"https:\/\/aurumbikes.com\/wp-content\/uploads\/2024\/01\/logo-magma-blanco.png"}],"twitter_card":"summary_large_image","twitter_misc":{"Dur\u00e9e de lecture estim\u00e9e":"2 minutes"},"schema":{"@context":"https:\/\/schema.org","@graph":[{"@type":"WebPage","@id":"https:\/\/aurumbikes.com\/fr\/","url":"https:\/\/aurumbikes.com\/fr\/","name":"AURUM Bikes - Born From Experience - Acheter en ligne","isPartOf":{"@id":"https:\/\/aurumbikes.com\/fr\/#website"},"primaryImageOfPage":{"@id":"https:\/\/aurumbikes.com\/fr\/#primaryimage"},"image":{"@id":"https:\/\/aurumbikes.com\/fr\/#primaryimage"},"thumbnailUrl":"https:\/\/aurumbikes.com\/wp-content\/uploads\/2024\/01\/logo-magma-blanco.png","datePublished":"2024-05-27T07:17:35+00:00","dateModified":"2026-05-08T08:59:48+00:00","description":"AURUM est la marque de v\u00e9lo exclusive des champions du Grand Tour Alberto Contador et Ivan Basso. Magma ; le v\u00e9lo de course sur route l\u00e9ger et en carbone par excellence.","breadcrumb":{"@id":"https:\/\/aurumbikes.com\/fr\/#breadcrumb"},"inLanguage":"fr-FR","potentialAction":[{"@type":"ReadAction","target":["https:\/\/aurumbikes.com\/fr\/"]}]},{"@type":"ImageObject","inLanguage":"fr-FR","@id":"https:\/\/aurumbikes.com\/fr\/#primaryimage","url":"https:\/\/aurumbikes.com\/wp-content\/uploads\/2024\/01\/logo-magma-blanco.png","contentUrl":"https:\/\/aurumbikes.com\/wp-content\/uploads\/2024\/01\/logo-magma-blanco.png"},{"@type":"BreadcrumbList","@id":"https:\/\/aurumbikes.com\/fr\/#breadcrumb","itemListElement":[{"@type":"ListItem","position":1,"name":"Home","item":"https:\/\/aurumbikes.com\/fr\/"},{"@type":"ListItem","position":2,"name":"accueil_landing_new"}]},{"@type":"WebSite","@id":"https:\/\/aurumbikes.com\/fr\/#website","url":"https:\/\/aurumbikes.com\/fr\/","name":"Aurum Bikes","description":"Born From Experience","potentialAction":[{"@type":"SearchAction","target":{"@type":"EntryPoint","urlTemplate":"https:\/\/aurumbikes.com\/fr\/?s={search_term_string}"},"query-input":"required name=search_term_string"}],"inLanguage":"fr-FR"}]}},"_links":{"self":[{"href":"https:\/\/aurumbikes.com\/fr\/wp-json\/wp\/v2\/pages\/49421"}],"collection":[{"href":"https:\/\/aurumbikes.com\/fr\/wp-json\/wp\/v2\/pages"}],"about":[{"href":"https:\/\/aurumbikes.com\/fr\/wp-json\/wp\/v2\/types\/page"}],"author":[{"embeddable":true,"href":"https:\/\/aurumbikes.com\/fr\/wp-json\/wp\/v2\/users\/1"}],"replies":[{"embeddable":true,"href":"https:\/\/aurumbikes.com\/fr\/wp-json\/wp\/v2\/comments?post=49421"}],"version-history":[{"count":115,"href":"https:\/\/aurumbikes.com\/fr\/wp-json\/wp\/v2\/pages\/49421\/revisions"}],"predecessor-version":[{"id":140258,"href":"https:\/\/aurumbikes.com\/fr\/wp-json\/wp\/v2\/pages\/49421\/revisions\/140258"}],"wp:attachment":[{"href":"https:\/\/aurumbikes.com\/fr\/wp-json\/wp\/v2\/media?parent=49421"}],"curies":[{"name":"wp","href":"https:\/\/api.w.org\/{rel}","templated":true}]}}