{"id":27146,"date":"2023-10-03T09:28:17","date_gmt":"2023-10-03T09:28:17","guid":{"rendered":"https:\/\/aurumbikes.com\/product\/kit-de-direction-gravel\/"},"modified":"2025-01-02T11:25:53","modified_gmt":"2025-01-02T11:25:53","slug":"kit-de-direction-gravel","status":"publish","type":"product","link":"https:\/\/aurumbikes.com\/fr\/produit\/kit-de-direction-gravel\/","title":{"rendered":"Kit de Direction Gravel"},"content":{"rendered":"<p>Ce kit de direction pour les v\u00e9los gravel comprend une vari\u00e9t\u00e9 de pi\u00e8ces essentielles pour le syst\u00e8me de direction. Il comprend des entretoises de 5 mm, 2,5 mm et 10 mm, des roulements de direction, la bague de compression de direction AURUM pour mod\u00e8le de gravel et des capuchons sup\u00e9rieurs pour un design \u00e9pur\u00e9 \u00e0 l&#8217;avant de votre v\u00e9lo.<\/p>\n<p>&nbsp;<\/p>\n<p>CONTENU DU KIT<\/p>\n<table>\n<tbody>\n<tr>\n<td width=\"343\"><strong>Produit<\/strong><\/td>\n<td width=\"80\"><strong>Unit\u00e9(s)<\/strong><\/td>\n<\/tr>\n<tr>\n<td width=\"343\">Headset Spacer 5<\/td>\n<td width=\"80\">2<\/td>\n<\/tr>\n<tr>\n<td width=\"343\">Headset Spacer 2,5<\/td>\n<td width=\"80\">2<\/td>\n<\/tr>\n<tr>\n<td width=\"343\">Headset Spacer 10<\/td>\n<td width=\"80\">2<\/td>\n<\/tr>\n<tr>\n<td width=\"343\">Headset Bearing 15<\/td>\n<td width=\"80\">2<\/td>\n<\/tr>\n<tr>\n<td width=\"343\">Aurum Headset Compression Ring Gravel<\/td>\n<td width=\"80\">1<\/td>\n<\/tr>\n<tr>\n<td width=\"343\">Aurum Headset Top Cover Gravel<\/td>\n<td width=\"80\">1<\/td>\n<\/tr>\n<tr>\n<td width=\"343\">Aurum Handlebar Top Cover Manto<\/td>\n<td width=\"80\">1<\/td>\n<\/tr>\n<\/tbody>\n<\/table>\n","protected":false},"excerpt":{"rendered":"<p>Ce kit de direction pour les v\u00e9los gravel comprend une vari\u00e9t\u00e9 de pi\u00e8ces essentielles pour le syst\u00e8me de direction. Il comprend des entretoises de 5 mm, 2,5 mm et 10 mm, des roulements de direction, la bague de compression de direction AURUM pour mod\u00e8le de gravel et des capuchons sup\u00e9rieurs pour un design \u00e9pur\u00e9 \u00e0 [&hellip;]<\/p>\n","protected":false},"featured_media":27147,"template":"","meta":[],"product_cat":[254],"product_tag":[],"yoast_head":"<!-- This site is optimized with the Yoast SEO plugin v22.6 - https:\/\/yoast.com\/wordpress\/plugins\/seo\/ -->\n<title>Kit de Direction Gravel - Aurum Bikes<\/title>\n<meta name=\"description\" content=\"Ce kit de direction pour les v\u00e9los gravel comprend une vari\u00e9t\u00e9 de pi\u00e8ces essentielles pour le syst\u00e8me de direction. Il comprend des entretoises de 5 mm,\" \/>\n<meta name=\"robots\" content=\"index, follow, max-snippet:-1, max-image-preview:large, max-video-preview:-1\" \/>\n<link rel=\"canonical\" href=\"https:\/\/aurumbikes.com\/fr\/produit\/kit-de-direction-gravel\/\" \/>\n<meta property=\"og:locale\" content=\"fr_FR\" \/>\n<meta property=\"og:type\" content=\"article\" \/>\n<meta property=\"og:title\" content=\"Kit de Direction Gravel - Aurum Bikes\" \/>\n<meta property=\"og:description\" content=\"Ce kit de direction pour les v\u00e9los gravel comprend une vari\u00e9t\u00e9 de pi\u00e8ces essentielles pour le syst\u00e8me de direction. Il comprend des entretoises de 5 mm,\" \/>\n<meta property=\"og:url\" content=\"https:\/\/aurumbikes.com\/fr\/produit\/kit-de-direction-gravel\/\" \/>\n<meta property=\"og:site_name\" content=\"Aurum Bikes\" \/>\n<meta property=\"article:publisher\" content=\"https:\/\/www.facebook.com\/AURUMbikes\" \/>\n<meta property=\"article:modified_time\" content=\"2025-01-02T11:25:53+00:00\" \/>\n<meta property=\"og:image\" content=\"https:\/\/aurumbikes.com\/wp-content\/uploads\/2023\/10\/SPARE_PART_GRAVEL_HEADSET_KIT_23-scaled.jpg\" \/>\n\t<meta property=\"og:image:width\" content=\"1707\" \/>\n\t<meta property=\"og:image:height\" content=\"2560\" \/>\n\t<meta property=\"og:image:type\" content=\"image\/jpeg\" \/>\n<meta name=\"twitter:card\" content=\"summary_large_image\" \/>\n<meta name=\"twitter:label1\" content=\"Dur\u00e9e de lecture estim\u00e9e\" \/>\n\t<meta name=\"twitter:data1\" content=\"1 minute\" \/>\n<script type=\"application\/ld+json\" class=\"yoast-schema-graph\">{\"@context\":\"https:\/\/schema.org\",\"@graph\":[{\"@type\":\"WebPage\",\"@id\":\"https:\/\/aurumbikes.com\/fr\/produit\/kit-de-direction-gravel\/\",\"url\":\"https:\/\/aurumbikes.com\/fr\/produit\/kit-de-direction-gravel\/\",\"name\":\"Kit de Direction Gravel - Aurum Bikes\",\"isPartOf\":{\"@id\":\"https:\/\/aurumbikes.com\/fr\/#website\"},\"primaryImageOfPage\":{\"@id\":\"https:\/\/aurumbikes.com\/fr\/produit\/kit-de-direction-gravel\/#primaryimage\"},\"image\":{\"@id\":\"https:\/\/aurumbikes.com\/fr\/produit\/kit-de-direction-gravel\/#primaryimage\"},\"thumbnailUrl\":\"https:\/\/aurumbikes.com\/wp-content\/uploads\/2023\/10\/SPARE_PART_GRAVEL_HEADSET_KIT_23-scaled.jpg\",\"datePublished\":\"2023-10-03T09:28:17+00:00\",\"dateModified\":\"2025-01-02T11:25:53+00:00\",\"description\":\"Ce kit de direction pour les v\u00e9los gravel comprend une vari\u00e9t\u00e9 de pi\u00e8ces essentielles pour le syst\u00e8me de direction. Il comprend des entretoises de 5 mm,\",\"breadcrumb\":{\"@id\":\"https:\/\/aurumbikes.com\/fr\/produit\/kit-de-direction-gravel\/#breadcrumb\"},\"inLanguage\":\"fr-FR\",\"potentialAction\":[{\"@type\":\"ReadAction\",\"target\":[\"https:\/\/aurumbikes.com\/fr\/produit\/kit-de-direction-gravel\/\"]}]},{\"@type\":\"ImageObject\",\"inLanguage\":\"fr-FR\",\"@id\":\"https:\/\/aurumbikes.com\/fr\/produit\/kit-de-direction-gravel\/#primaryimage\",\"url\":\"https:\/\/aurumbikes.com\/wp-content\/uploads\/2023\/10\/SPARE_PART_GRAVEL_HEADSET_KIT_23-scaled.jpg\",\"contentUrl\":\"https:\/\/aurumbikes.com\/wp-content\/uploads\/2023\/10\/SPARE_PART_GRAVEL_HEADSET_KIT_23-scaled.jpg\",\"width\":1707,\"height\":2560},{\"@type\":\"BreadcrumbList\",\"@id\":\"https:\/\/aurumbikes.com\/fr\/produit\/kit-de-direction-gravel\/#breadcrumb\",\"itemListElement\":[{\"@type\":\"ListItem\",\"position\":1,\"name\":\"Home\",\"item\":\"https:\/\/aurumbikes.com\/fr\/\"},{\"@type\":\"ListItem\",\"position\":2,\"name\":\"Boutique\",\"item\":\"https:\/\/aurumbikes.com\/fr\/boutique\/\"},{\"@type\":\"ListItem\",\"position\":3,\"name\":\"Kit de Direction Gravel\"}]},{\"@type\":\"WebSite\",\"@id\":\"https:\/\/aurumbikes.com\/fr\/#website\",\"url\":\"https:\/\/aurumbikes.com\/fr\/\",\"name\":\"Aurum Bikes\",\"description\":\"Born From Experience\",\"potentialAction\":[{\"@type\":\"SearchAction\",\"target\":{\"@type\":\"EntryPoint\",\"urlTemplate\":\"https:\/\/aurumbikes.com\/fr\/?s={search_term_string}\"},\"query-input\":\"required name=search_term_string\"}],\"inLanguage\":\"fr-FR\"}]}<\/script>\n<!-- \/ Yoast SEO plugin. -->","yoast_head_json":{"title":"Kit de Direction Gravel - Aurum Bikes","description":"Ce kit de direction pour les v\u00e9los gravel comprend une vari\u00e9t\u00e9 de pi\u00e8ces essentielles pour le syst\u00e8me de direction. Il comprend des entretoises de 5 mm,","robots":{"index":"index","follow":"follow","max-snippet":"max-snippet:-1","max-image-preview":"max-image-preview:large","max-video-preview":"max-video-preview:-1"},"canonical":"https:\/\/aurumbikes.com\/fr\/produit\/kit-de-direction-gravel\/","og_locale":"fr_FR","og_type":"article","og_title":"Kit de Direction Gravel - Aurum Bikes","og_description":"Ce kit de direction pour les v\u00e9los gravel comprend une vari\u00e9t\u00e9 de pi\u00e8ces essentielles pour le syst\u00e8me de direction. Il comprend des entretoises de 5 mm,","og_url":"https:\/\/aurumbikes.com\/fr\/produit\/kit-de-direction-gravel\/","og_site_name":"Aurum Bikes","article_publisher":"https:\/\/www.facebook.com\/AURUMbikes","article_modified_time":"2025-01-02T11:25:53+00:00","og_image":[{"width":1707,"height":2560,"url":"https:\/\/aurumbikes.com\/wp-content\/uploads\/2023\/10\/SPARE_PART_GRAVEL_HEADSET_KIT_23-scaled.jpg","type":"image\/jpeg"}],"twitter_card":"summary_large_image","twitter_misc":{"Dur\u00e9e de lecture estim\u00e9e":"1 minute"},"schema":{"@context":"https:\/\/schema.org","@graph":[{"@type":"WebPage","@id":"https:\/\/aurumbikes.com\/fr\/produit\/kit-de-direction-gravel\/","url":"https:\/\/aurumbikes.com\/fr\/produit\/kit-de-direction-gravel\/","name":"Kit de Direction Gravel - Aurum Bikes","isPartOf":{"@id":"https:\/\/aurumbikes.com\/fr\/#website"},"primaryImageOfPage":{"@id":"https:\/\/aurumbikes.com\/fr\/produit\/kit-de-direction-gravel\/#primaryimage"},"image":{"@id":"https:\/\/aurumbikes.com\/fr\/produit\/kit-de-direction-gravel\/#primaryimage"},"thumbnailUrl":"https:\/\/aurumbikes.com\/wp-content\/uploads\/2023\/10\/SPARE_PART_GRAVEL_HEADSET_KIT_23-scaled.jpg","datePublished":"2023-10-03T09:28:17+00:00","dateModified":"2025-01-02T11:25:53+00:00","description":"Ce kit de direction pour les v\u00e9los gravel comprend une vari\u00e9t\u00e9 de pi\u00e8ces essentielles pour le syst\u00e8me de direction. Il comprend des entretoises de 5 mm,","breadcrumb":{"@id":"https:\/\/aurumbikes.com\/fr\/produit\/kit-de-direction-gravel\/#breadcrumb"},"inLanguage":"fr-FR","potentialAction":[{"@type":"ReadAction","target":["https:\/\/aurumbikes.com\/fr\/produit\/kit-de-direction-gravel\/"]}]},{"@type":"ImageObject","inLanguage":"fr-FR","@id":"https:\/\/aurumbikes.com\/fr\/produit\/kit-de-direction-gravel\/#primaryimage","url":"https:\/\/aurumbikes.com\/wp-content\/uploads\/2023\/10\/SPARE_PART_GRAVEL_HEADSET_KIT_23-scaled.jpg","contentUrl":"https:\/\/aurumbikes.com\/wp-content\/uploads\/2023\/10\/SPARE_PART_GRAVEL_HEADSET_KIT_23-scaled.jpg","width":1707,"height":2560},{"@type":"BreadcrumbList","@id":"https:\/\/aurumbikes.com\/fr\/produit\/kit-de-direction-gravel\/#breadcrumb","itemListElement":[{"@type":"ListItem","position":1,"name":"Home","item":"https:\/\/aurumbikes.com\/fr\/"},{"@type":"ListItem","position":2,"name":"Boutique","item":"https:\/\/aurumbikes.com\/fr\/boutique\/"},{"@type":"ListItem","position":3,"name":"Kit de Direction Gravel"}]},{"@type":"WebSite","@id":"https:\/\/aurumbikes.com\/fr\/#website","url":"https:\/\/aurumbikes.com\/fr\/","name":"Aurum Bikes","description":"Born From Experience","potentialAction":[{"@type":"SearchAction","target":{"@type":"EntryPoint","urlTemplate":"https:\/\/aurumbikes.com\/fr\/?s={search_term_string}"},"query-input":"required name=search_term_string"}],"inLanguage":"fr-FR"}]}},"_links":{"self":[{"href":"https:\/\/aurumbikes.com\/fr\/wp-json\/wp\/v2\/product\/27146"}],"collection":[{"href":"https:\/\/aurumbikes.com\/fr\/wp-json\/wp\/v2\/product"}],"about":[{"href":"https:\/\/aurumbikes.com\/fr\/wp-json\/wp\/v2\/types\/product"}],"wp:featuredmedia":[{"embeddable":true,"href":"https:\/\/aurumbikes.com\/fr\/wp-json\/wp\/v2\/media\/27147"}],"wp:attachment":[{"href":"https:\/\/aurumbikes.com\/fr\/wp-json\/wp\/v2\/media?parent=27146"}],"wp:term":[{"taxonomy":"product_cat","embeddable":true,"href":"https:\/\/aurumbikes.com\/fr\/wp-json\/wp\/v2\/product_cat?post=27146"},{"taxonomy":"product_tag","embeddable":true,"href":"https:\/\/aurumbikes.com\/fr\/wp-json\/wp\/v2\/product_tag?post=27146"}],"curies":[{"name":"wp","href":"https:\/\/api.w.org\/{rel}","templated":true}]}}