{"id":27156,"date":"2023-10-20T07:53:45","date_gmt":"2023-10-20T07:53:45","guid":{"rendered":"https:\/\/aurumbikes.com\/product\/kit-de-direction-de-route\/"},"modified":"2025-01-02T11:16:00","modified_gmt":"2025-01-02T11:16:00","slug":"kit-de-direction-de-route","status":"publish","type":"product","link":"https:\/\/aurumbikes.com\/fr\/produit\/kit-de-direction-de-route\/","title":{"rendered":"Kit De Direction De Route"},"content":{"rendered":"<p>Ce kit de direction pour v\u00e9los de route offre une gamme de composants essentiels pour le syst\u00e8me de direction. Il comprend des roulements de direction, des bagues de compression AURUM, des entretoises de direction de diff\u00e9rentes tailles et des embouts pour une finition \u00e9l\u00e9gante.<\/p>\n<p>&nbsp;<\/p>\n<p>CONTENU DU KIT<\/p>\n<table>\n<tbody>\n<tr>\n<td width=\"331\"><strong>Produit<\/strong><\/td>\n<td width=\"80\"><strong>Unit\u00e9(s)<\/strong><\/td>\n<\/tr>\n<tr>\n<td width=\"331\">Headset Bearing 1-1\/8&#8243;<\/td>\n<td width=\"80\">1<\/td>\n<\/tr>\n<tr>\n<td width=\"331\">Headset Bearing 1-3\/8&#8243;<\/td>\n<td width=\"80\">1<\/td>\n<\/tr>\n<tr>\n<td width=\"331\">Aurum Headset Compression Ring<\/td>\n<td width=\"80\">1<\/td>\n<\/tr>\n<tr>\n<td width=\"331\">Aurum Compression Plug<\/td>\n<td width=\"80\">1<\/td>\n<\/tr>\n<tr>\n<td width=\"331\">Headset Spacer 5<\/td>\n<td width=\"80\">2<\/td>\n<\/tr>\n<tr>\n<td width=\"331\">Headset Spacer 2,5<\/td>\n<td width=\"80\">2<\/td>\n<\/tr>\n<tr>\n<td width=\"331\">Headset Spacer 10<\/td>\n<td width=\"80\">2<\/td>\n<\/tr>\n<tr>\n<td width=\"331\">Aurum Headset Top Cover Low<\/td>\n<td width=\"80\">1<\/td>\n<\/tr>\n<tr>\n<td width=\"331\">Aurum Headset Top Cover High<\/td>\n<td width=\"80\">1<\/td>\n<\/tr>\n<\/tbody>\n<\/table>\n","protected":false},"excerpt":{"rendered":"<p>Ce kit de direction pour v\u00e9los de route offre une gamme de composants essentiels pour le syst\u00e8me de direction. Il comprend des roulements de direction, des bagues de compression AURUM, des entretoises de direction de diff\u00e9rentes tailles et des embouts pour une finition \u00e9l\u00e9gante. &nbsp; CONTENU DU KIT Produit Unit\u00e9(s) Headset Bearing 1-1\/8&#8243; 1 Headset [&hellip;]<\/p>\n","protected":false},"featured_media":27157,"template":"","meta":[],"product_cat":[254],"product_tag":[],"yoast_head":"<!-- This site is optimized with the Yoast SEO plugin v22.6 - https:\/\/yoast.com\/wordpress\/plugins\/seo\/ -->\n<title>Kit De Direction De Route - Aurum Bikes<\/title>\n<meta name=\"description\" content=\"Ce kit de direction pour v\u00e9los de route offre une gamme de composants essentiels pour le syst\u00e8me de direction. Il comprend des roulements de direction,\" \/>\n<meta name=\"robots\" content=\"index, follow, max-snippet:-1, max-image-preview:large, max-video-preview:-1\" \/>\n<link rel=\"canonical\" href=\"https:\/\/aurumbikes.com\/fr\/produit\/kit-de-direction-de-route\/\" \/>\n<meta property=\"og:locale\" content=\"fr_FR\" \/>\n<meta property=\"og:type\" content=\"article\" \/>\n<meta property=\"og:title\" content=\"Kit De Direction De Route - Aurum Bikes\" \/>\n<meta property=\"og:description\" content=\"Ce kit de direction pour v\u00e9los de route offre une gamme de composants essentiels pour le syst\u00e8me de direction. Il comprend des roulements de direction,\" \/>\n<meta property=\"og:url\" content=\"https:\/\/aurumbikes.com\/fr\/produit\/kit-de-direction-de-route\/\" \/>\n<meta property=\"og:site_name\" content=\"Aurum Bikes\" \/>\n<meta property=\"article:publisher\" content=\"https:\/\/www.facebook.com\/AURUMbikes\" \/>\n<meta property=\"article:modified_time\" content=\"2025-01-02T11:16:00+00:00\" \/>\n<meta property=\"og:image\" content=\"https:\/\/aurumbikes.com\/wp-content\/uploads\/2023\/10\/SPARE_PART_ROAD_HEADSET_KIT_29-scaled.jpg\" \/>\n\t<meta property=\"og:image:width\" content=\"1707\" \/>\n\t<meta property=\"og:image:height\" content=\"2560\" \/>\n\t<meta property=\"og:image:type\" content=\"image\/jpeg\" \/>\n<meta name=\"twitter:card\" content=\"summary_large_image\" \/>\n<meta name=\"twitter:label1\" content=\"Dur\u00e9e de lecture estim\u00e9e\" \/>\n\t<meta name=\"twitter:data1\" content=\"1 minute\" \/>\n<script type=\"application\/ld+json\" class=\"yoast-schema-graph\">{\"@context\":\"https:\/\/schema.org\",\"@graph\":[{\"@type\":\"WebPage\",\"@id\":\"https:\/\/aurumbikes.com\/fr\/produit\/kit-de-direction-de-route\/\",\"url\":\"https:\/\/aurumbikes.com\/fr\/produit\/kit-de-direction-de-route\/\",\"name\":\"Kit De Direction De Route - Aurum Bikes\",\"isPartOf\":{\"@id\":\"https:\/\/aurumbikes.com\/fr\/#website\"},\"primaryImageOfPage\":{\"@id\":\"https:\/\/aurumbikes.com\/fr\/produit\/kit-de-direction-de-route\/#primaryimage\"},\"image\":{\"@id\":\"https:\/\/aurumbikes.com\/fr\/produit\/kit-de-direction-de-route\/#primaryimage\"},\"thumbnailUrl\":\"https:\/\/aurumbikes.com\/wp-content\/uploads\/2023\/10\/SPARE_PART_ROAD_HEADSET_KIT_29-scaled.jpg\",\"datePublished\":\"2023-10-20T07:53:45+00:00\",\"dateModified\":\"2025-01-02T11:16:00+00:00\",\"description\":\"Ce kit de direction pour v\u00e9los de route offre une gamme de composants essentiels pour le syst\u00e8me de direction. Il comprend des roulements de direction,\",\"breadcrumb\":{\"@id\":\"https:\/\/aurumbikes.com\/fr\/produit\/kit-de-direction-de-route\/#breadcrumb\"},\"inLanguage\":\"fr-FR\",\"potentialAction\":[{\"@type\":\"ReadAction\",\"target\":[\"https:\/\/aurumbikes.com\/fr\/produit\/kit-de-direction-de-route\/\"]}]},{\"@type\":\"ImageObject\",\"inLanguage\":\"fr-FR\",\"@id\":\"https:\/\/aurumbikes.com\/fr\/produit\/kit-de-direction-de-route\/#primaryimage\",\"url\":\"https:\/\/aurumbikes.com\/wp-content\/uploads\/2023\/10\/SPARE_PART_ROAD_HEADSET_KIT_29-scaled.jpg\",\"contentUrl\":\"https:\/\/aurumbikes.com\/wp-content\/uploads\/2023\/10\/SPARE_PART_ROAD_HEADSET_KIT_29-scaled.jpg\",\"width\":1707,\"height\":2560},{\"@type\":\"BreadcrumbList\",\"@id\":\"https:\/\/aurumbikes.com\/fr\/produit\/kit-de-direction-de-route\/#breadcrumb\",\"itemListElement\":[{\"@type\":\"ListItem\",\"position\":1,\"name\":\"Home\",\"item\":\"https:\/\/aurumbikes.com\/fr\/\"},{\"@type\":\"ListItem\",\"position\":2,\"name\":\"Boutique\",\"item\":\"https:\/\/aurumbikes.com\/fr\/boutique\/\"},{\"@type\":\"ListItem\",\"position\":3,\"name\":\"Kit De Direction De Route\"}]},{\"@type\":\"WebSite\",\"@id\":\"https:\/\/aurumbikes.com\/fr\/#website\",\"url\":\"https:\/\/aurumbikes.com\/fr\/\",\"name\":\"Aurum Bikes\",\"description\":\"Born From Experience\",\"potentialAction\":[{\"@type\":\"SearchAction\",\"target\":{\"@type\":\"EntryPoint\",\"urlTemplate\":\"https:\/\/aurumbikes.com\/fr\/?s={search_term_string}\"},\"query-input\":\"required name=search_term_string\"}],\"inLanguage\":\"fr-FR\"}]}<\/script>\n<!-- \/ Yoast SEO plugin. -->","yoast_head_json":{"title":"Kit De Direction De Route - Aurum Bikes","description":"Ce kit de direction pour v\u00e9los de route offre une gamme de composants essentiels pour le syst\u00e8me de direction. Il comprend des roulements de direction,","robots":{"index":"index","follow":"follow","max-snippet":"max-snippet:-1","max-image-preview":"max-image-preview:large","max-video-preview":"max-video-preview:-1"},"canonical":"https:\/\/aurumbikes.com\/fr\/produit\/kit-de-direction-de-route\/","og_locale":"fr_FR","og_type":"article","og_title":"Kit De Direction De Route - Aurum Bikes","og_description":"Ce kit de direction pour v\u00e9los de route offre une gamme de composants essentiels pour le syst\u00e8me de direction. Il comprend des roulements de direction,","og_url":"https:\/\/aurumbikes.com\/fr\/produit\/kit-de-direction-de-route\/","og_site_name":"Aurum Bikes","article_publisher":"https:\/\/www.facebook.com\/AURUMbikes","article_modified_time":"2025-01-02T11:16:00+00:00","og_image":[{"width":1707,"height":2560,"url":"https:\/\/aurumbikes.com\/wp-content\/uploads\/2023\/10\/SPARE_PART_ROAD_HEADSET_KIT_29-scaled.jpg","type":"image\/jpeg"}],"twitter_card":"summary_large_image","twitter_misc":{"Dur\u00e9e de lecture estim\u00e9e":"1 minute"},"schema":{"@context":"https:\/\/schema.org","@graph":[{"@type":"WebPage","@id":"https:\/\/aurumbikes.com\/fr\/produit\/kit-de-direction-de-route\/","url":"https:\/\/aurumbikes.com\/fr\/produit\/kit-de-direction-de-route\/","name":"Kit De Direction De Route - Aurum Bikes","isPartOf":{"@id":"https:\/\/aurumbikes.com\/fr\/#website"},"primaryImageOfPage":{"@id":"https:\/\/aurumbikes.com\/fr\/produit\/kit-de-direction-de-route\/#primaryimage"},"image":{"@id":"https:\/\/aurumbikes.com\/fr\/produit\/kit-de-direction-de-route\/#primaryimage"},"thumbnailUrl":"https:\/\/aurumbikes.com\/wp-content\/uploads\/2023\/10\/SPARE_PART_ROAD_HEADSET_KIT_29-scaled.jpg","datePublished":"2023-10-20T07:53:45+00:00","dateModified":"2025-01-02T11:16:00+00:00","description":"Ce kit de direction pour v\u00e9los de route offre une gamme de composants essentiels pour le syst\u00e8me de direction. Il comprend des roulements de direction,","breadcrumb":{"@id":"https:\/\/aurumbikes.com\/fr\/produit\/kit-de-direction-de-route\/#breadcrumb"},"inLanguage":"fr-FR","potentialAction":[{"@type":"ReadAction","target":["https:\/\/aurumbikes.com\/fr\/produit\/kit-de-direction-de-route\/"]}]},{"@type":"ImageObject","inLanguage":"fr-FR","@id":"https:\/\/aurumbikes.com\/fr\/produit\/kit-de-direction-de-route\/#primaryimage","url":"https:\/\/aurumbikes.com\/wp-content\/uploads\/2023\/10\/SPARE_PART_ROAD_HEADSET_KIT_29-scaled.jpg","contentUrl":"https:\/\/aurumbikes.com\/wp-content\/uploads\/2023\/10\/SPARE_PART_ROAD_HEADSET_KIT_29-scaled.jpg","width":1707,"height":2560},{"@type":"BreadcrumbList","@id":"https:\/\/aurumbikes.com\/fr\/produit\/kit-de-direction-de-route\/#breadcrumb","itemListElement":[{"@type":"ListItem","position":1,"name":"Home","item":"https:\/\/aurumbikes.com\/fr\/"},{"@type":"ListItem","position":2,"name":"Boutique","item":"https:\/\/aurumbikes.com\/fr\/boutique\/"},{"@type":"ListItem","position":3,"name":"Kit De Direction De Route"}]},{"@type":"WebSite","@id":"https:\/\/aurumbikes.com\/fr\/#website","url":"https:\/\/aurumbikes.com\/fr\/","name":"Aurum Bikes","description":"Born From Experience","potentialAction":[{"@type":"SearchAction","target":{"@type":"EntryPoint","urlTemplate":"https:\/\/aurumbikes.com\/fr\/?s={search_term_string}"},"query-input":"required name=search_term_string"}],"inLanguage":"fr-FR"}]}},"_links":{"self":[{"href":"https:\/\/aurumbikes.com\/fr\/wp-json\/wp\/v2\/product\/27156"}],"collection":[{"href":"https:\/\/aurumbikes.com\/fr\/wp-json\/wp\/v2\/product"}],"about":[{"href":"https:\/\/aurumbikes.com\/fr\/wp-json\/wp\/v2\/types\/product"}],"wp:featuredmedia":[{"embeddable":true,"href":"https:\/\/aurumbikes.com\/fr\/wp-json\/wp\/v2\/media\/27157"}],"wp:attachment":[{"href":"https:\/\/aurumbikes.com\/fr\/wp-json\/wp\/v2\/media?parent=27156"}],"wp:term":[{"taxonomy":"product_cat","embeddable":true,"href":"https:\/\/aurumbikes.com\/fr\/wp-json\/wp\/v2\/product_cat?post=27156"},{"taxonomy":"product_tag","embeddable":true,"href":"https:\/\/aurumbikes.com\/fr\/wp-json\/wp\/v2\/product_tag?post=27156"}],"curies":[{"name":"wp","href":"https:\/\/api.w.org\/{rel}","templated":true}]}}