{"id":27158,"date":"2023-10-20T07:57:27","date_gmt":"2023-10-20T07:57:27","guid":{"rendered":"https:\/\/aurumbikes.com\/product\/kit-de-protection-pour-cadre-route\/"},"modified":"2025-01-02T11:18:09","modified_gmt":"2025-01-02T11:18:09","slug":"kit-de-protection-pour-cadre-route","status":"publish","type":"product","link":"https:\/\/aurumbikes.com\/fr\/produit\/kit-de-protection-pour-cadre-route\/","title":{"rendered":"Kit De Protection Pour Cadre Route"},"content":{"rendered":"<p>Prot\u00e9gez le cadre de votre v\u00e9lo de route avec ce kit de protection complet. Il comprend des protections de bases, des protections de plateaux et d&#8217;autres composants pour pr\u00e9server l&#8217;int\u00e9grit\u00e9 de votre v\u00e9lo lors de vos sorties route.<\/p>\n<p>&nbsp;<\/p>\n<p>CONTENU DU KIT<\/p>\n<table>\n<tbody>\n<tr>\n<td width=\"331\"><strong>Produit<\/strong><\/td>\n<td width=\"80\"><strong>Unit\u00e9(s)<\/strong><\/td>\n<\/tr>\n<tr>\n<td width=\"331\">Ext Chainstay Protector<\/td>\n<td width=\"80\">1<\/td>\n<\/tr>\n<tr>\n<td width=\"331\">Ext BB Protector<\/td>\n<td width=\"80\">1<\/td>\n<\/tr>\n<tr>\n<td width=\"331\">Aurum Chain Suck Plate<\/td>\n<td width=\"80\">1<\/td>\n<\/tr>\n<tr>\n<td width=\"331\">Aurum ICR Port<\/td>\n<td width=\"80\">1<\/td>\n<\/tr>\n<tr>\n<td width=\"331\">Aurum BT306<\/td>\n<td width=\"80\">2<\/td>\n<\/tr>\n<tr>\n<td width=\"331\">Aurum MB cap<\/td>\n<td width=\"80\">1<\/td>\n<\/tr>\n<tr>\n<td width=\"331\">Aurum BT410<\/td>\n<td width=\"80\">1<\/td>\n<\/tr>\n<tr>\n<td width=\"331\">Integrated AURUM ICR Port<\/td>\n<td width=\"80\">1<\/td>\n<\/tr>\n<\/tbody>\n<\/table>\n","protected":false},"excerpt":{"rendered":"<p>Prot\u00e9gez le cadre de votre v\u00e9lo de route avec ce kit de protection complet. Il comprend des protections de bases, des protections de plateaux et d&#8217;autres composants pour pr\u00e9server l&#8217;int\u00e9grit\u00e9 de votre v\u00e9lo lors de vos sorties route. &nbsp; CONTENU DU KIT Produit Unit\u00e9(s) Ext Chainstay Protector 1 Ext BB Protector 1 Aurum Chain Suck [&hellip;]<\/p>\n","protected":false},"featured_media":27159,"template":"","meta":[],"product_cat":[254],"product_tag":[],"yoast_head":"<!-- This site is optimized with the Yoast SEO plugin v22.6 - https:\/\/yoast.com\/wordpress\/plugins\/seo\/ -->\n<title>Kit De Protection Pour Cadre Route - Aurum Bikes<\/title>\n<meta name=\"description\" content=\"Prot\u00e9gez le cadre de votre v\u00e9lo de route avec ce kit de protection complet. Il comprend des protections de bases, des protections de plateaux et d&#039;autres\" \/>\n<meta name=\"robots\" content=\"index, follow, max-snippet:-1, max-image-preview:large, max-video-preview:-1\" \/>\n<link rel=\"canonical\" href=\"https:\/\/aurumbikes.com\/fr\/produit\/kit-de-protection-pour-cadre-route\/\" \/>\n<meta property=\"og:locale\" content=\"fr_FR\" \/>\n<meta property=\"og:type\" content=\"article\" \/>\n<meta property=\"og:title\" content=\"Kit De Protection Pour Cadre Route - Aurum Bikes\" \/>\n<meta property=\"og:description\" content=\"Prot\u00e9gez le cadre de votre v\u00e9lo de route avec ce kit de protection complet. Il comprend des protections de bases, des protections de plateaux et d&#039;autres\" \/>\n<meta property=\"og:url\" content=\"https:\/\/aurumbikes.com\/fr\/produit\/kit-de-protection-pour-cadre-route\/\" \/>\n<meta property=\"og:site_name\" content=\"Aurum Bikes\" \/>\n<meta property=\"article:publisher\" content=\"https:\/\/www.facebook.com\/AURUMbikes\" \/>\n<meta property=\"article:modified_time\" content=\"2025-01-02T11:18:09+00:00\" \/>\n<meta property=\"og:image\" content=\"https:\/\/aurumbikes.com\/wp-content\/uploads\/2023\/10\/SPARE_PART_GRAVEL_FRAME_PROTECTION_KIT_10.jpg\" \/>\n\t<meta property=\"og:image:width\" content=\"1365\" \/>\n\t<meta property=\"og:image:height\" content=\"2048\" \/>\n\t<meta property=\"og:image:type\" content=\"image\/jpeg\" \/>\n<meta name=\"twitter:card\" content=\"summary_large_image\" \/>\n<meta name=\"twitter:label1\" content=\"Dur\u00e9e de lecture estim\u00e9e\" \/>\n\t<meta name=\"twitter:data1\" content=\"1 minute\" \/>\n<script type=\"application\/ld+json\" class=\"yoast-schema-graph\">{\"@context\":\"https:\/\/schema.org\",\"@graph\":[{\"@type\":\"WebPage\",\"@id\":\"https:\/\/aurumbikes.com\/fr\/produit\/kit-de-protection-pour-cadre-route\/\",\"url\":\"https:\/\/aurumbikes.com\/fr\/produit\/kit-de-protection-pour-cadre-route\/\",\"name\":\"Kit De Protection Pour Cadre Route - Aurum Bikes\",\"isPartOf\":{\"@id\":\"https:\/\/aurumbikes.com\/fr\/#website\"},\"primaryImageOfPage\":{\"@id\":\"https:\/\/aurumbikes.com\/fr\/produit\/kit-de-protection-pour-cadre-route\/#primaryimage\"},\"image\":{\"@id\":\"https:\/\/aurumbikes.com\/fr\/produit\/kit-de-protection-pour-cadre-route\/#primaryimage\"},\"thumbnailUrl\":\"https:\/\/aurumbikes.com\/wp-content\/uploads\/2023\/10\/SPARE_PART_GRAVEL_FRAME_PROTECTION_KIT_10.jpg\",\"datePublished\":\"2023-10-20T07:57:27+00:00\",\"dateModified\":\"2025-01-02T11:18:09+00:00\",\"description\":\"Prot\u00e9gez le cadre de votre v\u00e9lo de route avec ce kit de protection complet. Il comprend des protections de bases, des protections de plateaux et d'autres\",\"breadcrumb\":{\"@id\":\"https:\/\/aurumbikes.com\/fr\/produit\/kit-de-protection-pour-cadre-route\/#breadcrumb\"},\"inLanguage\":\"fr-FR\",\"potentialAction\":[{\"@type\":\"ReadAction\",\"target\":[\"https:\/\/aurumbikes.com\/fr\/produit\/kit-de-protection-pour-cadre-route\/\"]}]},{\"@type\":\"ImageObject\",\"inLanguage\":\"fr-FR\",\"@id\":\"https:\/\/aurumbikes.com\/fr\/produit\/kit-de-protection-pour-cadre-route\/#primaryimage\",\"url\":\"https:\/\/aurumbikes.com\/wp-content\/uploads\/2023\/10\/SPARE_PART_GRAVEL_FRAME_PROTECTION_KIT_10.jpg\",\"contentUrl\":\"https:\/\/aurumbikes.com\/wp-content\/uploads\/2023\/10\/SPARE_PART_GRAVEL_FRAME_PROTECTION_KIT_10.jpg\",\"width\":1365,\"height\":2048},{\"@type\":\"BreadcrumbList\",\"@id\":\"https:\/\/aurumbikes.com\/fr\/produit\/kit-de-protection-pour-cadre-route\/#breadcrumb\",\"itemListElement\":[{\"@type\":\"ListItem\",\"position\":1,\"name\":\"Home\",\"item\":\"https:\/\/aurumbikes.com\/fr\/\"},{\"@type\":\"ListItem\",\"position\":2,\"name\":\"Boutique\",\"item\":\"https:\/\/aurumbikes.com\/fr\/boutique\/\"},{\"@type\":\"ListItem\",\"position\":3,\"name\":\"Kit De Protection Pour Cadre Route\"}]},{\"@type\":\"WebSite\",\"@id\":\"https:\/\/aurumbikes.com\/fr\/#website\",\"url\":\"https:\/\/aurumbikes.com\/fr\/\",\"name\":\"Aurum Bikes\",\"description\":\"Born From Experience\",\"potentialAction\":[{\"@type\":\"SearchAction\",\"target\":{\"@type\":\"EntryPoint\",\"urlTemplate\":\"https:\/\/aurumbikes.com\/fr\/?s={search_term_string}\"},\"query-input\":\"required name=search_term_string\"}],\"inLanguage\":\"fr-FR\"}]}<\/script>\n<!-- \/ Yoast SEO plugin. -->","yoast_head_json":{"title":"Kit De Protection Pour Cadre Route - Aurum Bikes","description":"Prot\u00e9gez le cadre de votre v\u00e9lo de route avec ce kit de protection complet. Il comprend des protections de bases, des protections de plateaux et d'autres","robots":{"index":"index","follow":"follow","max-snippet":"max-snippet:-1","max-image-preview":"max-image-preview:large","max-video-preview":"max-video-preview:-1"},"canonical":"https:\/\/aurumbikes.com\/fr\/produit\/kit-de-protection-pour-cadre-route\/","og_locale":"fr_FR","og_type":"article","og_title":"Kit De Protection Pour Cadre Route - Aurum Bikes","og_description":"Prot\u00e9gez le cadre de votre v\u00e9lo de route avec ce kit de protection complet. Il comprend des protections de bases, des protections de plateaux et d'autres","og_url":"https:\/\/aurumbikes.com\/fr\/produit\/kit-de-protection-pour-cadre-route\/","og_site_name":"Aurum Bikes","article_publisher":"https:\/\/www.facebook.com\/AURUMbikes","article_modified_time":"2025-01-02T11:18:09+00:00","og_image":[{"width":1365,"height":2048,"url":"https:\/\/aurumbikes.com\/wp-content\/uploads\/2023\/10\/SPARE_PART_GRAVEL_FRAME_PROTECTION_KIT_10.jpg","type":"image\/jpeg"}],"twitter_card":"summary_large_image","twitter_misc":{"Dur\u00e9e de lecture estim\u00e9e":"1 minute"},"schema":{"@context":"https:\/\/schema.org","@graph":[{"@type":"WebPage","@id":"https:\/\/aurumbikes.com\/fr\/produit\/kit-de-protection-pour-cadre-route\/","url":"https:\/\/aurumbikes.com\/fr\/produit\/kit-de-protection-pour-cadre-route\/","name":"Kit De Protection Pour Cadre Route - Aurum Bikes","isPartOf":{"@id":"https:\/\/aurumbikes.com\/fr\/#website"},"primaryImageOfPage":{"@id":"https:\/\/aurumbikes.com\/fr\/produit\/kit-de-protection-pour-cadre-route\/#primaryimage"},"image":{"@id":"https:\/\/aurumbikes.com\/fr\/produit\/kit-de-protection-pour-cadre-route\/#primaryimage"},"thumbnailUrl":"https:\/\/aurumbikes.com\/wp-content\/uploads\/2023\/10\/SPARE_PART_GRAVEL_FRAME_PROTECTION_KIT_10.jpg","datePublished":"2023-10-20T07:57:27+00:00","dateModified":"2025-01-02T11:18:09+00:00","description":"Prot\u00e9gez le cadre de votre v\u00e9lo de route avec ce kit de protection complet. Il comprend des protections de bases, des protections de plateaux et d'autres","breadcrumb":{"@id":"https:\/\/aurumbikes.com\/fr\/produit\/kit-de-protection-pour-cadre-route\/#breadcrumb"},"inLanguage":"fr-FR","potentialAction":[{"@type":"ReadAction","target":["https:\/\/aurumbikes.com\/fr\/produit\/kit-de-protection-pour-cadre-route\/"]}]},{"@type":"ImageObject","inLanguage":"fr-FR","@id":"https:\/\/aurumbikes.com\/fr\/produit\/kit-de-protection-pour-cadre-route\/#primaryimage","url":"https:\/\/aurumbikes.com\/wp-content\/uploads\/2023\/10\/SPARE_PART_GRAVEL_FRAME_PROTECTION_KIT_10.jpg","contentUrl":"https:\/\/aurumbikes.com\/wp-content\/uploads\/2023\/10\/SPARE_PART_GRAVEL_FRAME_PROTECTION_KIT_10.jpg","width":1365,"height":2048},{"@type":"BreadcrumbList","@id":"https:\/\/aurumbikes.com\/fr\/produit\/kit-de-protection-pour-cadre-route\/#breadcrumb","itemListElement":[{"@type":"ListItem","position":1,"name":"Home","item":"https:\/\/aurumbikes.com\/fr\/"},{"@type":"ListItem","position":2,"name":"Boutique","item":"https:\/\/aurumbikes.com\/fr\/boutique\/"},{"@type":"ListItem","position":3,"name":"Kit De Protection Pour Cadre Route"}]},{"@type":"WebSite","@id":"https:\/\/aurumbikes.com\/fr\/#website","url":"https:\/\/aurumbikes.com\/fr\/","name":"Aurum Bikes","description":"Born From Experience","potentialAction":[{"@type":"SearchAction","target":{"@type":"EntryPoint","urlTemplate":"https:\/\/aurumbikes.com\/fr\/?s={search_term_string}"},"query-input":"required name=search_term_string"}],"inLanguage":"fr-FR"}]}},"_links":{"self":[{"href":"https:\/\/aurumbikes.com\/fr\/wp-json\/wp\/v2\/product\/27158"}],"collection":[{"href":"https:\/\/aurumbikes.com\/fr\/wp-json\/wp\/v2\/product"}],"about":[{"href":"https:\/\/aurumbikes.com\/fr\/wp-json\/wp\/v2\/types\/product"}],"wp:featuredmedia":[{"embeddable":true,"href":"https:\/\/aurumbikes.com\/fr\/wp-json\/wp\/v2\/media\/27159"}],"wp:attachment":[{"href":"https:\/\/aurumbikes.com\/fr\/wp-json\/wp\/v2\/media?parent=27158"}],"wp:term":[{"taxonomy":"product_cat","embeddable":true,"href":"https:\/\/aurumbikes.com\/fr\/wp-json\/wp\/v2\/product_cat?post=27158"},{"taxonomy":"product_tag","embeddable":true,"href":"https:\/\/aurumbikes.com\/fr\/wp-json\/wp\/v2\/product_tag?post=27158"}],"curies":[{"name":"wp","href":"https:\/\/api.w.org\/{rel}","templated":true}]}}