{"id":27161,"date":"2023-10-20T08:03:38","date_gmt":"2023-10-20T08:03:38","guid":{"rendered":"https:\/\/aurumbikes.com\/product\/kit-axe-de-cadre-route\/"},"modified":"2025-01-02T11:19:30","modified_gmt":"2025-01-02T11:19:30","slug":"kit-axe-traversant-route","status":"publish","type":"product","link":"https:\/\/aurumbikes.com\/fr\/produit\/kit-axe-traversant-route\/","title":{"rendered":"Kit Axe Traversant Route"},"content":{"rendered":"<p>Optimisez votre v\u00e9lo de route avec ce kit. Comprend une bague de blocage de rotor AURUM, des axes traversants avant et arri\u00e8re, et des rondelles de t\u00eate d&#8217;axe PA. Am\u00e9liorez la s\u00e9curit\u00e9 et les performances de votre v\u00e9lo.<\/p>\n<p>&nbsp;<\/p>\n<p>CONTENU DU KIT<\/p>\n<table>\n<tbody>\n<tr>\n<td width=\"331\"><strong>Produit<\/strong><\/td>\n<td width=\"80\"><strong>Quantit\u00e9(s)<\/strong><\/td>\n<\/tr>\n<tr>\n<td width=\"331\">Aurum Rotor Lock Ring<\/td>\n<td width=\"80\">2<\/td>\n<\/tr>\n<tr>\n<td width=\"331\">Aurum Thru Axle Front<\/td>\n<td width=\"80\">1<\/td>\n<\/tr>\n<tr>\n<td width=\"331\">Aurum Thru Axle Rear<\/td>\n<td width=\"80\">1<\/td>\n<\/tr>\n<tr>\n<td width=\"331\">Thru Axle Head PA washer 18x12x1<\/td>\n<td width=\"80\">5<\/td>\n<\/tr>\n<\/tbody>\n<\/table>\n","protected":false},"excerpt":{"rendered":"<p>Optimisez votre v\u00e9lo de route avec ce kit. Comprend une bague de blocage de rotor AURUM, des axes traversants avant et arri\u00e8re, et des rondelles de t\u00eate d&#8217;axe PA. Am\u00e9liorez la s\u00e9curit\u00e9 et les performances de votre v\u00e9lo. &nbsp; CONTENU DU KIT Produit Quantit\u00e9(s) Aurum Rotor Lock Ring 2 Aurum Thru Axle Front 1 Aurum [&hellip;]<\/p>\n","protected":false},"featured_media":27162,"template":"","meta":[],"product_cat":[254],"product_tag":[],"yoast_head":"<!-- This site is optimized with the Yoast SEO plugin v22.6 - https:\/\/yoast.com\/wordpress\/plugins\/seo\/ -->\n<title>Kit Axe Traversant Route - Aurum Bikes<\/title>\n<meta name=\"description\" content=\"Optimisez votre v\u00e9lo de route avec ce kit. Comprend une bague de blocage de rotor AURUM, des axes traversants avant et arri\u00e8re, et des rondelles de t\u00eate\" \/>\n<meta name=\"robots\" content=\"index, follow, max-snippet:-1, max-image-preview:large, max-video-preview:-1\" \/>\n<link rel=\"canonical\" href=\"https:\/\/aurumbikes.com\/fr\/produit\/kit-axe-traversant-route\/\" \/>\n<meta property=\"og:locale\" content=\"fr_FR\" \/>\n<meta property=\"og:type\" content=\"article\" \/>\n<meta property=\"og:title\" content=\"Kit Axe Traversant Route - Aurum Bikes\" \/>\n<meta property=\"og:description\" content=\"Optimisez votre v\u00e9lo de route avec ce kit. Comprend une bague de blocage de rotor AURUM, des axes traversants avant et arri\u00e8re, et des rondelles de t\u00eate\" \/>\n<meta property=\"og:url\" content=\"https:\/\/aurumbikes.com\/fr\/produit\/kit-axe-traversant-route\/\" \/>\n<meta property=\"og:site_name\" content=\"Aurum Bikes\" \/>\n<meta property=\"article:publisher\" content=\"https:\/\/www.facebook.com\/AURUMbikes\" \/>\n<meta property=\"article:modified_time\" content=\"2025-01-02T11:19:30+00:00\" \/>\n<meta property=\"og:image\" content=\"https:\/\/aurumbikes.com\/wp-content\/uploads\/2023\/10\/SPARE_PART_ROAD_AXLE_KIT_85-scaled.jpg\" \/>\n\t<meta property=\"og:image:width\" content=\"1707\" \/>\n\t<meta property=\"og:image:height\" content=\"2560\" \/>\n\t<meta property=\"og:image:type\" content=\"image\/jpeg\" \/>\n<meta name=\"twitter:card\" content=\"summary_large_image\" \/>\n<meta name=\"twitter:label1\" content=\"Dur\u00e9e de lecture estim\u00e9e\" \/>\n\t<meta name=\"twitter:data1\" content=\"1 minute\" \/>\n<script type=\"application\/ld+json\" class=\"yoast-schema-graph\">{\"@context\":\"https:\/\/schema.org\",\"@graph\":[{\"@type\":\"WebPage\",\"@id\":\"https:\/\/aurumbikes.com\/fr\/produit\/kit-axe-traversant-route\/\",\"url\":\"https:\/\/aurumbikes.com\/fr\/produit\/kit-axe-traversant-route\/\",\"name\":\"Kit Axe Traversant Route - Aurum Bikes\",\"isPartOf\":{\"@id\":\"https:\/\/aurumbikes.com\/fr\/#website\"},\"primaryImageOfPage\":{\"@id\":\"https:\/\/aurumbikes.com\/fr\/produit\/kit-axe-traversant-route\/#primaryimage\"},\"image\":{\"@id\":\"https:\/\/aurumbikes.com\/fr\/produit\/kit-axe-traversant-route\/#primaryimage\"},\"thumbnailUrl\":\"https:\/\/aurumbikes.com\/wp-content\/uploads\/2023\/10\/SPARE_PART_ROAD_AXLE_KIT_85-scaled.jpg\",\"datePublished\":\"2023-10-20T08:03:38+00:00\",\"dateModified\":\"2025-01-02T11:19:30+00:00\",\"description\":\"Optimisez votre v\u00e9lo de route avec ce kit. Comprend une bague de blocage de rotor AURUM, des axes traversants avant et arri\u00e8re, et des rondelles de t\u00eate\",\"breadcrumb\":{\"@id\":\"https:\/\/aurumbikes.com\/fr\/produit\/kit-axe-traversant-route\/#breadcrumb\"},\"inLanguage\":\"fr-FR\",\"potentialAction\":[{\"@type\":\"ReadAction\",\"target\":[\"https:\/\/aurumbikes.com\/fr\/produit\/kit-axe-traversant-route\/\"]}]},{\"@type\":\"ImageObject\",\"inLanguage\":\"fr-FR\",\"@id\":\"https:\/\/aurumbikes.com\/fr\/produit\/kit-axe-traversant-route\/#primaryimage\",\"url\":\"https:\/\/aurumbikes.com\/wp-content\/uploads\/2023\/10\/SPARE_PART_ROAD_AXLE_KIT_85-scaled.jpg\",\"contentUrl\":\"https:\/\/aurumbikes.com\/wp-content\/uploads\/2023\/10\/SPARE_PART_ROAD_AXLE_KIT_85-scaled.jpg\",\"width\":1707,\"height\":2560},{\"@type\":\"BreadcrumbList\",\"@id\":\"https:\/\/aurumbikes.com\/fr\/produit\/kit-axe-traversant-route\/#breadcrumb\",\"itemListElement\":[{\"@type\":\"ListItem\",\"position\":1,\"name\":\"Home\",\"item\":\"https:\/\/aurumbikes.com\/fr\/\"},{\"@type\":\"ListItem\",\"position\":2,\"name\":\"Boutique\",\"item\":\"https:\/\/aurumbikes.com\/fr\/boutique\/\"},{\"@type\":\"ListItem\",\"position\":3,\"name\":\"Kit Axe Traversant Route\"}]},{\"@type\":\"WebSite\",\"@id\":\"https:\/\/aurumbikes.com\/fr\/#website\",\"url\":\"https:\/\/aurumbikes.com\/fr\/\",\"name\":\"Aurum Bikes\",\"description\":\"Born From Experience\",\"potentialAction\":[{\"@type\":\"SearchAction\",\"target\":{\"@type\":\"EntryPoint\",\"urlTemplate\":\"https:\/\/aurumbikes.com\/fr\/?s={search_term_string}\"},\"query-input\":\"required name=search_term_string\"}],\"inLanguage\":\"fr-FR\"}]}<\/script>\n<!-- \/ Yoast SEO plugin. -->","yoast_head_json":{"title":"Kit Axe Traversant Route - Aurum Bikes","description":"Optimisez votre v\u00e9lo de route avec ce kit. Comprend une bague de blocage de rotor AURUM, des axes traversants avant et arri\u00e8re, et des rondelles de t\u00eate","robots":{"index":"index","follow":"follow","max-snippet":"max-snippet:-1","max-image-preview":"max-image-preview:large","max-video-preview":"max-video-preview:-1"},"canonical":"https:\/\/aurumbikes.com\/fr\/produit\/kit-axe-traversant-route\/","og_locale":"fr_FR","og_type":"article","og_title":"Kit Axe Traversant Route - Aurum Bikes","og_description":"Optimisez votre v\u00e9lo de route avec ce kit. Comprend une bague de blocage de rotor AURUM, des axes traversants avant et arri\u00e8re, et des rondelles de t\u00eate","og_url":"https:\/\/aurumbikes.com\/fr\/produit\/kit-axe-traversant-route\/","og_site_name":"Aurum Bikes","article_publisher":"https:\/\/www.facebook.com\/AURUMbikes","article_modified_time":"2025-01-02T11:19:30+00:00","og_image":[{"width":1707,"height":2560,"url":"https:\/\/aurumbikes.com\/wp-content\/uploads\/2023\/10\/SPARE_PART_ROAD_AXLE_KIT_85-scaled.jpg","type":"image\/jpeg"}],"twitter_card":"summary_large_image","twitter_misc":{"Dur\u00e9e de lecture estim\u00e9e":"1 minute"},"schema":{"@context":"https:\/\/schema.org","@graph":[{"@type":"WebPage","@id":"https:\/\/aurumbikes.com\/fr\/produit\/kit-axe-traversant-route\/","url":"https:\/\/aurumbikes.com\/fr\/produit\/kit-axe-traversant-route\/","name":"Kit Axe Traversant Route - Aurum Bikes","isPartOf":{"@id":"https:\/\/aurumbikes.com\/fr\/#website"},"primaryImageOfPage":{"@id":"https:\/\/aurumbikes.com\/fr\/produit\/kit-axe-traversant-route\/#primaryimage"},"image":{"@id":"https:\/\/aurumbikes.com\/fr\/produit\/kit-axe-traversant-route\/#primaryimage"},"thumbnailUrl":"https:\/\/aurumbikes.com\/wp-content\/uploads\/2023\/10\/SPARE_PART_ROAD_AXLE_KIT_85-scaled.jpg","datePublished":"2023-10-20T08:03:38+00:00","dateModified":"2025-01-02T11:19:30+00:00","description":"Optimisez votre v\u00e9lo de route avec ce kit. Comprend une bague de blocage de rotor AURUM, des axes traversants avant et arri\u00e8re, et des rondelles de t\u00eate","breadcrumb":{"@id":"https:\/\/aurumbikes.com\/fr\/produit\/kit-axe-traversant-route\/#breadcrumb"},"inLanguage":"fr-FR","potentialAction":[{"@type":"ReadAction","target":["https:\/\/aurumbikes.com\/fr\/produit\/kit-axe-traversant-route\/"]}]},{"@type":"ImageObject","inLanguage":"fr-FR","@id":"https:\/\/aurumbikes.com\/fr\/produit\/kit-axe-traversant-route\/#primaryimage","url":"https:\/\/aurumbikes.com\/wp-content\/uploads\/2023\/10\/SPARE_PART_ROAD_AXLE_KIT_85-scaled.jpg","contentUrl":"https:\/\/aurumbikes.com\/wp-content\/uploads\/2023\/10\/SPARE_PART_ROAD_AXLE_KIT_85-scaled.jpg","width":1707,"height":2560},{"@type":"BreadcrumbList","@id":"https:\/\/aurumbikes.com\/fr\/produit\/kit-axe-traversant-route\/#breadcrumb","itemListElement":[{"@type":"ListItem","position":1,"name":"Home","item":"https:\/\/aurumbikes.com\/fr\/"},{"@type":"ListItem","position":2,"name":"Boutique","item":"https:\/\/aurumbikes.com\/fr\/boutique\/"},{"@type":"ListItem","position":3,"name":"Kit Axe Traversant Route"}]},{"@type":"WebSite","@id":"https:\/\/aurumbikes.com\/fr\/#website","url":"https:\/\/aurumbikes.com\/fr\/","name":"Aurum Bikes","description":"Born From Experience","potentialAction":[{"@type":"SearchAction","target":{"@type":"EntryPoint","urlTemplate":"https:\/\/aurumbikes.com\/fr\/?s={search_term_string}"},"query-input":"required name=search_term_string"}],"inLanguage":"fr-FR"}]}},"_links":{"self":[{"href":"https:\/\/aurumbikes.com\/fr\/wp-json\/wp\/v2\/product\/27161"}],"collection":[{"href":"https:\/\/aurumbikes.com\/fr\/wp-json\/wp\/v2\/product"}],"about":[{"href":"https:\/\/aurumbikes.com\/fr\/wp-json\/wp\/v2\/types\/product"}],"wp:featuredmedia":[{"embeddable":true,"href":"https:\/\/aurumbikes.com\/fr\/wp-json\/wp\/v2\/media\/27162"}],"wp:attachment":[{"href":"https:\/\/aurumbikes.com\/fr\/wp-json\/wp\/v2\/media?parent=27161"}],"wp:term":[{"taxonomy":"product_cat","embeddable":true,"href":"https:\/\/aurumbikes.com\/fr\/wp-json\/wp\/v2\/product_cat?post=27161"},{"taxonomy":"product_tag","embeddable":true,"href":"https:\/\/aurumbikes.com\/fr\/wp-json\/wp\/v2\/product_tag?post=27161"}],"curies":[{"name":"wp","href":"https:\/\/api.w.org\/{rel}","templated":true}]}}