{"id":27163,"date":"2023-10-20T08:06:22","date_gmt":"2023-10-20T08:06:22","guid":{"rendered":"https:\/\/aurumbikes.com\/product\/kit-de-crampons-de-route-et-de-cales-de-tige-de-selle\/"},"modified":"2025-10-13T10:11:24","modified_gmt":"2025-10-13T10:11:24","slug":"kit-de-crampons-de-route-et-de-cales-de-tige-de-selle","status":"publish","type":"product","link":"https:\/\/aurumbikes.com\/fr\/produit\/kit-de-crampons-de-route-et-de-cales-de-tige-de-selle\/","title":{"rendered":"Kit Supports D\u00e9viateurs et Cale pour Tige (Essentia)"},"content":{"rendered":"<p>Optimisez le serrage des composants sur votre v\u00e9lo de route avec ce kit de serrage et de calage de la tige de selle. Il comprend une patte de d\u00e9railleur arri\u00e8re, un joint de tige de selle en caoutchouc et d&#8217;autres \u00e9l\u00e9ments pour un montage s\u00fbr et des performances optimales.<\/p>\n<p>&nbsp;<\/p>\n<p>CONTENU DU KIT<\/p>\n<table>\n<tbody>\n<tr>\n<td width=\"331\"><strong>Produit<\/strong><\/td>\n<td width=\"80\"><strong>Unit\u00e9(s)<\/strong><\/td>\n<\/tr>\n<tr>\n<td width=\"331\">Aurum Seatpost Wedge Assembly<\/td>\n<td width=\"80\">1<\/td>\n<\/tr>\n<tr>\n<td width=\"331\">Aurum Seatpost Rubber Gasket<\/td>\n<td width=\"80\">1<\/td>\n<\/tr>\n<tr>\n<td width=\"331\">Aurum RD Hanger<\/td>\n<td width=\"80\">1<\/td>\n<\/tr>\n<tr>\n<td width=\"331\">Aurum BT512<\/td>\n<td width=\"80\">1<\/td>\n<\/tr>\n<tr>\n<td width=\"331\">Aurum FD Hanger<\/td>\n<td width=\"80\">1<\/td>\n<\/tr>\n<tr>\n<td width=\"331\">Aurum BT510<\/td>\n<td width=\"80\">2<\/td>\n<\/tr>\n<\/tbody>\n<\/table>\n","protected":false},"excerpt":{"rendered":"<p>Optimisez le serrage des composants sur votre v\u00e9lo de route avec ce kit de serrage et de calage de la tige de selle. Il comprend une patte de d\u00e9railleur arri\u00e8re, un joint de tige de selle en caoutchouc et d&#8217;autres \u00e9l\u00e9ments pour un montage s\u00fbr et des performances optimales. &nbsp; CONTENU DU KIT Produit Unit\u00e9(s) [&hellip;]<\/p>\n","protected":false},"featured_media":27164,"template":"","meta":[],"product_cat":[254],"product_tag":[],"yoast_head":"<!-- This site is optimized with the Yoast SEO plugin v22.6 - https:\/\/yoast.com\/wordpress\/plugins\/seo\/ -->\n<title>Kit Supports D\u00e9viateurs et Cale pour Tige (Essentia) - Aurum Bikes<\/title>\n<meta name=\"description\" content=\"Optimisez le serrage des composants sur votre v\u00e9lo de route avec ce kit de serrage et de calage de la tige de selle. Il comprend une patte de d\u00e9railleur\" \/>\n<meta name=\"robots\" content=\"index, follow, max-snippet:-1, max-image-preview:large, max-video-preview:-1\" \/>\n<link rel=\"canonical\" href=\"https:\/\/aurumbikes.com\/fr\/produit\/kit-de-crampons-de-route-et-de-cales-de-tige-de-selle\/\" \/>\n<meta property=\"og:locale\" content=\"fr_FR\" \/>\n<meta property=\"og:type\" content=\"article\" \/>\n<meta property=\"og:title\" content=\"Kit Supports D\u00e9viateurs et Cale pour Tige (Essentia) - Aurum Bikes\" \/>\n<meta property=\"og:description\" content=\"Optimisez le serrage des composants sur votre v\u00e9lo de route avec ce kit de serrage et de calage de la tige de selle. Il comprend une patte de d\u00e9railleur\" \/>\n<meta property=\"og:url\" content=\"https:\/\/aurumbikes.com\/fr\/produit\/kit-de-crampons-de-route-et-de-cales-de-tige-de-selle\/\" \/>\n<meta property=\"og:site_name\" content=\"Aurum Bikes\" \/>\n<meta property=\"article:publisher\" content=\"https:\/\/www.facebook.com\/AURUMbikes\" \/>\n<meta property=\"article:modified_time\" content=\"2025-10-13T10:11:24+00:00\" \/>\n<meta property=\"og:image\" content=\"https:\/\/aurumbikes.com\/wp-content\/uploads\/2023\/10\/SPARE_PART_ROAD_HANGER-_AND_SEATPOT_WEDGE_KIT_458A3692-scaled.jpg\" \/>\n\t<meta property=\"og:image:width\" content=\"1707\" \/>\n\t<meta property=\"og:image:height\" content=\"2560\" \/>\n\t<meta property=\"og:image:type\" content=\"image\/jpeg\" \/>\n<meta name=\"twitter:card\" content=\"summary_large_image\" \/>\n<meta name=\"twitter:label1\" content=\"Dur\u00e9e de lecture estim\u00e9e\" \/>\n\t<meta name=\"twitter:data1\" content=\"1 minute\" \/>\n<script type=\"application\/ld+json\" class=\"yoast-schema-graph\">{\"@context\":\"https:\/\/schema.org\",\"@graph\":[{\"@type\":\"WebPage\",\"@id\":\"https:\/\/aurumbikes.com\/fr\/produit\/kit-de-crampons-de-route-et-de-cales-de-tige-de-selle\/\",\"url\":\"https:\/\/aurumbikes.com\/fr\/produit\/kit-de-crampons-de-route-et-de-cales-de-tige-de-selle\/\",\"name\":\"Kit Supports D\u00e9viateurs et Cale pour Tige (Essentia) - Aurum Bikes\",\"isPartOf\":{\"@id\":\"https:\/\/aurumbikes.com\/fr\/#website\"},\"primaryImageOfPage\":{\"@id\":\"https:\/\/aurumbikes.com\/fr\/produit\/kit-de-crampons-de-route-et-de-cales-de-tige-de-selle\/#primaryimage\"},\"image\":{\"@id\":\"https:\/\/aurumbikes.com\/fr\/produit\/kit-de-crampons-de-route-et-de-cales-de-tige-de-selle\/#primaryimage\"},\"thumbnailUrl\":\"https:\/\/aurumbikes.com\/wp-content\/uploads\/2023\/10\/SPARE_PART_ROAD_HANGER-_AND_SEATPOT_WEDGE_KIT_458A3692-scaled.jpg\",\"datePublished\":\"2023-10-20T08:06:22+00:00\",\"dateModified\":\"2025-10-13T10:11:24+00:00\",\"description\":\"Optimisez le serrage des composants sur votre v\u00e9lo de route avec ce kit de serrage et de calage de la tige de selle. Il comprend une patte de d\u00e9railleur\",\"breadcrumb\":{\"@id\":\"https:\/\/aurumbikes.com\/fr\/produit\/kit-de-crampons-de-route-et-de-cales-de-tige-de-selle\/#breadcrumb\"},\"inLanguage\":\"fr-FR\",\"potentialAction\":[{\"@type\":\"ReadAction\",\"target\":[\"https:\/\/aurumbikes.com\/fr\/produit\/kit-de-crampons-de-route-et-de-cales-de-tige-de-selle\/\"]}]},{\"@type\":\"ImageObject\",\"inLanguage\":\"fr-FR\",\"@id\":\"https:\/\/aurumbikes.com\/fr\/produit\/kit-de-crampons-de-route-et-de-cales-de-tige-de-selle\/#primaryimage\",\"url\":\"https:\/\/aurumbikes.com\/wp-content\/uploads\/2023\/10\/SPARE_PART_ROAD_HANGER-_AND_SEATPOT_WEDGE_KIT_458A3692-scaled.jpg\",\"contentUrl\":\"https:\/\/aurumbikes.com\/wp-content\/uploads\/2023\/10\/SPARE_PART_ROAD_HANGER-_AND_SEATPOT_WEDGE_KIT_458A3692-scaled.jpg\",\"width\":1707,\"height\":2560},{\"@type\":\"BreadcrumbList\",\"@id\":\"https:\/\/aurumbikes.com\/fr\/produit\/kit-de-crampons-de-route-et-de-cales-de-tige-de-selle\/#breadcrumb\",\"itemListElement\":[{\"@type\":\"ListItem\",\"position\":1,\"name\":\"Home\",\"item\":\"https:\/\/aurumbikes.com\/fr\/\"},{\"@type\":\"ListItem\",\"position\":2,\"name\":\"Boutique\",\"item\":\"https:\/\/aurumbikes.com\/fr\/boutique\/\"},{\"@type\":\"ListItem\",\"position\":3,\"name\":\"Kit Supports D\u00e9viateurs et Cale pour Tige (Essentia)\"}]},{\"@type\":\"WebSite\",\"@id\":\"https:\/\/aurumbikes.com\/fr\/#website\",\"url\":\"https:\/\/aurumbikes.com\/fr\/\",\"name\":\"Aurum Bikes\",\"description\":\"Born From Experience\",\"potentialAction\":[{\"@type\":\"SearchAction\",\"target\":{\"@type\":\"EntryPoint\",\"urlTemplate\":\"https:\/\/aurumbikes.com\/fr\/?s={search_term_string}\"},\"query-input\":\"required name=search_term_string\"}],\"inLanguage\":\"fr-FR\"}]}<\/script>\n<!-- \/ Yoast SEO plugin. -->","yoast_head_json":{"title":"Kit Supports D\u00e9viateurs et Cale pour Tige (Essentia) - Aurum Bikes","description":"Optimisez le serrage des composants sur votre v\u00e9lo de route avec ce kit de serrage et de calage de la tige de selle. Il comprend une patte de d\u00e9railleur","robots":{"index":"index","follow":"follow","max-snippet":"max-snippet:-1","max-image-preview":"max-image-preview:large","max-video-preview":"max-video-preview:-1"},"canonical":"https:\/\/aurumbikes.com\/fr\/produit\/kit-de-crampons-de-route-et-de-cales-de-tige-de-selle\/","og_locale":"fr_FR","og_type":"article","og_title":"Kit Supports D\u00e9viateurs et Cale pour Tige (Essentia) - Aurum Bikes","og_description":"Optimisez le serrage des composants sur votre v\u00e9lo de route avec ce kit de serrage et de calage de la tige de selle. Il comprend une patte de d\u00e9railleur","og_url":"https:\/\/aurumbikes.com\/fr\/produit\/kit-de-crampons-de-route-et-de-cales-de-tige-de-selle\/","og_site_name":"Aurum Bikes","article_publisher":"https:\/\/www.facebook.com\/AURUMbikes","article_modified_time":"2025-10-13T10:11:24+00:00","og_image":[{"width":1707,"height":2560,"url":"https:\/\/aurumbikes.com\/wp-content\/uploads\/2023\/10\/SPARE_PART_ROAD_HANGER-_AND_SEATPOT_WEDGE_KIT_458A3692-scaled.jpg","type":"image\/jpeg"}],"twitter_card":"summary_large_image","twitter_misc":{"Dur\u00e9e de lecture estim\u00e9e":"1 minute"},"schema":{"@context":"https:\/\/schema.org","@graph":[{"@type":"WebPage","@id":"https:\/\/aurumbikes.com\/fr\/produit\/kit-de-crampons-de-route-et-de-cales-de-tige-de-selle\/","url":"https:\/\/aurumbikes.com\/fr\/produit\/kit-de-crampons-de-route-et-de-cales-de-tige-de-selle\/","name":"Kit Supports D\u00e9viateurs et Cale pour Tige (Essentia) - Aurum Bikes","isPartOf":{"@id":"https:\/\/aurumbikes.com\/fr\/#website"},"primaryImageOfPage":{"@id":"https:\/\/aurumbikes.com\/fr\/produit\/kit-de-crampons-de-route-et-de-cales-de-tige-de-selle\/#primaryimage"},"image":{"@id":"https:\/\/aurumbikes.com\/fr\/produit\/kit-de-crampons-de-route-et-de-cales-de-tige-de-selle\/#primaryimage"},"thumbnailUrl":"https:\/\/aurumbikes.com\/wp-content\/uploads\/2023\/10\/SPARE_PART_ROAD_HANGER-_AND_SEATPOT_WEDGE_KIT_458A3692-scaled.jpg","datePublished":"2023-10-20T08:06:22+00:00","dateModified":"2025-10-13T10:11:24+00:00","description":"Optimisez le serrage des composants sur votre v\u00e9lo de route avec ce kit de serrage et de calage de la tige de selle. Il comprend une patte de d\u00e9railleur","breadcrumb":{"@id":"https:\/\/aurumbikes.com\/fr\/produit\/kit-de-crampons-de-route-et-de-cales-de-tige-de-selle\/#breadcrumb"},"inLanguage":"fr-FR","potentialAction":[{"@type":"ReadAction","target":["https:\/\/aurumbikes.com\/fr\/produit\/kit-de-crampons-de-route-et-de-cales-de-tige-de-selle\/"]}]},{"@type":"ImageObject","inLanguage":"fr-FR","@id":"https:\/\/aurumbikes.com\/fr\/produit\/kit-de-crampons-de-route-et-de-cales-de-tige-de-selle\/#primaryimage","url":"https:\/\/aurumbikes.com\/wp-content\/uploads\/2023\/10\/SPARE_PART_ROAD_HANGER-_AND_SEATPOT_WEDGE_KIT_458A3692-scaled.jpg","contentUrl":"https:\/\/aurumbikes.com\/wp-content\/uploads\/2023\/10\/SPARE_PART_ROAD_HANGER-_AND_SEATPOT_WEDGE_KIT_458A3692-scaled.jpg","width":1707,"height":2560},{"@type":"BreadcrumbList","@id":"https:\/\/aurumbikes.com\/fr\/produit\/kit-de-crampons-de-route-et-de-cales-de-tige-de-selle\/#breadcrumb","itemListElement":[{"@type":"ListItem","position":1,"name":"Home","item":"https:\/\/aurumbikes.com\/fr\/"},{"@type":"ListItem","position":2,"name":"Boutique","item":"https:\/\/aurumbikes.com\/fr\/boutique\/"},{"@type":"ListItem","position":3,"name":"Kit Supports D\u00e9viateurs et Cale pour Tige (Essentia)"}]},{"@type":"WebSite","@id":"https:\/\/aurumbikes.com\/fr\/#website","url":"https:\/\/aurumbikes.com\/fr\/","name":"Aurum Bikes","description":"Born From Experience","potentialAction":[{"@type":"SearchAction","target":{"@type":"EntryPoint","urlTemplate":"https:\/\/aurumbikes.com\/fr\/?s={search_term_string}"},"query-input":"required name=search_term_string"}],"inLanguage":"fr-FR"}]}},"_links":{"self":[{"href":"https:\/\/aurumbikes.com\/fr\/wp-json\/wp\/v2\/product\/27163"}],"collection":[{"href":"https:\/\/aurumbikes.com\/fr\/wp-json\/wp\/v2\/product"}],"about":[{"href":"https:\/\/aurumbikes.com\/fr\/wp-json\/wp\/v2\/types\/product"}],"wp:featuredmedia":[{"embeddable":true,"href":"https:\/\/aurumbikes.com\/fr\/wp-json\/wp\/v2\/media\/27164"}],"wp:attachment":[{"href":"https:\/\/aurumbikes.com\/fr\/wp-json\/wp\/v2\/media?parent=27163"}],"wp:term":[{"taxonomy":"product_cat","embeddable":true,"href":"https:\/\/aurumbikes.com\/fr\/wp-json\/wp\/v2\/product_cat?post=27163"},{"taxonomy":"product_tag","embeddable":true,"href":"https:\/\/aurumbikes.com\/fr\/wp-json\/wp\/v2\/product_tag?post=27163"}],"curies":[{"name":"wp","href":"https:\/\/api.w.org\/{rel}","templated":true}]}}