{"id":27165,"date":"2023-10-20T08:08:55","date_gmt":"2023-10-20T08:08:55","guid":{"rendered":"https:\/\/aurumbikes.com\/product\/kit-boulons-et-goupilles-route\/"},"modified":"2025-01-02T11:22:48","modified_gmt":"2025-01-02T11:22:48","slug":"kit-boulons-et-goupilles-route","status":"publish","type":"product","link":"https:\/\/aurumbikes.com\/fr\/produit\/kit-boulons-et-goupilles-route\/","title":{"rendered":"Kit Boulons Et Goupilles Route"},"content":{"rendered":"<p>Assurez-vous que tous les d\u00e9tails soient parfaitement r\u00e9gl\u00e9s gr\u00e2ce \u00e0 ce kit complet de vis et de goupilles pour votre v\u00e9lo de route. Comprend des vis AURUM de diff\u00e9rentes tailles et des goupilles pour un montage s\u00fbr et une finition professionnelle.<\/p>\n<p>&nbsp;<\/p>\n<p>CONTENU DU KIT<\/p>\n<table>\n<tbody>\n<tr>\n<td width=\"331\"><strong>Produit<\/strong><\/td>\n<td width=\"80\"><strong>Unit\u00e9(s)<\/strong><\/td>\n<\/tr>\n<tr>\n<td width=\"331\">Aurum BT410<\/td>\n<td width=\"80\">1<\/td>\n<\/tr>\n<tr>\n<td width=\"331\">Aurum BT306<\/td>\n<td width=\"80\">2<\/td>\n<\/tr>\n<tr>\n<td width=\"331\">Aurum BT516<\/td>\n<td width=\"80\">4<\/td>\n<\/tr>\n<tr>\n<td width=\"331\">Aurum BT510<\/td>\n<td width=\"80\">2<\/td>\n<\/tr>\n<tr>\n<td width=\"331\">Aurum BT512<\/td>\n<td width=\"80\">1<\/td>\n<\/tr>\n<tr>\n<td width=\"331\">Aurum Shimano Wire Rubber Plug<\/td>\n<td width=\"80\">2<\/td>\n<\/tr>\n<tr>\n<td width=\"331\">Aurum Blind Rubber Plug<\/td>\n<td width=\"80\">2<\/td>\n<\/tr>\n<tr>\n<td width=\"331\">Aurum Mech Shift Rubber Plug<\/td>\n<td width=\"80\">1<\/td>\n<\/tr>\n<\/tbody>\n<\/table>\n","protected":false},"excerpt":{"rendered":"<p>Assurez-vous que tous les d\u00e9tails soient parfaitement r\u00e9gl\u00e9s gr\u00e2ce \u00e0 ce kit complet de vis et de goupilles pour votre v\u00e9lo de route. Comprend des vis AURUM de diff\u00e9rentes tailles et des goupilles pour un montage s\u00fbr et une finition professionnelle. &nbsp; CONTENU DU KIT Produit Unit\u00e9(s) Aurum BT410 1 Aurum BT306 2 Aurum BT516 [&hellip;]<\/p>\n","protected":false},"featured_media":27166,"template":"","meta":[],"product_cat":[254],"product_tag":[],"yoast_head":"<!-- This site is optimized with the Yoast SEO plugin v22.6 - https:\/\/yoast.com\/wordpress\/plugins\/seo\/ -->\n<title>Kit Boulons Et Goupilles Route - Aurum Bikes<\/title>\n<meta name=\"description\" content=\"Assurez-vous que tous les d\u00e9tails soient parfaitement r\u00e9gl\u00e9s gr\u00e2ce \u00e0 ce kit complet de vis et de goupilles pour votre v\u00e9lo de route. Comprend des vis\" \/>\n<meta name=\"robots\" content=\"index, follow, max-snippet:-1, max-image-preview:large, max-video-preview:-1\" \/>\n<link rel=\"canonical\" href=\"https:\/\/aurumbikes.com\/fr\/produit\/kit-boulons-et-goupilles-route\/\" \/>\n<meta property=\"og:locale\" content=\"fr_FR\" \/>\n<meta property=\"og:type\" content=\"article\" \/>\n<meta property=\"og:title\" content=\"Kit Boulons Et Goupilles Route - Aurum Bikes\" \/>\n<meta property=\"og:description\" content=\"Assurez-vous que tous les d\u00e9tails soient parfaitement r\u00e9gl\u00e9s gr\u00e2ce \u00e0 ce kit complet de vis et de goupilles pour votre v\u00e9lo de route. Comprend des vis\" \/>\n<meta property=\"og:url\" content=\"https:\/\/aurumbikes.com\/fr\/produit\/kit-boulons-et-goupilles-route\/\" \/>\n<meta property=\"og:site_name\" content=\"Aurum Bikes\" \/>\n<meta property=\"article:publisher\" content=\"https:\/\/www.facebook.com\/AURUMbikes\" \/>\n<meta property=\"article:modified_time\" content=\"2025-01-02T11:22:48+00:00\" \/>\n<meta property=\"og:image\" content=\"https:\/\/aurumbikes.com\/wp-content\/uploads\/2023\/10\/SPARE_PART_ROAD_BOLT_AND_BUG_KIT_40-scaled.jpg\" \/>\n\t<meta property=\"og:image:width\" content=\"1707\" \/>\n\t<meta property=\"og:image:height\" content=\"2560\" \/>\n\t<meta property=\"og:image:type\" content=\"image\/jpeg\" \/>\n<meta name=\"twitter:card\" content=\"summary_large_image\" \/>\n<meta name=\"twitter:label1\" content=\"Dur\u00e9e de lecture estim\u00e9e\" \/>\n\t<meta name=\"twitter:data1\" content=\"1 minute\" \/>\n<script type=\"application\/ld+json\" class=\"yoast-schema-graph\">{\"@context\":\"https:\/\/schema.org\",\"@graph\":[{\"@type\":\"WebPage\",\"@id\":\"https:\/\/aurumbikes.com\/fr\/produit\/kit-boulons-et-goupilles-route\/\",\"url\":\"https:\/\/aurumbikes.com\/fr\/produit\/kit-boulons-et-goupilles-route\/\",\"name\":\"Kit Boulons Et Goupilles Route - Aurum Bikes\",\"isPartOf\":{\"@id\":\"https:\/\/aurumbikes.com\/fr\/#website\"},\"primaryImageOfPage\":{\"@id\":\"https:\/\/aurumbikes.com\/fr\/produit\/kit-boulons-et-goupilles-route\/#primaryimage\"},\"image\":{\"@id\":\"https:\/\/aurumbikes.com\/fr\/produit\/kit-boulons-et-goupilles-route\/#primaryimage\"},\"thumbnailUrl\":\"https:\/\/aurumbikes.com\/wp-content\/uploads\/2023\/10\/SPARE_PART_ROAD_BOLT_AND_BUG_KIT_40-scaled.jpg\",\"datePublished\":\"2023-10-20T08:08:55+00:00\",\"dateModified\":\"2025-01-02T11:22:48+00:00\",\"description\":\"Assurez-vous que tous les d\u00e9tails soient parfaitement r\u00e9gl\u00e9s gr\u00e2ce \u00e0 ce kit complet de vis et de goupilles pour votre v\u00e9lo de route. Comprend des vis\",\"breadcrumb\":{\"@id\":\"https:\/\/aurumbikes.com\/fr\/produit\/kit-boulons-et-goupilles-route\/#breadcrumb\"},\"inLanguage\":\"fr-FR\",\"potentialAction\":[{\"@type\":\"ReadAction\",\"target\":[\"https:\/\/aurumbikes.com\/fr\/produit\/kit-boulons-et-goupilles-route\/\"]}]},{\"@type\":\"ImageObject\",\"inLanguage\":\"fr-FR\",\"@id\":\"https:\/\/aurumbikes.com\/fr\/produit\/kit-boulons-et-goupilles-route\/#primaryimage\",\"url\":\"https:\/\/aurumbikes.com\/wp-content\/uploads\/2023\/10\/SPARE_PART_ROAD_BOLT_AND_BUG_KIT_40-scaled.jpg\",\"contentUrl\":\"https:\/\/aurumbikes.com\/wp-content\/uploads\/2023\/10\/SPARE_PART_ROAD_BOLT_AND_BUG_KIT_40-scaled.jpg\",\"width\":1707,\"height\":2560},{\"@type\":\"BreadcrumbList\",\"@id\":\"https:\/\/aurumbikes.com\/fr\/produit\/kit-boulons-et-goupilles-route\/#breadcrumb\",\"itemListElement\":[{\"@type\":\"ListItem\",\"position\":1,\"name\":\"Home\",\"item\":\"https:\/\/aurumbikes.com\/fr\/\"},{\"@type\":\"ListItem\",\"position\":2,\"name\":\"Boutique\",\"item\":\"https:\/\/aurumbikes.com\/fr\/boutique\/\"},{\"@type\":\"ListItem\",\"position\":3,\"name\":\"Kit Boulons Et Goupilles Route\"}]},{\"@type\":\"WebSite\",\"@id\":\"https:\/\/aurumbikes.com\/fr\/#website\",\"url\":\"https:\/\/aurumbikes.com\/fr\/\",\"name\":\"Aurum Bikes\",\"description\":\"Born From Experience\",\"potentialAction\":[{\"@type\":\"SearchAction\",\"target\":{\"@type\":\"EntryPoint\",\"urlTemplate\":\"https:\/\/aurumbikes.com\/fr\/?s={search_term_string}\"},\"query-input\":\"required name=search_term_string\"}],\"inLanguage\":\"fr-FR\"}]}<\/script>\n<!-- \/ Yoast SEO plugin. -->","yoast_head_json":{"title":"Kit Boulons Et Goupilles Route - Aurum Bikes","description":"Assurez-vous que tous les d\u00e9tails soient parfaitement r\u00e9gl\u00e9s gr\u00e2ce \u00e0 ce kit complet de vis et de goupilles pour votre v\u00e9lo de route. Comprend des vis","robots":{"index":"index","follow":"follow","max-snippet":"max-snippet:-1","max-image-preview":"max-image-preview:large","max-video-preview":"max-video-preview:-1"},"canonical":"https:\/\/aurumbikes.com\/fr\/produit\/kit-boulons-et-goupilles-route\/","og_locale":"fr_FR","og_type":"article","og_title":"Kit Boulons Et Goupilles Route - Aurum Bikes","og_description":"Assurez-vous que tous les d\u00e9tails soient parfaitement r\u00e9gl\u00e9s gr\u00e2ce \u00e0 ce kit complet de vis et de goupilles pour votre v\u00e9lo de route. Comprend des vis","og_url":"https:\/\/aurumbikes.com\/fr\/produit\/kit-boulons-et-goupilles-route\/","og_site_name":"Aurum Bikes","article_publisher":"https:\/\/www.facebook.com\/AURUMbikes","article_modified_time":"2025-01-02T11:22:48+00:00","og_image":[{"width":1707,"height":2560,"url":"https:\/\/aurumbikes.com\/wp-content\/uploads\/2023\/10\/SPARE_PART_ROAD_BOLT_AND_BUG_KIT_40-scaled.jpg","type":"image\/jpeg"}],"twitter_card":"summary_large_image","twitter_misc":{"Dur\u00e9e de lecture estim\u00e9e":"1 minute"},"schema":{"@context":"https:\/\/schema.org","@graph":[{"@type":"WebPage","@id":"https:\/\/aurumbikes.com\/fr\/produit\/kit-boulons-et-goupilles-route\/","url":"https:\/\/aurumbikes.com\/fr\/produit\/kit-boulons-et-goupilles-route\/","name":"Kit Boulons Et Goupilles Route - Aurum Bikes","isPartOf":{"@id":"https:\/\/aurumbikes.com\/fr\/#website"},"primaryImageOfPage":{"@id":"https:\/\/aurumbikes.com\/fr\/produit\/kit-boulons-et-goupilles-route\/#primaryimage"},"image":{"@id":"https:\/\/aurumbikes.com\/fr\/produit\/kit-boulons-et-goupilles-route\/#primaryimage"},"thumbnailUrl":"https:\/\/aurumbikes.com\/wp-content\/uploads\/2023\/10\/SPARE_PART_ROAD_BOLT_AND_BUG_KIT_40-scaled.jpg","datePublished":"2023-10-20T08:08:55+00:00","dateModified":"2025-01-02T11:22:48+00:00","description":"Assurez-vous que tous les d\u00e9tails soient parfaitement r\u00e9gl\u00e9s gr\u00e2ce \u00e0 ce kit complet de vis et de goupilles pour votre v\u00e9lo de route. Comprend des vis","breadcrumb":{"@id":"https:\/\/aurumbikes.com\/fr\/produit\/kit-boulons-et-goupilles-route\/#breadcrumb"},"inLanguage":"fr-FR","potentialAction":[{"@type":"ReadAction","target":["https:\/\/aurumbikes.com\/fr\/produit\/kit-boulons-et-goupilles-route\/"]}]},{"@type":"ImageObject","inLanguage":"fr-FR","@id":"https:\/\/aurumbikes.com\/fr\/produit\/kit-boulons-et-goupilles-route\/#primaryimage","url":"https:\/\/aurumbikes.com\/wp-content\/uploads\/2023\/10\/SPARE_PART_ROAD_BOLT_AND_BUG_KIT_40-scaled.jpg","contentUrl":"https:\/\/aurumbikes.com\/wp-content\/uploads\/2023\/10\/SPARE_PART_ROAD_BOLT_AND_BUG_KIT_40-scaled.jpg","width":1707,"height":2560},{"@type":"BreadcrumbList","@id":"https:\/\/aurumbikes.com\/fr\/produit\/kit-boulons-et-goupilles-route\/#breadcrumb","itemListElement":[{"@type":"ListItem","position":1,"name":"Home","item":"https:\/\/aurumbikes.com\/fr\/"},{"@type":"ListItem","position":2,"name":"Boutique","item":"https:\/\/aurumbikes.com\/fr\/boutique\/"},{"@type":"ListItem","position":3,"name":"Kit Boulons Et Goupilles Route"}]},{"@type":"WebSite","@id":"https:\/\/aurumbikes.com\/fr\/#website","url":"https:\/\/aurumbikes.com\/fr\/","name":"Aurum Bikes","description":"Born From Experience","potentialAction":[{"@type":"SearchAction","target":{"@type":"EntryPoint","urlTemplate":"https:\/\/aurumbikes.com\/fr\/?s={search_term_string}"},"query-input":"required name=search_term_string"}],"inLanguage":"fr-FR"}]}},"_links":{"self":[{"href":"https:\/\/aurumbikes.com\/fr\/wp-json\/wp\/v2\/product\/27165"}],"collection":[{"href":"https:\/\/aurumbikes.com\/fr\/wp-json\/wp\/v2\/product"}],"about":[{"href":"https:\/\/aurumbikes.com\/fr\/wp-json\/wp\/v2\/types\/product"}],"wp:featuredmedia":[{"embeddable":true,"href":"https:\/\/aurumbikes.com\/fr\/wp-json\/wp\/v2\/media\/27166"}],"wp:attachment":[{"href":"https:\/\/aurumbikes.com\/fr\/wp-json\/wp\/v2\/media?parent=27165"}],"wp:term":[{"taxonomy":"product_cat","embeddable":true,"href":"https:\/\/aurumbikes.com\/fr\/wp-json\/wp\/v2\/product_cat?post=27165"},{"taxonomy":"product_tag","embeddable":true,"href":"https:\/\/aurumbikes.com\/fr\/wp-json\/wp\/v2\/product_tag?post=27165"}],"curies":[{"name":"wp","href":"https:\/\/api.w.org\/{rel}","templated":true}]}}