{"id":27167,"date":"2023-10-20T08:10:39","date_gmt":"2023-10-20T08:10:39","guid":{"rendered":"https:\/\/aurumbikes.com\/product\/kit-groupe-mecanique\/"},"modified":"2025-01-02T11:24:25","modified_gmt":"2025-01-02T11:24:25","slug":"kit-groupe-mecanique","status":"publish","type":"product","link":"https:\/\/aurumbikes.com\/fr\/produit\/kit-groupe-mecanique\/","title":{"rendered":"Kit Groupe M\u00e9canique"},"content":{"rendered":"<p>Ce kit de groupe m\u00e9canique offre des composants essentiels pour le syst\u00e8me de changement de vitesse de votre v\u00e9lo. Il comprend des \u00e9l\u00e9ments tels que des porte-c\u00e2bles de d\u00e9railleur avant et arri\u00e8re, des but\u00e9es en caoutchouc et d&#8217;autres \u00e9l\u00e9ments pour un fonctionnement souple et pr\u00e9cis.<\/p>\n<p>&nbsp;<\/p>\n<p>CONTENU DU KIT<\/p>\n<table>\n<tbody>\n<tr>\n<td width=\"331\"><strong>Produit<\/strong><\/td>\n<td width=\"80\"><strong>Unit\u00e9(s)<\/strong><\/td>\n<\/tr>\n<tr>\n<td width=\"331\">Aurum Downtube Shift Port Mech<\/td>\n<td width=\"80\">1<\/td>\n<\/tr>\n<tr>\n<td width=\"331\">Aurum Downtube Shift Port Shimano<\/td>\n<td width=\"80\">1<\/td>\n<\/tr>\n<tr>\n<td width=\"331\">Aurum Downtube Shift Port Sram<\/td>\n<td width=\"80\">1<\/td>\n<\/tr>\n<tr>\n<td width=\"331\">Aurum BT410<\/td>\n<td width=\"80\">1<\/td>\n<\/tr>\n<tr>\n<td width=\"331\">FD PE Liner<\/td>\n<td width=\"80\">1<\/td>\n<\/tr>\n<tr>\n<td width=\"331\">BB Cable Guide Mech<\/td>\n<td width=\"80\">1<\/td>\n<\/tr>\n<tr>\n<td width=\"331\">Aurum RD Mech Housing Stop Hat<\/td>\n<td width=\"80\">1<\/td>\n<\/tr>\n<\/tbody>\n<\/table>\n","protected":false},"excerpt":{"rendered":"<p>Ce kit de groupe m\u00e9canique offre des composants essentiels pour le syst\u00e8me de changement de vitesse de votre v\u00e9lo. Il comprend des \u00e9l\u00e9ments tels que des porte-c\u00e2bles de d\u00e9railleur avant et arri\u00e8re, des but\u00e9es en caoutchouc et d&#8217;autres \u00e9l\u00e9ments pour un fonctionnement souple et pr\u00e9cis. &nbsp; CONTENU DU KIT Produit Unit\u00e9(s) Aurum Downtube Shift Port [&hellip;]<\/p>\n","protected":false},"featured_media":27168,"template":"","meta":[],"product_cat":[254],"product_tag":[],"yoast_head":"<!-- This site is optimized with the Yoast SEO plugin v22.6 - https:\/\/yoast.com\/wordpress\/plugins\/seo\/ -->\n<title>Kit Groupe M\u00e9canique - Aurum Bikes<\/title>\n<meta name=\"description\" content=\"Ce kit de groupe m\u00e9canique offre des composants essentiels pour le syst\u00e8me de changement de vitesse de votre v\u00e9lo. Il comprend des \u00e9l\u00e9ments tels que des\" \/>\n<meta name=\"robots\" content=\"index, follow, max-snippet:-1, max-image-preview:large, max-video-preview:-1\" \/>\n<link rel=\"canonical\" href=\"https:\/\/aurumbikes.com\/fr\/produit\/kit-groupe-mecanique\/\" \/>\n<meta property=\"og:locale\" content=\"fr_FR\" \/>\n<meta property=\"og:type\" content=\"article\" \/>\n<meta property=\"og:title\" content=\"Kit Groupe M\u00e9canique - Aurum Bikes\" \/>\n<meta property=\"og:description\" content=\"Ce kit de groupe m\u00e9canique offre des composants essentiels pour le syst\u00e8me de changement de vitesse de votre v\u00e9lo. Il comprend des \u00e9l\u00e9ments tels que des\" \/>\n<meta property=\"og:url\" content=\"https:\/\/aurumbikes.com\/fr\/produit\/kit-groupe-mecanique\/\" \/>\n<meta property=\"og:site_name\" content=\"Aurum Bikes\" \/>\n<meta property=\"article:publisher\" content=\"https:\/\/www.facebook.com\/AURUMbikes\" \/>\n<meta property=\"article:modified_time\" content=\"2025-01-02T11:24:25+00:00\" \/>\n<meta property=\"og:image\" content=\"https:\/\/aurumbikes.com\/wp-content\/uploads\/2023\/10\/SPARE_PART_ROAD_MECHANICAL_GROUPSET_KIT_93-scaled.jpg\" \/>\n\t<meta property=\"og:image:width\" content=\"1707\" \/>\n\t<meta property=\"og:image:height\" content=\"2560\" \/>\n\t<meta property=\"og:image:type\" content=\"image\/jpeg\" \/>\n<meta name=\"twitter:card\" content=\"summary_large_image\" \/>\n<meta name=\"twitter:label1\" content=\"Dur\u00e9e de lecture estim\u00e9e\" \/>\n\t<meta name=\"twitter:data1\" content=\"1 minute\" \/>\n<script type=\"application\/ld+json\" class=\"yoast-schema-graph\">{\"@context\":\"https:\/\/schema.org\",\"@graph\":[{\"@type\":\"WebPage\",\"@id\":\"https:\/\/aurumbikes.com\/fr\/produit\/kit-groupe-mecanique\/\",\"url\":\"https:\/\/aurumbikes.com\/fr\/produit\/kit-groupe-mecanique\/\",\"name\":\"Kit Groupe M\u00e9canique - Aurum Bikes\",\"isPartOf\":{\"@id\":\"https:\/\/aurumbikes.com\/fr\/#website\"},\"primaryImageOfPage\":{\"@id\":\"https:\/\/aurumbikes.com\/fr\/produit\/kit-groupe-mecanique\/#primaryimage\"},\"image\":{\"@id\":\"https:\/\/aurumbikes.com\/fr\/produit\/kit-groupe-mecanique\/#primaryimage\"},\"thumbnailUrl\":\"https:\/\/aurumbikes.com\/wp-content\/uploads\/2023\/10\/SPARE_PART_ROAD_MECHANICAL_GROUPSET_KIT_93-scaled.jpg\",\"datePublished\":\"2023-10-20T08:10:39+00:00\",\"dateModified\":\"2025-01-02T11:24:25+00:00\",\"description\":\"Ce kit de groupe m\u00e9canique offre des composants essentiels pour le syst\u00e8me de changement de vitesse de votre v\u00e9lo. Il comprend des \u00e9l\u00e9ments tels que des\",\"breadcrumb\":{\"@id\":\"https:\/\/aurumbikes.com\/fr\/produit\/kit-groupe-mecanique\/#breadcrumb\"},\"inLanguage\":\"fr-FR\",\"potentialAction\":[{\"@type\":\"ReadAction\",\"target\":[\"https:\/\/aurumbikes.com\/fr\/produit\/kit-groupe-mecanique\/\"]}]},{\"@type\":\"ImageObject\",\"inLanguage\":\"fr-FR\",\"@id\":\"https:\/\/aurumbikes.com\/fr\/produit\/kit-groupe-mecanique\/#primaryimage\",\"url\":\"https:\/\/aurumbikes.com\/wp-content\/uploads\/2023\/10\/SPARE_PART_ROAD_MECHANICAL_GROUPSET_KIT_93-scaled.jpg\",\"contentUrl\":\"https:\/\/aurumbikes.com\/wp-content\/uploads\/2023\/10\/SPARE_PART_ROAD_MECHANICAL_GROUPSET_KIT_93-scaled.jpg\",\"width\":1707,\"height\":2560},{\"@type\":\"BreadcrumbList\",\"@id\":\"https:\/\/aurumbikes.com\/fr\/produit\/kit-groupe-mecanique\/#breadcrumb\",\"itemListElement\":[{\"@type\":\"ListItem\",\"position\":1,\"name\":\"Home\",\"item\":\"https:\/\/aurumbikes.com\/fr\/\"},{\"@type\":\"ListItem\",\"position\":2,\"name\":\"Boutique\",\"item\":\"https:\/\/aurumbikes.com\/fr\/boutique\/\"},{\"@type\":\"ListItem\",\"position\":3,\"name\":\"Kit Groupe M\u00e9canique\"}]},{\"@type\":\"WebSite\",\"@id\":\"https:\/\/aurumbikes.com\/fr\/#website\",\"url\":\"https:\/\/aurumbikes.com\/fr\/\",\"name\":\"Aurum Bikes\",\"description\":\"Born From Experience\",\"potentialAction\":[{\"@type\":\"SearchAction\",\"target\":{\"@type\":\"EntryPoint\",\"urlTemplate\":\"https:\/\/aurumbikes.com\/fr\/?s={search_term_string}\"},\"query-input\":\"required name=search_term_string\"}],\"inLanguage\":\"fr-FR\"}]}<\/script>\n<!-- \/ Yoast SEO plugin. -->","yoast_head_json":{"title":"Kit Groupe M\u00e9canique - Aurum Bikes","description":"Ce kit de groupe m\u00e9canique offre des composants essentiels pour le syst\u00e8me de changement de vitesse de votre v\u00e9lo. Il comprend des \u00e9l\u00e9ments tels que des","robots":{"index":"index","follow":"follow","max-snippet":"max-snippet:-1","max-image-preview":"max-image-preview:large","max-video-preview":"max-video-preview:-1"},"canonical":"https:\/\/aurumbikes.com\/fr\/produit\/kit-groupe-mecanique\/","og_locale":"fr_FR","og_type":"article","og_title":"Kit Groupe M\u00e9canique - Aurum Bikes","og_description":"Ce kit de groupe m\u00e9canique offre des composants essentiels pour le syst\u00e8me de changement de vitesse de votre v\u00e9lo. Il comprend des \u00e9l\u00e9ments tels que des","og_url":"https:\/\/aurumbikes.com\/fr\/produit\/kit-groupe-mecanique\/","og_site_name":"Aurum Bikes","article_publisher":"https:\/\/www.facebook.com\/AURUMbikes","article_modified_time":"2025-01-02T11:24:25+00:00","og_image":[{"width":1707,"height":2560,"url":"https:\/\/aurumbikes.com\/wp-content\/uploads\/2023\/10\/SPARE_PART_ROAD_MECHANICAL_GROUPSET_KIT_93-scaled.jpg","type":"image\/jpeg"}],"twitter_card":"summary_large_image","twitter_misc":{"Dur\u00e9e de lecture estim\u00e9e":"1 minute"},"schema":{"@context":"https:\/\/schema.org","@graph":[{"@type":"WebPage","@id":"https:\/\/aurumbikes.com\/fr\/produit\/kit-groupe-mecanique\/","url":"https:\/\/aurumbikes.com\/fr\/produit\/kit-groupe-mecanique\/","name":"Kit Groupe M\u00e9canique - Aurum Bikes","isPartOf":{"@id":"https:\/\/aurumbikes.com\/fr\/#website"},"primaryImageOfPage":{"@id":"https:\/\/aurumbikes.com\/fr\/produit\/kit-groupe-mecanique\/#primaryimage"},"image":{"@id":"https:\/\/aurumbikes.com\/fr\/produit\/kit-groupe-mecanique\/#primaryimage"},"thumbnailUrl":"https:\/\/aurumbikes.com\/wp-content\/uploads\/2023\/10\/SPARE_PART_ROAD_MECHANICAL_GROUPSET_KIT_93-scaled.jpg","datePublished":"2023-10-20T08:10:39+00:00","dateModified":"2025-01-02T11:24:25+00:00","description":"Ce kit de groupe m\u00e9canique offre des composants essentiels pour le syst\u00e8me de changement de vitesse de votre v\u00e9lo. Il comprend des \u00e9l\u00e9ments tels que des","breadcrumb":{"@id":"https:\/\/aurumbikes.com\/fr\/produit\/kit-groupe-mecanique\/#breadcrumb"},"inLanguage":"fr-FR","potentialAction":[{"@type":"ReadAction","target":["https:\/\/aurumbikes.com\/fr\/produit\/kit-groupe-mecanique\/"]}]},{"@type":"ImageObject","inLanguage":"fr-FR","@id":"https:\/\/aurumbikes.com\/fr\/produit\/kit-groupe-mecanique\/#primaryimage","url":"https:\/\/aurumbikes.com\/wp-content\/uploads\/2023\/10\/SPARE_PART_ROAD_MECHANICAL_GROUPSET_KIT_93-scaled.jpg","contentUrl":"https:\/\/aurumbikes.com\/wp-content\/uploads\/2023\/10\/SPARE_PART_ROAD_MECHANICAL_GROUPSET_KIT_93-scaled.jpg","width":1707,"height":2560},{"@type":"BreadcrumbList","@id":"https:\/\/aurumbikes.com\/fr\/produit\/kit-groupe-mecanique\/#breadcrumb","itemListElement":[{"@type":"ListItem","position":1,"name":"Home","item":"https:\/\/aurumbikes.com\/fr\/"},{"@type":"ListItem","position":2,"name":"Boutique","item":"https:\/\/aurumbikes.com\/fr\/boutique\/"},{"@type":"ListItem","position":3,"name":"Kit Groupe M\u00e9canique"}]},{"@type":"WebSite","@id":"https:\/\/aurumbikes.com\/fr\/#website","url":"https:\/\/aurumbikes.com\/fr\/","name":"Aurum Bikes","description":"Born From Experience","potentialAction":[{"@type":"SearchAction","target":{"@type":"EntryPoint","urlTemplate":"https:\/\/aurumbikes.com\/fr\/?s={search_term_string}"},"query-input":"required name=search_term_string"}],"inLanguage":"fr-FR"}]}},"_links":{"self":[{"href":"https:\/\/aurumbikes.com\/fr\/wp-json\/wp\/v2\/product\/27167"}],"collection":[{"href":"https:\/\/aurumbikes.com\/fr\/wp-json\/wp\/v2\/product"}],"about":[{"href":"https:\/\/aurumbikes.com\/fr\/wp-json\/wp\/v2\/types\/product"}],"wp:featuredmedia":[{"embeddable":true,"href":"https:\/\/aurumbikes.com\/fr\/wp-json\/wp\/v2\/media\/27168"}],"wp:attachment":[{"href":"https:\/\/aurumbikes.com\/fr\/wp-json\/wp\/v2\/media?parent=27167"}],"wp:term":[{"taxonomy":"product_cat","embeddable":true,"href":"https:\/\/aurumbikes.com\/fr\/wp-json\/wp\/v2\/product_cat?post=27167"},{"taxonomy":"product_tag","embeddable":true,"href":"https:\/\/aurumbikes.com\/fr\/wp-json\/wp\/v2\/product_tag?post=27167"}],"curies":[{"name":"wp","href":"https:\/\/api.w.org\/{rel}","templated":true}]}}