{"id":27186,"date":"2023-08-04T11:52:00","date_gmt":"2023-08-04T11:52:00","guid":{"rendered":"https:\/\/aurumbikes.com\/product\/sac-aurum\/"},"modified":"2025-06-11T09:48:58","modified_gmt":"2025-06-11T09:48:58","slug":"sac-aurum","status":"publish","type":"product","link":"https:\/\/aurumbikes.com\/fr\/produit\/sac-aurum\/","title":{"rendered":"SAC AURUM"},"content":{"rendered":"<p>Le petit sac \u00e0 accessoires est parfait pour transporter vos essentiels du quotidien. Confectionn\u00e9 en polyester avec le logo AURUM brod\u00e9, il comprend des compartiments internes pour une organisation optimale et une Fermeture \u00e0 glissi\u00e8re. <\/p>\n","protected":false},"excerpt":{"rendered":"<p>Le petit sac \u00e0 accessoires est parfait pour transporter vos essentiels du quotidien. Confectionn\u00e9 en polyester avec le logo AURUM brod\u00e9, il comprend des compartiments internes pour une organisation optimale et une Fermeture \u00e0 glissi\u00e8re.<\/p>\n","protected":false},"featured_media":27188,"template":"","meta":[],"product_cat":[255],"product_tag":[],"yoast_head":"<!-- This site is optimized with the Yoast SEO plugin v22.6 - https:\/\/yoast.com\/wordpress\/plugins\/seo\/ -->\n<title>SAC AURUM - Aurum Bikes<\/title>\n<meta name=\"description\" content=\"Le petit sac \u00e0 accessoires est parfait pour transporter vos essentiels du quotidien. Confectionn\u00e9 en polyester avec le logo AURUM brod\u00e9, il comprend des\" \/>\n<meta name=\"robots\" content=\"index, follow, max-snippet:-1, max-image-preview:large, max-video-preview:-1\" \/>\n<link rel=\"canonical\" href=\"https:\/\/aurumbikes.com\/fr\/produit\/sac-aurum\/\" \/>\n<meta property=\"og:locale\" content=\"fr_FR\" \/>\n<meta property=\"og:type\" content=\"article\" \/>\n<meta property=\"og:title\" content=\"SAC AURUM - Aurum Bikes\" \/>\n<meta property=\"og:description\" content=\"Le petit sac \u00e0 accessoires est parfait pour transporter vos essentiels du quotidien. Confectionn\u00e9 en polyester avec le logo AURUM brod\u00e9, il comprend des\" \/>\n<meta property=\"og:url\" content=\"https:\/\/aurumbikes.com\/fr\/produit\/sac-aurum\/\" \/>\n<meta property=\"og:site_name\" content=\"Aurum Bikes\" \/>\n<meta property=\"article:publisher\" content=\"https:\/\/www.facebook.com\/AURUMbikes\" \/>\n<meta property=\"article:modified_time\" content=\"2025-06-11T09:48:58+00:00\" \/>\n<meta property=\"og:image\" content=\"https:\/\/aurumbikes.com\/wp-content\/uploads\/2023\/08\/aurum-bag-1.jpg\" \/>\n\t<meta property=\"og:image:width\" content=\"1080\" \/>\n\t<meta property=\"og:image:height\" content=\"1605\" \/>\n\t<meta property=\"og:image:type\" content=\"image\/jpeg\" \/>\n<meta name=\"twitter:card\" content=\"summary_large_image\" \/>\n<meta name=\"twitter:label1\" content=\"Dur\u00e9e de lecture estim\u00e9e\" \/>\n\t<meta name=\"twitter:data1\" content=\"1 minute\" \/>\n<script type=\"application\/ld+json\" class=\"yoast-schema-graph\">{\"@context\":\"https:\/\/schema.org\",\"@graph\":[{\"@type\":\"WebPage\",\"@id\":\"https:\/\/aurumbikes.com\/fr\/produit\/sac-aurum\/\",\"url\":\"https:\/\/aurumbikes.com\/fr\/produit\/sac-aurum\/\",\"name\":\"SAC AURUM - Aurum Bikes\",\"isPartOf\":{\"@id\":\"https:\/\/aurumbikes.com\/fr\/#website\"},\"primaryImageOfPage\":{\"@id\":\"https:\/\/aurumbikes.com\/fr\/produit\/sac-aurum\/#primaryimage\"},\"image\":{\"@id\":\"https:\/\/aurumbikes.com\/fr\/produit\/sac-aurum\/#primaryimage\"},\"thumbnailUrl\":\"https:\/\/aurumbikes.com\/wp-content\/uploads\/2023\/08\/aurum-bag-1.jpg\",\"datePublished\":\"2023-08-04T11:52:00+00:00\",\"dateModified\":\"2025-06-11T09:48:58+00:00\",\"description\":\"Le petit sac \u00e0 accessoires est parfait pour transporter vos essentiels du quotidien. Confectionn\u00e9 en polyester avec le logo AURUM brod\u00e9, il comprend des\",\"breadcrumb\":{\"@id\":\"https:\/\/aurumbikes.com\/fr\/produit\/sac-aurum\/#breadcrumb\"},\"inLanguage\":\"fr-FR\",\"potentialAction\":[{\"@type\":\"ReadAction\",\"target\":[\"https:\/\/aurumbikes.com\/fr\/produit\/sac-aurum\/\"]}]},{\"@type\":\"ImageObject\",\"inLanguage\":\"fr-FR\",\"@id\":\"https:\/\/aurumbikes.com\/fr\/produit\/sac-aurum\/#primaryimage\",\"url\":\"https:\/\/aurumbikes.com\/wp-content\/uploads\/2023\/08\/aurum-bag-1.jpg\",\"contentUrl\":\"https:\/\/aurumbikes.com\/wp-content\/uploads\/2023\/08\/aurum-bag-1.jpg\",\"width\":1080,\"height\":1605},{\"@type\":\"BreadcrumbList\",\"@id\":\"https:\/\/aurumbikes.com\/fr\/produit\/sac-aurum\/#breadcrumb\",\"itemListElement\":[{\"@type\":\"ListItem\",\"position\":1,\"name\":\"Home\",\"item\":\"https:\/\/aurumbikes.com\/fr\/\"},{\"@type\":\"ListItem\",\"position\":2,\"name\":\"Boutique\",\"item\":\"https:\/\/aurumbikes.com\/fr\/boutique\/\"},{\"@type\":\"ListItem\",\"position\":3,\"name\":\"SAC AURUM\"}]},{\"@type\":\"WebSite\",\"@id\":\"https:\/\/aurumbikes.com\/fr\/#website\",\"url\":\"https:\/\/aurumbikes.com\/fr\/\",\"name\":\"Aurum Bikes\",\"description\":\"Born From Experience\",\"potentialAction\":[{\"@type\":\"SearchAction\",\"target\":{\"@type\":\"EntryPoint\",\"urlTemplate\":\"https:\/\/aurumbikes.com\/fr\/?s={search_term_string}\"},\"query-input\":\"required name=search_term_string\"}],\"inLanguage\":\"fr-FR\"}]}<\/script>\n<!-- \/ Yoast SEO plugin. -->","yoast_head_json":{"title":"SAC AURUM - Aurum Bikes","description":"Le petit sac \u00e0 accessoires est parfait pour transporter vos essentiels du quotidien. Confectionn\u00e9 en polyester avec le logo AURUM brod\u00e9, il comprend des","robots":{"index":"index","follow":"follow","max-snippet":"max-snippet:-1","max-image-preview":"max-image-preview:large","max-video-preview":"max-video-preview:-1"},"canonical":"https:\/\/aurumbikes.com\/fr\/produit\/sac-aurum\/","og_locale":"fr_FR","og_type":"article","og_title":"SAC AURUM - Aurum Bikes","og_description":"Le petit sac \u00e0 accessoires est parfait pour transporter vos essentiels du quotidien. Confectionn\u00e9 en polyester avec le logo AURUM brod\u00e9, il comprend des","og_url":"https:\/\/aurumbikes.com\/fr\/produit\/sac-aurum\/","og_site_name":"Aurum Bikes","article_publisher":"https:\/\/www.facebook.com\/AURUMbikes","article_modified_time":"2025-06-11T09:48:58+00:00","og_image":[{"width":1080,"height":1605,"url":"https:\/\/aurumbikes.com\/wp-content\/uploads\/2023\/08\/aurum-bag-1.jpg","type":"image\/jpeg"}],"twitter_card":"summary_large_image","twitter_misc":{"Dur\u00e9e de lecture estim\u00e9e":"1 minute"},"schema":{"@context":"https:\/\/schema.org","@graph":[{"@type":"WebPage","@id":"https:\/\/aurumbikes.com\/fr\/produit\/sac-aurum\/","url":"https:\/\/aurumbikes.com\/fr\/produit\/sac-aurum\/","name":"SAC AURUM - Aurum Bikes","isPartOf":{"@id":"https:\/\/aurumbikes.com\/fr\/#website"},"primaryImageOfPage":{"@id":"https:\/\/aurumbikes.com\/fr\/produit\/sac-aurum\/#primaryimage"},"image":{"@id":"https:\/\/aurumbikes.com\/fr\/produit\/sac-aurum\/#primaryimage"},"thumbnailUrl":"https:\/\/aurumbikes.com\/wp-content\/uploads\/2023\/08\/aurum-bag-1.jpg","datePublished":"2023-08-04T11:52:00+00:00","dateModified":"2025-06-11T09:48:58+00:00","description":"Le petit sac \u00e0 accessoires est parfait pour transporter vos essentiels du quotidien. Confectionn\u00e9 en polyester avec le logo AURUM brod\u00e9, il comprend des","breadcrumb":{"@id":"https:\/\/aurumbikes.com\/fr\/produit\/sac-aurum\/#breadcrumb"},"inLanguage":"fr-FR","potentialAction":[{"@type":"ReadAction","target":["https:\/\/aurumbikes.com\/fr\/produit\/sac-aurum\/"]}]},{"@type":"ImageObject","inLanguage":"fr-FR","@id":"https:\/\/aurumbikes.com\/fr\/produit\/sac-aurum\/#primaryimage","url":"https:\/\/aurumbikes.com\/wp-content\/uploads\/2023\/08\/aurum-bag-1.jpg","contentUrl":"https:\/\/aurumbikes.com\/wp-content\/uploads\/2023\/08\/aurum-bag-1.jpg","width":1080,"height":1605},{"@type":"BreadcrumbList","@id":"https:\/\/aurumbikes.com\/fr\/produit\/sac-aurum\/#breadcrumb","itemListElement":[{"@type":"ListItem","position":1,"name":"Home","item":"https:\/\/aurumbikes.com\/fr\/"},{"@type":"ListItem","position":2,"name":"Boutique","item":"https:\/\/aurumbikes.com\/fr\/boutique\/"},{"@type":"ListItem","position":3,"name":"SAC AURUM"}]},{"@type":"WebSite","@id":"https:\/\/aurumbikes.com\/fr\/#website","url":"https:\/\/aurumbikes.com\/fr\/","name":"Aurum Bikes","description":"Born From Experience","potentialAction":[{"@type":"SearchAction","target":{"@type":"EntryPoint","urlTemplate":"https:\/\/aurumbikes.com\/fr\/?s={search_term_string}"},"query-input":"required name=search_term_string"}],"inLanguage":"fr-FR"}]}},"_links":{"self":[{"href":"https:\/\/aurumbikes.com\/fr\/wp-json\/wp\/v2\/product\/27186"}],"collection":[{"href":"https:\/\/aurumbikes.com\/fr\/wp-json\/wp\/v2\/product"}],"about":[{"href":"https:\/\/aurumbikes.com\/fr\/wp-json\/wp\/v2\/types\/product"}],"wp:featuredmedia":[{"embeddable":true,"href":"https:\/\/aurumbikes.com\/fr\/wp-json\/wp\/v2\/media\/27188"}],"wp:attachment":[{"href":"https:\/\/aurumbikes.com\/fr\/wp-json\/wp\/v2\/media?parent=27186"}],"wp:term":[{"taxonomy":"product_cat","embeddable":true,"href":"https:\/\/aurumbikes.com\/fr\/wp-json\/wp\/v2\/product_cat?post=27186"},{"taxonomy":"product_tag","embeddable":true,"href":"https:\/\/aurumbikes.com\/fr\/wp-json\/wp\/v2\/product_tag?post=27186"}],"curies":[{"name":"wp","href":"https:\/\/api.w.org\/{rel}","templated":true}]}}