{"id":27418,"date":"2023-08-04T11:52:00","date_gmt":"2023-08-04T11:52:00","guid":{"rendered":"https:\/\/aurumbikes.com\/product\/bouteille-aurum-blanc-perle\/"},"modified":"2025-01-02T11:09:26","modified_gmt":"2025-01-02T11:09:26","slug":"bidon-aurum-blanc-perle","status":"publish","type":"product","link":"https:\/\/aurumbikes.com\/fr\/produit\/bidon-aurum-blanc-perle\/","title":{"rendered":"BIDON AURUM &#8211; BLANC PERL\u00c9"},"content":{"rendered":"<p>La bouteille d&#8217;eau AURUM est durable et robuste. Le bouchon \u00e0 vis est muni d&#8217;un bec verseur anti-goutte. La forme triangulaire du capuchon assure \u00e9galement une bonne prise en main. Facile \u00e0 remplir et \u00e0 nettoyer. Capacit\u00e9: 500 ml Couleur: blanc perl\u00e9<\/p>\n","protected":false},"excerpt":{"rendered":"<p>La bouteille d&#8217;eau AURUM est durable et robuste. Le bouchon \u00e0 vis est muni d&#8217;un bec verseur anti-goutte. La forme triangulaire du capuchon assure \u00e9galement une bonne prise en main. Facile \u00e0 remplir et \u00e0 nettoyer. Capacit\u00e9: 500 ml Couleur: blanc perl\u00e9<\/p>\n","protected":false},"featured_media":27425,"template":"","meta":[],"product_cat":[255],"product_tag":[],"yoast_head":"<!-- This site is optimized with the Yoast SEO plugin v22.6 - https:\/\/yoast.com\/wordpress\/plugins\/seo\/ -->\n<title>BIDON AURUM - BLANC PERL\u00c9 - Aurum Bikes<\/title>\n<meta name=\"description\" content=\"La bouteille d&#039;eau AURUM est durable et robuste. Le bouchon \u00e0 vis est muni d&#039;un bec verseur anti-goutte. La forme triangulaire du capuchon assure \u00e9galement une bonne prise en main. Facile \u00e0 remplir et \u00e0 nettoyer. Capacit\u00e9: 500 ml Couleur: blanc perl\u00e9\" \/>\n<meta name=\"robots\" content=\"index, follow, max-snippet:-1, max-image-preview:large, max-video-preview:-1\" \/>\n<link rel=\"canonical\" href=\"https:\/\/aurumbikes.com\/fr\/produit\/bidon-aurum-blanc-perle\/\" \/>\n<meta property=\"og:locale\" content=\"fr_FR\" \/>\n<meta property=\"og:type\" content=\"article\" \/>\n<meta property=\"og:title\" content=\"BIDON AURUM - BLANC PERL\u00c9 - Aurum Bikes\" \/>\n<meta property=\"og:description\" content=\"La bouteille d&#039;eau AURUM est durable et robuste. Le bouchon \u00e0 vis est muni d&#039;un bec verseur anti-goutte. La forme triangulaire du capuchon assure \u00e9galement une bonne prise en main. Facile \u00e0 remplir et \u00e0 nettoyer. Capacit\u00e9: 500 ml Couleur: blanc perl\u00e9\" \/>\n<meta property=\"og:url\" content=\"https:\/\/aurumbikes.com\/fr\/produit\/bidon-aurum-blanc-perle\/\" \/>\n<meta property=\"og:site_name\" content=\"Aurum Bikes\" \/>\n<meta property=\"article:publisher\" content=\"https:\/\/www.facebook.com\/AURUMbikes\" \/>\n<meta property=\"article:modified_time\" content=\"2025-01-02T11:09:26+00:00\" \/>\n<meta property=\"og:image\" content=\"https:\/\/aurumbikes.com\/wp-content\/uploads\/2023\/08\/aurum-bottle-pearl-align.jpg\" \/>\n\t<meta property=\"og:image:width\" content=\"1080\" \/>\n\t<meta property=\"og:image:height\" content=\"1612\" \/>\n\t<meta property=\"og:image:type\" content=\"image\/jpeg\" \/>\n<meta name=\"twitter:card\" content=\"summary_large_image\" \/>\n<meta name=\"twitter:label1\" content=\"Dur\u00e9e de lecture estim\u00e9e\" \/>\n\t<meta name=\"twitter:data1\" content=\"1 minute\" \/>\n<script type=\"application\/ld+json\" class=\"yoast-schema-graph\">{\"@context\":\"https:\/\/schema.org\",\"@graph\":[{\"@type\":\"WebPage\",\"@id\":\"https:\/\/aurumbikes.com\/fr\/produit\/bidon-aurum-blanc-perle\/\",\"url\":\"https:\/\/aurumbikes.com\/fr\/produit\/bidon-aurum-blanc-perle\/\",\"name\":\"BIDON AURUM - BLANC PERL\u00c9 - Aurum Bikes\",\"isPartOf\":{\"@id\":\"https:\/\/aurumbikes.com\/fr\/#website\"},\"primaryImageOfPage\":{\"@id\":\"https:\/\/aurumbikes.com\/fr\/produit\/bidon-aurum-blanc-perle\/#primaryimage\"},\"image\":{\"@id\":\"https:\/\/aurumbikes.com\/fr\/produit\/bidon-aurum-blanc-perle\/#primaryimage\"},\"thumbnailUrl\":\"https:\/\/aurumbikes.com\/wp-content\/uploads\/2023\/08\/aurum-bottle-pearl-align.jpg\",\"datePublished\":\"2023-08-04T11:52:00+00:00\",\"dateModified\":\"2025-01-02T11:09:26+00:00\",\"description\":\"La bouteille d'eau AURUM est durable et robuste. Le bouchon \u00e0 vis est muni d'un bec verseur anti-goutte. La forme triangulaire du capuchon assure \u00e9galement une bonne prise en main. Facile \u00e0 remplir et \u00e0 nettoyer. Capacit\u00e9: 500 ml Couleur: blanc perl\u00e9\",\"breadcrumb\":{\"@id\":\"https:\/\/aurumbikes.com\/fr\/produit\/bidon-aurum-blanc-perle\/#breadcrumb\"},\"inLanguage\":\"fr-FR\",\"potentialAction\":[{\"@type\":\"ReadAction\",\"target\":[\"https:\/\/aurumbikes.com\/fr\/produit\/bidon-aurum-blanc-perle\/\"]}]},{\"@type\":\"ImageObject\",\"inLanguage\":\"fr-FR\",\"@id\":\"https:\/\/aurumbikes.com\/fr\/produit\/bidon-aurum-blanc-perle\/#primaryimage\",\"url\":\"https:\/\/aurumbikes.com\/wp-content\/uploads\/2023\/08\/aurum-bottle-pearl-align.jpg\",\"contentUrl\":\"https:\/\/aurumbikes.com\/wp-content\/uploads\/2023\/08\/aurum-bottle-pearl-align.jpg\",\"width\":1080,\"height\":1612},{\"@type\":\"BreadcrumbList\",\"@id\":\"https:\/\/aurumbikes.com\/fr\/produit\/bidon-aurum-blanc-perle\/#breadcrumb\",\"itemListElement\":[{\"@type\":\"ListItem\",\"position\":1,\"name\":\"Home\",\"item\":\"https:\/\/aurumbikes.com\/fr\/\"},{\"@type\":\"ListItem\",\"position\":2,\"name\":\"Boutique\",\"item\":\"https:\/\/aurumbikes.com\/fr\/boutique\/\"},{\"@type\":\"ListItem\",\"position\":3,\"name\":\"BIDON AURUM &#8211; BLANC PERL\u00c9\"}]},{\"@type\":\"WebSite\",\"@id\":\"https:\/\/aurumbikes.com\/fr\/#website\",\"url\":\"https:\/\/aurumbikes.com\/fr\/\",\"name\":\"Aurum Bikes\",\"description\":\"Born From Experience\",\"potentialAction\":[{\"@type\":\"SearchAction\",\"target\":{\"@type\":\"EntryPoint\",\"urlTemplate\":\"https:\/\/aurumbikes.com\/fr\/?s={search_term_string}\"},\"query-input\":\"required name=search_term_string\"}],\"inLanguage\":\"fr-FR\"}]}<\/script>\n<!-- \/ Yoast SEO plugin. -->","yoast_head_json":{"title":"BIDON AURUM - BLANC PERL\u00c9 - Aurum Bikes","description":"La bouteille d'eau AURUM est durable et robuste. Le bouchon \u00e0 vis est muni d'un bec verseur anti-goutte. La forme triangulaire du capuchon assure \u00e9galement une bonne prise en main. Facile \u00e0 remplir et \u00e0 nettoyer. Capacit\u00e9: 500 ml Couleur: blanc perl\u00e9","robots":{"index":"index","follow":"follow","max-snippet":"max-snippet:-1","max-image-preview":"max-image-preview:large","max-video-preview":"max-video-preview:-1"},"canonical":"https:\/\/aurumbikes.com\/fr\/produit\/bidon-aurum-blanc-perle\/","og_locale":"fr_FR","og_type":"article","og_title":"BIDON AURUM - BLANC PERL\u00c9 - Aurum Bikes","og_description":"La bouteille d'eau AURUM est durable et robuste. Le bouchon \u00e0 vis est muni d'un bec verseur anti-goutte. La forme triangulaire du capuchon assure \u00e9galement une bonne prise en main. Facile \u00e0 remplir et \u00e0 nettoyer. Capacit\u00e9: 500 ml Couleur: blanc perl\u00e9","og_url":"https:\/\/aurumbikes.com\/fr\/produit\/bidon-aurum-blanc-perle\/","og_site_name":"Aurum Bikes","article_publisher":"https:\/\/www.facebook.com\/AURUMbikes","article_modified_time":"2025-01-02T11:09:26+00:00","og_image":[{"width":1080,"height":1612,"url":"https:\/\/aurumbikes.com\/wp-content\/uploads\/2023\/08\/aurum-bottle-pearl-align.jpg","type":"image\/jpeg"}],"twitter_card":"summary_large_image","twitter_misc":{"Dur\u00e9e de lecture estim\u00e9e":"1 minute"},"schema":{"@context":"https:\/\/schema.org","@graph":[{"@type":"WebPage","@id":"https:\/\/aurumbikes.com\/fr\/produit\/bidon-aurum-blanc-perle\/","url":"https:\/\/aurumbikes.com\/fr\/produit\/bidon-aurum-blanc-perle\/","name":"BIDON AURUM - BLANC PERL\u00c9 - Aurum Bikes","isPartOf":{"@id":"https:\/\/aurumbikes.com\/fr\/#website"},"primaryImageOfPage":{"@id":"https:\/\/aurumbikes.com\/fr\/produit\/bidon-aurum-blanc-perle\/#primaryimage"},"image":{"@id":"https:\/\/aurumbikes.com\/fr\/produit\/bidon-aurum-blanc-perle\/#primaryimage"},"thumbnailUrl":"https:\/\/aurumbikes.com\/wp-content\/uploads\/2023\/08\/aurum-bottle-pearl-align.jpg","datePublished":"2023-08-04T11:52:00+00:00","dateModified":"2025-01-02T11:09:26+00:00","description":"La bouteille d'eau AURUM est durable et robuste. Le bouchon \u00e0 vis est muni d'un bec verseur anti-goutte. La forme triangulaire du capuchon assure \u00e9galement une bonne prise en main. Facile \u00e0 remplir et \u00e0 nettoyer. Capacit\u00e9: 500 ml Couleur: blanc perl\u00e9","breadcrumb":{"@id":"https:\/\/aurumbikes.com\/fr\/produit\/bidon-aurum-blanc-perle\/#breadcrumb"},"inLanguage":"fr-FR","potentialAction":[{"@type":"ReadAction","target":["https:\/\/aurumbikes.com\/fr\/produit\/bidon-aurum-blanc-perle\/"]}]},{"@type":"ImageObject","inLanguage":"fr-FR","@id":"https:\/\/aurumbikes.com\/fr\/produit\/bidon-aurum-blanc-perle\/#primaryimage","url":"https:\/\/aurumbikes.com\/wp-content\/uploads\/2023\/08\/aurum-bottle-pearl-align.jpg","contentUrl":"https:\/\/aurumbikes.com\/wp-content\/uploads\/2023\/08\/aurum-bottle-pearl-align.jpg","width":1080,"height":1612},{"@type":"BreadcrumbList","@id":"https:\/\/aurumbikes.com\/fr\/produit\/bidon-aurum-blanc-perle\/#breadcrumb","itemListElement":[{"@type":"ListItem","position":1,"name":"Home","item":"https:\/\/aurumbikes.com\/fr\/"},{"@type":"ListItem","position":2,"name":"Boutique","item":"https:\/\/aurumbikes.com\/fr\/boutique\/"},{"@type":"ListItem","position":3,"name":"BIDON AURUM &#8211; BLANC PERL\u00c9"}]},{"@type":"WebSite","@id":"https:\/\/aurumbikes.com\/fr\/#website","url":"https:\/\/aurumbikes.com\/fr\/","name":"Aurum Bikes","description":"Born From Experience","potentialAction":[{"@type":"SearchAction","target":{"@type":"EntryPoint","urlTemplate":"https:\/\/aurumbikes.com\/fr\/?s={search_term_string}"},"query-input":"required name=search_term_string"}],"inLanguage":"fr-FR"}]}},"_links":{"self":[{"href":"https:\/\/aurumbikes.com\/fr\/wp-json\/wp\/v2\/product\/27418"}],"collection":[{"href":"https:\/\/aurumbikes.com\/fr\/wp-json\/wp\/v2\/product"}],"about":[{"href":"https:\/\/aurumbikes.com\/fr\/wp-json\/wp\/v2\/types\/product"}],"wp:featuredmedia":[{"embeddable":true,"href":"https:\/\/aurumbikes.com\/fr\/wp-json\/wp\/v2\/media\/27425"}],"wp:attachment":[{"href":"https:\/\/aurumbikes.com\/fr\/wp-json\/wp\/v2\/media?parent=27418"}],"wp:term":[{"taxonomy":"product_cat","embeddable":true,"href":"https:\/\/aurumbikes.com\/fr\/wp-json\/wp\/v2\/product_cat?post=27418"},{"taxonomy":"product_tag","embeddable":true,"href":"https:\/\/aurumbikes.com\/fr\/wp-json\/wp\/v2\/product_tag?post=27418"}],"curies":[{"name":"wp","href":"https:\/\/api.w.org\/{rel}","templated":true}]}}