{"id":31454,"date":"2024-02-02T12:04:22","date_gmt":"2024-02-02T12:04:22","guid":{"rendered":"https:\/\/aurumbikes.com\/product\/cintre-integre-aurum-support-pour-accessoires\/"},"modified":"2025-01-02T10:51:54","modified_gmt":"2025-01-02T10:51:54","slug":"cintre-integre-aurum-support-pour-accessoires","status":"publish","type":"product","link":"https:\/\/aurumbikes.com\/fr\/produit\/cintre-integre-aurum-support-pour-accessoires\/","title":{"rendered":"Cintre Int\u00e9gr\u00e9 AURUM + Support Pour Accessoires"},"content":{"rendered":"<p>Le nouveau cintre int\u00e9gr\u00e9 AURUM permet d\u2019occulter compl\u00e8tement les c\u00e2bles des mod\u00e8les MAGMA et ESSENTIA. Ce guidon monocoque est compatible avec ces deux mod\u00e8les de v\u00e9los AURUM avec le kit de capot de direction et les entretoises de potence fournis. Support pour accessoires inclus (compteur GPS, t\u00e9l\u00e9phone portable, ect.).<\/p>\n<p>&nbsp;<\/p>\n<p>CONTENU DU KIT<\/p>\n<table>\n<tbody>\n<tr>\n<td width=\"331\">Produit<\/td>\n<td width=\"80\">Quantit\u00e9(s)<\/td>\n<\/tr>\n<tr>\n<td width=\"331\">Cintre monocoque en carbone<\/td>\n<td width=\"80\">1<\/td>\n<\/tr>\n<tr>\n<td width=\"331\">Support pour accessoires<\/td>\n<td width=\"80\">1<\/td>\n<\/tr>\n<tr>\n<td width=\"331\">Vis aluminium<\/td>\n<td width=\"80\">6<\/td>\n<\/tr>\n<tr>\n<td width=\"331\">Vis de serrage du jeu de direction<\/td>\n<td width=\"80\">1<\/td>\n<\/tr>\n<tr>\n<td width=\"331\">Entretoise de potence de 5 mm<\/td>\n<td width=\"80\">2<\/td>\n<\/tr>\n<tr>\n<td width=\"331\">Entretoise de potence de 10 mm<\/td>\n<td width=\"80\">2<\/td>\n<\/tr>\n<tr>\n<td width=\"331\">Couvercle du tube de direction<\/td>\n<td width=\"80\">1<\/td>\n<\/tr>\n<tr>\n<td width=\"331\">Couvercle de direction en fibre de carbone<\/td>\n<td width=\"80\">1<\/td>\n<\/tr>\n<tr>\n<td width=\"331\">Cale d\u2019alimentation<\/td>\n<td width=\"80\">1<\/td>\n<\/tr>\n<\/tbody>\n<\/table>\n","protected":false},"excerpt":{"rendered":"<p>Le nouveau cintre int\u00e9gr\u00e9 AURUM permet d\u2019occulter compl\u00e8tement les c\u00e2bles des mod\u00e8les MAGMA et ESSENTIA. Ce guidon monocoque est compatible avec ces deux mod\u00e8les de v\u00e9los AURUM avec le kit de capot de direction et les entretoises de potence fournis. Support pour accessoires inclus (compteur GPS, t\u00e9l\u00e9phone portable, ect.). &nbsp; CONTENU DU KIT Produit Quantit\u00e9(s) [&hellip;]<\/p>\n","protected":false},"featured_media":27189,"template":"","meta":[],"product_cat":[255],"product_tag":[],"yoast_head":"<!-- This site is optimized with the Yoast SEO plugin v22.6 - https:\/\/yoast.com\/wordpress\/plugins\/seo\/ -->\n<title>Cintre Int\u00e9gr\u00e9 AURUM + Support Pour Accessoires - Aurum Bikes<\/title>\n<meta name=\"description\" content=\"Le nouveau cintre int\u00e9gr\u00e9 AURUM permet d\u2019occulter compl\u00e8tement les c\u00e2bles des mod\u00e8les MAGMA et ESSENTIA. Ce guidon monocoque est compatible avec ces deux\" \/>\n<meta name=\"robots\" content=\"index, follow, max-snippet:-1, max-image-preview:large, max-video-preview:-1\" \/>\n<link rel=\"canonical\" href=\"https:\/\/aurumbikes.com\/fr\/produit\/cintre-integre-aurum-support-pour-accessoires\/\" \/>\n<meta property=\"og:locale\" content=\"fr_FR\" \/>\n<meta property=\"og:type\" content=\"article\" \/>\n<meta property=\"og:title\" content=\"Cintre Int\u00e9gr\u00e9 AURUM + Support Pour Accessoires - Aurum Bikes\" \/>\n<meta property=\"og:description\" content=\"Le nouveau cintre int\u00e9gr\u00e9 AURUM permet d\u2019occulter compl\u00e8tement les c\u00e2bles des mod\u00e8les MAGMA et ESSENTIA. Ce guidon monocoque est compatible avec ces deux\" \/>\n<meta property=\"og:url\" content=\"https:\/\/aurumbikes.com\/fr\/produit\/cintre-integre-aurum-support-pour-accessoires\/\" \/>\n<meta property=\"og:site_name\" content=\"Aurum Bikes\" \/>\n<meta property=\"article:publisher\" content=\"https:\/\/www.facebook.com\/AURUMbikes\" \/>\n<meta property=\"article:modified_time\" content=\"2025-01-02T10:51:54+00:00\" \/>\n<meta property=\"og:image\" content=\"https:\/\/aurumbikes.com\/wp-content\/uploads\/2023\/08\/kit-manillar-01.jpg\" \/>\n\t<meta property=\"og:image:width\" content=\"1080\" \/>\n\t<meta property=\"og:image:height\" content=\"1619\" \/>\n\t<meta property=\"og:image:type\" content=\"image\/jpeg\" \/>\n<meta name=\"twitter:card\" content=\"summary_large_image\" \/>\n<meta name=\"twitter:label1\" content=\"Dur\u00e9e de lecture estim\u00e9e\" \/>\n\t<meta name=\"twitter:data1\" content=\"1 minute\" \/>\n<script type=\"application\/ld+json\" class=\"yoast-schema-graph\">{\"@context\":\"https:\/\/schema.org\",\"@graph\":[{\"@type\":\"WebPage\",\"@id\":\"https:\/\/aurumbikes.com\/fr\/produit\/cintre-integre-aurum-support-pour-accessoires\/\",\"url\":\"https:\/\/aurumbikes.com\/fr\/produit\/cintre-integre-aurum-support-pour-accessoires\/\",\"name\":\"Cintre Int\u00e9gr\u00e9 AURUM + Support Pour Accessoires - Aurum Bikes\",\"isPartOf\":{\"@id\":\"https:\/\/aurumbikes.com\/fr\/#website\"},\"primaryImageOfPage\":{\"@id\":\"https:\/\/aurumbikes.com\/fr\/produit\/cintre-integre-aurum-support-pour-accessoires\/#primaryimage\"},\"image\":{\"@id\":\"https:\/\/aurumbikes.com\/fr\/produit\/cintre-integre-aurum-support-pour-accessoires\/#primaryimage\"},\"thumbnailUrl\":\"https:\/\/aurumbikes.com\/wp-content\/uploads\/2023\/08\/kit-manillar-01.jpg\",\"datePublished\":\"2024-02-02T12:04:22+00:00\",\"dateModified\":\"2025-01-02T10:51:54+00:00\",\"description\":\"Le nouveau cintre int\u00e9gr\u00e9 AURUM permet d\u2019occulter compl\u00e8tement les c\u00e2bles des mod\u00e8les MAGMA et ESSENTIA. Ce guidon monocoque est compatible avec ces deux\",\"breadcrumb\":{\"@id\":\"https:\/\/aurumbikes.com\/fr\/produit\/cintre-integre-aurum-support-pour-accessoires\/#breadcrumb\"},\"inLanguage\":\"fr-FR\",\"potentialAction\":[{\"@type\":\"ReadAction\",\"target\":[\"https:\/\/aurumbikes.com\/fr\/produit\/cintre-integre-aurum-support-pour-accessoires\/\"]}]},{\"@type\":\"ImageObject\",\"inLanguage\":\"fr-FR\",\"@id\":\"https:\/\/aurumbikes.com\/fr\/produit\/cintre-integre-aurum-support-pour-accessoires\/#primaryimage\",\"url\":\"https:\/\/aurumbikes.com\/wp-content\/uploads\/2023\/08\/kit-manillar-01.jpg\",\"contentUrl\":\"https:\/\/aurumbikes.com\/wp-content\/uploads\/2023\/08\/kit-manillar-01.jpg\",\"width\":1080,\"height\":1619},{\"@type\":\"BreadcrumbList\",\"@id\":\"https:\/\/aurumbikes.com\/fr\/produit\/cintre-integre-aurum-support-pour-accessoires\/#breadcrumb\",\"itemListElement\":[{\"@type\":\"ListItem\",\"position\":1,\"name\":\"Home\",\"item\":\"https:\/\/aurumbikes.com\/fr\/\"},{\"@type\":\"ListItem\",\"position\":2,\"name\":\"Boutique\",\"item\":\"https:\/\/aurumbikes.com\/fr\/boutique\/\"},{\"@type\":\"ListItem\",\"position\":3,\"name\":\"Cintre Int\u00e9gr\u00e9 AURUM + Support Pour Accessoires\"}]},{\"@type\":\"WebSite\",\"@id\":\"https:\/\/aurumbikes.com\/fr\/#website\",\"url\":\"https:\/\/aurumbikes.com\/fr\/\",\"name\":\"Aurum Bikes\",\"description\":\"Born From Experience\",\"potentialAction\":[{\"@type\":\"SearchAction\",\"target\":{\"@type\":\"EntryPoint\",\"urlTemplate\":\"https:\/\/aurumbikes.com\/fr\/?s={search_term_string}\"},\"query-input\":\"required name=search_term_string\"}],\"inLanguage\":\"fr-FR\"}]}<\/script>\n<!-- \/ Yoast SEO plugin. -->","yoast_head_json":{"title":"Cintre Int\u00e9gr\u00e9 AURUM + Support Pour Accessoires - Aurum Bikes","description":"Le nouveau cintre int\u00e9gr\u00e9 AURUM permet d\u2019occulter compl\u00e8tement les c\u00e2bles des mod\u00e8les MAGMA et ESSENTIA. Ce guidon monocoque est compatible avec ces deux","robots":{"index":"index","follow":"follow","max-snippet":"max-snippet:-1","max-image-preview":"max-image-preview:large","max-video-preview":"max-video-preview:-1"},"canonical":"https:\/\/aurumbikes.com\/fr\/produit\/cintre-integre-aurum-support-pour-accessoires\/","og_locale":"fr_FR","og_type":"article","og_title":"Cintre Int\u00e9gr\u00e9 AURUM + Support Pour Accessoires - Aurum Bikes","og_description":"Le nouveau cintre int\u00e9gr\u00e9 AURUM permet d\u2019occulter compl\u00e8tement les c\u00e2bles des mod\u00e8les MAGMA et ESSENTIA. Ce guidon monocoque est compatible avec ces deux","og_url":"https:\/\/aurumbikes.com\/fr\/produit\/cintre-integre-aurum-support-pour-accessoires\/","og_site_name":"Aurum Bikes","article_publisher":"https:\/\/www.facebook.com\/AURUMbikes","article_modified_time":"2025-01-02T10:51:54+00:00","og_image":[{"width":1080,"height":1619,"url":"https:\/\/aurumbikes.com\/wp-content\/uploads\/2023\/08\/kit-manillar-01.jpg","type":"image\/jpeg"}],"twitter_card":"summary_large_image","twitter_misc":{"Dur\u00e9e de lecture estim\u00e9e":"1 minute"},"schema":{"@context":"https:\/\/schema.org","@graph":[{"@type":"WebPage","@id":"https:\/\/aurumbikes.com\/fr\/produit\/cintre-integre-aurum-support-pour-accessoires\/","url":"https:\/\/aurumbikes.com\/fr\/produit\/cintre-integre-aurum-support-pour-accessoires\/","name":"Cintre Int\u00e9gr\u00e9 AURUM + Support Pour Accessoires - Aurum Bikes","isPartOf":{"@id":"https:\/\/aurumbikes.com\/fr\/#website"},"primaryImageOfPage":{"@id":"https:\/\/aurumbikes.com\/fr\/produit\/cintre-integre-aurum-support-pour-accessoires\/#primaryimage"},"image":{"@id":"https:\/\/aurumbikes.com\/fr\/produit\/cintre-integre-aurum-support-pour-accessoires\/#primaryimage"},"thumbnailUrl":"https:\/\/aurumbikes.com\/wp-content\/uploads\/2023\/08\/kit-manillar-01.jpg","datePublished":"2024-02-02T12:04:22+00:00","dateModified":"2025-01-02T10:51:54+00:00","description":"Le nouveau cintre int\u00e9gr\u00e9 AURUM permet d\u2019occulter compl\u00e8tement les c\u00e2bles des mod\u00e8les MAGMA et ESSENTIA. Ce guidon monocoque est compatible avec ces deux","breadcrumb":{"@id":"https:\/\/aurumbikes.com\/fr\/produit\/cintre-integre-aurum-support-pour-accessoires\/#breadcrumb"},"inLanguage":"fr-FR","potentialAction":[{"@type":"ReadAction","target":["https:\/\/aurumbikes.com\/fr\/produit\/cintre-integre-aurum-support-pour-accessoires\/"]}]},{"@type":"ImageObject","inLanguage":"fr-FR","@id":"https:\/\/aurumbikes.com\/fr\/produit\/cintre-integre-aurum-support-pour-accessoires\/#primaryimage","url":"https:\/\/aurumbikes.com\/wp-content\/uploads\/2023\/08\/kit-manillar-01.jpg","contentUrl":"https:\/\/aurumbikes.com\/wp-content\/uploads\/2023\/08\/kit-manillar-01.jpg","width":1080,"height":1619},{"@type":"BreadcrumbList","@id":"https:\/\/aurumbikes.com\/fr\/produit\/cintre-integre-aurum-support-pour-accessoires\/#breadcrumb","itemListElement":[{"@type":"ListItem","position":1,"name":"Home","item":"https:\/\/aurumbikes.com\/fr\/"},{"@type":"ListItem","position":2,"name":"Boutique","item":"https:\/\/aurumbikes.com\/fr\/boutique\/"},{"@type":"ListItem","position":3,"name":"Cintre Int\u00e9gr\u00e9 AURUM + Support Pour Accessoires"}]},{"@type":"WebSite","@id":"https:\/\/aurumbikes.com\/fr\/#website","url":"https:\/\/aurumbikes.com\/fr\/","name":"Aurum Bikes","description":"Born From Experience","potentialAction":[{"@type":"SearchAction","target":{"@type":"EntryPoint","urlTemplate":"https:\/\/aurumbikes.com\/fr\/?s={search_term_string}"},"query-input":"required name=search_term_string"}],"inLanguage":"fr-FR"}]}},"_links":{"self":[{"href":"https:\/\/aurumbikes.com\/fr\/wp-json\/wp\/v2\/product\/31454"}],"collection":[{"href":"https:\/\/aurumbikes.com\/fr\/wp-json\/wp\/v2\/product"}],"about":[{"href":"https:\/\/aurumbikes.com\/fr\/wp-json\/wp\/v2\/types\/product"}],"wp:featuredmedia":[{"embeddable":true,"href":"https:\/\/aurumbikes.com\/fr\/wp-json\/wp\/v2\/media\/27189"}],"wp:attachment":[{"href":"https:\/\/aurumbikes.com\/fr\/wp-json\/wp\/v2\/media?parent=31454"}],"wp:term":[{"taxonomy":"product_cat","embeddable":true,"href":"https:\/\/aurumbikes.com\/fr\/wp-json\/wp\/v2\/product_cat?post=31454"},{"taxonomy":"product_tag","embeddable":true,"href":"https:\/\/aurumbikes.com\/fr\/wp-json\/wp\/v2\/product_tag?post=31454"}],"curies":[{"name":"wp","href":"https:\/\/api.w.org\/{rel}","templated":true}]}}