{"id":84923,"date":"2025-06-12T14:06:00","date_gmt":"2025-06-12T14:06:00","guid":{"rendered":"https:\/\/aurumbikes.com\/?post_type=product&#038;p=84923"},"modified":"2025-06-12T14:19:50","modified_gmt":"2025-06-12T14:19:50","slug":"tige-de-selle-aurum-magma-naca","status":"publish","type":"product","link":"https:\/\/aurumbikes.com\/fr\/produit\/tige-de-selle-aurum-magma-naca\/","title":{"rendered":"Tige de selle AURUM MAGMA NACA"},"content":{"rendered":"<p>D\u00e9velopp\u00e9e sur mesure pour une efficacit\u00e9 a\u00e9rodynamique maximale, la tige de selle AURUM MAGMA pr\u00e9sente un profil NACA raffin\u00e9 qui minimise la tra\u00een\u00e9e et s&#8217;int\u00e8gre parfaitement au cadre. L\u00e9g\u00e8re, rigide et r\u00e9active, elle est con\u00e7ue pour am\u00e9liorer les performances et l&#8217;esth\u00e9tique sur les parcours les plus exigeants. Vis en acier inoxydable. Couleur noir mat. Poids 170gr (375mm, d\u00e9port 0\/25MM)<\/p>\n","protected":false},"excerpt":{"rendered":"<p>D\u00e9velopp\u00e9e sur mesure pour une efficacit\u00e9 a\u00e9rodynamique maximale, la tige de selle AURUM MAGMA pr\u00e9sente un profil NACA raffin\u00e9 qui minimise la tra\u00een\u00e9e et s&#8217;int\u00e8gre parfaitement au cadre. L\u00e9g\u00e8re, rigide et r\u00e9active, elle est con\u00e7ue pour am\u00e9liorer les performances et l&#8217;esth\u00e9tique sur les parcours les plus exigeants. Vis en acier inoxydable. Couleur noir mat. Poids [&hellip;]<\/p>\n","protected":false},"featured_media":84930,"template":"","meta":[],"product_cat":[255],"product_tag":[],"yoast_head":"<!-- This site is optimized with the Yoast SEO plugin v22.6 - https:\/\/yoast.com\/wordpress\/plugins\/seo\/ -->\n<title>Tige de selle AURUM MAGMA NACA - Aurum Bikes<\/title>\n<meta name=\"description\" content=\"D\u00e9velopp\u00e9e sur mesure pour une efficacit\u00e9 a\u00e9rodynamique maximale, la tige de selle AURUM MAGMA pr\u00e9sente un profil NACA raffin\u00e9 qui minimise la tra\u00een\u00e9e et\" \/>\n<meta name=\"robots\" content=\"index, follow, max-snippet:-1, max-image-preview:large, max-video-preview:-1\" \/>\n<link rel=\"canonical\" href=\"https:\/\/aurumbikes.com\/fr\/produit\/tige-de-selle-aurum-magma-naca\/\" \/>\n<meta property=\"og:locale\" content=\"fr_FR\" \/>\n<meta property=\"og:type\" content=\"article\" \/>\n<meta property=\"og:title\" content=\"Tige de selle AURUM MAGMA NACA - Aurum Bikes\" \/>\n<meta property=\"og:description\" content=\"D\u00e9velopp\u00e9e sur mesure pour une efficacit\u00e9 a\u00e9rodynamique maximale, la tige de selle AURUM MAGMA pr\u00e9sente un profil NACA raffin\u00e9 qui minimise la tra\u00een\u00e9e et\" \/>\n<meta property=\"og:url\" content=\"https:\/\/aurumbikes.com\/fr\/produit\/tige-de-selle-aurum-magma-naca\/\" \/>\n<meta property=\"og:site_name\" content=\"Aurum Bikes\" \/>\n<meta property=\"article:publisher\" content=\"https:\/\/www.facebook.com\/AURUMbikes\" \/>\n<meta property=\"article:modified_time\" content=\"2025-06-12T14:19:50+00:00\" \/>\n<meta property=\"og:image\" content=\"https:\/\/aurumbikes.com\/wp-content\/uploads\/2025\/06\/AURUM-MAGMA-NACA-NO-OFFSET-1.jpg\" \/>\n\t<meta property=\"og:image:width\" content=\"1080\" \/>\n\t<meta property=\"og:image:height\" content=\"1620\" \/>\n\t<meta property=\"og:image:type\" content=\"image\/jpeg\" \/>\n<meta name=\"twitter:card\" content=\"summary_large_image\" \/>\n<meta name=\"twitter:label1\" content=\"Dur\u00e9e de lecture estim\u00e9e\" \/>\n\t<meta name=\"twitter:data1\" content=\"1 minute\" \/>\n<script type=\"application\/ld+json\" class=\"yoast-schema-graph\">{\"@context\":\"https:\/\/schema.org\",\"@graph\":[{\"@type\":\"WebPage\",\"@id\":\"https:\/\/aurumbikes.com\/fr\/produit\/tige-de-selle-aurum-magma-naca\/\",\"url\":\"https:\/\/aurumbikes.com\/fr\/produit\/tige-de-selle-aurum-magma-naca\/\",\"name\":\"Tige de selle AURUM MAGMA NACA - Aurum Bikes\",\"isPartOf\":{\"@id\":\"https:\/\/aurumbikes.com\/fr\/#website\"},\"primaryImageOfPage\":{\"@id\":\"https:\/\/aurumbikes.com\/fr\/produit\/tige-de-selle-aurum-magma-naca\/#primaryimage\"},\"image\":{\"@id\":\"https:\/\/aurumbikes.com\/fr\/produit\/tige-de-selle-aurum-magma-naca\/#primaryimage\"},\"thumbnailUrl\":\"https:\/\/aurumbikes.com\/wp-content\/uploads\/2025\/06\/AURUM-MAGMA-NACA-NO-OFFSET-1.jpg\",\"datePublished\":\"2025-06-12T14:06:00+00:00\",\"dateModified\":\"2025-06-12T14:19:50+00:00\",\"description\":\"D\u00e9velopp\u00e9e sur mesure pour une efficacit\u00e9 a\u00e9rodynamique maximale, la tige de selle AURUM MAGMA pr\u00e9sente un profil NACA raffin\u00e9 qui minimise la tra\u00een\u00e9e et\",\"breadcrumb\":{\"@id\":\"https:\/\/aurumbikes.com\/fr\/produit\/tige-de-selle-aurum-magma-naca\/#breadcrumb\"},\"inLanguage\":\"fr-FR\",\"potentialAction\":[{\"@type\":\"ReadAction\",\"target\":[\"https:\/\/aurumbikes.com\/fr\/produit\/tige-de-selle-aurum-magma-naca\/\"]}]},{\"@type\":\"ImageObject\",\"inLanguage\":\"fr-FR\",\"@id\":\"https:\/\/aurumbikes.com\/fr\/produit\/tige-de-selle-aurum-magma-naca\/#primaryimage\",\"url\":\"https:\/\/aurumbikes.com\/wp-content\/uploads\/2025\/06\/AURUM-MAGMA-NACA-NO-OFFSET-1.jpg\",\"contentUrl\":\"https:\/\/aurumbikes.com\/wp-content\/uploads\/2025\/06\/AURUM-MAGMA-NACA-NO-OFFSET-1.jpg\",\"width\":1080,\"height\":1620},{\"@type\":\"BreadcrumbList\",\"@id\":\"https:\/\/aurumbikes.com\/fr\/produit\/tige-de-selle-aurum-magma-naca\/#breadcrumb\",\"itemListElement\":[{\"@type\":\"ListItem\",\"position\":1,\"name\":\"Home\",\"item\":\"https:\/\/aurumbikes.com\/fr\/\"},{\"@type\":\"ListItem\",\"position\":2,\"name\":\"Boutique\",\"item\":\"https:\/\/aurumbikes.com\/fr\/boutique\/\"},{\"@type\":\"ListItem\",\"position\":3,\"name\":\"Tige de selle AURUM MAGMA NACA\"}]},{\"@type\":\"WebSite\",\"@id\":\"https:\/\/aurumbikes.com\/fr\/#website\",\"url\":\"https:\/\/aurumbikes.com\/fr\/\",\"name\":\"Aurum Bikes\",\"description\":\"Born From Experience\",\"potentialAction\":[{\"@type\":\"SearchAction\",\"target\":{\"@type\":\"EntryPoint\",\"urlTemplate\":\"https:\/\/aurumbikes.com\/fr\/?s={search_term_string}\"},\"query-input\":\"required name=search_term_string\"}],\"inLanguage\":\"fr-FR\"}]}<\/script>\n<!-- \/ Yoast SEO plugin. -->","yoast_head_json":{"title":"Tige de selle AURUM MAGMA NACA - Aurum Bikes","description":"D\u00e9velopp\u00e9e sur mesure pour une efficacit\u00e9 a\u00e9rodynamique maximale, la tige de selle AURUM MAGMA pr\u00e9sente un profil NACA raffin\u00e9 qui minimise la tra\u00een\u00e9e et","robots":{"index":"index","follow":"follow","max-snippet":"max-snippet:-1","max-image-preview":"max-image-preview:large","max-video-preview":"max-video-preview:-1"},"canonical":"https:\/\/aurumbikes.com\/fr\/produit\/tige-de-selle-aurum-magma-naca\/","og_locale":"fr_FR","og_type":"article","og_title":"Tige de selle AURUM MAGMA NACA - Aurum Bikes","og_description":"D\u00e9velopp\u00e9e sur mesure pour une efficacit\u00e9 a\u00e9rodynamique maximale, la tige de selle AURUM MAGMA pr\u00e9sente un profil NACA raffin\u00e9 qui minimise la tra\u00een\u00e9e et","og_url":"https:\/\/aurumbikes.com\/fr\/produit\/tige-de-selle-aurum-magma-naca\/","og_site_name":"Aurum Bikes","article_publisher":"https:\/\/www.facebook.com\/AURUMbikes","article_modified_time":"2025-06-12T14:19:50+00:00","og_image":[{"width":1080,"height":1620,"url":"https:\/\/aurumbikes.com\/wp-content\/uploads\/2025\/06\/AURUM-MAGMA-NACA-NO-OFFSET-1.jpg","type":"image\/jpeg"}],"twitter_card":"summary_large_image","twitter_misc":{"Dur\u00e9e de lecture estim\u00e9e":"1 minute"},"schema":{"@context":"https:\/\/schema.org","@graph":[{"@type":"WebPage","@id":"https:\/\/aurumbikes.com\/fr\/produit\/tige-de-selle-aurum-magma-naca\/","url":"https:\/\/aurumbikes.com\/fr\/produit\/tige-de-selle-aurum-magma-naca\/","name":"Tige de selle AURUM MAGMA NACA - Aurum Bikes","isPartOf":{"@id":"https:\/\/aurumbikes.com\/fr\/#website"},"primaryImageOfPage":{"@id":"https:\/\/aurumbikes.com\/fr\/produit\/tige-de-selle-aurum-magma-naca\/#primaryimage"},"image":{"@id":"https:\/\/aurumbikes.com\/fr\/produit\/tige-de-selle-aurum-magma-naca\/#primaryimage"},"thumbnailUrl":"https:\/\/aurumbikes.com\/wp-content\/uploads\/2025\/06\/AURUM-MAGMA-NACA-NO-OFFSET-1.jpg","datePublished":"2025-06-12T14:06:00+00:00","dateModified":"2025-06-12T14:19:50+00:00","description":"D\u00e9velopp\u00e9e sur mesure pour une efficacit\u00e9 a\u00e9rodynamique maximale, la tige de selle AURUM MAGMA pr\u00e9sente un profil NACA raffin\u00e9 qui minimise la tra\u00een\u00e9e et","breadcrumb":{"@id":"https:\/\/aurumbikes.com\/fr\/produit\/tige-de-selle-aurum-magma-naca\/#breadcrumb"},"inLanguage":"fr-FR","potentialAction":[{"@type":"ReadAction","target":["https:\/\/aurumbikes.com\/fr\/produit\/tige-de-selle-aurum-magma-naca\/"]}]},{"@type":"ImageObject","inLanguage":"fr-FR","@id":"https:\/\/aurumbikes.com\/fr\/produit\/tige-de-selle-aurum-magma-naca\/#primaryimage","url":"https:\/\/aurumbikes.com\/wp-content\/uploads\/2025\/06\/AURUM-MAGMA-NACA-NO-OFFSET-1.jpg","contentUrl":"https:\/\/aurumbikes.com\/wp-content\/uploads\/2025\/06\/AURUM-MAGMA-NACA-NO-OFFSET-1.jpg","width":1080,"height":1620},{"@type":"BreadcrumbList","@id":"https:\/\/aurumbikes.com\/fr\/produit\/tige-de-selle-aurum-magma-naca\/#breadcrumb","itemListElement":[{"@type":"ListItem","position":1,"name":"Home","item":"https:\/\/aurumbikes.com\/fr\/"},{"@type":"ListItem","position":2,"name":"Boutique","item":"https:\/\/aurumbikes.com\/fr\/boutique\/"},{"@type":"ListItem","position":3,"name":"Tige de selle AURUM MAGMA NACA"}]},{"@type":"WebSite","@id":"https:\/\/aurumbikes.com\/fr\/#website","url":"https:\/\/aurumbikes.com\/fr\/","name":"Aurum Bikes","description":"Born From Experience","potentialAction":[{"@type":"SearchAction","target":{"@type":"EntryPoint","urlTemplate":"https:\/\/aurumbikes.com\/fr\/?s={search_term_string}"},"query-input":"required name=search_term_string"}],"inLanguage":"fr-FR"}]}},"_links":{"self":[{"href":"https:\/\/aurumbikes.com\/fr\/wp-json\/wp\/v2\/product\/84923"}],"collection":[{"href":"https:\/\/aurumbikes.com\/fr\/wp-json\/wp\/v2\/product"}],"about":[{"href":"https:\/\/aurumbikes.com\/fr\/wp-json\/wp\/v2\/types\/product"}],"wp:featuredmedia":[{"embeddable":true,"href":"https:\/\/aurumbikes.com\/fr\/wp-json\/wp\/v2\/media\/84930"}],"wp:attachment":[{"href":"https:\/\/aurumbikes.com\/fr\/wp-json\/wp\/v2\/media?parent=84923"}],"wp:term":[{"taxonomy":"product_cat","embeddable":true,"href":"https:\/\/aurumbikes.com\/fr\/wp-json\/wp\/v2\/product_cat?post=84923"},{"taxonomy":"product_tag","embeddable":true,"href":"https:\/\/aurumbikes.com\/fr\/wp-json\/wp\/v2\/product_tag?post=84923"}],"curies":[{"name":"wp","href":"https:\/\/api.w.org\/{rel}","templated":true}]}}