{"id":33849,"date":"2023-08-30T08:40:11","date_gmt":"2023-08-30T08:40:11","guid":{"rendered":"https:\/\/aurumbikes.com\/legal-notice\/"},"modified":"2024-06-24T15:28:56","modified_gmt":"2024-06-24T15:28:56","slug":"avviso-legale","status":"publish","type":"page","link":"https:\/\/aurumbikes.com\/it\/avviso-legale\/","title":{"rendered":"Avviso Legale"},"content":{"rendered":"\t\t<div data-elementor-type=\"wp-page\" data-elementor-id=\"33849\" class=\"elementor elementor-33849 elementor-13886\" data-elementor-post-type=\"page\">\n\t\t\t\t\t\t<section class=\"elementor-section elementor-top-section elementor-element elementor-element-914130b elementor-section-boxed elementor-section-height-default elementor-section-height-default qodef-elementor-content-no\" data-id=\"914130b\" data-element_type=\"section\">\n\t\t\t\t\t\t<div class=\"elementor-container elementor-column-gap-default\">\n\t\t\t\t\t<div class=\"elementor-column elementor-col-100 elementor-top-column elementor-element elementor-element-9d86a5c\" data-id=\"9d86a5c\" data-element_type=\"column\">\n\t\t\t<div class=\"elementor-widget-wrap elementor-element-populated\">\n\t\t\t\t\t\t<div class=\"elementor-element elementor-element-3df5310 elementor-widget elementor-widget-text-editor\" data-id=\"3df5310\" data-element_type=\"widget\" data-widget_type=\"text-editor.default\">\n\t\t\t\t<div class=\"elementor-widget-container\">\n\t\t\t<style>\/*! elementor - v3.21.0 - 08-05-2024 *\/\n.elementor-widget-text-editor.elementor-drop-cap-view-stacked .elementor-drop-cap{background-color:#69727d;color:#fff}.elementor-widget-text-editor.elementor-drop-cap-view-framed .elementor-drop-cap{color:#69727d;border:3px solid;background-color:transparent}.elementor-widget-text-editor:not(.elementor-drop-cap-view-default) .elementor-drop-cap{margin-top:8px}.elementor-widget-text-editor:not(.elementor-drop-cap-view-default) .elementor-drop-cap-letter{width:1em;height:1em}.elementor-widget-text-editor .elementor-drop-cap{float:left;text-align:center;line-height:1;font-size:50px}.elementor-widget-text-editor .elementor-drop-cap-letter{display:inline-block}<\/style>\t\t\t\t<ul><li aria-level=\"1\"><b>SCOPO E ACCETTAZIONE<\/b><\/li><\/ul><p>Il presente Avviso legale regola l&#8217;accesso e l&#8217;utilizzo del sito web https:\/\/aurumbikes.com\/it\/ (di seguito, il \u201c<b>Sito web<\/b>\u201c). Il titolare del sito web \u00e8 Contador &amp; Basso Group, S.L., con sede legale in Calle Milanos 8, 28320, Pinto, Madrid (Spagna), con N.I.F. B-88553292, iscritta al Registro Mercantile di Madrid il 13 gennaio 2020, Volume 39967, foglio 50, pagina 709873, Iscrizione 1.<\/p><p>Se desiderate contattarci, saremo lieti di aiutarvi via e-mail all&#8217;indirizzo support@aurumbikes.com, per telefono al numero +34 910 42 19 59 o utilizzando la chat sul lato destro della pagina web.<\/p><p>Per il suo utilizzo \u00e8 necessario che l&#8217;utente abbia letto e accettato il nostro Avviso Legale. Se non si \u00e8 d&#8217;accordo, \u00e8 necessario astenersi dall&#8217;utilizzarli.<\/p><ul><li aria-level=\"1\"><b>DIRITTI DI PROPRIET\u00c0 INDUSTRIALE E INTELLETTUALE<\/b><\/li><\/ul><p>Lo scopo del sito web \u00e8 quello di fornire al pubblico la conoscenza dei prodotti offerti da Contador &amp; Basso; il contenuto del sito web include, a titolo esemplificativo e non esaustivo, la programmazione, la redazione, la compilazione e gli altri elementi necessari al suo funzionamento, i disegni, i loghi, i testi e\/o la grafica, che sono di propriet\u00e0 di Contador &amp; Basso o, in caso contrario, dispone di una licenza o di un&#8217;espressa autorizzazione da parte degli autori per il loro utilizzo. Indipendentemente dallo scopo per cui sono stati concepiti, la riproduzione totale o parziale, l&#8217;uso, lo sfruttamento, la distribuzione e la commercializzazione di qualsiasi contenuto del sito web richiede in ogni caso la previa autorizzazione scritta di Contador &amp; Basso. Qualsiasi uso non autorizzato dei contenuti precedentemente specificati \u00e8 considerato una grave violazione dei diritti di propriet\u00e0 intellettuale o industriale del titolare dei diritti.<\/p><p>I disegni, i loghi, i testi e\/o la grafica che non rientrano nell&#8217;ambito di Contador &amp; Basso e che possono comparire sul sito appartengono ai rispettivi proprietari, essendo essi stessi responsabili di qualsiasi controversia che possa sorgere in merito. Contador &amp; Basso autorizza espressamente i terzi a reindirizzare direttamente ai contenuti specifici del sito web, e in ogni caso a reindirizzare al suo sito principale.<\/p><p>Contador &amp; Basso riconosce a favore dei loro titolari i corrispondenti diritti di propriet\u00e0 intellettuale e industriale, senza che la loro semplice menzione o apparizione sul sito web implichi l&#8217;esistenza di alcun diritto o responsabilit\u00e0 su tali disegni, loghi, testi e\/o grafici, n\u00e9 alcun avallo, sponsorizzazione o raccomandazione da parte dell&#8217;Ente.<\/p><p>Se l&#8217;utente desidera fare commenti su eventuali violazioni dei diritti di propriet\u00e0 intellettuale o industriale, nonch\u00e9 su qualsiasi contenuto del sito web, pu\u00f2 farlo inviando un&#8217;e-mail a support@aurumbikes.com.<\/p><ul><li aria-level=\"1\"><b>ESCLUSIONE DI RESPONSABILIT\u00c0 E GARANZIE<\/b><\/li><\/ul><p>Il contenuto di questo Sito Web \u00e8 considerato di natura generale e ha uno scopo puramente informativo, senza garantire l&#8217;accesso completo a tutti i contenuti, n\u00e9 la loro completezza, correttezza, validit\u00e0 o tempestivit\u00e0, n\u00e9 la loro idoneit\u00e0 o utilit\u00e0 per uno scopo particolare.<\/p><p>Contador &amp; Basso declina ogni responsabilit\u00e0 per le informazioni pubblicate sul proprio sito web qualora queste siano state manipolate o introdotte da terzi esterni.<\/p><p><b>Politica dei link <\/b><\/p><p>Dal Sito, l&#8217;utente pu\u00f2 essere reindirizzato a contenuti di siti web di terzi. Poich\u00e9 Contador &amp; Basso non pu\u00f2 sempre controllare i contenuti introdotti da terzi nei rispettivi siti web, non si assume alcun tipo di responsabilit\u00e0 in merito a tali contenuti. In ogni caso, si procede all&#8217;immediata rimozione di qualsiasi contenuto che possa violare la legge nazionale o internazionale, il buon costume o l&#8217;ordine pubblico, procedendo all&#8217;immediato ritiro del reindirizzamento a quel sito web, portando all&#8217;attenzione delle autorit\u00e0 competenti il contenuto in questione.<\/p><p>Contador &amp; Basso non ha alcuna responsabilit\u00e0 per le informazioni e i contenuti memorizzati, inclusi, a titolo esemplificativo e non esaustivo, forum, chat, blog generatori, commenti, social network o qualsiasi altro mezzo che consenta a terzi di pubblicare autonomamente contenuti sul Sito. Tuttavia, e in conformit\u00e0 con le disposizioni degli articoli 11 e 16 della LSSI, \u00e8 a disposizione di tutti gli utenti, delle autorit\u00e0 e degli organi di sicurezza, che collaborano attivamente alla rimozione o, se del caso, al blocco di tutti i contenuti che possono pregiudicare o contravvenire al diritto nazionale o internazionale, ai diritti di terzi o al buon costume e all&#8217;ordine pubblico. Nel caso in cui l&#8217;utente ritenga che sul sito web siano presenti contenuti che potrebbero essere suscettibili di questa classificazione, \u00e8 pregato di comunicarlo immediatamente all&#8217;amministratore del sito via e-mail all&#8217;indirizzo\u00a0<a href=\"mailto:support@aurumbikes.com\">support@aurumbikes.com<\/a>.<\/p><ul><li aria-level=\"1\"><b>LEGGE APPLICABILE E GIURISDIZIONE<\/b><\/li><\/ul><p>Il presente Sito web \u00e8 soggetto alla legge spagnola e qualsiasi controversia o disputa derivante dall&#8217;uso del Sito web sar\u00e0 sottoposta alla giurisdizione dei tribunali della citt\u00e0 di Madrid (Spagna). Questa clausola di espressa sottomissione ai tribunali della citt\u00e0 di Madrid non sar\u00e0 applicabile in caso di controversie con utenti del sito web che, secondo la legislazione vigente, possono essere considerati consumatori, nel qual caso entrambe le parti saranno soggette alla giurisdizione delle Corti e dei Tribunali del luogo di residenza del consumatore. Allo stesso modo, in questi casi, Contador &amp; Basso e l&#8217;utente potranno sottoporre le loro controversie all&#8217;arbitrato previsto dalla normativa sull&#8217;arbitrato e sulla difesa dei consumatori e degli utenti, nonch\u00e9 alle procedure di risoluzione extragiudiziale delle controversie stabilite mediante codici di condotta o altri strumenti di autoregolamentazione.<\/p><p>Ultima modifica nel marzo 2024.<\/p>\t\t\t\t\t\t<\/div>\n\t\t\t\t<\/div>\n\t\t\t\t\t<\/div>\n\t\t<\/div>\n\t\t\t\t\t<\/div>\n\t\t<\/section>\n\t\t\t\t<\/div>\n\t\t","protected":false},"excerpt":{"rendered":"<p>SCOPO E ACCETTAZIONE Il presente Avviso legale regola l&#8217;accesso e l&#8217;utilizzo del sito web https:\/\/aurumbikes.com\/it\/ (di seguito, il \u201cSito web\u201c). Il titolare del sito web \u00e8 Contador &amp; Basso Group, S.L., con sede legale in Calle Milanos 8, 28320, Pinto, Madrid (Spagna), con N.I.F. B-88553292, iscritta al Registro Mercantile di Madrid il 13 gennaio 2020, [&hellip;]<\/p>\n","protected":false},"author":1,"featured_media":0,"parent":0,"menu_order":0,"comment_status":"closed","ping_status":"closed","template":"","meta":{"footnotes":""},"yoast_head":"<!-- This site is optimized with the Yoast SEO plugin v22.6 - https:\/\/yoast.com\/wordpress\/plugins\/seo\/ -->\n<title>Avviso Legale - Aurum Bikes<\/title>\n<meta name=\"description\" content=\"SCOPO E ACCETTAZIONEIl presente Avviso legale regola l&#039;accesso e l&#039;utilizzo del sito web https:\/\/aurumbikes.com\/it\/ (di seguito, il \u201cSito web\u201c). Il\" \/>\n<meta name=\"robots\" content=\"index, follow, max-snippet:-1, max-image-preview:large, max-video-preview:-1\" \/>\n<link rel=\"canonical\" href=\"https:\/\/aurumbikes.com\/it\/avviso-legale\/\" \/>\n<meta property=\"og:locale\" content=\"it_IT\" \/>\n<meta property=\"og:type\" content=\"article\" \/>\n<meta property=\"og:title\" content=\"Avviso Legale - Aurum Bikes\" \/>\n<meta property=\"og:description\" content=\"SCOPO E ACCETTAZIONEIl presente Avviso legale regola l&#039;accesso e l&#039;utilizzo del sito web https:\/\/aurumbikes.com\/it\/ (di seguito, il \u201cSito web\u201c). Il\" \/>\n<meta property=\"og:url\" content=\"https:\/\/aurumbikes.com\/it\/avviso-legale\/\" \/>\n<meta property=\"og:site_name\" content=\"Aurum Bikes\" \/>\n<meta property=\"article:publisher\" content=\"https:\/\/www.facebook.com\/AURUMbikes\" \/>\n<meta property=\"article:modified_time\" content=\"2024-06-24T15:28:56+00:00\" \/>\n<meta name=\"twitter:card\" content=\"summary_large_image\" \/>\n<meta name=\"twitter:label1\" content=\"Tempo di lettura stimato\" \/>\n\t<meta name=\"twitter:data1\" content=\"4 minuti\" \/>\n<script type=\"application\/ld+json\" class=\"yoast-schema-graph\">{\"@context\":\"https:\/\/schema.org\",\"@graph\":[{\"@type\":\"WebPage\",\"@id\":\"https:\/\/aurumbikes.com\/it\/avviso-legale\/\",\"url\":\"https:\/\/aurumbikes.com\/it\/avviso-legale\/\",\"name\":\"Avviso Legale - Aurum Bikes\",\"isPartOf\":{\"@id\":\"https:\/\/aurumbikes.com\/it\/#website\"},\"datePublished\":\"2023-08-30T08:40:11+00:00\",\"dateModified\":\"2024-06-24T15:28:56+00:00\",\"description\":\"SCOPO E ACCETTAZIONEIl presente Avviso legale regola l'accesso e l'utilizzo del sito web https:\/\/aurumbikes.com\/it\/ (di seguito, il \u201cSito web\u201c). Il\",\"breadcrumb\":{\"@id\":\"https:\/\/aurumbikes.com\/it\/avviso-legale\/#breadcrumb\"},\"inLanguage\":\"it-IT\",\"potentialAction\":[{\"@type\":\"ReadAction\",\"target\":[\"https:\/\/aurumbikes.com\/it\/avviso-legale\/\"]}]},{\"@type\":\"BreadcrumbList\",\"@id\":\"https:\/\/aurumbikes.com\/it\/avviso-legale\/#breadcrumb\",\"itemListElement\":[{\"@type\":\"ListItem\",\"position\":1,\"name\":\"Home\",\"item\":\"https:\/\/aurumbikes.com\/it\/\"},{\"@type\":\"ListItem\",\"position\":2,\"name\":\"Avviso Legale\"}]},{\"@type\":\"WebSite\",\"@id\":\"https:\/\/aurumbikes.com\/it\/#website\",\"url\":\"https:\/\/aurumbikes.com\/it\/\",\"name\":\"Aurum Bikes\",\"description\":\"Born From Experience\",\"potentialAction\":[{\"@type\":\"SearchAction\",\"target\":{\"@type\":\"EntryPoint\",\"urlTemplate\":\"https:\/\/aurumbikes.com\/it\/?s={search_term_string}\"},\"query-input\":\"required name=search_term_string\"}],\"inLanguage\":\"it-IT\"}]}<\/script>\n<!-- \/ Yoast SEO plugin. -->","yoast_head_json":{"title":"Avviso Legale - Aurum Bikes","description":"SCOPO E ACCETTAZIONEIl presente Avviso legale regola l'accesso e l'utilizzo del sito web https:\/\/aurumbikes.com\/it\/ (di seguito, il \u201cSito web\u201c). Il","robots":{"index":"index","follow":"follow","max-snippet":"max-snippet:-1","max-image-preview":"max-image-preview:large","max-video-preview":"max-video-preview:-1"},"canonical":"https:\/\/aurumbikes.com\/it\/avviso-legale\/","og_locale":"it_IT","og_type":"article","og_title":"Avviso Legale - Aurum Bikes","og_description":"SCOPO E ACCETTAZIONEIl presente Avviso legale regola l'accesso e l'utilizzo del sito web https:\/\/aurumbikes.com\/it\/ (di seguito, il \u201cSito web\u201c). Il","og_url":"https:\/\/aurumbikes.com\/it\/avviso-legale\/","og_site_name":"Aurum Bikes","article_publisher":"https:\/\/www.facebook.com\/AURUMbikes","article_modified_time":"2024-06-24T15:28:56+00:00","twitter_card":"summary_large_image","twitter_misc":{"Tempo di lettura stimato":"4 minuti"},"schema":{"@context":"https:\/\/schema.org","@graph":[{"@type":"WebPage","@id":"https:\/\/aurumbikes.com\/it\/avviso-legale\/","url":"https:\/\/aurumbikes.com\/it\/avviso-legale\/","name":"Avviso Legale - Aurum Bikes","isPartOf":{"@id":"https:\/\/aurumbikes.com\/it\/#website"},"datePublished":"2023-08-30T08:40:11+00:00","dateModified":"2024-06-24T15:28:56+00:00","description":"SCOPO E ACCETTAZIONEIl presente Avviso legale regola l'accesso e l'utilizzo del sito web https:\/\/aurumbikes.com\/it\/ (di seguito, il \u201cSito web\u201c). Il","breadcrumb":{"@id":"https:\/\/aurumbikes.com\/it\/avviso-legale\/#breadcrumb"},"inLanguage":"it-IT","potentialAction":[{"@type":"ReadAction","target":["https:\/\/aurumbikes.com\/it\/avviso-legale\/"]}]},{"@type":"BreadcrumbList","@id":"https:\/\/aurumbikes.com\/it\/avviso-legale\/#breadcrumb","itemListElement":[{"@type":"ListItem","position":1,"name":"Home","item":"https:\/\/aurumbikes.com\/it\/"},{"@type":"ListItem","position":2,"name":"Avviso Legale"}]},{"@type":"WebSite","@id":"https:\/\/aurumbikes.com\/it\/#website","url":"https:\/\/aurumbikes.com\/it\/","name":"Aurum Bikes","description":"Born From Experience","potentialAction":[{"@type":"SearchAction","target":{"@type":"EntryPoint","urlTemplate":"https:\/\/aurumbikes.com\/it\/?s={search_term_string}"},"query-input":"required name=search_term_string"}],"inLanguage":"it-IT"}]}},"_links":{"self":[{"href":"https:\/\/aurumbikes.com\/it\/wp-json\/wp\/v2\/pages\/33849"}],"collection":[{"href":"https:\/\/aurumbikes.com\/it\/wp-json\/wp\/v2\/pages"}],"about":[{"href":"https:\/\/aurumbikes.com\/it\/wp-json\/wp\/v2\/types\/page"}],"author":[{"embeddable":true,"href":"https:\/\/aurumbikes.com\/it\/wp-json\/wp\/v2\/users\/1"}],"replies":[{"embeddable":true,"href":"https:\/\/aurumbikes.com\/it\/wp-json\/wp\/v2\/comments?post=33849"}],"version-history":[{"count":4,"href":"https:\/\/aurumbikes.com\/it\/wp-json\/wp\/v2\/pages\/33849\/revisions"}],"predecessor-version":[{"id":33853,"href":"https:\/\/aurumbikes.com\/it\/wp-json\/wp\/v2\/pages\/33849\/revisions\/33853"}],"wp:attachment":[{"href":"https:\/\/aurumbikes.com\/it\/wp-json\/wp\/v2\/media?parent=33849"}],"curies":[{"name":"wp","href":"https:\/\/api.w.org\/{rel}","templated":true}]}}