{"id":33861,"date":"2023-08-30T08:16:44","date_gmt":"2023-08-30T08:16:44","guid":{"rendered":"https:\/\/aurumbikes.com\/privacy-policy\/"},"modified":"2025-08-04T10:21:12","modified_gmt":"2025-08-04T10:21:12","slug":"informativa-sulla-privacy","status":"publish","type":"page","link":"https:\/\/aurumbikes.com\/it\/informativa-sulla-privacy\/","title":{"rendered":"Informativa sulla privacy"},"content":{"rendered":"\t\t<div data-elementor-type=\"wp-page\" data-elementor-id=\"33861\" class=\"elementor elementor-33861 elementor-13877\" data-elementor-post-type=\"page\">\n\t\t\t\t\t\t<section class=\"elementor-section elementor-top-section elementor-element elementor-element-914130b elementor-section-boxed elementor-section-height-default elementor-section-height-default qodef-elementor-content-no\" data-id=\"914130b\" data-element_type=\"section\">\n\t\t\t\t\t\t<div class=\"elementor-container elementor-column-gap-default\">\n\t\t\t\t\t<div class=\"elementor-column elementor-col-100 elementor-top-column elementor-element elementor-element-9d86a5c\" data-id=\"9d86a5c\" data-element_type=\"column\">\n\t\t\t<div class=\"elementor-widget-wrap elementor-element-populated\">\n\t\t\t\t\t\t<div class=\"elementor-element elementor-element-3df5310 elementor-widget elementor-widget-text-editor\" data-id=\"3df5310\" data-element_type=\"widget\" data-widget_type=\"text-editor.default\">\n\t\t\t\t<div class=\"elementor-widget-container\">\n\t\t\t<style>\/*! elementor - v3.21.0 - 08-05-2024 *\/\n.elementor-widget-text-editor.elementor-drop-cap-view-stacked .elementor-drop-cap{background-color:#69727d;color:#fff}.elementor-widget-text-editor.elementor-drop-cap-view-framed .elementor-drop-cap{color:#69727d;border:3px solid;background-color:transparent}.elementor-widget-text-editor:not(.elementor-drop-cap-view-default) .elementor-drop-cap{margin-top:8px}.elementor-widget-text-editor:not(.elementor-drop-cap-view-default) .elementor-drop-cap-letter{width:1em;height:1em}.elementor-widget-text-editor .elementor-drop-cap{float:left;text-align:center;line-height:1;font-size:50px}.elementor-widget-text-editor .elementor-drop-cap-letter{display:inline-block}<\/style>\t\t\t\t<p>Contador &amp; Basso Group, SL (di seguito, il \u201c <strong>Titolare del trattamento <\/strong>\u201d o \u201c <strong>AURUM <\/strong>\u201d) desidera fornirti tutti i dettagli su come trattiamo i dati personali che ci fornisci quando interagisci con noi. Pertanto, la presente informativa sulla privacy si applica a tutti gli individui che ci forniscono o ci hanno fornito dati personali con qualsiasi mezzo, in particolare laddove vi sia un riferimento alla presente informativa, ad esempio su un modulo, su questo sito web, ecc.<\/p><p>Di seguito ti informiamo sulla nostra Informativa sulla Privacy, tenendo presente che per noi garantire la riservatezza dei dati personali dei nostri clienti e degli utenti dei nostri servizi \u00e8 un valore essenziale. In conformit\u00e0 con quanto previsto sia dal REGOLAMENTO (UE) 2016\/679 DEL PARLAMENTO EUROPEO E DEL CONSIGLIO del 27 aprile 2016 relativo alla protezione delle persone fisiche con riguardo al trattamento dei dati personali, nonch\u00e9 alla libera circolazione di tali dati e che abroga la direttiva 95\/46\/CE (regolamento generale sulla protezione dei dati) sia dalla Legge organica 3\/2018 del 5 dicembre sulla protezione dei dati personali e la garanzia dei diritti digitali, di seguito sono riportate le informazioni dettagliate sul trattamento dei suoi dati personali:<\/p><ol><li><strong>Identit\u00e0 del titolare del trattamento dei dati<\/strong><\/li><\/ol><ul><li>Nome: Contador &amp; Basso Group, SL<\/li><li>Sede legale: Calle Milanos 8 \u2013 28320, Pinto, Madrid.<\/li><li>Codice fiscale: B-88553292<\/li><li>Email di contatto: <a href=\"mailto:lpd@aurumbikes.com\">lpd@aurumbikes.com<\/a><\/li><\/ul><p>\u00a0<\/p><ol start=\"2\"><li><strong>Finalit\u00e0 del trattamento<\/strong><\/li><\/ol><p>Di seguito, Le indichiamo le finalit\u00e0 per le quali i Suoi dati personali potranno essere trattati:<\/p><ul><li>Formalizzare e mantenere relazioni commerciali con i nostri clienti e utenti per fornire i nostri servizi e vendere i nostri prodotti.<\/li><\/ul><ul><li>Gestione delle richieste di informazioni e delle richieste inoltrate tramite gli appositi moduli o tramite le modalit\u00e0 di contatto presenti sul sito web.<\/li><\/ul><ul><li>La gestione, l&#8217;amministrazione, la fornitura e il miglioramento dei nostri servizi, nonch\u00e9 la manutenzione e il miglioramento del nostro sito web.<\/li><li>Invio di newsletter da parte di AURUM o di aziende a noi collegate, riguardanti informazioni sulle nostre novit\u00e0 o servizi, o su quelli di aziende appartenenti al nostro ambito.<\/li><li>Comunicazione per scopi puramente amministrativi o organizzativi interni con altre aziende del nostro ambiente. A fini di chiarezza, tali societ\u00e0 possono includere: Hayf Sports, SL, Alberto Contador Cycling Sports Club, Alberto Contador Foundation, SCIO Procycling, SL, nonch\u00e9 qualsiasi altra entit\u00e0 in cui tali societ\u00e0 detengano una partecipazione di maggioranza.<\/li><\/ul><ol start=\"3\"><li><strong>Base legittima del trattamento<\/strong><\/li><\/ol><p>La base giuridica per il trattamento dei tuoi dati dipender\u00e0 dalla finalit\u00e0 per cui i dati personali vengono trattati:<\/p><ol><li>Con riferimento alla formalizzazione e al mantenimento del nostro rapporto contrattuale o commerciale, la base legittima del trattamento dei Suoi dati sar\u00e0 la necessit\u00e0 di trattarli in conformit\u00e0 a un contratto o per l&#8217;esecuzione di misure precontrattuali (art. 6.1.b) GDPR).<\/li><li>In tutti gli altri casi, tratteremo i tuoi dati personali se ci hai fornito il tuo consenso esplicito, libero e inequivocabile all&#8217;utilizzo dei tuoi dati in un modo specifico, selezionando esplicitamente una casella di consenso al momento della compilazione di un modulo, in conformit\u00e0 con l&#8217;articolo 6.1.a) del GDPR.<\/li><li>Per il legittimo interesse di AURUM, in relazione alla comunicazione al resto delle aziende del suo ambiente per finalit\u00e0 puramente amministrative, di gestione interna e finanziaria, in conformit\u00e0 con quanto previsto dagli articoli 6.1.f) GDPR e 19 LOPDGDD.<\/li><\/ol><p>I dati da noi richiesti sono adeguati, pertinenti e strettamente necessari per realizzare le finalit\u00e0 descritte. Da parte tua, devi garantire l&#8217;autenticit\u00e0, l&#8217;accuratezza e la veridicit\u00e0 di tutte le informazioni che ci fornisci e ti impegni a mantenerle aggiornate in modo che rispecchino in ogni momento la tua situazione reale.<\/p><ol start=\"4\"><li><strong>Con chi condividiamo i tuoi dati?<\/strong><\/li><\/ol><p>I tuoi dati personali potrebbero essere comunicati alle autorit\u00e0 pubbliche qualora dovessimo ottemperare a un obbligo legale o ricevere una richiesta da parte di tali autorit\u00e0.<\/p><p>Inoltre, il fornitore che gestisce il nostro sito web potr\u00e0 in qualche momento accedere alle informazioni estratte a seguito della tua navigazione, quando ci\u00f2 si rendesse necessario per fornire i propri servizi e per mantenere o migliorare il nostro sito web.<\/p><p>Inoltre, potremmo condividere le tue informazioni con le societ\u00e0 a noi collegate indicate sopra per il controllo e la gestione amministrativa e finanziaria di AURUM e delle altre entit\u00e0 collegate, o per l&#8217;invio di newsletter se acconsenti espressamente a farlo.<\/p><p>In relazione all\u2019acquisto dei nostri prodotti, dovranno necessariamente avvenire una serie di comunicazioni dei tuoi dati personali:<\/p><ul><li>Innanzitutto i tuoi dati verranno comunicati all&#8217;ente tramite il quale viene elaborato il pagamento:<ul><li>In caso di bonifico bancario, la banca presso la quale viene depositato il denaro, se situata in un Paese terzo al di fuori dell&#8217;Unione Europea, deve fornire i propri dati alla banca presso la quale opera AURUM affinch\u00e9 possa elaborare il pagamento.<\/li><li>I dati verranno comunicati anche a PayPal nel caso in cui il pagamento venga effettuato tramite questo sistema.<\/li><li>Saranno inoltre comunicati al Gruppo Santander, ove necessario, per consentire il pagamento tramite la piattaforma Redsys, se effettuato con carta di credito\/debito.<\/li><li>Infine, se il pagamento \u00e8 finanziato tramite Banco Cetelem, i tuoi dati dovranno essere forniti anche a questa entit\u00e0, nella misura necessaria per consentire il finanziamento del pagamento.<\/li><\/ul><\/li><li>Inoltre, condivideremo le tue informazioni con le entit\u00e0 responsabili della messaggistica, della spedizione e della logistica dei nostri prodotti, in modo che tu possa ricevere il prodotto all&#8217;indirizzo da te fornito.<\/li><\/ul><p>La informiamo inoltre che le comunicazioni di dati sopra menzionate potranno comportare il trasferimento di dati verso Paesi terzi, i quali potranno offrire o meno una garanzia di protezione equivalente a quella da noi garantita. Tuttavia, desideriamo informarti che abbiamo sottoscritto con tutte queste terze parti il documento corrispondente che regolamenta questo accesso ai dati, il quale disciplina l&#8217;adozione di misure di sicurezza sufficienti a garantire il tuo diritto alla protezione dei dati personali. Restiamo in ogni caso a vostra disposizione per chiarimenti su eventuali dubbi relativi al trattamento dei vostri dati da parte nostra o di queste terze parti.<\/p><ol start=\"5\"><li><strong>Per quanto tempo conserveremo i tuoi dati?<\/strong><\/li><\/ol><p>Conserveremo i tuoi dati per tutto il tempo necessario a soddisfare lo scopo per cui sono stati raccolti, a garantire l&#8217;erogazione del servizio e ad ottemperare ai nostri obblighi legali, oppure finch\u00e9 non ritirerai il tuo consenso. Una volta eliminati mediante misure di sicurezza adeguate, li conserveremo bloccati per il tempo necessario a rispondere a eventuali reclami futuri e a difendere i nostri interessi.<\/p><p>\u00c8 possibile annullare l&#8217;iscrizione alla newsletter, se si \u00e8 iscritti, in qualsiasi momento tramite il link predisposto a tale scopo nella newsletter stessa, oppure inviando un&#8217;e-mail all&#8217;indirizzo <a href=\"mailto:lpd@aurumbikes.com\">lpd@aurumbikes.com <\/a>.<\/p><ol start=\"6\"><li><strong>Come proteggiamo i tuoi dati?<\/strong><\/li><\/ol><p>Nel rispetto del nostro obbligo di riservatezza dei dati personali raccolti, nonch\u00e9 del nostro dovere di tutelarli, ci impegniamo ad adottare le misure di sicurezza necessarie per impedirne la modifica, l&#8217;alterazione, la perdita, il trattamento o l&#8217;accesso non autorizzato, in conformit\u00e0 con quanto previsto dal GDPR.<\/p><p>AURUM garantisce di aver implementato politiche tecniche e organizzative adeguate per applicare le misure di sicurezza stabilite dal GDPR e dalla LOPDGDD (Legge generale sulla protezione dei dati) per proteggere i diritti e le libert\u00e0 degli utenti e di aver fornito loro le informazioni appropriate affinch\u00e9 possano esercitarli.<\/p><p>In AURUM riconosciamo e prendiamo seriamente la nostra responsabilit\u00e0 nel proteggere i tuoi dati personali. Per questo motivo manteniamo livelli di sicurezza per la protezione dei dati personali conformi al GDPR e abbiamo implementato tutti i mezzi tecnici a nostra disposizione per prevenire la perdita, l&#8217;uso improprio, l&#8217;alterazione, l&#8217;accesso non autorizzato e il furto dei dati che ci avete fornito. Vorremmo informarvi che le misure di sicurezza di Internet non sono inattaccabili al 100%.<\/p><ol start=\"7\"><li><strong>Come puoi gestire il trattamento dei tuoi dati?<\/strong><\/li><\/ol><p>Ti ricordiamo ancora una volta che puoi esercitare i tuoi diritti di accesso, rettifica, cancellazione e opposizione, nonch\u00e9 di limitazione e portabilit\u00e0, inviando un&#8217;e-mail <a href=\"mailto:lpd@aurumbikes.com\">a lpd@aurumbikes.com <\/a>, indicando l&#8217;azione che ci richiedi.<\/p><p>L&#8217;esercizio di tutti questi diritti \u00e8 gratuito e, per una maggiore trasparenza, ti forniamo maggiori informazioni su questi diritti:<\/p><table width=\"586\"><tbody><tr><td width=\"104\"><p><strong>Giusto<\/strong><\/p><\/td><td width=\"482\"><p><strong>Contenuto<\/strong><\/p><\/td><\/tr><tr><td width=\"104\"><p><strong>Accesso<\/strong><\/p><\/td><td width=\"482\"><p>Puoi richiedere informazioni su quali dati trattiamo su di te, facendo riferimento a tutte le informazioni o a dati specifici.<\/p><\/td><\/tr><tr><td width=\"104\"><p><strong>Rettifica<\/strong><\/p><\/td><td width=\"482\"><p>Modificare in qualsiasi momento i dati personali conferiti, al fine di mantenerli correttamente aggiornati.<\/p><\/td><\/tr><tr><td width=\"104\"><p><strong>Soppressione<\/strong><\/p><\/td><td width=\"482\"><p>Puoi richiedere la cancellazione dei tuoi dati personali, che verranno cancellati anche qualora non siano pi\u00f9 necessari per le finalit\u00e0 per le quali erano stati raccolti. Tutto ci\u00f2, salvo che non sia necessario per l&#8217;adempimento di un obbligo legale, di interesse pubblico o per l&#8217;esercizio o la difesa di eventuali reclami.<\/p><p>La conseguenza della cancellazione dei tuoi dati sar\u00e0 l\u2019impossibilit\u00e0 per AURUM di fornire correttamente i propri servizi.<\/p><\/td><\/tr><tr><td width=\"104\"><p><strong>Opposizione<\/strong><\/p><\/td><td width=\"482\"><p>In determinate circostanze e per motivi connessi alla tua situazione particolare, potrai opporti al trattamento dei tuoi dati. AURUM interromper\u00e0 l&#8217;elaborazione di queste informazioni a meno che non prevalgano interessi legittimi cogenti, come l&#8217;esercizio o la difesa di potenziali reclami o per ottemperare ai nostri obblighi legali.<\/p><\/td><\/tr><tr><td width=\"104\"><p><strong>Limitazione del trattamento<\/strong><\/p><\/td><td width=\"482\"><p>In determinate circostanze, puoi richiederci di limitare il trattamento dei tuoi dati, nel qual caso li conserveremo solo per ottemperare ai nostri obblighi legali.<\/p><\/td><\/tr><tr><td width=\"104\"><p><strong>Portabilit\u00e0<\/strong><\/p><\/td><td width=\"482\"><p>Se applicabile, potrai ricevere in formato elettronico i dati personali che ci hai fornito al fine di condividerli con un altro Titolare del trattamento.<\/p><\/td><\/tr><tr><td width=\"104\"><p><strong>Revoca del consenso<\/strong><\/p><\/td><td width=\"482\"><p>Puoi revocare il consenso in qualsiasi momento senza pregiudicare la liceit\u00e0 del trattamento. Se richiedi la revoca del consenso al trattamento dei tuoi dati, interromperemo il trattamento. Tuttavia, tieni presente che non saremo pi\u00f9 in grado di fornirti servizi e che, in alcuni casi in cui abbiamo la base giuridica appropriata, continueremo a elaborare le tue informazioni dopo che avrai revocato il tuo consenso e richiesto la cancellazione delle tue informazioni.<\/p><\/td><\/tr><\/tbody><\/table><p>Puoi inoltre esercitare i tuoi diritti nei confronti dei soggetti che ricevono i tuoi dati personali, di cui ti abbiamo precedentemente informato, contattando direttamente tali soggetti.<\/p><p>La informiamo inoltre che ha il diritto di presentare un reclamo all&#8217;Agenzia spagnola per la protezione dei dati <a href=\"http:\/\/www.aepd.es\/\">www.aepd.es <\/a>, anche se, dato il nostro forte impegno per la privacy, la invitiamo a contattarci direttamente per risolvere qualsiasi questione relativa ai suoi dati personali; Saremo lieti di aiutarvi.<\/p><ol start=\"8\"><li><strong>Modifiche alla presente informativa sui dati personali<\/strong><\/li><\/ol><p>AURUM si riserva il diritto di modificare la presente politica per adattarla a futuri sviluppi legislativi o giurisprudenziali, nonch\u00e9 alle prassi del settore, dandone preavviso agli utenti tramite il nostro sito web. Ti consigliamo di controllare questa pagina frequentemente per verificare la versione pi\u00f9 recente. Nella parte superiore di questo documento indichiamo la data dell&#8217;ultimo aggiornamento.<\/p><p>La nuova informativa sulla privacy entrer\u00e0 in vigore al momento della pubblicazione. Se non accetti le modifiche contenute nella nuova informativa, puoi esercitare uno qualsiasi dei tuoi diritti o interrompere l&#8217;utilizzo del nostro servizio. Continuando ad accedere o utilizzare i nostri servizi dopo l&#8217;entrata in vigore di tali modifiche, accetti di essere vincolato dalle nuove norme sulla privacy.<\/p><p>Tali modifiche non influiranno in nessun caso sulle scelte da te effettuate in merito alle modalit\u00e0 con cui AURUM potr\u00e0 trattare i tuoi dati personali. Se in qualsiasi momento volessimo utilizzare i tuoi dati per uno scopo diverso da quello dichiarato al momento della raccolta, te lo faremo sapere tramite e-mail, chiedendoti il consenso.<\/p><p>AURUM si riserva inoltre il diritto di interrompere la fornitura dei servizi agli utenti che non rispettino i termini e le condizioni legali d&#8217;uso, nonch\u00e9 la normativa vigente.<\/p><p>Ultima modifica nell&#8217;aprile 2025.<\/p>\t\t\t\t\t\t<\/div>\n\t\t\t\t<\/div>\n\t\t\t\t\t<\/div>\n\t\t<\/div>\n\t\t\t\t\t<\/div>\n\t\t<\/section>\n\t\t\t\t<\/div>\n\t\t","protected":false},"excerpt":{"rendered":"<p>Contador &amp; Basso Group, SL (di seguito, il \u201c Titolare del trattamento \u201d o \u201c AURUM \u201d) desidera fornirti tutti i dettagli su come trattiamo i dati personali che ci fornisci quando interagisci con noi. Pertanto, la presente informativa sulla privacy si applica a tutti gli individui che ci forniscono o ci hanno fornito dati [&hellip;]<\/p>\n","protected":false},"author":1,"featured_media":0,"parent":0,"menu_order":0,"comment_status":"closed","ping_status":"closed","template":"","meta":{"footnotes":""},"yoast_head":"<!-- This site is optimized with the Yoast SEO plugin v22.6 - https:\/\/yoast.com\/wordpress\/plugins\/seo\/ -->\n<title>Informativa sulla privacy - Aurum Bikes<\/title>\n<meta name=\"description\" content=\"Contador &amp; Basso Group, SL (di seguito, il \u201c Titolare del trattamento \u201d o \u201c AURUM \u201d) desidera fornirti tutti i dettagli su come trattiamo i dati\" \/>\n<meta name=\"robots\" content=\"index, follow, max-snippet:-1, max-image-preview:large, max-video-preview:-1\" \/>\n<link rel=\"canonical\" href=\"https:\/\/aurumbikes.com\/it\/informativa-sulla-privacy\/\" \/>\n<meta property=\"og:locale\" content=\"it_IT\" \/>\n<meta property=\"og:type\" content=\"article\" \/>\n<meta property=\"og:title\" content=\"Informativa sulla privacy - Aurum Bikes\" \/>\n<meta property=\"og:description\" content=\"Contador &amp; Basso Group, SL (di seguito, il \u201c Titolare del trattamento \u201d o \u201c AURUM \u201d) desidera fornirti tutti i dettagli su come trattiamo i dati\" \/>\n<meta property=\"og:url\" content=\"https:\/\/aurumbikes.com\/it\/informativa-sulla-privacy\/\" \/>\n<meta property=\"og:site_name\" content=\"Aurum Bikes\" \/>\n<meta property=\"article:publisher\" content=\"https:\/\/www.facebook.com\/AURUMbikes\" \/>\n<meta property=\"article:modified_time\" content=\"2025-08-04T10:21:12+00:00\" \/>\n<meta name=\"twitter:card\" content=\"summary_large_image\" \/>\n<meta name=\"twitter:label1\" content=\"Tempo di lettura stimato\" \/>\n\t<meta name=\"twitter:data1\" content=\"9 minuti\" \/>\n<script type=\"application\/ld+json\" class=\"yoast-schema-graph\">{\"@context\":\"https:\/\/schema.org\",\"@graph\":[{\"@type\":\"WebPage\",\"@id\":\"https:\/\/aurumbikes.com\/it\/informativa-sulla-privacy\/\",\"url\":\"https:\/\/aurumbikes.com\/it\/informativa-sulla-privacy\/\",\"name\":\"Informativa sulla privacy - Aurum Bikes\",\"isPartOf\":{\"@id\":\"https:\/\/aurumbikes.com\/it\/#website\"},\"datePublished\":\"2023-08-30T08:16:44+00:00\",\"dateModified\":\"2025-08-04T10:21:12+00:00\",\"description\":\"Contador &amp; Basso Group, SL (di seguito, il \u201c Titolare del trattamento \u201d o \u201c AURUM \u201d) desidera fornirti tutti i dettagli su come trattiamo i dati\",\"breadcrumb\":{\"@id\":\"https:\/\/aurumbikes.com\/it\/informativa-sulla-privacy\/#breadcrumb\"},\"inLanguage\":\"it-IT\",\"potentialAction\":[{\"@type\":\"ReadAction\",\"target\":[\"https:\/\/aurumbikes.com\/it\/informativa-sulla-privacy\/\"]}]},{\"@type\":\"BreadcrumbList\",\"@id\":\"https:\/\/aurumbikes.com\/it\/informativa-sulla-privacy\/#breadcrumb\",\"itemListElement\":[{\"@type\":\"ListItem\",\"position\":1,\"name\":\"Home\",\"item\":\"https:\/\/aurumbikes.com\/it\/\"},{\"@type\":\"ListItem\",\"position\":2,\"name\":\"Informativa sulla privacy\"}]},{\"@type\":\"WebSite\",\"@id\":\"https:\/\/aurumbikes.com\/it\/#website\",\"url\":\"https:\/\/aurumbikes.com\/it\/\",\"name\":\"Aurum Bikes\",\"description\":\"Born From Experience\",\"potentialAction\":[{\"@type\":\"SearchAction\",\"target\":{\"@type\":\"EntryPoint\",\"urlTemplate\":\"https:\/\/aurumbikes.com\/it\/?s={search_term_string}\"},\"query-input\":\"required name=search_term_string\"}],\"inLanguage\":\"it-IT\"}]}<\/script>\n<!-- \/ Yoast SEO plugin. -->","yoast_head_json":{"title":"Informativa sulla privacy - Aurum Bikes","description":"Contador &amp; Basso Group, SL (di seguito, il \u201c Titolare del trattamento \u201d o \u201c AURUM \u201d) desidera fornirti tutti i dettagli su come trattiamo i dati","robots":{"index":"index","follow":"follow","max-snippet":"max-snippet:-1","max-image-preview":"max-image-preview:large","max-video-preview":"max-video-preview:-1"},"canonical":"https:\/\/aurumbikes.com\/it\/informativa-sulla-privacy\/","og_locale":"it_IT","og_type":"article","og_title":"Informativa sulla privacy - Aurum Bikes","og_description":"Contador &amp; Basso Group, SL (di seguito, il \u201c Titolare del trattamento \u201d o \u201c AURUM \u201d) desidera fornirti tutti i dettagli su come trattiamo i dati","og_url":"https:\/\/aurumbikes.com\/it\/informativa-sulla-privacy\/","og_site_name":"Aurum Bikes","article_publisher":"https:\/\/www.facebook.com\/AURUMbikes","article_modified_time":"2025-08-04T10:21:12+00:00","twitter_card":"summary_large_image","twitter_misc":{"Tempo di lettura stimato":"9 minuti"},"schema":{"@context":"https:\/\/schema.org","@graph":[{"@type":"WebPage","@id":"https:\/\/aurumbikes.com\/it\/informativa-sulla-privacy\/","url":"https:\/\/aurumbikes.com\/it\/informativa-sulla-privacy\/","name":"Informativa sulla privacy - Aurum Bikes","isPartOf":{"@id":"https:\/\/aurumbikes.com\/it\/#website"},"datePublished":"2023-08-30T08:16:44+00:00","dateModified":"2025-08-04T10:21:12+00:00","description":"Contador &amp; Basso Group, SL (di seguito, il \u201c Titolare del trattamento \u201d o \u201c AURUM \u201d) desidera fornirti tutti i dettagli su come trattiamo i dati","breadcrumb":{"@id":"https:\/\/aurumbikes.com\/it\/informativa-sulla-privacy\/#breadcrumb"},"inLanguage":"it-IT","potentialAction":[{"@type":"ReadAction","target":["https:\/\/aurumbikes.com\/it\/informativa-sulla-privacy\/"]}]},{"@type":"BreadcrumbList","@id":"https:\/\/aurumbikes.com\/it\/informativa-sulla-privacy\/#breadcrumb","itemListElement":[{"@type":"ListItem","position":1,"name":"Home","item":"https:\/\/aurumbikes.com\/it\/"},{"@type":"ListItem","position":2,"name":"Informativa sulla privacy"}]},{"@type":"WebSite","@id":"https:\/\/aurumbikes.com\/it\/#website","url":"https:\/\/aurumbikes.com\/it\/","name":"Aurum Bikes","description":"Born From Experience","potentialAction":[{"@type":"SearchAction","target":{"@type":"EntryPoint","urlTemplate":"https:\/\/aurumbikes.com\/it\/?s={search_term_string}"},"query-input":"required name=search_term_string"}],"inLanguage":"it-IT"}]}},"_links":{"self":[{"href":"https:\/\/aurumbikes.com\/it\/wp-json\/wp\/v2\/pages\/33861"}],"collection":[{"href":"https:\/\/aurumbikes.com\/it\/wp-json\/wp\/v2\/pages"}],"about":[{"href":"https:\/\/aurumbikes.com\/it\/wp-json\/wp\/v2\/types\/page"}],"author":[{"embeddable":true,"href":"https:\/\/aurumbikes.com\/it\/wp-json\/wp\/v2\/users\/1"}],"replies":[{"embeddable":true,"href":"https:\/\/aurumbikes.com\/it\/wp-json\/wp\/v2\/comments?post=33861"}],"version-history":[{"count":7,"href":"https:\/\/aurumbikes.com\/it\/wp-json\/wp\/v2\/pages\/33861\/revisions"}],"predecessor-version":[{"id":82189,"href":"https:\/\/aurumbikes.com\/it\/wp-json\/wp\/v2\/pages\/33861\/revisions\/82189"}],"wp:attachment":[{"href":"https:\/\/aurumbikes.com\/it\/wp-json\/wp\/v2\/media?parent=33861"}],"curies":[{"name":"wp","href":"https:\/\/api.w.org\/{rel}","templated":true}]}}